{"id":917,"date":"2025-05-18T10:38:20","date_gmt":"2025-05-18T08:38:20","guid":{"rendered":"https:\/\/bonsai-europe.com\/?post_type=product&#038;p=917"},"modified":"2026-01-26T19:28:28","modified_gmt":"2026-01-26T18:28:28","slug":"ficus-microcarpa-tiger-bark","status":"publish","type":"product","link":"https:\/\/bonsai-europe.com\/fr\/produit\/semis\/ficus-microcarpa-tiger-bark\/","title":{"rendered":"Ficus Microcarpa &#8216;Tiger Bark&#8217;"},"content":{"rendered":"<p><strong>R\u00e9alisation d&#8217;un bonsa\u00ef \u00e0 partir d&#8217;un jeune Ficus Microcarpa &#8216;Tiger Bark&#8217;<\/strong><\/p>\n<p>Cr\u00e9er un bonsa\u00ef \u00e0 partir d&#8217;un jeune <strong>Ficus microcarpa \u00ab\u00a0Tiger Bark\u00a0\u00bb <\/strong>est un processus enrichissant qui allie horticulture et design. Cette vari\u00e9t\u00e9 de ficus est appr\u00e9ci\u00e9e pour son \u00e9corce caract\u00e9ristique, ses petites feuilles, sa croissance rapide et sa capacit\u00e9 \u00e0 d\u00e9velopper des racines a\u00e9riennes, autant d&#8217;\u00e9l\u00e9ments qui contribuent \u00e0 un aspect classique et vieilli, m\u00eame \u00e0 un jeune \u00e2ge. Commencer avec une petite plante vous permet de contr\u00f4ler pleinement son d\u00e9veloppement et sa forme, vous permettant ainsi de donner \u00e0 l&#8217;arbre la forme qui refl\u00e8te votre vision.<\/p>\n<p><strong>Pourquoi commencer avec une jeune plante ?<\/strong><\/p>\n<p>ficus Tiger Bark permet de :<\/p>\n<ul>\n<li>Fa\u00e7onnez le tronc t\u00f4t pour une bonne conicit\u00e9 et un bon mouvement<\/li>\n<li>D\u00e9velopper un syst\u00e8me racinaire solide et compact<\/li>\n<li>Contr\u00f4ler le placement des branches d\u00e8s le d\u00e9part<\/li>\n<li>\u00c9vitez de corriger la mauvaise structure des stocks pr\u00e9-entra\u00een\u00e9s ou n\u00e9glig\u00e9s<\/li>\n<\/ul>\n<p>M\u00eame si cela prend du temps et de la patience, commencer avec un semis ou une petite plante de p\u00e9pini\u00e8re vous donne une page blanche, id\u00e9ale pour apprendre et d\u00e9velopper des comp\u00e9tences.<\/p>\n<p><strong>\u00c9tape par \u00e9tape : de la jeune plante au bonsa\u00ef<\/strong><\/p>\n<ol>\n<li><strong> Choisissez un d\u00e9marreur sain<\/strong><\/li>\n<\/ol>\n<p>Commencez avec un jeune ficus en bonne sant\u00e9 , dans un pot de p\u00e9pini\u00e8re, id\u00e9alement de 15 \u00e0 30 cm de hauteur. Recherchez\u00a0:<\/p>\n<ul>\n<li>Un tronc \u00e9pais et sain (ou du moins prometteur)<\/li>\n<li>Des racines fortes<\/li>\n<li>Feuilles vert vif sans aucun signe de parasites<\/li>\n<li>Branches flexibles et modelables<\/li>\n<\/ul>\n<p>Vous pouvez \u00e9galement en faire pousser un \u00e0 partir d&#8217;une bouture, bien que cela ajoute quelques mois au processus.<\/p>\n<ol start=\"2\">\n<li><strong> Travail initial des racines<\/strong><\/li>\n<\/ol>\n<p>Une fois la plante bien \u00e9tablie et en pleine croissance, retirez-la de son pot et examinez ses racines. Ficus microcarpa tol\u00e8re la taille des racines Eh bien . Toi peut :<\/p>\n<ul>\n<li>Coupez toutes les racines encercl\u00e9es ou \u00e9paisses qui poussent vers le bas<\/li>\n<li>Commencez \u00e0 aplatir la base des racines pour pr\u00e9parer le futur rempotage du bonsa\u00ef<\/li>\n<li>Rempotez-le dans un pot de culture plus large et peu profond avec un sol pour bonsa\u00ef bien drain\u00e9 (un m\u00e9lange d&#8217; akadama , de pierre ponce et de mati\u00e8re organique fonctionne bien)<\/li>\n<\/ul>\n<p>Cette \u00e9tape commence \u00e0 cr\u00e9er le <strong>nebari <\/strong>, ou propagation superficielle des racines, qui est important pour l&#8217;\u00e9quilibre visuel.<\/p>\n<ol start=\"3\">\n<li><strong> D\u00e9veloppement du tronc<\/strong><\/li>\n<\/ol>\n<p>\u00c0 ce stade, laissez la plante pousser librement pendant une saison ou plus pour \u00e9paissir le tronc . peut :<\/p>\n<ul>\n<li>Plantez-le en pleine terre ou dans un grand r\u00e9cipient pour une croissance plus rapide<\/li>\n<li>Taillez de temps en temps pour favoriser la conicit\u00e9 et le mouvement<\/li>\n<\/ul>\n<p>De nombreux cultivateurs <strong>pratiquent la taille du tronc <\/strong>de leur ficus\u00a0: le tronc principal est coup\u00e9 bas pour favoriser une nouvelle croissance et un effilement. Bien que spectaculaire, cette technique a fait ses preuves pour cr\u00e9er un bonsa\u00ef \u00e0 l&#8217;aspect vieilli et puissant. De nouvelles pousses \u00e9mergeront sous la coupe et pourront \u00eatre s\u00e9lectionn\u00e9es pour former le nouvel apex.<\/p>\n<ol start=\"4\">\n<li><strong> C\u00e2blage et mise en forme<\/strong><\/li>\n<\/ol>\n<p>Une fois le tronc suffisamment \u00e9pais et les nouvelles branches form\u00e9es, commencez le ligature. Branches de ficus sont flexibles lorsque jeune :<\/p>\n<ul>\n<li>Utilisez du fil d&#8217;aluminium pour fa\u00e7onner les branches primaires et \u00e9tablir le mouvement<\/li>\n<li>\u00c9vitez de c\u00e2bler pendant l\u2019hiver ou dans des environnements froids<\/li>\n<li>V\u00e9rifiez souvent le fil : l&#8217;\u00e9corce peut laisser des cicatrices si le fil est laiss\u00e9 trop longtemps en place.<\/li>\n<\/ul>\n<p>Avec l&#8217;\u00e9corce de tigre, m\u00eame de l\u00e9g\u00e8res cicatrices peuvent se fondre dans les stries naturelles de l&#8217;\u00e9corce au fil du temps, mais il est toujours pr\u00e9f\u00e9rable d&#8217;\u00eatre prudent.<\/p>\n<ol start=\"5\">\n<li><strong> Encourager les racines a\u00e9riennes (facultatif)<\/strong><\/li>\n<\/ol>\n<p>L&#8217;une des caract\u00e9ristiques les plus int\u00e9ressantes de cette vari\u00e9t\u00e9 de ficus est sa capacit\u00e9 \u00e0 d\u00e9velopper des <strong>racines a\u00e9riennes <\/strong>. toi vous voulez un look de style banyan :<\/p>\n<ul>\n<li>Augmenter l&#8217;humidit\u00e9 autour du tronc et des branches inf\u00e9rieures<\/li>\n<li>Enroulez de la mousse de sphaigne humide autour des jonctions des branches<\/li>\n<li>Utilisez une tente ou un plateau d&#8217;humidit\u00e9 si vous cultivez \u00e0 l&#8217;int\u00e9rieur<\/li>\n<\/ul>\n<p>Au fil du temps, les racines descendent et peuvent \u00eatre guid\u00e9es dans le sol. Elles cr\u00e9ent l&#8217;aspect spectaculaire et multi-troncs que beaucoup associent aux bonsa\u00efs tropicaux.<\/p>\n<ol start=\"6\">\n<li><strong> Taille r\u00e9guli\u00e8re<\/strong><\/li>\n<\/ol>\n<p>Une fois la structure de base d\u00e9finie :<\/p>\n<ul>\n<li>Coupez les nouvelles pousses pour maintenir la forme<\/li>\n<li>Enlever les grandes feuilles pour favoriser la repousse des plus petites<\/li>\n<li>D\u00e9folier (enlever toutes les feuilles) une ou deux fois par an pour r\u00e9duire la taille des feuilles \u2014 uniquement lorsque l&#8217;arbre est fort et en saison de croissance<\/li>\n<\/ul>\n<p>Le ficus r\u00e9pond bien \u00e0 une taille agressive et bourgeonne rapidement , ce qui signifie qu&#8217;il fera germer de nouvelles pousses m\u00eame \u00e0 partir de vieux bois.<\/p>\n<ol start=\"7\">\n<li><strong> Empotage et raffinement<\/strong><\/li>\n<\/ol>\n<p>Apr\u00e8s quelques ann\u00e9es de mise en forme et de d\u00e9veloppement, votre arbre peut \u00eatre d\u00e9plac\u00e9 dans un pot \u00e0 bonsa\u00ef :<\/p>\n<ul>\n<li>Choisissez un pot en c\u00e9ramique peu profond avec un bon drainage<\/li>\n<li>Rempotez au printemps tous les 2 \u00e0 3 ans pour rafra\u00eechir le sol et tailler les racines.<\/li>\n<li>Affiner la canop\u00e9e avec une structure de branches secondaires et tertiaires au fil du temps<\/li>\n<\/ul>\n<p>Un v\u00e9ritable bonsa\u00ef commence \u00e0 \u00e9merger \u00e0 ce stade, avec des proportions, une conicit\u00e9 et une silhouette agr\u00e9able.<\/p>\n<p><strong>Conseils d&#8217;entretien pour Succ\u00e8s<\/strong><\/p>\n<ul>\n<li><strong>Lumi\u00e8re\u00a0: <\/strong>Soleil indirect intense ou lumi\u00e8re filtr\u00e9e. Peut tol\u00e9rer des conditions int\u00e9rieures avec des lampes de culture si n\u00e9cessaire.<\/li>\n<li><strong>Arrosage\u00a0: <\/strong>Maintenir une humidit\u00e9 uniforme. Laisser la terre v\u00e9g\u00e9tale s\u00e9cher l\u00e9g\u00e8rement entre les arrosages . \u00c9viter d\u00e9tremp\u00e9 sol .<\/li>\n<li><strong>Alimentation : <\/strong>Utilisez un engrais liquide \u00e9quilibr\u00e9 toutes les 2 \u00e0 4 semaines pendant la saison de croissance.<\/li>\n<li><strong>Humidit\u00e9 : <\/strong>Aime l&#8217;humidit\u00e9 mais tol\u00e8re des conditions int\u00e9rieures moyennes. Brumisation aide , surtout pour croissance des racines a\u00e9riennes .<\/li>\n<li><strong>Parasites\u00a0: <\/strong>Surveillez la pr\u00e9sence de cochenilles, de pucerons et d&#8217;araign\u00e9es rouges \u00e0 l&#8217;int\u00e9rieur. Traitez rapidement avec un savon insecticide ou de l&#8217;huile de neem.<\/li>\n<\/ul>\n<p><strong>R\u00e9flexions finales<\/strong><\/p>\n<p>Cr\u00e9er un bonsa\u00ef \u00e0 partir d&#8217;un jeune <strong>Ficus microcarpa \u00ab\u00a0Tiger Bark\u00a0\u00bb <\/strong>est un processus long mais satisfaisant. Avec du temps, des soins constants et une mise en forme soign\u00e9e, vous pouvez transformer une plante simple en un arbre miniature plein de caract\u00e8re, de mouvement et de personnalit\u00e9. Sa souplesse le rend parfait pour les d\u00e9butants et enrichissant pour les artistes exp\u00e9riment\u00e9s qui souhaitent perfectionner des techniques comme le d\u00e9veloppement des racines a\u00e9riennes ou la taille du tronc.<\/p>\n<p>Le r\u00e9sultat ? Une sculpture vivante alliant force tropicale et forme artistique, et racontant une histoire qui se d\u00e9roule au fil des ans.<\/p>\n<p><strong>Nom scientifique:<\/strong> Ficus Microcarpa &#8216;Tiger Bark&#8217;<br \/>\n<strong>Nom commun:<\/strong> Ficus &#8216;Tiger Bark&#8217;<br \/>\n<strong>Tailles disponibles:<\/strong> 10 \u2013 40 cm<br \/>\n<strong>\u00c2ge:<\/strong> 2 \u00e0 5 ans<br \/>\n<strong>Forme de livraison:<\/strong>\u00a0pot 9 x 9 x 10 cm<\/p>\n","protected":false},"excerpt":{"rendered":"<p>Ficus Microcarpa &#8216;Tiger Bark&#8217; jeunes plants, 10-40 cm<\/p>\n","protected":false},"featured_media":1025,"template":"","meta":[],"product_brand":[],"product_cat":[37],"product_tag":[],"woo-feed-brand":[],"class_list":{"0":"post-917","1":"product","2":"type-product","3":"status-publish","4":"has-post-thumbnail","6":"product_cat-semis","8":"first","9":"outofstock","10":"shipping-taxable","11":"purchasable","12":"product-type-variable","13":"prodpage-classic"},"yoast_head":"<!-- This site is optimized with the Yoast SEO Premium plugin v22.0 (Yoast SEO v22.7) - https:\/\/yoast.com\/wordpress\/plugins\/seo\/ -->\n<title>Ficus Microcarpa &#039;Tiger Bark&#039;<\/title>\n<meta name=\"description\" content=\"Ficus Microcarpa &#039;Tiger Bark&#039; jeunes plants, 10-40 cm\" \/>\n<meta name=\"robots\" content=\"index, follow, max-snippet:-1, max-image-preview:large, max-video-preview:-1\" \/>\n<link rel=\"canonical\" href=\"https:\/\/bonsai-europe.com\/fr\/produit\/semis\/ficus-microcarpa-tiger-bark\/\" \/>\n<meta property=\"og:locale\" content=\"fr_FR\" \/>\n<meta property=\"og:type\" content=\"article\" \/>\n<meta property=\"og:title\" content=\"Ficus Microcarpa &#039;Tiger Bark&#039;\" \/>\n<meta property=\"og:description\" content=\"Ficus Microcarpa &#039;Tiger Bark&#039; jeunes plants, 10-40 cm\" \/>\n<meta property=\"og:url\" content=\"https:\/\/bonsai-europe.com\/fr\/produit\/semis\/ficus-microcarpa-tiger-bark\/\" \/>\n<meta property=\"og:site_name\" content=\"Bonsai Europe\" \/>\n<meta property=\"article:modified_time\" content=\"2026-01-26T18:28:28+00:00\" \/>\n<meta property=\"og:image\" content=\"https:\/\/bonsai-europe.com\/wp-content\/uploads\/2025\/05\/ficus-microcarpa-tiger-bark-2-1.jpg\" \/>\n\t<meta property=\"og:image:width\" content=\"2487\" \/>\n\t<meta property=\"og:image:height\" content=\"1905\" \/>\n\t<meta property=\"og:image:type\" content=\"image\/jpeg\" \/>\n<meta name=\"twitter:card\" content=\"summary_large_image\" \/>\n<meta name=\"twitter:label1\" content=\"Dur\u00e9e de lecture estim\u00e9e\" \/>\n\t<meta name=\"twitter:data1\" content=\"5 minutes\" \/>\n<script type=\"application\/ld+json\" class=\"yoast-schema-graph\">{\"@context\":\"https:\/\/schema.org\",\"@graph\":[{\"@type\":\"WebPage\",\"@id\":\"https:\/\/bonsai-europe.com\/fr\/produit\/semis\/ficus-microcarpa-tiger-bark\/\",\"url\":\"https:\/\/bonsai-europe.com\/fr\/produit\/semis\/ficus-microcarpa-tiger-bark\/\",\"name\":\"Ficus Microcarpa 'Tiger Bark'\",\"isPartOf\":{\"@id\":\"https:\/\/bonsai-europe.com\/fr\/#website\"},\"primaryImageOfPage\":{\"@id\":\"https:\/\/bonsai-europe.com\/fr\/produit\/semis\/ficus-microcarpa-tiger-bark\/#primaryimage\"},\"image\":{\"@id\":\"https:\/\/bonsai-europe.com\/fr\/produit\/semis\/ficus-microcarpa-tiger-bark\/#primaryimage\"},\"thumbnailUrl\":\"https:\/\/bonsai-europe.com\/wp-content\/uploads\/2025\/05\/ficus-microcarpa-tiger-bark-2-1.jpg\",\"datePublished\":\"2025-05-18T08:38:20+00:00\",\"dateModified\":\"2026-01-26T18:28:28+00:00\",\"description\":\"Ficus Microcarpa 'Tiger Bark' jeunes plants, 10-40 cm\",\"breadcrumb\":{\"@id\":\"https:\/\/bonsai-europe.com\/fr\/produit\/semis\/ficus-microcarpa-tiger-bark\/#breadcrumb\"},\"inLanguage\":\"fr-FR\",\"potentialAction\":[{\"@type\":\"ReadAction\",\"target\":[\"https:\/\/bonsai-europe.com\/fr\/produit\/semis\/ficus-microcarpa-tiger-bark\/\"]}]},{\"@type\":\"ImageObject\",\"inLanguage\":\"fr-FR\",\"@id\":\"https:\/\/bonsai-europe.com\/fr\/produit\/semis\/ficus-microcarpa-tiger-bark\/#primaryimage\",\"url\":\"https:\/\/bonsai-europe.com\/wp-content\/uploads\/2025\/05\/ficus-microcarpa-tiger-bark-2-1.jpg\",\"contentUrl\":\"https:\/\/bonsai-europe.com\/wp-content\/uploads\/2025\/05\/ficus-microcarpa-tiger-bark-2-1.jpg\",\"width\":2487,\"height\":1905,\"caption\":\"ficus-microcarpa-tiger-bark-2\"},{\"@type\":\"BreadcrumbList\",\"@id\":\"https:\/\/bonsai-europe.com\/fr\/produit\/semis\/ficus-microcarpa-tiger-bark\/#breadcrumb\",\"itemListElement\":[{\"@type\":\"ListItem\",\"position\":1,\"name\":\"Home\",\"item\":\"https:\/\/bonsai-europe.com\/fr\/\"},{\"@type\":\"ListItem\",\"position\":2,\"name\":\"Boutique\",\"item\":\"https:\/\/bonsai-europe.com\/fr\/boutique\/\"},{\"@type\":\"ListItem\",\"position\":3,\"name\":\"Ficus Microcarpa &#8216;Tiger Bark&#8217;\"}]},{\"@type\":\"WebSite\",\"@id\":\"https:\/\/bonsai-europe.com\/fr\/#website\",\"url\":\"https:\/\/bonsai-europe.com\/fr\/\",\"name\":\"Bonsai Europe\",\"description\":\"\",\"potentialAction\":[{\"@type\":\"SearchAction\",\"target\":{\"@type\":\"EntryPoint\",\"urlTemplate\":\"https:\/\/bonsai-europe.com\/fr\/?s={search_term_string}\"},\"query-input\":\"required name=search_term_string\"}],\"inLanguage\":\"fr-FR\"}]}<\/script>\n<!-- \/ Yoast SEO Premium plugin. -->","yoast_head_json":{"title":"Ficus Microcarpa 'Tiger Bark'","description":"Ficus Microcarpa 'Tiger Bark' jeunes plants, 10-40 cm","robots":{"index":"index","follow":"follow","max-snippet":"max-snippet:-1","max-image-preview":"max-image-preview:large","max-video-preview":"max-video-preview:-1"},"canonical":"https:\/\/bonsai-europe.com\/fr\/produit\/semis\/ficus-microcarpa-tiger-bark\/","og_locale":"fr_FR","og_type":"article","og_title":"Ficus Microcarpa 'Tiger Bark'","og_description":"Ficus Microcarpa 'Tiger Bark' jeunes plants, 10-40 cm","og_url":"https:\/\/bonsai-europe.com\/fr\/produit\/semis\/ficus-microcarpa-tiger-bark\/","og_site_name":"Bonsai Europe","article_modified_time":"2026-01-26T18:28:28+00:00","og_image":[{"width":2487,"height":1905,"url":"https:\/\/bonsai-europe.com\/wp-content\/uploads\/2025\/05\/ficus-microcarpa-tiger-bark-2-1.jpg","type":"image\/jpeg"}],"twitter_card":"summary_large_image","twitter_misc":{"Dur\u00e9e de lecture estim\u00e9e":"5 minutes"},"schema":{"@context":"https:\/\/schema.org","@graph":[{"@type":"WebPage","@id":"https:\/\/bonsai-europe.com\/fr\/produit\/semis\/ficus-microcarpa-tiger-bark\/","url":"https:\/\/bonsai-europe.com\/fr\/produit\/semis\/ficus-microcarpa-tiger-bark\/","name":"Ficus Microcarpa 'Tiger Bark'","isPartOf":{"@id":"https:\/\/bonsai-europe.com\/fr\/#website"},"primaryImageOfPage":{"@id":"https:\/\/bonsai-europe.com\/fr\/produit\/semis\/ficus-microcarpa-tiger-bark\/#primaryimage"},"image":{"@id":"https:\/\/bonsai-europe.com\/fr\/produit\/semis\/ficus-microcarpa-tiger-bark\/#primaryimage"},"thumbnailUrl":"https:\/\/bonsai-europe.com\/wp-content\/uploads\/2025\/05\/ficus-microcarpa-tiger-bark-2-1.jpg","datePublished":"2025-05-18T08:38:20+00:00","dateModified":"2026-01-26T18:28:28+00:00","description":"Ficus Microcarpa 'Tiger Bark' jeunes plants, 10-40 cm","breadcrumb":{"@id":"https:\/\/bonsai-europe.com\/fr\/produit\/semis\/ficus-microcarpa-tiger-bark\/#breadcrumb"},"inLanguage":"fr-FR","potentialAction":[{"@type":"ReadAction","target":["https:\/\/bonsai-europe.com\/fr\/produit\/semis\/ficus-microcarpa-tiger-bark\/"]}]},{"@type":"ImageObject","inLanguage":"fr-FR","@id":"https:\/\/bonsai-europe.com\/fr\/produit\/semis\/ficus-microcarpa-tiger-bark\/#primaryimage","url":"https:\/\/bonsai-europe.com\/wp-content\/uploads\/2025\/05\/ficus-microcarpa-tiger-bark-2-1.jpg","contentUrl":"https:\/\/bonsai-europe.com\/wp-content\/uploads\/2025\/05\/ficus-microcarpa-tiger-bark-2-1.jpg","width":2487,"height":1905,"caption":"ficus-microcarpa-tiger-bark-2"},{"@type":"BreadcrumbList","@id":"https:\/\/bonsai-europe.com\/fr\/produit\/semis\/ficus-microcarpa-tiger-bark\/#breadcrumb","itemListElement":[{"@type":"ListItem","position":1,"name":"Home","item":"https:\/\/bonsai-europe.com\/fr\/"},{"@type":"ListItem","position":2,"name":"Boutique","item":"https:\/\/bonsai-europe.com\/fr\/boutique\/"},{"@type":"ListItem","position":3,"name":"Ficus Microcarpa &#8216;Tiger Bark&#8217;"}]},{"@type":"WebSite","@id":"https:\/\/bonsai-europe.com\/fr\/#website","url":"https:\/\/bonsai-europe.com\/fr\/","name":"Bonsai Europe","description":"","potentialAction":[{"@type":"SearchAction","target":{"@type":"EntryPoint","urlTemplate":"https:\/\/bonsai-europe.com\/fr\/?s={search_term_string}"},"query-input":"required name=search_term_string"}],"inLanguage":"fr-FR"}]}},"_links":{"self":[{"href":"https:\/\/bonsai-europe.com\/fr\/wp-json\/wp\/v2\/product\/917","targetHints":{"allow":["GET"]}}],"collection":[{"href":"https:\/\/bonsai-europe.com\/fr\/wp-json\/wp\/v2\/product"}],"about":[{"href":"https:\/\/bonsai-europe.com\/fr\/wp-json\/wp\/v2\/types\/product"}],"wp:featuredmedia":[{"embeddable":true,"href":"https:\/\/bonsai-europe.com\/fr\/wp-json\/wp\/v2\/media\/1025"}],"wp:attachment":[{"href":"https:\/\/bonsai-europe.com\/fr\/wp-json\/wp\/v2\/media?parent=917"}],"wp:term":[{"taxonomy":"product_brand","embeddable":true,"href":"https:\/\/bonsai-europe.com\/fr\/wp-json\/wp\/v2\/product_brand?post=917"},{"taxonomy":"product_cat","embeddable":true,"href":"https:\/\/bonsai-europe.com\/fr\/wp-json\/wp\/v2\/product_cat?post=917"},{"taxonomy":"product_tag","embeddable":true,"href":"https:\/\/bonsai-europe.com\/fr\/wp-json\/wp\/v2\/product_tag?post=917"},{"taxonomy":"woo-feed-brand","embeddable":true,"href":"https:\/\/bonsai-europe.com\/fr\/wp-json\/wp\/v2\/woo-feed-brand?post=917"}],"curies":[{"name":"wp","href":"https:\/\/api.w.org\/{rel}","templated":true}]}}