{"id":903,"date":"2025-05-16T10:37:09","date_gmt":"2025-05-16T08:37:09","guid":{"rendered":"https:\/\/bonsai-europe.com\/?post_type=product&#038;p=903"},"modified":"2025-05-16T10:48:28","modified_gmt":"2025-05-16T08:48:28","slug":"abies-pinsapo-sapin-dandalousie","status":"publish","type":"product","link":"https:\/\/bonsai-europe.com\/fr\/produit\/plantes-de-jardin\/abies-pinsapo-sapin-dandalousie\/","title":{"rendered":"Abies Pinsapo &#8211; Sapin d&#8217;Andalousie"},"content":{"rendered":"<p><strong>L&#8217;Abies pinsapo <\/strong>, commun\u00e9ment appel\u00e9 <strong>sapin d&#8217;Espagne<\/strong>, est un conif\u00e8re rare et remarquable, originaire du sud de l&#8217;Espagne et de certaines r\u00e9gions du nord du Maroc. Il appartient \u00e0 la famille <em>des Pinac\u00e9es <\/em>et au genre <em>Abies <\/em>, qui comprend les sapins. Avec sa forme sym\u00e9trique, ses aiguilles denses et son feuillage bleu argent\u00e9 ou vert, l&#8217;Abies pinsapo se distingue aussi bien \u00e0 l&#8217;\u00e9tat sauvage que dans les paysages cultiv\u00e9s. Bien que relativement m\u00e9connue en dehors des cercles botaniques et horticoles, cette esp\u00e8ce suscite un int\u00e9r\u00eat croissant en raison de sa valeur ornementale et de son importance pour la conservation.<\/p>\n<p><strong>Profil botanique<\/strong><\/p>\n<ul>\n<li><strong>Nom scientifique :<\/strong> <em>Abies pinsapo var. pinsapo<\/em><\/li>\n<li><strong>Nom commun :<\/strong> Sapin d&#8217;Andalousie, Sapin d&#8217;Espagne<\/li>\n<li><strong>Famille:<\/strong> Pinac\u00e9es<\/li>\n<li><strong>Genre:<\/strong> Abies<\/li>\n<li><strong>Type : <\/strong>Conif\u00e8re \u00e0 feuilles persistantes arbre<\/li>\n<li><strong>Dur\u00e9e de vie : <\/strong>Longue dur\u00e9e (peut d\u00e9passer 100 ans)<\/li>\n<li><strong>Aire de r\u00e9partition naturelle\u00a0: <\/strong>sud de l&#8217;Espagne (Sierra de las Nieves, Sierra de Grazalema ) et parties isol\u00e9es du nord du Maroc<\/li>\n<li><strong>Plage d&#8217;altitude : <\/strong>900 \u00e0 1 800 m\u00e8tres (2 950 \u00e0 5 900 pieds)<\/li>\n<\/ul>\n<p>L&#8217;Abies pinsapo pousse g\u00e9n\u00e9ralement en haute altitude dans les r\u00e9gions montagneuses m\u00e9diterran\u00e9ennes, o\u00f9 r\u00e8gnent des hivers frais et humides et des \u00e9t\u00e9s secs. Son habitat naturel se limite \u00e0 quelques cha\u00eenes de montagnes, ce qui en fait l&#8217;une des esp\u00e8ces de sapins europ\u00e9ens les plus rares \u00e0 l&#8217;\u00e9tat sauvage.<\/p>\n<p><strong>Caract\u00e9ristiques physiques<\/strong><\/p>\n<p><strong>Taille et forme. <\/strong><br \/>\nDans son environnement naturel, l&#8217;Abies pinsapo peut atteindre 25 \u00e0 30 m\u00e8tres de haut, bien que les sp\u00e9cimens cultiv\u00e9s dans les jardins soient souvent plus petits. Son tronc central est droit et sa couronne conique \u00e9troite. Les jeunes arbres sont tr\u00e8s sym\u00e9triques et denses, avec des branches dispos\u00e9es en verticilles r\u00e9guliers, ce qui leur donne un aspect formel, presque sculpt\u00e9.<\/p>\n<p><strong>Feuillage\u00a0: <\/strong><br \/>\nla caract\u00e9ristique la plus distinctive de l&#8217;Abies pinsapo r\u00e9side dans ses aiguilles. Contrairement \u00e0 de nombreux sapins dont les aiguilles sont plates, celles du pinsapo rayonnent uniform\u00e9ment autour de la tige en forme de goupillon. Elles sont courtes, rigides et pointues \u2013 g\u00e9n\u00e9ralement de 1 \u00e0 2\u00a0cm de long \u2013 et leur couleur varie du vert fonc\u00e9 au vert bleut\u00e9 ou argent\u00e9, selon la sous-esp\u00e8ce et les conditions environnementales.<\/p>\n<p><strong>C\u00f4nes\u00a0: <\/strong><br \/>\nLe sapin d&#8217;Espagne produit des c\u00f4nes cylindriques dress\u00e9s de 10 \u00e0 18\u00a0cm de long. Ces c\u00f4nes, situ\u00e9s sur les branches sup\u00e9rieures, sont d&#8217;abord verts ou violets avant de brunir et de se d\u00e9sint\u00e9grer pour lib\u00e9rer des graines. Leur maturit\u00e9 prend deux ans et leur aspect ajoute \u00e0 la valeur ornementale de l&#8217;arbre.<\/p>\n<p><strong>Sous-esp\u00e8ces et cultivars<\/strong><\/p>\n<p>Il existe quelques variantes notables :<\/p>\n<ul>\n<li><strong>Abies pinsapo var. pinsapo : <\/strong>Forme typique trouv\u00e9e en Espagne.<\/li>\n<li><strong>Abies pinsapo var. marocana : <\/strong>Vari\u00e9t\u00e9 marocaine rare, parfois consid\u00e9r\u00e9e comme une esp\u00e8ce distincte ( <em>Abies marocana <\/em>), avec des caract\u00e9ristiques d&#8217;aiguilles et de c\u00f4nes l\u00e9g\u00e8rement diff\u00e9rentes.<\/li>\n<li><strong>&#8216;Glauca&#8217; : <\/strong>Vari\u00e9t\u00e9 cultiv\u00e9e au feuillage particuli\u00e8rement bleu ou argent\u00e9, pris\u00e9e en horticulture ornementale.<\/li>\n<li><strong>&#8216;Aurea&#8217; : <\/strong>Pr\u00e9sente une nouvelle croissance teint\u00e9e d&#8217;or.<\/li>\n<\/ul>\n<p>Ces formes cultiv\u00e9es sont populaires dans les arboretums et les jardins botaniques en raison de leur sym\u00e9trie et de leur couleur.<\/p>\n<p><strong>Habitat et \u00e9cologie<\/strong><\/p>\n<p>\u00c0 l&#8217;\u00e9tat sauvage, l&#8217;Abies pinsapo pousse dans les for\u00eats isol\u00e9es d&#8217;altitude, souvent sur des pentes expos\u00e9es au nord aux sols calcaires. Il pousse dans des for\u00eats mixtes avec d&#8217;autres esp\u00e8ces m\u00e9diterran\u00e9ennes, notamment les ch\u00eanes ( <em>Quercus <\/em>spp.), les gen\u00e9vriers ( <em>Juniperus <\/em>spp.) et les pins ( <em>Pinus <\/em>spp.).<\/p>\n<p>Il prosp\u00e8re dans les climats aux hivers frais et humides et aux \u00e9t\u00e9s chauds et secs. Le brouillard et les chutes de neige occasionnelles lui procurent de l&#8217;humidit\u00e9 pendant la saison de dormance, tandis que ses racines profondes lui permettent de r\u00e9sister \u00e0 la s\u00e9cheresse estivale.<\/p>\n<p><strong>Cultivation<\/strong><\/p>\n<p>Bien que rare dans la nature, l&#8217;Abies pinsapo est cultiv\u00e9 dans les r\u00e9gions temp\u00e9r\u00e9es d&#8217;Europe et d&#8217;Am\u00e9rique du Nord. Il convient aux jardins et aux parcs suffisamment spacieux et b\u00e9n\u00e9ficiant d&#8217;hivers frais et humides.<\/p>\n<p><strong>Besoins climatiques\u00a0: <\/strong><br \/>\nIl pr\u00e9f\u00e8re les climats m\u00e9diterran\u00e9ens ou oc\u00e9aniques, id\u00e9alement avec une chaleur estivale mod\u00e9r\u00e9e et un bon froid hivernal. Il pousse mieux dans les zones de rusticit\u00e9 USDA 6 \u00e0 8. Dans les climats plus chauds ou plus secs, il peut avoir des difficult\u00e9s sans arrosage suppl\u00e9mentaire.<\/p>\n<p><strong>Exigences du sol\u00a0: <\/strong><br \/>\nle sapin d&#8217;Espagne pr\u00e9f\u00e8re les sols bien drain\u00e9s, l\u00e9g\u00e8rement acides \u00e0 neutres. Il tol\u00e8re le calcaire, mais est sensible aux sols compact\u00e9s ou gorg\u00e9s d&#8217;eau.<\/p>\n<p><strong>Lumi\u00e8re et exposition\u00a0: <\/strong><br \/>\nelle pousse mieux en plein soleil ou \u00e0 mi-ombre. Dans les climats plus chauds, une mi-ombre peut aider \u00e0 pr\u00e9venir la br\u00fblure des aiguilles et \u00e0 r\u00e9duire le stress hydrique.<\/p>\n<p><strong>Arrosage et entretien <\/strong><br \/>\nLes jeunes arbres n\u00e9cessitent un arrosage r\u00e9gulier pour bien s&#8217;enraciner. Une fois \u00e9tablis, ils tol\u00e8rent plut\u00f4t bien la s\u00e9cheresse, mais b\u00e9n\u00e9ficient d&#8217;un arrosage abondant en cas de s\u00e9cheresse prolong\u00e9e.<\/p>\n<p><strong>Ravageurs et probl\u00e8mes\u00a0: <\/strong><br \/>\nAbies pinsapo est relativement indemne de parasites, mais peut souffrir de pourriture des racines dans les sols mal drain\u00e9s, ou de pucerons et d&#8217;adelgides dans certaines r\u00e9gions. La perte ou le brunissement des aiguilles peuvent survenir en raison du stress thermique ou de la pollution.<\/p>\n<p><strong>Statut de conservation<\/strong><\/p>\n<p>Abies pinsapo est class\u00e9 comme <strong>esp\u00e8ce en voie de disparition <\/strong>sur la Liste rouge de l&#8217;UICN en raison de la perte d&#8217;habitat, du changement climatique et des incendies. Son aire de r\u00e9partition naturelle est extr\u00eamement limit\u00e9e et de nombreuses populations sont fragment\u00e9es. L&#8217;expansion urbaine, le tourisme et l&#8217;\u00e9volution de l&#8217;utilisation des terres ont contribu\u00e9 \u00e0 la d\u00e9gradation de son habitat.<\/p>\n<p>Cependant, des efforts sont d\u00e9ploy\u00e9s pour prot\u00e9ger et restaurer l&#8217;esp\u00e8ce. Des zones prot\u00e9g\u00e9es en Espagne, comme le parc naturel de la Sierra de las Nieves et la Sierra de Grazalema , pr\u00e9servent certaines des derni\u00e8res populations sauvages. Des programmes de reforestation et de conservation des semences contribuent \u00e9galement \u00e0 sa survie.<\/p>\n<p>Les strat\u00e9gies de conservation comprennent :<\/p>\n<ul>\n<li>\u00c9tablissement graine banques<\/li>\n<li>Feu pr\u00e9vention programmes<\/li>\n<li>Reforestation contr\u00f4l\u00e9e avec du mat\u00e9riel g\u00e9n\u00e9tique indig\u00e8ne<\/li>\n<li>Promotion de l&#8217;esp\u00e8ce en culture pour r\u00e9duire la r\u00e9colte sauvage<\/li>\n<\/ul>\n<p><strong>Usages et importance culturelle<\/strong><\/p>\n<p>Bien que l&#8217;Abies pinsapo ait une utilisation commerciale limit\u00e9e en raison de sa raret\u00e9, il est appr\u00e9ci\u00e9 comme <strong>arbre ornemental <\/strong>dans les jardins, les parcs et les espaces verts publics. Son allure formelle et la disposition inhabituelle de ses aiguilles en font un arbre de pr\u00e9dilection pour les collections botaniques.<\/p>\n<p>En Espagne, cet arbre rev\u00eat une importance culturelle et \u00e9cologique. C&#8217;est une esp\u00e8ce embl\u00e9matique en mati\u00e8re de conservation et un symbole de la biodiversit\u00e9 unique des \u00e9cosyst\u00e8mes montagneux d&#8217;Andalousie. Plusieurs parcs naturels prot\u00e9g\u00e9s ont \u00e9t\u00e9 cr\u00e9\u00e9s, notamment pour pr\u00e9server les for\u00eats de pinsapo .<\/p>\n<p>Son utilisation historique est minime en raison de sa distribution limit\u00e9e, mais dans l&#8217;horticulture moderne, il sert d&#8217;arbre sp\u00e9cimen pour les collectionneurs et les amateurs de conif\u00e8res.<\/p>\n<p><strong>R\u00e9flexions finales<\/strong><\/p>\n<p><strong>L&#8217;Abies pinsapo <\/strong>est une esp\u00e8ce de sapin remarquable et rare, \u00e0 l&#8217;attrait visuel et \u00e9cologique exceptionnel. Sa forme sym\u00e9trique, ses aiguilles distinctives et sa r\u00e9sistance aux climats rigoureux en font une option int\u00e9ressante pour les jardins et les parcs des zones propices. Mais sa v\u00e9ritable importance r\u00e9side dans sa raret\u00e9 et la niche \u00e9cologique qu&#8217;il occupe dans le sud de l&#8217;Espagne et le nord du Maroc.<\/p>\n<p>Alors que le changement climatique et les pressions humaines continuent de menacer son aire de r\u00e9partition naturelle, les efforts de protection, de restauration et de propagation du sapin d&#8217;Andalousie sont de plus en plus essentiels. Qu&#8217;il soit plant\u00e9 au c\u0153ur d&#8217;un jardin ou pr\u00e9serv\u00e9 \u00e0 l&#8217;\u00e9tat sauvage, l&#8217;Abies pinsapo allie beaut\u00e9, int\u00e9r\u00eat botanique et importance pour la conservation.<\/p>\n<p><strong>Nom scientifique:<\/strong> Abies Pinsapo<br \/>\n<strong>Nom commun:<\/strong> Sapin d&#8217;Andalousie, Sapin d&#8217;Espagne<br \/>\n<strong>Origine:<\/strong>\u00a0Espagne<br \/>\n<strong>Hauteur de croissance:<\/strong> jusqu\u2019\u00e0 30 m\u00e8tres<br \/>\n<strong>Taille de la plante:<\/strong> 10 \u2013 60 cm<br \/>\n<strong>\u00c2ge:<\/strong>\u00a03 \u2013 5 ans<br \/>\n<strong>Forme de livraison:<\/strong>\u00a0plantes en boules<\/p>\n","protected":false},"excerpt":{"rendered":"<p>Jeunes plants de Abies Pinsapo, 10-60 cm<\/p>\n","protected":false},"featured_media":894,"template":"","meta":[],"product_brand":[],"product_cat":[77],"product_tag":[],"woo-feed-brand":[],"class_list":{"0":"post-903","1":"product","2":"type-product","3":"status-publish","4":"has-post-thumbnail","6":"product_cat-plantes-de-jardin","8":"first","9":"instock","10":"shipping-taxable","11":"purchasable","12":"product-type-variable","13":"has-default-attributes","14":"prodpage-classic"},"yoast_head":"<!-- This site is optimized with the Yoast SEO Premium plugin v22.0 (Yoast SEO v22.7) - https:\/\/yoast.com\/wordpress\/plugins\/seo\/ -->\n<title>Abies Pinsapo - Sapin d&#039;Andalousie<\/title>\n<meta name=\"description\" content=\"Jeunes plants de Abies Pinsapo, 10-60 cm\" \/>\n<meta name=\"robots\" content=\"index, follow, max-snippet:-1, max-image-preview:large, max-video-preview:-1\" \/>\n<link rel=\"canonical\" href=\"https:\/\/bonsai-europe.com\/fr\/produit\/plantes-de-jardin\/abies-pinsapo-sapin-dandalousie\/\" \/>\n<meta property=\"og:locale\" content=\"fr_FR\" \/>\n<meta property=\"og:type\" content=\"article\" \/>\n<meta property=\"og:title\" content=\"Abies Pinsapo - Sapin d&#039;Andalousie\" \/>\n<meta property=\"og:description\" content=\"Jeunes plants de Abies Pinsapo, 10-60 cm\" \/>\n<meta property=\"og:url\" content=\"https:\/\/bonsai-europe.com\/fr\/produit\/plantes-de-jardin\/abies-pinsapo-sapin-dandalousie\/\" \/>\n<meta property=\"og:site_name\" content=\"Bonsai Europe\" \/>\n<meta property=\"article:modified_time\" content=\"2025-05-16T08:48:28+00:00\" \/>\n<meta property=\"og:image\" content=\"https:\/\/bonsai-europe.com\/wp-content\/uploads\/2025\/05\/abies-pinsapo-spanische-tanne-15-20.jpg\" \/>\n\t<meta property=\"og:image:width\" content=\"800\" \/>\n\t<meta property=\"og:image:height\" content=\"800\" \/>\n\t<meta property=\"og:image:type\" content=\"image\/jpeg\" \/>\n<meta name=\"twitter:card\" content=\"summary_large_image\" \/>\n<meta name=\"twitter:label1\" content=\"Dur\u00e9e de lecture estim\u00e9e\" \/>\n\t<meta name=\"twitter:data1\" content=\"6 minutes\" \/>\n<script type=\"application\/ld+json\" class=\"yoast-schema-graph\">{\"@context\":\"https:\/\/schema.org\",\"@graph\":[{\"@type\":\"WebPage\",\"@id\":\"https:\/\/bonsai-europe.com\/fr\/produit\/plantes-de-jardin\/abies-pinsapo-sapin-dandalousie\/\",\"url\":\"https:\/\/bonsai-europe.com\/fr\/produit\/plantes-de-jardin\/abies-pinsapo-sapin-dandalousie\/\",\"name\":\"Abies Pinsapo - Sapin d'Andalousie\",\"isPartOf\":{\"@id\":\"https:\/\/bonsai-europe.com\/fr\/#website\"},\"primaryImageOfPage\":{\"@id\":\"https:\/\/bonsai-europe.com\/fr\/produit\/plantes-de-jardin\/abies-pinsapo-sapin-dandalousie\/#primaryimage\"},\"image\":{\"@id\":\"https:\/\/bonsai-europe.com\/fr\/produit\/plantes-de-jardin\/abies-pinsapo-sapin-dandalousie\/#primaryimage\"},\"thumbnailUrl\":\"https:\/\/bonsai-europe.com\/wp-content\/uploads\/2025\/05\/abies-pinsapo-spanische-tanne-15-20.jpg\",\"datePublished\":\"2025-05-16T08:37:09+00:00\",\"dateModified\":\"2025-05-16T08:48:28+00:00\",\"description\":\"Jeunes plants de Abies Pinsapo, 10-60 cm\",\"breadcrumb\":{\"@id\":\"https:\/\/bonsai-europe.com\/fr\/produit\/plantes-de-jardin\/abies-pinsapo-sapin-dandalousie\/#breadcrumb\"},\"inLanguage\":\"fr-FR\",\"potentialAction\":[{\"@type\":\"ReadAction\",\"target\":[\"https:\/\/bonsai-europe.com\/fr\/produit\/plantes-de-jardin\/abies-pinsapo-sapin-dandalousie\/\"]}]},{\"@type\":\"ImageObject\",\"inLanguage\":\"fr-FR\",\"@id\":\"https:\/\/bonsai-europe.com\/fr\/produit\/plantes-de-jardin\/abies-pinsapo-sapin-dandalousie\/#primaryimage\",\"url\":\"https:\/\/bonsai-europe.com\/wp-content\/uploads\/2025\/05\/abies-pinsapo-spanische-tanne-15-20.jpg\",\"contentUrl\":\"https:\/\/bonsai-europe.com\/wp-content\/uploads\/2025\/05\/abies-pinsapo-spanische-tanne-15-20.jpg\",\"width\":800,\"height\":800,\"caption\":\"abies-pinsapo\"},{\"@type\":\"BreadcrumbList\",\"@id\":\"https:\/\/bonsai-europe.com\/fr\/produit\/plantes-de-jardin\/abies-pinsapo-sapin-dandalousie\/#breadcrumb\",\"itemListElement\":[{\"@type\":\"ListItem\",\"position\":1,\"name\":\"Home\",\"item\":\"https:\/\/bonsai-europe.com\/fr\/\"},{\"@type\":\"ListItem\",\"position\":2,\"name\":\"Boutique\",\"item\":\"https:\/\/bonsai-europe.com\/fr\/boutique\/\"},{\"@type\":\"ListItem\",\"position\":3,\"name\":\"Abies Pinsapo &#8211; Sapin d&#8217;Andalousie\"}]},{\"@type\":\"WebSite\",\"@id\":\"https:\/\/bonsai-europe.com\/fr\/#website\",\"url\":\"https:\/\/bonsai-europe.com\/fr\/\",\"name\":\"Bonsai Europe\",\"description\":\"\",\"potentialAction\":[{\"@type\":\"SearchAction\",\"target\":{\"@type\":\"EntryPoint\",\"urlTemplate\":\"https:\/\/bonsai-europe.com\/fr\/?s={search_term_string}\"},\"query-input\":\"required name=search_term_string\"}],\"inLanguage\":\"fr-FR\"}]}<\/script>\n<!-- \/ Yoast SEO Premium plugin. -->","yoast_head_json":{"title":"Abies Pinsapo - Sapin d'Andalousie","description":"Jeunes plants de Abies Pinsapo, 10-60 cm","robots":{"index":"index","follow":"follow","max-snippet":"max-snippet:-1","max-image-preview":"max-image-preview:large","max-video-preview":"max-video-preview:-1"},"canonical":"https:\/\/bonsai-europe.com\/fr\/produit\/plantes-de-jardin\/abies-pinsapo-sapin-dandalousie\/","og_locale":"fr_FR","og_type":"article","og_title":"Abies Pinsapo - Sapin d'Andalousie","og_description":"Jeunes plants de Abies Pinsapo, 10-60 cm","og_url":"https:\/\/bonsai-europe.com\/fr\/produit\/plantes-de-jardin\/abies-pinsapo-sapin-dandalousie\/","og_site_name":"Bonsai Europe","article_modified_time":"2025-05-16T08:48:28+00:00","og_image":[{"width":800,"height":800,"url":"https:\/\/bonsai-europe.com\/wp-content\/uploads\/2025\/05\/abies-pinsapo-spanische-tanne-15-20.jpg","type":"image\/jpeg"}],"twitter_card":"summary_large_image","twitter_misc":{"Dur\u00e9e de lecture estim\u00e9e":"6 minutes"},"schema":{"@context":"https:\/\/schema.org","@graph":[{"@type":"WebPage","@id":"https:\/\/bonsai-europe.com\/fr\/produit\/plantes-de-jardin\/abies-pinsapo-sapin-dandalousie\/","url":"https:\/\/bonsai-europe.com\/fr\/produit\/plantes-de-jardin\/abies-pinsapo-sapin-dandalousie\/","name":"Abies Pinsapo - Sapin d'Andalousie","isPartOf":{"@id":"https:\/\/bonsai-europe.com\/fr\/#website"},"primaryImageOfPage":{"@id":"https:\/\/bonsai-europe.com\/fr\/produit\/plantes-de-jardin\/abies-pinsapo-sapin-dandalousie\/#primaryimage"},"image":{"@id":"https:\/\/bonsai-europe.com\/fr\/produit\/plantes-de-jardin\/abies-pinsapo-sapin-dandalousie\/#primaryimage"},"thumbnailUrl":"https:\/\/bonsai-europe.com\/wp-content\/uploads\/2025\/05\/abies-pinsapo-spanische-tanne-15-20.jpg","datePublished":"2025-05-16T08:37:09+00:00","dateModified":"2025-05-16T08:48:28+00:00","description":"Jeunes plants de Abies Pinsapo, 10-60 cm","breadcrumb":{"@id":"https:\/\/bonsai-europe.com\/fr\/produit\/plantes-de-jardin\/abies-pinsapo-sapin-dandalousie\/#breadcrumb"},"inLanguage":"fr-FR","potentialAction":[{"@type":"ReadAction","target":["https:\/\/bonsai-europe.com\/fr\/produit\/plantes-de-jardin\/abies-pinsapo-sapin-dandalousie\/"]}]},{"@type":"ImageObject","inLanguage":"fr-FR","@id":"https:\/\/bonsai-europe.com\/fr\/produit\/plantes-de-jardin\/abies-pinsapo-sapin-dandalousie\/#primaryimage","url":"https:\/\/bonsai-europe.com\/wp-content\/uploads\/2025\/05\/abies-pinsapo-spanische-tanne-15-20.jpg","contentUrl":"https:\/\/bonsai-europe.com\/wp-content\/uploads\/2025\/05\/abies-pinsapo-spanische-tanne-15-20.jpg","width":800,"height":800,"caption":"abies-pinsapo"},{"@type":"BreadcrumbList","@id":"https:\/\/bonsai-europe.com\/fr\/produit\/plantes-de-jardin\/abies-pinsapo-sapin-dandalousie\/#breadcrumb","itemListElement":[{"@type":"ListItem","position":1,"name":"Home","item":"https:\/\/bonsai-europe.com\/fr\/"},{"@type":"ListItem","position":2,"name":"Boutique","item":"https:\/\/bonsai-europe.com\/fr\/boutique\/"},{"@type":"ListItem","position":3,"name":"Abies Pinsapo &#8211; Sapin d&#8217;Andalousie"}]},{"@type":"WebSite","@id":"https:\/\/bonsai-europe.com\/fr\/#website","url":"https:\/\/bonsai-europe.com\/fr\/","name":"Bonsai Europe","description":"","potentialAction":[{"@type":"SearchAction","target":{"@type":"EntryPoint","urlTemplate":"https:\/\/bonsai-europe.com\/fr\/?s={search_term_string}"},"query-input":"required name=search_term_string"}],"inLanguage":"fr-FR"}]}},"_links":{"self":[{"href":"https:\/\/bonsai-europe.com\/fr\/wp-json\/wp\/v2\/product\/903","targetHints":{"allow":["GET"]}}],"collection":[{"href":"https:\/\/bonsai-europe.com\/fr\/wp-json\/wp\/v2\/product"}],"about":[{"href":"https:\/\/bonsai-europe.com\/fr\/wp-json\/wp\/v2\/types\/product"}],"wp:featuredmedia":[{"embeddable":true,"href":"https:\/\/bonsai-europe.com\/fr\/wp-json\/wp\/v2\/media\/894"}],"wp:attachment":[{"href":"https:\/\/bonsai-europe.com\/fr\/wp-json\/wp\/v2\/media?parent=903"}],"wp:term":[{"taxonomy":"product_brand","embeddable":true,"href":"https:\/\/bonsai-europe.com\/fr\/wp-json\/wp\/v2\/product_brand?post=903"},{"taxonomy":"product_cat","embeddable":true,"href":"https:\/\/bonsai-europe.com\/fr\/wp-json\/wp\/v2\/product_cat?post=903"},{"taxonomy":"product_tag","embeddable":true,"href":"https:\/\/bonsai-europe.com\/fr\/wp-json\/wp\/v2\/product_tag?post=903"},{"taxonomy":"woo-feed-brand","embeddable":true,"href":"https:\/\/bonsai-europe.com\/fr\/wp-json\/wp\/v2\/woo-feed-brand?post=903"}],"curies":[{"name":"wp","href":"https:\/\/api.w.org\/{rel}","templated":true}]}}