{"id":189,"date":"2024-03-02T13:39:44","date_gmt":"2024-03-02T12:39:44","guid":{"rendered":"https:\/\/bonsai-europe.com\/?post_type=product&#038;p=189"},"modified":"2026-03-06T15:19:54","modified_gmt":"2026-03-06T14:19:54","slug":"pinus-parviflora","status":"publish","type":"product","link":"https:\/\/bonsai-europe.com\/fr\/produit\/semis\/pinus-parviflora\/","title":{"rendered":"Pinus Parviflora &#8211; Pin blanc du Japon"},"content":{"rendered":"<p>Le pin blanc du Japon (Pinus parviflora) est une esp\u00e8ce v\u00e9g\u00e9tale pris\u00e9e, couramment utilis\u00e9e dans la conception de bonsa\u00efs et appr\u00e9ci\u00e9e pour son aspect \u00e9l\u00e9gant, ses aiguilles d\u00e9licates et sa forme gracieuse. Les formes plus anciennes du pin vierge comptent parmi les bonsa\u00efs les plus chers au monde.<\/p>\n<h3>Apparence<\/h3>\n<p>Les bonsa\u00efs Pinus Parviflora se caract\u00e9risent par leurs aiguilles gracieuses et minces dispos\u00e9es en groupes de cinq, formant une canop\u00e9e douce et d\u00e9licate. La couleur des aiguilles va du vert vif au bleu argent\u00e9, selon la vari\u00e9t\u00e9 et les conditions environnementales. Les branches du bonsa\u00ef de pin japonais pr\u00e9sentent souvent une silhouette \u00e9l\u00e9gante et incurv\u00e9e qui \u00e9voque une sensation de calme et d&#8217;harmonie.<\/p>\n<h3>Importance culturelle<\/h3>\n<p>Dans la culture japonaise, le pin blanc du Japon a une profonde signification symbolique et est associ\u00e9 \u00e0 la puret\u00e9, \u00e0 la long\u00e9vit\u00e9 et \u00e0 l\u2019illumination. V\u00e9n\u00e9r\u00e9 pour sa beaut\u00e9 gracieuse et sa signification spirituelle, il est souvent repr\u00e9sent\u00e9 dans l\u2019art et la litt\u00e9rature traditionnels comme un symbole de r\u00e9silience et de paix int\u00e9rieure. Par cons\u00e9quent, les bonsa\u00efs de pin japonais sont appr\u00e9ci\u00e9s pour leur capacit\u00e9 \u00e0 \u00e9voquer un sentiment de s\u00e9r\u00e9nit\u00e9 et de contemplation chez le spectateur.<\/p>\n<h3>Aptitude comme bonsa\u00ef<\/h3>\n<p>Pinus Parviflora est bien adapt\u00e9 \u00e0 la conception de bonsa\u00efs en raison de sa taille compacte, de son aspect sophistiqu\u00e9 et de sa r\u00e9activit\u00e9 aux techniques de coupe et de coiffage. Parce qu\u2019il s\u2019agit d\u2019une esp\u00e8ce \u00e0 croissance lente, les artistes bonsa\u00ef ont tout le temps de fa\u00e7onner et d\u2019affiner la forme de l\u2019arbre au fil des ann\u00e9es. Les bonsa\u00efs du pin vierge du Japon prosp\u00e8rent dans un sol bien drain\u00e9 avec une bonne a\u00e9ration et pr\u00e9f\u00e8rent un endroit ensoleill\u00e9 pour favoriser une croissance saine et une couleur de feuillage \u00e9clatante.<\/p>\n<p>Le pin blanc est consid\u00e9r\u00e9 comme une plante exigeante et difficile \u00e0 entretenir en Europe. Vous pouvez donc g\u00e9n\u00e9ralement trouver dans les magasins des sp\u00e9cimens raffin\u00e9s \u00e0 partir de Pinus Thunbergii, car cette esp\u00e8ce est beaucoup plus robuste que Pinus Parviflora.<\/p>\n<p><strong>Nom scientifique:<\/strong> Pinus parviflora, Pinus pentaphylla<br \/>\n<strong>Nom commun:<\/strong> Pin blanc du Japon<br \/>\n<strong>Origine:<\/strong> Japon<br \/>\n<strong>Hauteur de croissance:<\/strong> maximum 1 m\u00e8tre<br \/>\n<strong>Tailles disponibles:<\/strong> 5 &#8211; 30 cm<br \/>\n<strong>\u00c2ge:<\/strong> 2 \u00e0 4 ans<br \/>\n<strong>Forme de livraison:<\/strong> pot 9 x 9 x 10 cm<\/p>\n","protected":false},"excerpt":{"rendered":"<div class=\"ebT7ne sMVRZe\"><\/div>\n<div class=\"QcsUad BDJ8fb sMVRZe wneUed\">\n<p class=\"oBOnKe\"><span style=\"font-size: 16px;\">Jeunes plants de Pinus Parviflora, 10-30 cm<\/span><\/p>\n<\/div>\n","protected":false},"featured_media":126,"template":"","meta":[],"product_brand":[],"product_cat":[37],"product_tag":[],"woo-feed-brand":[],"class_list":{"0":"post-189","1":"product","2":"type-product","3":"status-publish","4":"has-post-thumbnail","6":"product_cat-semis","8":"first","9":"outofstock","10":"featured","11":"shipping-taxable","12":"purchasable","13":"product-type-variable","14":"has-default-attributes","15":"prodpage-classic"},"yoast_head":"<!-- This site is optimized with the Yoast SEO Premium plugin v22.0 (Yoast SEO v22.7) - https:\/\/yoast.com\/wordpress\/plugins\/seo\/ -->\n<title>Pinus Parviflora - Pin blanc du Japon<\/title>\n<meta name=\"description\" content=\"Cr\u00e9ez de magnifiques bonsa\u00efs \u00e0 partir de nos jeunes pinus parviflora pour commencer votre voyage en bonsa\u00ef japonais.\" \/>\n<meta name=\"robots\" content=\"index, follow, max-snippet:-1, max-image-preview:large, max-video-preview:-1\" \/>\n<link rel=\"canonical\" href=\"https:\/\/bonsai-europe.com\/fr\/produit\/semis\/pinus-parviflora\/\" \/>\n<meta property=\"og:locale\" content=\"fr_FR\" \/>\n<meta property=\"og:type\" content=\"article\" \/>\n<meta property=\"og:title\" content=\"Pinus Parviflora - Pin blanc du Japon\" \/>\n<meta property=\"og:description\" content=\"Cr\u00e9ez de magnifiques bonsa\u00efs \u00e0 partir de nos jeunes pinus parviflora pour commencer votre voyage en bonsa\u00ef japonais.\" \/>\n<meta property=\"og:url\" content=\"https:\/\/bonsai-europe.com\/fr\/produit\/semis\/pinus-parviflora\/\" \/>\n<meta property=\"og:site_name\" content=\"Bonsai Europe\" \/>\n<meta property=\"article:modified_time\" content=\"2026-03-06T14:19:54+00:00\" \/>\n<meta property=\"og:image\" content=\"https:\/\/bonsai-europe.com\/wp-content\/uploads\/2024\/03\/pinus-parviflora.jpg\" \/>\n\t<meta property=\"og:image:width\" content=\"1000\" \/>\n\t<meta property=\"og:image:height\" content=\"1000\" \/>\n\t<meta property=\"og:image:type\" content=\"image\/jpeg\" \/>\n<meta name=\"twitter:card\" content=\"summary_large_image\" \/>\n<meta name=\"twitter:label1\" content=\"Dur\u00e9e de lecture estim\u00e9e\" \/>\n\t<meta name=\"twitter:data1\" content=\"2 minutes\" \/>\n<script type=\"application\/ld+json\" class=\"yoast-schema-graph\">{\"@context\":\"https:\/\/schema.org\",\"@graph\":[{\"@type\":\"WebPage\",\"@id\":\"https:\/\/bonsai-europe.com\/fr\/produit\/semis\/pinus-parviflora\/\",\"url\":\"https:\/\/bonsai-europe.com\/fr\/produit\/semis\/pinus-parviflora\/\",\"name\":\"Pinus Parviflora - Pin blanc du Japon\",\"isPartOf\":{\"@id\":\"https:\/\/bonsai-europe.com\/fr\/#website\"},\"primaryImageOfPage\":{\"@id\":\"https:\/\/bonsai-europe.com\/fr\/produit\/semis\/pinus-parviflora\/#primaryimage\"},\"image\":{\"@id\":\"https:\/\/bonsai-europe.com\/fr\/produit\/semis\/pinus-parviflora\/#primaryimage\"},\"thumbnailUrl\":\"https:\/\/bonsai-europe.com\/wp-content\/uploads\/2024\/03\/pinus-parviflora.jpg\",\"datePublished\":\"2024-03-02T12:39:44+00:00\",\"dateModified\":\"2026-03-06T14:19:54+00:00\",\"description\":\"Cr\u00e9ez de magnifiques bonsa\u00efs \u00e0 partir de nos jeunes pinus parviflora pour commencer votre voyage en bonsa\u00ef japonais.\",\"breadcrumb\":{\"@id\":\"https:\/\/bonsai-europe.com\/fr\/produit\/semis\/pinus-parviflora\/#breadcrumb\"},\"inLanguage\":\"fr-FR\",\"potentialAction\":[{\"@type\":\"ReadAction\",\"target\":[\"https:\/\/bonsai-europe.com\/fr\/produit\/semis\/pinus-parviflora\/\"]}]},{\"@type\":\"ImageObject\",\"inLanguage\":\"fr-FR\",\"@id\":\"https:\/\/bonsai-europe.com\/fr\/produit\/semis\/pinus-parviflora\/#primaryimage\",\"url\":\"https:\/\/bonsai-europe.com\/wp-content\/uploads\/2024\/03\/pinus-parviflora.jpg\",\"contentUrl\":\"https:\/\/bonsai-europe.com\/wp-content\/uploads\/2024\/03\/pinus-parviflora.jpg\",\"width\":1000,\"height\":1000,\"caption\":\"Pin blanc du Japon\"},{\"@type\":\"BreadcrumbList\",\"@id\":\"https:\/\/bonsai-europe.com\/fr\/produit\/semis\/pinus-parviflora\/#breadcrumb\",\"itemListElement\":[{\"@type\":\"ListItem\",\"position\":1,\"name\":\"Home\",\"item\":\"https:\/\/bonsai-europe.com\/fr\/\"},{\"@type\":\"ListItem\",\"position\":2,\"name\":\"Boutique\",\"item\":\"https:\/\/bonsai-europe.com\/fr\/boutique\/\"},{\"@type\":\"ListItem\",\"position\":3,\"name\":\"Pinus Parviflora &#8211; Pin blanc du Japon\"}]},{\"@type\":\"WebSite\",\"@id\":\"https:\/\/bonsai-europe.com\/fr\/#website\",\"url\":\"https:\/\/bonsai-europe.com\/fr\/\",\"name\":\"Bonsai Europe\",\"description\":\"\",\"potentialAction\":[{\"@type\":\"SearchAction\",\"target\":{\"@type\":\"EntryPoint\",\"urlTemplate\":\"https:\/\/bonsai-europe.com\/fr\/?s={search_term_string}\"},\"query-input\":\"required name=search_term_string\"}],\"inLanguage\":\"fr-FR\"}]}<\/script>\n<!-- \/ Yoast SEO Premium plugin. -->","yoast_head_json":{"title":"Pinus Parviflora - Pin blanc du Japon","description":"Cr\u00e9ez de magnifiques bonsa\u00efs \u00e0 partir de nos jeunes pinus parviflora pour commencer votre voyage en bonsa\u00ef japonais.","robots":{"index":"index","follow":"follow","max-snippet":"max-snippet:-1","max-image-preview":"max-image-preview:large","max-video-preview":"max-video-preview:-1"},"canonical":"https:\/\/bonsai-europe.com\/fr\/produit\/semis\/pinus-parviflora\/","og_locale":"fr_FR","og_type":"article","og_title":"Pinus Parviflora - Pin blanc du Japon","og_description":"Cr\u00e9ez de magnifiques bonsa\u00efs \u00e0 partir de nos jeunes pinus parviflora pour commencer votre voyage en bonsa\u00ef japonais.","og_url":"https:\/\/bonsai-europe.com\/fr\/produit\/semis\/pinus-parviflora\/","og_site_name":"Bonsai Europe","article_modified_time":"2026-03-06T14:19:54+00:00","og_image":[{"width":1000,"height":1000,"url":"https:\/\/bonsai-europe.com\/wp-content\/uploads\/2024\/03\/pinus-parviflora.jpg","type":"image\/jpeg"}],"twitter_card":"summary_large_image","twitter_misc":{"Dur\u00e9e de lecture estim\u00e9e":"2 minutes"},"schema":{"@context":"https:\/\/schema.org","@graph":[{"@type":"WebPage","@id":"https:\/\/bonsai-europe.com\/fr\/produit\/semis\/pinus-parviflora\/","url":"https:\/\/bonsai-europe.com\/fr\/produit\/semis\/pinus-parviflora\/","name":"Pinus Parviflora - Pin blanc du Japon","isPartOf":{"@id":"https:\/\/bonsai-europe.com\/fr\/#website"},"primaryImageOfPage":{"@id":"https:\/\/bonsai-europe.com\/fr\/produit\/semis\/pinus-parviflora\/#primaryimage"},"image":{"@id":"https:\/\/bonsai-europe.com\/fr\/produit\/semis\/pinus-parviflora\/#primaryimage"},"thumbnailUrl":"https:\/\/bonsai-europe.com\/wp-content\/uploads\/2024\/03\/pinus-parviflora.jpg","datePublished":"2024-03-02T12:39:44+00:00","dateModified":"2026-03-06T14:19:54+00:00","description":"Cr\u00e9ez de magnifiques bonsa\u00efs \u00e0 partir de nos jeunes pinus parviflora pour commencer votre voyage en bonsa\u00ef japonais.","breadcrumb":{"@id":"https:\/\/bonsai-europe.com\/fr\/produit\/semis\/pinus-parviflora\/#breadcrumb"},"inLanguage":"fr-FR","potentialAction":[{"@type":"ReadAction","target":["https:\/\/bonsai-europe.com\/fr\/produit\/semis\/pinus-parviflora\/"]}]},{"@type":"ImageObject","inLanguage":"fr-FR","@id":"https:\/\/bonsai-europe.com\/fr\/produit\/semis\/pinus-parviflora\/#primaryimage","url":"https:\/\/bonsai-europe.com\/wp-content\/uploads\/2024\/03\/pinus-parviflora.jpg","contentUrl":"https:\/\/bonsai-europe.com\/wp-content\/uploads\/2024\/03\/pinus-parviflora.jpg","width":1000,"height":1000,"caption":"Pin blanc du Japon"},{"@type":"BreadcrumbList","@id":"https:\/\/bonsai-europe.com\/fr\/produit\/semis\/pinus-parviflora\/#breadcrumb","itemListElement":[{"@type":"ListItem","position":1,"name":"Home","item":"https:\/\/bonsai-europe.com\/fr\/"},{"@type":"ListItem","position":2,"name":"Boutique","item":"https:\/\/bonsai-europe.com\/fr\/boutique\/"},{"@type":"ListItem","position":3,"name":"Pinus Parviflora &#8211; Pin blanc du Japon"}]},{"@type":"WebSite","@id":"https:\/\/bonsai-europe.com\/fr\/#website","url":"https:\/\/bonsai-europe.com\/fr\/","name":"Bonsai Europe","description":"","potentialAction":[{"@type":"SearchAction","target":{"@type":"EntryPoint","urlTemplate":"https:\/\/bonsai-europe.com\/fr\/?s={search_term_string}"},"query-input":"required name=search_term_string"}],"inLanguage":"fr-FR"}]}},"_links":{"self":[{"href":"https:\/\/bonsai-europe.com\/fr\/wp-json\/wp\/v2\/product\/189","targetHints":{"allow":["GET"]}}],"collection":[{"href":"https:\/\/bonsai-europe.com\/fr\/wp-json\/wp\/v2\/product"}],"about":[{"href":"https:\/\/bonsai-europe.com\/fr\/wp-json\/wp\/v2\/types\/product"}],"wp:featuredmedia":[{"embeddable":true,"href":"https:\/\/bonsai-europe.com\/fr\/wp-json\/wp\/v2\/media\/126"}],"wp:attachment":[{"href":"https:\/\/bonsai-europe.com\/fr\/wp-json\/wp\/v2\/media?parent=189"}],"wp:term":[{"taxonomy":"product_brand","embeddable":true,"href":"https:\/\/bonsai-europe.com\/fr\/wp-json\/wp\/v2\/product_brand?post=189"},{"taxonomy":"product_cat","embeddable":true,"href":"https:\/\/bonsai-europe.com\/fr\/wp-json\/wp\/v2\/product_cat?post=189"},{"taxonomy":"product_tag","embeddable":true,"href":"https:\/\/bonsai-europe.com\/fr\/wp-json\/wp\/v2\/product_tag?post=189"},{"taxonomy":"woo-feed-brand","embeddable":true,"href":"https:\/\/bonsai-europe.com\/fr\/wp-json\/wp\/v2\/woo-feed-brand?post=189"}],"curies":[{"name":"wp","href":"https:\/\/api.w.org\/{rel}","templated":true}]}}