{"id":185,"date":"2024-03-02T13:13:06","date_gmt":"2024-03-02T12:13:06","guid":{"rendered":"https:\/\/bonsai-europe.com\/?post_type=product&#038;p=185"},"modified":"2026-03-06T14:43:27","modified_gmt":"2026-03-06T13:43:27","slug":"pinus-thunbergii","status":"publish","type":"product","link":"https:\/\/bonsai-europe.com\/fr\/produit\/semis\/pinus-thunbergii\/","title":{"rendered":"Pinus Thunbergii &#8211; Pin noir du Japon"},"content":{"rendered":"<p>Le pin noir du Japon (Pinus thunbergii) est l&#8217;une des esp\u00e8ces les plus connues et les plus recherch\u00e9es utilis\u00e9es dans la conception de bonsa\u00efs. Connu pour sa forme gracieuse, son \u00e9corce robuste et ses aiguilles distinctives, l&#8217;arbre est un favori parmi les amateurs de bonsa\u00ef en raison de son adaptabilit\u00e9, de sa r\u00e9silience et de ses qualit\u00e9s esth\u00e9tiques saisissantes. Les sp\u00e9cimens plus anciens de Pinus Thunbergii comptent parmi les variantes de bonsa\u00ef les plus ch\u00e8res au monde.<\/p>\n<h3>Apparence<\/h3>\n<p>Pinus Thunbergii a un port asym\u00e9trique distinctif avec des ramifications irr\u00e9guli\u00e8res qui \u00e9voquent l&#8217;apparence balay\u00e9e par le vent des arbres fa\u00e7onn\u00e9s par les forces de la nature. Les aiguilles sont dispos\u00e9es par paires et leur couleur varie du vert fonc\u00e9 au vert fonc\u00e9 brillant, cr\u00e9ant une riche tapisserie de textures et de tons. \u00c0 mesure que le bonsa\u00ef m\u00fbrit, son \u00e9corce se d\u00e9veloppe en une surface rugueuse et textur\u00e9e avec des tons brun rouge\u00e2tre et gris qui ajoutent de la profondeur et du caract\u00e8re \u00e0 la composition.<\/p>\n<h3>Importance culturelle<\/h3>\n<p>Dans la culture japonaise, le pin noir du Japon rev\u00eat une grande importance et est souvent associ\u00e9 \u00e0 la r\u00e9silience, \u00e0 la long\u00e9vit\u00e9 et \u00e0 l\u2019endurance. C&#8217;est un symbole de force et de fermet\u00e9. Par cons\u00e9quent, le pin noir du Japon est devenu une partie int\u00e9grante de la tradition du bonsa\u00ef, incarnant l\u2019esprit \u00e9ternel de la nature et l\u2019art de forger la beaut\u00e9 \u00e0 partir de l\u2019adversit\u00e9.<\/p>\n<h3>Aptitude comme bonsa\u00ef<\/h3>\n<p>Le pin noir du Japon est bien adapt\u00e9 \u00e0 la conception de bonsa\u00efs en raison de son adaptabilit\u00e9 \u00e0 diverses conditions de croissance et de sa r\u00e9activit\u00e9 aux techniques de coupe et de fa\u00e7onnage. Il peut \u00eatre form\u00e9 dans une vari\u00e9t\u00e9 de styles de bonsa\u00ef, y compris droit formel, droit informel, inclin\u00e9, en cascade et balay\u00e9 par le vent, permettant aux artistes de bonsa\u00ef d&#8217;explorer une gamme d&#8217;expressions cr\u00e9atives. Avec des soins et un entretien appropri\u00e9s, les bonsa\u00efs de pin noir japonais prosp\u00e8rent aussi bien \u00e0 l\u2019int\u00e9rieur qu\u2019\u00e0 l\u2019ext\u00e9rieur, ce qui les rend adapt\u00e9s aux amateurs de bonsa\u00ef de tous niveaux d\u2019exp\u00e9rience. L\u2019arbre tol\u00e8re tr\u00e8s bien le froid extr\u00eame et la chaleur extr\u00eame et prosp\u00e8re dans une vari\u00e9t\u00e9 de sols.<\/p>\n<p><strong>Nom scientifique:<\/strong> Pinus Thunbergii<br \/>\n<strong>Nom commun:<\/strong> Pin noir du Japon<br \/>\n<strong>Origine:<\/strong> Japon, Cor\u00e9e<br \/>\n<strong>Hauteur de croissance:<\/strong> jusqu&#8217;\u00e0 35 m\u00e8tres<br \/>\n<strong>Tailles disponibles:<\/strong> 10 &#8211; 40 cm<br \/>\n<strong>\u00c2ge:<\/strong> 2 \u00e0 8 ans<br \/>\n<strong>Forme de livraison:<\/strong> pot 9 x 9 x 10 cm<\/p>\n","protected":false},"excerpt":{"rendered":"<p>Jeunes plants de Pinus thunbergii, 10-40 cm<\/p>\n","protected":false},"featured_media":123,"template":"","meta":[],"product_brand":[],"product_cat":[37],"product_tag":[],"woo-feed-brand":[],"class_list":{"0":"post-185","1":"product","2":"type-product","3":"status-publish","4":"has-post-thumbnail","6":"product_cat-semis","8":"first","9":"instock","10":"featured","11":"shipping-taxable","12":"purchasable","13":"product-type-variable","14":"has-default-attributes","15":"prodpage-classic"},"yoast_head":"<!-- This site is optimized with the Yoast SEO Premium plugin v22.0 (Yoast SEO v22.7) - https:\/\/yoast.com\/wordpress\/plugins\/seo\/ -->\n<title>Pinus Thunbergii - Pin noir du Japon<\/title>\n<meta name=\"description\" content=\"Pinus Thunbergii est un choix id\u00e9al pour cr\u00e9er un magnifique bonsa\u00ef \u00e0 partir de z\u00e9ro. Jetez un \u0153il \u00e0 nos jeunes plants de qualit\u00e9 10-40cm.\" \/>\n<meta name=\"robots\" content=\"index, follow, max-snippet:-1, max-image-preview:large, max-video-preview:-1\" \/>\n<link rel=\"canonical\" href=\"https:\/\/bonsai-europe.com\/fr\/produit\/semis\/pinus-thunbergii\/\" \/>\n<meta property=\"og:locale\" content=\"fr_FR\" \/>\n<meta property=\"og:type\" content=\"article\" \/>\n<meta property=\"og:title\" content=\"Pinus Thunbergii - Pin noir du Japon\" \/>\n<meta property=\"og:description\" content=\"Pinus Thunbergii est un choix id\u00e9al pour cr\u00e9er un magnifique bonsa\u00ef \u00e0 partir de z\u00e9ro. Jetez un \u0153il \u00e0 nos jeunes plants de qualit\u00e9 10-40cm.\" \/>\n<meta property=\"og:url\" content=\"https:\/\/bonsai-europe.com\/fr\/produit\/semis\/pinus-thunbergii\/\" \/>\n<meta property=\"og:site_name\" content=\"Bonsai Europe\" \/>\n<meta property=\"article:modified_time\" content=\"2026-03-06T13:43:27+00:00\" \/>\n<meta property=\"og:image\" content=\"https:\/\/bonsai-europe.com\/wp-content\/uploads\/2024\/03\/pinus-thunbergii.jpg\" \/>\n\t<meta property=\"og:image:width\" content=\"1600\" \/>\n\t<meta property=\"og:image:height\" content=\"1298\" \/>\n\t<meta property=\"og:image:type\" content=\"image\/jpeg\" \/>\n<meta name=\"twitter:card\" content=\"summary_large_image\" \/>\n<meta name=\"twitter:label1\" content=\"Dur\u00e9e de lecture estim\u00e9e\" \/>\n\t<meta name=\"twitter:data1\" content=\"2 minutes\" \/>\n<script type=\"application\/ld+json\" class=\"yoast-schema-graph\">{\"@context\":\"https:\/\/schema.org\",\"@graph\":[{\"@type\":\"WebPage\",\"@id\":\"https:\/\/bonsai-europe.com\/fr\/produit\/semis\/pinus-thunbergii\/\",\"url\":\"https:\/\/bonsai-europe.com\/fr\/produit\/semis\/pinus-thunbergii\/\",\"name\":\"Pinus Thunbergii - Pin noir du Japon\",\"isPartOf\":{\"@id\":\"https:\/\/bonsai-europe.com\/fr\/#website\"},\"primaryImageOfPage\":{\"@id\":\"https:\/\/bonsai-europe.com\/fr\/produit\/semis\/pinus-thunbergii\/#primaryimage\"},\"image\":{\"@id\":\"https:\/\/bonsai-europe.com\/fr\/produit\/semis\/pinus-thunbergii\/#primaryimage\"},\"thumbnailUrl\":\"https:\/\/bonsai-europe.com\/wp-content\/uploads\/2024\/03\/pinus-thunbergii.jpg\",\"datePublished\":\"2024-03-02T12:13:06+00:00\",\"dateModified\":\"2026-03-06T13:43:27+00:00\",\"description\":\"Pinus Thunbergii est un choix id\u00e9al pour cr\u00e9er un magnifique bonsa\u00ef \u00e0 partir de z\u00e9ro. Jetez un \u0153il \u00e0 nos jeunes plants de qualit\u00e9 10-40cm.\",\"breadcrumb\":{\"@id\":\"https:\/\/bonsai-europe.com\/fr\/produit\/semis\/pinus-thunbergii\/#breadcrumb\"},\"inLanguage\":\"fr-FR\",\"potentialAction\":[{\"@type\":\"ReadAction\",\"target\":[\"https:\/\/bonsai-europe.com\/fr\/produit\/semis\/pinus-thunbergii\/\"]}]},{\"@type\":\"ImageObject\",\"inLanguage\":\"fr-FR\",\"@id\":\"https:\/\/bonsai-europe.com\/fr\/produit\/semis\/pinus-thunbergii\/#primaryimage\",\"url\":\"https:\/\/bonsai-europe.com\/wp-content\/uploads\/2024\/03\/pinus-thunbergii.jpg\",\"contentUrl\":\"https:\/\/bonsai-europe.com\/wp-content\/uploads\/2024\/03\/pinus-thunbergii.jpg\",\"width\":1600,\"height\":1298,\"caption\":\"Pin noir du Japon\"},{\"@type\":\"BreadcrumbList\",\"@id\":\"https:\/\/bonsai-europe.com\/fr\/produit\/semis\/pinus-thunbergii\/#breadcrumb\",\"itemListElement\":[{\"@type\":\"ListItem\",\"position\":1,\"name\":\"Home\",\"item\":\"https:\/\/bonsai-europe.com\/fr\/\"},{\"@type\":\"ListItem\",\"position\":2,\"name\":\"Boutique\",\"item\":\"https:\/\/bonsai-europe.com\/fr\/boutique\/\"},{\"@type\":\"ListItem\",\"position\":3,\"name\":\"Pinus Thunbergii &#8211; Pin noir du Japon\"}]},{\"@type\":\"WebSite\",\"@id\":\"https:\/\/bonsai-europe.com\/fr\/#website\",\"url\":\"https:\/\/bonsai-europe.com\/fr\/\",\"name\":\"Bonsai Europe\",\"description\":\"\",\"potentialAction\":[{\"@type\":\"SearchAction\",\"target\":{\"@type\":\"EntryPoint\",\"urlTemplate\":\"https:\/\/bonsai-europe.com\/fr\/?s={search_term_string}\"},\"query-input\":\"required name=search_term_string\"}],\"inLanguage\":\"fr-FR\"}]}<\/script>\n<!-- \/ Yoast SEO Premium plugin. -->","yoast_head_json":{"title":"Pinus Thunbergii - Pin noir du Japon","description":"Pinus Thunbergii est un choix id\u00e9al pour cr\u00e9er un magnifique bonsa\u00ef \u00e0 partir de z\u00e9ro. Jetez un \u0153il \u00e0 nos jeunes plants de qualit\u00e9 10-40cm.","robots":{"index":"index","follow":"follow","max-snippet":"max-snippet:-1","max-image-preview":"max-image-preview:large","max-video-preview":"max-video-preview:-1"},"canonical":"https:\/\/bonsai-europe.com\/fr\/produit\/semis\/pinus-thunbergii\/","og_locale":"fr_FR","og_type":"article","og_title":"Pinus Thunbergii - Pin noir du Japon","og_description":"Pinus Thunbergii est un choix id\u00e9al pour cr\u00e9er un magnifique bonsa\u00ef \u00e0 partir de z\u00e9ro. Jetez un \u0153il \u00e0 nos jeunes plants de qualit\u00e9 10-40cm.","og_url":"https:\/\/bonsai-europe.com\/fr\/produit\/semis\/pinus-thunbergii\/","og_site_name":"Bonsai Europe","article_modified_time":"2026-03-06T13:43:27+00:00","og_image":[{"width":1600,"height":1298,"url":"https:\/\/bonsai-europe.com\/wp-content\/uploads\/2024\/03\/pinus-thunbergii.jpg","type":"image\/jpeg"}],"twitter_card":"summary_large_image","twitter_misc":{"Dur\u00e9e de lecture estim\u00e9e":"2 minutes"},"schema":{"@context":"https:\/\/schema.org","@graph":[{"@type":"WebPage","@id":"https:\/\/bonsai-europe.com\/fr\/produit\/semis\/pinus-thunbergii\/","url":"https:\/\/bonsai-europe.com\/fr\/produit\/semis\/pinus-thunbergii\/","name":"Pinus Thunbergii - Pin noir du Japon","isPartOf":{"@id":"https:\/\/bonsai-europe.com\/fr\/#website"},"primaryImageOfPage":{"@id":"https:\/\/bonsai-europe.com\/fr\/produit\/semis\/pinus-thunbergii\/#primaryimage"},"image":{"@id":"https:\/\/bonsai-europe.com\/fr\/produit\/semis\/pinus-thunbergii\/#primaryimage"},"thumbnailUrl":"https:\/\/bonsai-europe.com\/wp-content\/uploads\/2024\/03\/pinus-thunbergii.jpg","datePublished":"2024-03-02T12:13:06+00:00","dateModified":"2026-03-06T13:43:27+00:00","description":"Pinus Thunbergii est un choix id\u00e9al pour cr\u00e9er un magnifique bonsa\u00ef \u00e0 partir de z\u00e9ro. Jetez un \u0153il \u00e0 nos jeunes plants de qualit\u00e9 10-40cm.","breadcrumb":{"@id":"https:\/\/bonsai-europe.com\/fr\/produit\/semis\/pinus-thunbergii\/#breadcrumb"},"inLanguage":"fr-FR","potentialAction":[{"@type":"ReadAction","target":["https:\/\/bonsai-europe.com\/fr\/produit\/semis\/pinus-thunbergii\/"]}]},{"@type":"ImageObject","inLanguage":"fr-FR","@id":"https:\/\/bonsai-europe.com\/fr\/produit\/semis\/pinus-thunbergii\/#primaryimage","url":"https:\/\/bonsai-europe.com\/wp-content\/uploads\/2024\/03\/pinus-thunbergii.jpg","contentUrl":"https:\/\/bonsai-europe.com\/wp-content\/uploads\/2024\/03\/pinus-thunbergii.jpg","width":1600,"height":1298,"caption":"Pin noir du Japon"},{"@type":"BreadcrumbList","@id":"https:\/\/bonsai-europe.com\/fr\/produit\/semis\/pinus-thunbergii\/#breadcrumb","itemListElement":[{"@type":"ListItem","position":1,"name":"Home","item":"https:\/\/bonsai-europe.com\/fr\/"},{"@type":"ListItem","position":2,"name":"Boutique","item":"https:\/\/bonsai-europe.com\/fr\/boutique\/"},{"@type":"ListItem","position":3,"name":"Pinus Thunbergii &#8211; Pin noir du Japon"}]},{"@type":"WebSite","@id":"https:\/\/bonsai-europe.com\/fr\/#website","url":"https:\/\/bonsai-europe.com\/fr\/","name":"Bonsai Europe","description":"","potentialAction":[{"@type":"SearchAction","target":{"@type":"EntryPoint","urlTemplate":"https:\/\/bonsai-europe.com\/fr\/?s={search_term_string}"},"query-input":"required name=search_term_string"}],"inLanguage":"fr-FR"}]}},"_links":{"self":[{"href":"https:\/\/bonsai-europe.com\/fr\/wp-json\/wp\/v2\/product\/185","targetHints":{"allow":["GET"]}}],"collection":[{"href":"https:\/\/bonsai-europe.com\/fr\/wp-json\/wp\/v2\/product"}],"about":[{"href":"https:\/\/bonsai-europe.com\/fr\/wp-json\/wp\/v2\/types\/product"}],"wp:featuredmedia":[{"embeddable":true,"href":"https:\/\/bonsai-europe.com\/fr\/wp-json\/wp\/v2\/media\/123"}],"wp:attachment":[{"href":"https:\/\/bonsai-europe.com\/fr\/wp-json\/wp\/v2\/media?parent=185"}],"wp:term":[{"taxonomy":"product_brand","embeddable":true,"href":"https:\/\/bonsai-europe.com\/fr\/wp-json\/wp\/v2\/product_brand?post=185"},{"taxonomy":"product_cat","embeddable":true,"href":"https:\/\/bonsai-europe.com\/fr\/wp-json\/wp\/v2\/product_cat?post=185"},{"taxonomy":"product_tag","embeddable":true,"href":"https:\/\/bonsai-europe.com\/fr\/wp-json\/wp\/v2\/product_tag?post=185"},{"taxonomy":"woo-feed-brand","embeddable":true,"href":"https:\/\/bonsai-europe.com\/fr\/wp-json\/wp\/v2\/woo-feed-brand?post=185"}],"curies":[{"name":"wp","href":"https:\/\/api.w.org\/{rel}","templated":true}]}}