{"id":178,"date":"2024-03-02T10:15:32","date_gmt":"2024-03-02T09:15:32","guid":{"rendered":"https:\/\/bonsai-europe.com\/?post_type=product&#038;p=178"},"modified":"2026-04-06T10:53:17","modified_gmt":"2026-04-06T08:53:17","slug":"juniperus-chinensis-shimpaku-kishu","status":"publish","type":"product","link":"https:\/\/bonsai-europe.com\/fr\/produit\/semis\/juniperus-chinensis-shimpaku-kishu\/","title":{"rendered":"Juniperus Chinensis Kishu &#8211; Gen\u00e9vrier Chinois Kishu"},"content":{"rendered":"<p>Le gen\u00e9vrier chinois Kishu (Juniperus chinensis Shimpaku Kishu) est une vari\u00e9t\u00e9 de gen\u00e9vrier tr\u00e8s populaire parmi les amateurs de bonsa\u00ef en raison de sa taille compacte, de son aspect robuste et de son aptitude \u00e0 la conception de bonsa\u00ef. Cette vari\u00e9t\u00e9 de gen\u00e9vrier chinois, originaire de la r\u00e9gion de Kishu au Japon, poss\u00e8de des caract\u00e9ristiques particuli\u00e8res qui en font un choix populaire pour la conception de bonsa\u00efs. Le gen\u00e9vrier Kishu a un feuillage plus dense et plus fin que les gen\u00e9vriers chinois normaux et n&#8217;atteint qu&#8217;une hauteur maximale de 1 m\u00e8tre.<\/p>\n<h3>Apparence<\/h3>\n<p>Juniperus Chinensis Kishu est connu pour sa croissance dense et touffue et son feuillage compact compos\u00e9 de petites aiguilles en forme d&#8217;\u00e9cailles dispos\u00e9es en grappes qui se chevauchent. La couleur du feuillage varie g\u00e9n\u00e9ralement du vert fonc\u00e9 au bleu-vert, en fonction des conditions environnementales et des changements saisonniers. Cette vari\u00e9t\u00e9 de gen\u00e9vrier d\u00e9veloppe souvent un r\u00e9seau complexe de branches, cr\u00e9ant une silhouette visuellement attrayante rappelant de vieux arbres miniatures. En hiver, le feuillage peut prendre une couleur brun\u00e2tre \u00e0 cuivr\u00e9e.<\/p>\n<h3>\u00c9corce et tronc<\/h3>\n<p>\u00c0 mesure que le gen\u00e9vrier chinois Kishu m\u00fbrit, son \u00e9corce se d\u00e9veloppe en une surface rugueuse et textur\u00e9e avec des tons brun rouge\u00e2tre et gris qui ajoutent du caract\u00e8re et de la profondeur \u00e0 la composition du bonsa\u00ef. Le tronc de cette vari\u00e9t\u00e9 de gen\u00e9vrier peut pr\u00e9senter des torsions, des courbures et des n\u0153uds int\u00e9ressants, refl\u00e9tant le passage du temps et les conditions difficiles auxquelles il est confront\u00e9 dans son habitat naturel.<\/p>\n<h3>Ad\u00e9quation au bonsa\u00ef<\/h3>\n<p>Juniperus Chinensis Kishu fonctionne bien comme bonsa\u00ef en raison de son adaptabilit\u00e9, de sa rusticit\u00e9 et de sa nature indulgente. Il prosp\u00e8re dans un large \u00e9ventail de conditions de croissance, du plein soleil \u00e0 la mi-ombre, et tol\u00e8re la s\u00e9cheresse et le froid extr\u00eame une fois \u00e9tabli. Cela en fait un excellent choix pour les amateurs de bonsa\u00ef de tous niveaux d&#8217;exp\u00e9rience, qu&#8217;ils soient d\u00e9butants ou experts, \u00e0 la recherche d&#8217;une esp\u00e8ce de gen\u00e9vrier polyvalente et fiable \u00e0 ajouter \u00e0 leur collection.<\/p>\n<p><strong>Nom scientifique:<\/strong> Juniperus Chinensis Shimpaku var. Kishu<br \/>\n<strong>Nom commun:<\/strong> Gen\u00e9vrier Kishu chinois<br \/>\n<strong>Origine:<\/strong> Japon<br \/>\n<strong>Hauteur de croissance:<\/strong> maximum 1 m\u00e8tre<br \/>\n<strong>Tailles disponibles:<\/strong> 10 \u2013 50 cm<br \/>\n<strong>\u00c2ge:<\/strong> 2 \u2013 6 ans<br \/>\n<strong>Forme de livraison:<\/strong> pot 9 x 9 x 10 cm<\/p>\n","protected":false},"excerpt":{"rendered":"<p>Jeunes plants de Juniperus Chinensis Shimpaku Kishu, 10-50 cm<\/p>\n","protected":false},"featured_media":1014,"template":"","meta":[],"product_brand":[],"product_cat":[37],"product_tag":[],"woo-feed-brand":[],"class_list":{"0":"post-178","1":"product","2":"type-product","3":"status-publish","4":"has-post-thumbnail","6":"product_cat-semis","8":"first","9":"instock","10":"featured","11":"shipping-taxable","12":"purchasable","13":"product-type-variable","14":"has-default-attributes","15":"prodpage-classic"},"yoast_head":"<!-- This site is optimized with the Yoast SEO Premium plugin v22.0 (Yoast SEO v22.7) - https:\/\/yoast.com\/wordpress\/plugins\/seo\/ -->\n<title>Juniperus Chinensis Kishu - Gen\u00e9vrier Chinois Kishu<\/title>\n<meta name=\"description\" content=\"Juniperus Chinensis Shimpaku Kishu est un bon choix pour cr\u00e9er un magnifique bonsa\u00ef \u00e0 partir de z\u00e9ro. Jetez un \u0153il \u00e0 nos jeunes plants de qualit\u00e9 10-50 cm.\" \/>\n<meta name=\"robots\" content=\"index, follow, max-snippet:-1, max-image-preview:large, max-video-preview:-1\" \/>\n<link rel=\"canonical\" href=\"https:\/\/bonsai-europe.com\/fr\/produit\/semis\/juniperus-chinensis-shimpaku-kishu\/\" \/>\n<meta property=\"og:locale\" content=\"fr_FR\" \/>\n<meta property=\"og:type\" content=\"article\" \/>\n<meta property=\"og:title\" content=\"Juniperus Chinensis Kishu - Gen\u00e9vrier Chinois Kishu\" \/>\n<meta property=\"og:description\" content=\"Juniperus Chinensis Shimpaku Kishu est un bon choix pour cr\u00e9er un magnifique bonsa\u00ef \u00e0 partir de z\u00e9ro. Jetez un \u0153il \u00e0 nos jeunes plants de qualit\u00e9 10-50 cm.\" \/>\n<meta property=\"og:url\" content=\"https:\/\/bonsai-europe.com\/fr\/produit\/semis\/juniperus-chinensis-shimpaku-kishu\/\" \/>\n<meta property=\"og:site_name\" content=\"Bonsai Europe\" \/>\n<meta property=\"article:modified_time\" content=\"2026-04-06T08:53:17+00:00\" \/>\n<meta property=\"og:image\" content=\"https:\/\/bonsai-europe.com\/wp-content\/uploads\/2024\/03\/juniperus-chinensis-kishu-3.1-1.jpg\" \/>\n\t<meta property=\"og:image:width\" content=\"2500\" \/>\n\t<meta property=\"og:image:height\" content=\"1667\" \/>\n\t<meta property=\"og:image:type\" content=\"image\/jpeg\" \/>\n<meta name=\"twitter:card\" content=\"summary_large_image\" \/>\n<meta name=\"twitter:label1\" content=\"Dur\u00e9e de lecture estim\u00e9e\" \/>\n\t<meta name=\"twitter:data1\" content=\"2 minutes\" \/>\n<script type=\"application\/ld+json\" class=\"yoast-schema-graph\">{\"@context\":\"https:\/\/schema.org\",\"@graph\":[{\"@type\":\"WebPage\",\"@id\":\"https:\/\/bonsai-europe.com\/fr\/produit\/semis\/juniperus-chinensis-shimpaku-kishu\/\",\"url\":\"https:\/\/bonsai-europe.com\/fr\/produit\/semis\/juniperus-chinensis-shimpaku-kishu\/\",\"name\":\"Juniperus Chinensis Kishu - Gen\u00e9vrier Chinois Kishu\",\"isPartOf\":{\"@id\":\"https:\/\/bonsai-europe.com\/fr\/#website\"},\"primaryImageOfPage\":{\"@id\":\"https:\/\/bonsai-europe.com\/fr\/produit\/semis\/juniperus-chinensis-shimpaku-kishu\/#primaryimage\"},\"image\":{\"@id\":\"https:\/\/bonsai-europe.com\/fr\/produit\/semis\/juniperus-chinensis-shimpaku-kishu\/#primaryimage\"},\"thumbnailUrl\":\"https:\/\/bonsai-europe.com\/wp-content\/uploads\/2024\/03\/juniperus-chinensis-kishu-3.1-1.jpg\",\"datePublished\":\"2024-03-02T09:15:32+00:00\",\"dateModified\":\"2026-04-06T08:53:17+00:00\",\"description\":\"Juniperus Chinensis Shimpaku Kishu est un bon choix pour cr\u00e9er un magnifique bonsa\u00ef \u00e0 partir de z\u00e9ro. Jetez un \u0153il \u00e0 nos jeunes plants de qualit\u00e9 10-50 cm.\",\"breadcrumb\":{\"@id\":\"https:\/\/bonsai-europe.com\/fr\/produit\/semis\/juniperus-chinensis-shimpaku-kishu\/#breadcrumb\"},\"inLanguage\":\"fr-FR\",\"potentialAction\":[{\"@type\":\"ReadAction\",\"target\":[\"https:\/\/bonsai-europe.com\/fr\/produit\/semis\/juniperus-chinensis-shimpaku-kishu\/\"]}]},{\"@type\":\"ImageObject\",\"inLanguage\":\"fr-FR\",\"@id\":\"https:\/\/bonsai-europe.com\/fr\/produit\/semis\/juniperus-chinensis-shimpaku-kishu\/#primaryimage\",\"url\":\"https:\/\/bonsai-europe.com\/wp-content\/uploads\/2024\/03\/juniperus-chinensis-kishu-3.1-1.jpg\",\"contentUrl\":\"https:\/\/bonsai-europe.com\/wp-content\/uploads\/2024\/03\/juniperus-chinensis-kishu-3.1-1.jpg\",\"width\":2500,\"height\":1667,\"caption\":\"juniperus chinensis kishu\"},{\"@type\":\"BreadcrumbList\",\"@id\":\"https:\/\/bonsai-europe.com\/fr\/produit\/semis\/juniperus-chinensis-shimpaku-kishu\/#breadcrumb\",\"itemListElement\":[{\"@type\":\"ListItem\",\"position\":1,\"name\":\"Home\",\"item\":\"https:\/\/bonsai-europe.com\/fr\/\"},{\"@type\":\"ListItem\",\"position\":2,\"name\":\"Boutique\",\"item\":\"https:\/\/bonsai-europe.com\/fr\/boutique\/\"},{\"@type\":\"ListItem\",\"position\":3,\"name\":\"Juniperus Chinensis Kishu &#8211; Gen\u00e9vrier Chinois Kishu\"}]},{\"@type\":\"WebSite\",\"@id\":\"https:\/\/bonsai-europe.com\/fr\/#website\",\"url\":\"https:\/\/bonsai-europe.com\/fr\/\",\"name\":\"Bonsai Europe\",\"description\":\"\",\"potentialAction\":[{\"@type\":\"SearchAction\",\"target\":{\"@type\":\"EntryPoint\",\"urlTemplate\":\"https:\/\/bonsai-europe.com\/fr\/?s={search_term_string}\"},\"query-input\":\"required name=search_term_string\"}],\"inLanguage\":\"fr-FR\"}]}<\/script>\n<!-- \/ Yoast SEO Premium plugin. -->","yoast_head_json":{"title":"Juniperus Chinensis Kishu - Gen\u00e9vrier Chinois Kishu","description":"Juniperus Chinensis Shimpaku Kishu est un bon choix pour cr\u00e9er un magnifique bonsa\u00ef \u00e0 partir de z\u00e9ro. Jetez un \u0153il \u00e0 nos jeunes plants de qualit\u00e9 10-50 cm.","robots":{"index":"index","follow":"follow","max-snippet":"max-snippet:-1","max-image-preview":"max-image-preview:large","max-video-preview":"max-video-preview:-1"},"canonical":"https:\/\/bonsai-europe.com\/fr\/produit\/semis\/juniperus-chinensis-shimpaku-kishu\/","og_locale":"fr_FR","og_type":"article","og_title":"Juniperus Chinensis Kishu - Gen\u00e9vrier Chinois Kishu","og_description":"Juniperus Chinensis Shimpaku Kishu est un bon choix pour cr\u00e9er un magnifique bonsa\u00ef \u00e0 partir de z\u00e9ro. Jetez un \u0153il \u00e0 nos jeunes plants de qualit\u00e9 10-50 cm.","og_url":"https:\/\/bonsai-europe.com\/fr\/produit\/semis\/juniperus-chinensis-shimpaku-kishu\/","og_site_name":"Bonsai Europe","article_modified_time":"2026-04-06T08:53:17+00:00","og_image":[{"width":2500,"height":1667,"url":"https:\/\/bonsai-europe.com\/wp-content\/uploads\/2024\/03\/juniperus-chinensis-kishu-3.1-1.jpg","type":"image\/jpeg"}],"twitter_card":"summary_large_image","twitter_misc":{"Dur\u00e9e de lecture estim\u00e9e":"2 minutes"},"schema":{"@context":"https:\/\/schema.org","@graph":[{"@type":"WebPage","@id":"https:\/\/bonsai-europe.com\/fr\/produit\/semis\/juniperus-chinensis-shimpaku-kishu\/","url":"https:\/\/bonsai-europe.com\/fr\/produit\/semis\/juniperus-chinensis-shimpaku-kishu\/","name":"Juniperus Chinensis Kishu - Gen\u00e9vrier Chinois Kishu","isPartOf":{"@id":"https:\/\/bonsai-europe.com\/fr\/#website"},"primaryImageOfPage":{"@id":"https:\/\/bonsai-europe.com\/fr\/produit\/semis\/juniperus-chinensis-shimpaku-kishu\/#primaryimage"},"image":{"@id":"https:\/\/bonsai-europe.com\/fr\/produit\/semis\/juniperus-chinensis-shimpaku-kishu\/#primaryimage"},"thumbnailUrl":"https:\/\/bonsai-europe.com\/wp-content\/uploads\/2024\/03\/juniperus-chinensis-kishu-3.1-1.jpg","datePublished":"2024-03-02T09:15:32+00:00","dateModified":"2026-04-06T08:53:17+00:00","description":"Juniperus Chinensis Shimpaku Kishu est un bon choix pour cr\u00e9er un magnifique bonsa\u00ef \u00e0 partir de z\u00e9ro. Jetez un \u0153il \u00e0 nos jeunes plants de qualit\u00e9 10-50 cm.","breadcrumb":{"@id":"https:\/\/bonsai-europe.com\/fr\/produit\/semis\/juniperus-chinensis-shimpaku-kishu\/#breadcrumb"},"inLanguage":"fr-FR","potentialAction":[{"@type":"ReadAction","target":["https:\/\/bonsai-europe.com\/fr\/produit\/semis\/juniperus-chinensis-shimpaku-kishu\/"]}]},{"@type":"ImageObject","inLanguage":"fr-FR","@id":"https:\/\/bonsai-europe.com\/fr\/produit\/semis\/juniperus-chinensis-shimpaku-kishu\/#primaryimage","url":"https:\/\/bonsai-europe.com\/wp-content\/uploads\/2024\/03\/juniperus-chinensis-kishu-3.1-1.jpg","contentUrl":"https:\/\/bonsai-europe.com\/wp-content\/uploads\/2024\/03\/juniperus-chinensis-kishu-3.1-1.jpg","width":2500,"height":1667,"caption":"juniperus chinensis kishu"},{"@type":"BreadcrumbList","@id":"https:\/\/bonsai-europe.com\/fr\/produit\/semis\/juniperus-chinensis-shimpaku-kishu\/#breadcrumb","itemListElement":[{"@type":"ListItem","position":1,"name":"Home","item":"https:\/\/bonsai-europe.com\/fr\/"},{"@type":"ListItem","position":2,"name":"Boutique","item":"https:\/\/bonsai-europe.com\/fr\/boutique\/"},{"@type":"ListItem","position":3,"name":"Juniperus Chinensis Kishu &#8211; Gen\u00e9vrier Chinois Kishu"}]},{"@type":"WebSite","@id":"https:\/\/bonsai-europe.com\/fr\/#website","url":"https:\/\/bonsai-europe.com\/fr\/","name":"Bonsai Europe","description":"","potentialAction":[{"@type":"SearchAction","target":{"@type":"EntryPoint","urlTemplate":"https:\/\/bonsai-europe.com\/fr\/?s={search_term_string}"},"query-input":"required name=search_term_string"}],"inLanguage":"fr-FR"}]}},"_links":{"self":[{"href":"https:\/\/bonsai-europe.com\/fr\/wp-json\/wp\/v2\/product\/178","targetHints":{"allow":["GET"]}}],"collection":[{"href":"https:\/\/bonsai-europe.com\/fr\/wp-json\/wp\/v2\/product"}],"about":[{"href":"https:\/\/bonsai-europe.com\/fr\/wp-json\/wp\/v2\/types\/product"}],"wp:featuredmedia":[{"embeddable":true,"href":"https:\/\/bonsai-europe.com\/fr\/wp-json\/wp\/v2\/media\/1014"}],"wp:attachment":[{"href":"https:\/\/bonsai-europe.com\/fr\/wp-json\/wp\/v2\/media?parent=178"}],"wp:term":[{"taxonomy":"product_brand","embeddable":true,"href":"https:\/\/bonsai-europe.com\/fr\/wp-json\/wp\/v2\/product_brand?post=178"},{"taxonomy":"product_cat","embeddable":true,"href":"https:\/\/bonsai-europe.com\/fr\/wp-json\/wp\/v2\/product_cat?post=178"},{"taxonomy":"product_tag","embeddable":true,"href":"https:\/\/bonsai-europe.com\/fr\/wp-json\/wp\/v2\/product_tag?post=178"},{"taxonomy":"woo-feed-brand","embeddable":true,"href":"https:\/\/bonsai-europe.com\/fr\/wp-json\/wp\/v2\/woo-feed-brand?post=178"}],"curies":[{"name":"wp","href":"https:\/\/api.w.org\/{rel}","templated":true}]}}