{"id":166,"date":"2024-03-02T09:59:04","date_gmt":"2024-03-02T08:59:04","guid":{"rendered":"https:\/\/bonsai-europe.com\/?post_type=product&#038;p=166"},"modified":"2026-03-25T17:12:48","modified_gmt":"2026-03-25T16:12:48","slug":"juniperus-chinensis-shimpaku-itoigawa","status":"publish","type":"product","link":"https:\/\/bonsai-europe.com\/fr\/produit\/semis\/juniperus-chinensis-shimpaku-itoigawa\/","title":{"rendered":"Juniperus Chinensis Itoigawa &#8211; Gen\u00e9vrier Chinois Itoigawa"},"content":{"rendered":"<p>Le gen\u00e9vrier chinois Itoigawa (Juniperus chinensis Shimpaku Itoigawa) est une esp\u00e8ce tr\u00e8s recherch\u00e9e par les amateurs de bonsa\u00ef en raison de son aspect \u00e9l\u00e9gant, de ses feuilles fines et de son aptitude \u00e0 la conception de bonsa\u00ef. Cette vari\u00e9t\u00e9 de gen\u00e9vrier chinois, originaire de la r\u00e9gion d&#8217;Itoigawa au Japon, poss\u00e8de des propri\u00e9t\u00e9s uniques particuli\u00e8rement appr\u00e9ci\u00e9es dans l&#8217;art du bonsa\u00ef. Les bonsa\u00efs plus anciens de cette vari\u00e9t\u00e9 de gen\u00e9vrier sont souvent vendus plusieurs milliers d&#8217;euros, ce qui en fait l&#8217;un des bonsa\u00efs les plus chers au monde.<\/p>\n<h3>Apparence<\/h3>\n<p>Juniperus Chinensis Itoigawa pr\u00e9sente un port compact et dense avec des feuilles d\u00e9licates en forme d&#8217;aiguilles dont la couleur varie du vert vif \u00e0 l&#8217;\u00e9meraude riche, surtout lorsqu&#8217;elles sont bien entretenues. Son feuillage est plus fin et plus doux que celui des autres vari\u00e9t\u00e9s de gen\u00e9vrier chinois. La plante atteint une hauteur maximale d&#8217;environ 1 m\u00e8tre.<\/p>\n<h3>\u00c9corce et tronc<\/h3>\n<p>\u00c0 mesure que le Juniperus Chinensis Shimpaku Itoigawa m\u00fbrit, l&#8217;\u00e9corce devient brun rouge\u00e2tre, donnant \u00e0 la plante un aspect tr\u00e8s attrayant. Le tronc de cette vari\u00e9t\u00e9 de gen\u00e9vrier pr\u00e9sente souvent des formes tordues et noueuses qui transmettent une impression d&#8217;\u00e2ge et de caract\u00e8re qui ajoute \u00e0 son charme g\u00e9n\u00e9ral en tant que sp\u00e9cimen de bonsa\u00ef.<\/p>\n<h3>Aptitude comme bonsa\u00ef<\/h3>\n<p>Le gen\u00e9vrier chinois Itoigawa est tr\u00e8s appr\u00e9ci\u00e9 comme bonsa\u00ef en raison de sa polyvalence et de sa r\u00e9silience. Il r\u00e9pond bien \u00e0 la taille, au c\u00e2blage et \u00e0 la mise en forme, permettant aux artistes bonsa\u00ef de cr\u00e9er une large gamme de styles, du vertical formel \u00e0 la cascade et tout le reste. Sa taille compacte et sa capacit\u00e9 \u00e0 tol\u00e9rer diverses conditions de croissance le rendent adapt\u00e9 \u00e0 la culture du bonsa\u00ef en int\u00e9rieur et en ext\u00e9rieur, en fonction des pr\u00e9f\u00e9rences climatiques.<\/p>\n<p>La plante est tr\u00e8s adaptable et prosp\u00e8re dans presque tous les sols. Cependant, le support ne doit jamais s\u00e9cher compl\u00e8tement et doit \u00eatre suffisamment drain\u00e9. Il tol\u00e8re \u00e9galement tr\u00e8s bien les temp\u00e9ratures comprises entre -20\u00b0C et 35\u00b0C.<\/p>\n<p><strong>Nom scientifique:<\/strong> Juniperus Chinensis Shimpaku var. Itoigawa<br \/>\n<strong>Nom commun:<\/strong> Gen\u00e9vrier chinois Itoigawa<br \/>\n<strong>Origine:<\/strong> Japon<br \/>\n<strong>Hauteur de croissance:<\/strong> maximum 1 m\u00e8tre<br \/>\n<strong>Tailles disponibles:<\/strong> 10 &#8211; 50 cm<br \/>\n<strong>\u00c2ge:<\/strong> 2 \u00e0 6 ans<br \/>\n<strong>Forme de livraison:<\/strong> pot 9 x 9 x 10 cm<\/p>\n","protected":false},"excerpt":{"rendered":"<p>Juniperus Chinensis Shimpaku Itoigawa jeunes plants, 10-50 cm<\/p>\n","protected":false},"featured_media":445,"template":"","meta":[],"product_brand":[],"product_cat":[37],"product_tag":[],"woo-feed-brand":[],"class_list":{"0":"post-166","1":"product","2":"type-product","3":"status-publish","4":"has-post-thumbnail","6":"product_cat-semis","8":"first","9":"instock","10":"featured","11":"shipping-taxable","12":"purchasable","13":"product-type-variable","14":"has-default-attributes","15":"prodpage-classic"},"yoast_head":"<!-- This site is optimized with the Yoast SEO Premium plugin v22.0 (Yoast SEO v22.7) - https:\/\/yoast.com\/wordpress\/plugins\/seo\/ -->\n<title>Juniperus Chinensis Itoigawa - Gen\u00e9vrier Chinois Itoigawa<\/title>\n<meta name=\"description\" content=\"Jeunes plants sains de Juniperus Chinensis Itoigawa (Juniperus Chinensis Shimpaku Itoigawa) d&#039;une taille de 10 \u00e0 50 cm pour cr\u00e9er de magnifiques bonsa\u00efs.\" \/>\n<meta name=\"robots\" content=\"index, follow, max-snippet:-1, max-image-preview:large, max-video-preview:-1\" \/>\n<link rel=\"canonical\" href=\"https:\/\/bonsai-europe.com\/fr\/produit\/semis\/juniperus-chinensis-shimpaku-itoigawa\/\" \/>\n<meta property=\"og:locale\" content=\"fr_FR\" \/>\n<meta property=\"og:type\" content=\"article\" \/>\n<meta property=\"og:title\" content=\"Juniperus Chinensis Itoigawa - Gen\u00e9vrier Chinois Itoigawa\" \/>\n<meta property=\"og:description\" content=\"Jeunes plants sains de Juniperus Chinensis Itoigawa (Juniperus Chinensis Shimpaku Itoigawa) d&#039;une taille de 10 \u00e0 50 cm pour cr\u00e9er de magnifiques bonsa\u00efs.\" \/>\n<meta property=\"og:url\" content=\"https:\/\/bonsai-europe.com\/fr\/produit\/semis\/juniperus-chinensis-shimpaku-itoigawa\/\" \/>\n<meta property=\"og:site_name\" content=\"Bonsai Europe\" \/>\n<meta property=\"article:modified_time\" content=\"2026-03-25T16:12:48+00:00\" \/>\n<meta property=\"og:image\" content=\"https:\/\/bonsai-europe.com\/wp-content\/uploads\/2024\/03\/3-juniperus-chinensis-itoigawa.png\" \/>\n\t<meta property=\"og:image:width\" content=\"1280\" \/>\n\t<meta property=\"og:image:height\" content=\"853\" \/>\n\t<meta property=\"og:image:type\" content=\"image\/png\" \/>\n<meta name=\"twitter:card\" content=\"summary_large_image\" \/>\n<meta name=\"twitter:label1\" content=\"Dur\u00e9e de lecture estim\u00e9e\" \/>\n\t<meta name=\"twitter:data1\" content=\"2 minutes\" \/>\n<script type=\"application\/ld+json\" class=\"yoast-schema-graph\">{\"@context\":\"https:\/\/schema.org\",\"@graph\":[{\"@type\":\"WebPage\",\"@id\":\"https:\/\/bonsai-europe.com\/fr\/produit\/semis\/juniperus-chinensis-shimpaku-itoigawa\/\",\"url\":\"https:\/\/bonsai-europe.com\/fr\/produit\/semis\/juniperus-chinensis-shimpaku-itoigawa\/\",\"name\":\"Juniperus Chinensis Itoigawa - Gen\u00e9vrier Chinois Itoigawa\",\"isPartOf\":{\"@id\":\"https:\/\/bonsai-europe.com\/fr\/#website\"},\"primaryImageOfPage\":{\"@id\":\"https:\/\/bonsai-europe.com\/fr\/produit\/semis\/juniperus-chinensis-shimpaku-itoigawa\/#primaryimage\"},\"image\":{\"@id\":\"https:\/\/bonsai-europe.com\/fr\/produit\/semis\/juniperus-chinensis-shimpaku-itoigawa\/#primaryimage\"},\"thumbnailUrl\":\"https:\/\/bonsai-europe.com\/wp-content\/uploads\/2024\/03\/3-juniperus-chinensis-itoigawa.png\",\"datePublished\":\"2024-03-02T08:59:04+00:00\",\"dateModified\":\"2026-03-25T16:12:48+00:00\",\"description\":\"Jeunes plants sains de Juniperus Chinensis Itoigawa (Juniperus Chinensis Shimpaku Itoigawa) d'une taille de 10 \u00e0 50 cm pour cr\u00e9er de magnifiques bonsa\u00efs.\",\"breadcrumb\":{\"@id\":\"https:\/\/bonsai-europe.com\/fr\/produit\/semis\/juniperus-chinensis-shimpaku-itoigawa\/#breadcrumb\"},\"inLanguage\":\"fr-FR\",\"potentialAction\":[{\"@type\":\"ReadAction\",\"target\":[\"https:\/\/bonsai-europe.com\/fr\/produit\/semis\/juniperus-chinensis-shimpaku-itoigawa\/\"]}]},{\"@type\":\"ImageObject\",\"inLanguage\":\"fr-FR\",\"@id\":\"https:\/\/bonsai-europe.com\/fr\/produit\/semis\/juniperus-chinensis-shimpaku-itoigawa\/#primaryimage\",\"url\":\"https:\/\/bonsai-europe.com\/wp-content\/uploads\/2024\/03\/3-juniperus-chinensis-itoigawa.png\",\"contentUrl\":\"https:\/\/bonsai-europe.com\/wp-content\/uploads\/2024\/03\/3-juniperus-chinensis-itoigawa.png\",\"width\":1280,\"height\":853,\"caption\":\"3-juniperus-chinensis-itoigawa\"},{\"@type\":\"BreadcrumbList\",\"@id\":\"https:\/\/bonsai-europe.com\/fr\/produit\/semis\/juniperus-chinensis-shimpaku-itoigawa\/#breadcrumb\",\"itemListElement\":[{\"@type\":\"ListItem\",\"position\":1,\"name\":\"Home\",\"item\":\"https:\/\/bonsai-europe.com\/fr\/\"},{\"@type\":\"ListItem\",\"position\":2,\"name\":\"Boutique\",\"item\":\"https:\/\/bonsai-europe.com\/fr\/boutique\/\"},{\"@type\":\"ListItem\",\"position\":3,\"name\":\"Juniperus Chinensis Itoigawa &#8211; Gen\u00e9vrier Chinois Itoigawa\"}]},{\"@type\":\"WebSite\",\"@id\":\"https:\/\/bonsai-europe.com\/fr\/#website\",\"url\":\"https:\/\/bonsai-europe.com\/fr\/\",\"name\":\"Bonsai Europe\",\"description\":\"\",\"potentialAction\":[{\"@type\":\"SearchAction\",\"target\":{\"@type\":\"EntryPoint\",\"urlTemplate\":\"https:\/\/bonsai-europe.com\/fr\/?s={search_term_string}\"},\"query-input\":\"required name=search_term_string\"}],\"inLanguage\":\"fr-FR\"}]}<\/script>\n<!-- \/ Yoast SEO Premium plugin. -->","yoast_head_json":{"title":"Juniperus Chinensis Itoigawa - Gen\u00e9vrier Chinois Itoigawa","description":"Jeunes plants sains de Juniperus Chinensis Itoigawa (Juniperus Chinensis Shimpaku Itoigawa) d'une taille de 10 \u00e0 50 cm pour cr\u00e9er de magnifiques bonsa\u00efs.","robots":{"index":"index","follow":"follow","max-snippet":"max-snippet:-1","max-image-preview":"max-image-preview:large","max-video-preview":"max-video-preview:-1"},"canonical":"https:\/\/bonsai-europe.com\/fr\/produit\/semis\/juniperus-chinensis-shimpaku-itoigawa\/","og_locale":"fr_FR","og_type":"article","og_title":"Juniperus Chinensis Itoigawa - Gen\u00e9vrier Chinois Itoigawa","og_description":"Jeunes plants sains de Juniperus Chinensis Itoigawa (Juniperus Chinensis Shimpaku Itoigawa) d'une taille de 10 \u00e0 50 cm pour cr\u00e9er de magnifiques bonsa\u00efs.","og_url":"https:\/\/bonsai-europe.com\/fr\/produit\/semis\/juniperus-chinensis-shimpaku-itoigawa\/","og_site_name":"Bonsai Europe","article_modified_time":"2026-03-25T16:12:48+00:00","og_image":[{"width":1280,"height":853,"url":"https:\/\/bonsai-europe.com\/wp-content\/uploads\/2024\/03\/3-juniperus-chinensis-itoigawa.png","type":"image\/png"}],"twitter_card":"summary_large_image","twitter_misc":{"Dur\u00e9e de lecture estim\u00e9e":"2 minutes"},"schema":{"@context":"https:\/\/schema.org","@graph":[{"@type":"WebPage","@id":"https:\/\/bonsai-europe.com\/fr\/produit\/semis\/juniperus-chinensis-shimpaku-itoigawa\/","url":"https:\/\/bonsai-europe.com\/fr\/produit\/semis\/juniperus-chinensis-shimpaku-itoigawa\/","name":"Juniperus Chinensis Itoigawa - Gen\u00e9vrier Chinois Itoigawa","isPartOf":{"@id":"https:\/\/bonsai-europe.com\/fr\/#website"},"primaryImageOfPage":{"@id":"https:\/\/bonsai-europe.com\/fr\/produit\/semis\/juniperus-chinensis-shimpaku-itoigawa\/#primaryimage"},"image":{"@id":"https:\/\/bonsai-europe.com\/fr\/produit\/semis\/juniperus-chinensis-shimpaku-itoigawa\/#primaryimage"},"thumbnailUrl":"https:\/\/bonsai-europe.com\/wp-content\/uploads\/2024\/03\/3-juniperus-chinensis-itoigawa.png","datePublished":"2024-03-02T08:59:04+00:00","dateModified":"2026-03-25T16:12:48+00:00","description":"Jeunes plants sains de Juniperus Chinensis Itoigawa (Juniperus Chinensis Shimpaku Itoigawa) d'une taille de 10 \u00e0 50 cm pour cr\u00e9er de magnifiques bonsa\u00efs.","breadcrumb":{"@id":"https:\/\/bonsai-europe.com\/fr\/produit\/semis\/juniperus-chinensis-shimpaku-itoigawa\/#breadcrumb"},"inLanguage":"fr-FR","potentialAction":[{"@type":"ReadAction","target":["https:\/\/bonsai-europe.com\/fr\/produit\/semis\/juniperus-chinensis-shimpaku-itoigawa\/"]}]},{"@type":"ImageObject","inLanguage":"fr-FR","@id":"https:\/\/bonsai-europe.com\/fr\/produit\/semis\/juniperus-chinensis-shimpaku-itoigawa\/#primaryimage","url":"https:\/\/bonsai-europe.com\/wp-content\/uploads\/2024\/03\/3-juniperus-chinensis-itoigawa.png","contentUrl":"https:\/\/bonsai-europe.com\/wp-content\/uploads\/2024\/03\/3-juniperus-chinensis-itoigawa.png","width":1280,"height":853,"caption":"3-juniperus-chinensis-itoigawa"},{"@type":"BreadcrumbList","@id":"https:\/\/bonsai-europe.com\/fr\/produit\/semis\/juniperus-chinensis-shimpaku-itoigawa\/#breadcrumb","itemListElement":[{"@type":"ListItem","position":1,"name":"Home","item":"https:\/\/bonsai-europe.com\/fr\/"},{"@type":"ListItem","position":2,"name":"Boutique","item":"https:\/\/bonsai-europe.com\/fr\/boutique\/"},{"@type":"ListItem","position":3,"name":"Juniperus Chinensis Itoigawa &#8211; Gen\u00e9vrier Chinois Itoigawa"}]},{"@type":"WebSite","@id":"https:\/\/bonsai-europe.com\/fr\/#website","url":"https:\/\/bonsai-europe.com\/fr\/","name":"Bonsai Europe","description":"","potentialAction":[{"@type":"SearchAction","target":{"@type":"EntryPoint","urlTemplate":"https:\/\/bonsai-europe.com\/fr\/?s={search_term_string}"},"query-input":"required name=search_term_string"}],"inLanguage":"fr-FR"}]}},"_links":{"self":[{"href":"https:\/\/bonsai-europe.com\/fr\/wp-json\/wp\/v2\/product\/166","targetHints":{"allow":["GET"]}}],"collection":[{"href":"https:\/\/bonsai-europe.com\/fr\/wp-json\/wp\/v2\/product"}],"about":[{"href":"https:\/\/bonsai-europe.com\/fr\/wp-json\/wp\/v2\/types\/product"}],"wp:featuredmedia":[{"embeddable":true,"href":"https:\/\/bonsai-europe.com\/fr\/wp-json\/wp\/v2\/media\/445"}],"wp:attachment":[{"href":"https:\/\/bonsai-europe.com\/fr\/wp-json\/wp\/v2\/media?parent=166"}],"wp:term":[{"taxonomy":"product_brand","embeddable":true,"href":"https:\/\/bonsai-europe.com\/fr\/wp-json\/wp\/v2\/product_brand?post=166"},{"taxonomy":"product_cat","embeddable":true,"href":"https:\/\/bonsai-europe.com\/fr\/wp-json\/wp\/v2\/product_cat?post=166"},{"taxonomy":"product_tag","embeddable":true,"href":"https:\/\/bonsai-europe.com\/fr\/wp-json\/wp\/v2\/product_tag?post=166"},{"taxonomy":"woo-feed-brand","embeddable":true,"href":"https:\/\/bonsai-europe.com\/fr\/wp-json\/wp\/v2\/woo-feed-brand?post=166"}],"curies":[{"name":"wp","href":"https:\/\/api.w.org\/{rel}","templated":true}]}}