{"id":1108,"date":"2026-02-13T17:31:30","date_gmt":"2026-02-13T16:31:30","guid":{"rendered":"https:\/\/bonsai-europe.com\/?post_type=product&#038;p=1108"},"modified":"2026-02-14T08:43:50","modified_gmt":"2026-02-14T07:43:50","slug":"osmocote-engrais-a-liberation-lente","status":"publish","type":"product","link":"https:\/\/bonsai-europe.com\/fr\/produit\/substrats-et-engrais\/osmocote-engrais-a-liberation-lente\/","title":{"rendered":"Osmocote engrais \u00e0 lib\u00e9ration lente"},"content":{"rendered":"<p>ICL Osmocote Exact Standard est un engrais \u00e0 lib\u00e9ration contr\u00f4l\u00e9e de 3e g\u00e9n\u00e9ration , de qualit\u00e9 professionnelle, con\u00e7u pour l&#8217;horticulture ornementale. Sa formule sp\u00e9cifique assure une lib\u00e9ration s\u00fbre et constante des nutriments tout au long du cycle de croissance, ce qui le rend id\u00e9al pour les plantes aux besoins nutritionnels similaires.<\/p>\n<ul>\n<li><strong>Dur\u00e9e de lib\u00e9ration : <\/strong>Apporte des nutriments sur une p\u00e9riode de 12 \u00e0 14 mois.<\/li>\n<li><strong>Composition nutritionnelle : <\/strong>Contient un rapport NPK de 15-9-11, ainsi que 2 % d&#8217;oxyde de magn\u00e9sium (MgO) et des oligo-\u00e9l\u00e9ments (TE).<\/li>\n<li><strong>Technologie : <\/strong>Utilise une technologie de 3e g\u00e9n\u00e9ration pour une lib\u00e9ration cibl\u00e9e, adaptant l&#8217;apport en nutriments aux besoins des plantes.<\/li>\n<li><strong>Utilisation optimale\u00a0: <\/strong>Id\u00e9al pour les conif\u00e8res \u00e0 feuilles persistantes, les arbustes \u00e0 feuilles caduques et les conif\u00e8res \u00e0 croissance rapide qui n\u00e9cessitent une nutrition constante.<\/li>\n<\/ul>\n<p><strong>Directives d&#8217;application<\/strong><\/p>\n<ul>\n<li><strong>Sensibilit\u00e9 \u00e0 la temp\u00e9rature\u00a0: <\/strong>La dur\u00e9e de vie est affect\u00e9e par la temp\u00e9rature\u00a0; \u00e0 16\u00a0\u00b0C, elle peut durer de 15 \u00e0 17\u00a0mois, tandis qu\u2019\u00e0 21\u00a0\u00b0C, elle dure de 12 \u00e0 14\u00a0mois.<\/li>\n<li><strong>Dosage : <\/strong>5 grammes par litre de substrat une fois par an<\/li>\n<li><strong>Conditionnement : <\/strong>50 grammes , 500 grammes<\/li>\n<\/ul>\n","protected":false},"excerpt":{"rendered":"<p>Osmocote engrais \u00e0 lib\u00e9ration lente pendant 12 mois<\/p>\n","protected":false},"featured_media":1122,"template":"","meta":[],"product_brand":[],"product_cat":[130],"product_tag":[],"woo-feed-brand":[],"class_list":{"0":"post-1108","1":"product","2":"type-product","3":"status-publish","4":"has-post-thumbnail","6":"product_cat-substrats-et-engrais","8":"first","9":"instock","10":"shipping-taxable","11":"purchasable","12":"product-type-variable","13":"prodpage-classic"},"yoast_head":"<!-- This site is optimized with the Yoast SEO Premium plugin v22.0 (Yoast SEO v22.7) - https:\/\/yoast.com\/wordpress\/plugins\/seo\/ -->\n<title>Osmocote engrais \u00e0 lib\u00e9ration lente<\/title>\n<meta name=\"description\" content=\"Osmocote engrais \u00e0 lib\u00e9ration lente pendant 12 mois\" \/>\n<meta name=\"robots\" content=\"index, follow, max-snippet:-1, max-image-preview:large, max-video-preview:-1\" \/>\n<link rel=\"canonical\" href=\"https:\/\/bonsai-europe.com\/fr\/produit\/substrats-et-engrais\/osmocote-engrais-a-liberation-lente\/\" \/>\n<meta property=\"og:locale\" content=\"fr_FR\" \/>\n<meta property=\"og:type\" content=\"article\" \/>\n<meta property=\"og:title\" content=\"Osmocote engrais \u00e0 lib\u00e9ration lente\" \/>\n<meta property=\"og:description\" content=\"Osmocote engrais \u00e0 lib\u00e9ration lente pendant 12 mois\" \/>\n<meta property=\"og:url\" content=\"https:\/\/bonsai-europe.com\/fr\/produit\/substrats-et-engrais\/osmocote-engrais-a-liberation-lente\/\" \/>\n<meta property=\"og:site_name\" content=\"Bonsai Europe\" \/>\n<meta property=\"article:modified_time\" content=\"2026-02-14T07:43:50+00:00\" \/>\n<meta property=\"og:image\" content=\"https:\/\/bonsai-europe.com\/wp-content\/uploads\/2026\/02\/osmocote-25kg.webp\" \/>\n\t<meta property=\"og:image:width\" content=\"960\" \/>\n\t<meta property=\"og:image:height\" content=\"960\" \/>\n\t<meta property=\"og:image:type\" content=\"image\/webp\" \/>\n<meta name=\"twitter:card\" content=\"summary_large_image\" \/>\n<meta name=\"twitter:label1\" content=\"Dur\u00e9e de lecture estim\u00e9e\" \/>\n\t<meta name=\"twitter:data1\" content=\"1 minute\" \/>\n<script type=\"application\/ld+json\" class=\"yoast-schema-graph\">{\"@context\":\"https:\/\/schema.org\",\"@graph\":[{\"@type\":\"WebPage\",\"@id\":\"https:\/\/bonsai-europe.com\/fr\/produit\/substrats-et-engrais\/osmocote-engrais-a-liberation-lente\/\",\"url\":\"https:\/\/bonsai-europe.com\/fr\/produit\/substrats-et-engrais\/osmocote-engrais-a-liberation-lente\/\",\"name\":\"Osmocote engrais \u00e0 lib\u00e9ration lente\",\"isPartOf\":{\"@id\":\"https:\/\/bonsai-europe.com\/fr\/#website\"},\"primaryImageOfPage\":{\"@id\":\"https:\/\/bonsai-europe.com\/fr\/produit\/substrats-et-engrais\/osmocote-engrais-a-liberation-lente\/#primaryimage\"},\"image\":{\"@id\":\"https:\/\/bonsai-europe.com\/fr\/produit\/substrats-et-engrais\/osmocote-engrais-a-liberation-lente\/#primaryimage\"},\"thumbnailUrl\":\"https:\/\/bonsai-europe.com\/wp-content\/uploads\/2026\/02\/osmocote-25kg.webp\",\"datePublished\":\"2026-02-13T16:31:30+00:00\",\"dateModified\":\"2026-02-14T07:43:50+00:00\",\"description\":\"Osmocote engrais \u00e0 lib\u00e9ration lente pendant 12 mois\",\"breadcrumb\":{\"@id\":\"https:\/\/bonsai-europe.com\/fr\/produit\/substrats-et-engrais\/osmocote-engrais-a-liberation-lente\/#breadcrumb\"},\"inLanguage\":\"fr-FR\",\"potentialAction\":[{\"@type\":\"ReadAction\",\"target\":[\"https:\/\/bonsai-europe.com\/fr\/produit\/substrats-et-engrais\/osmocote-engrais-a-liberation-lente\/\"]}]},{\"@type\":\"ImageObject\",\"inLanguage\":\"fr-FR\",\"@id\":\"https:\/\/bonsai-europe.com\/fr\/produit\/substrats-et-engrais\/osmocote-engrais-a-liberation-lente\/#primaryimage\",\"url\":\"https:\/\/bonsai-europe.com\/wp-content\/uploads\/2026\/02\/osmocote-25kg.webp\",\"contentUrl\":\"https:\/\/bonsai-europe.com\/wp-content\/uploads\/2026\/02\/osmocote-25kg.webp\",\"width\":960,\"height\":960},{\"@type\":\"BreadcrumbList\",\"@id\":\"https:\/\/bonsai-europe.com\/fr\/produit\/substrats-et-engrais\/osmocote-engrais-a-liberation-lente\/#breadcrumb\",\"itemListElement\":[{\"@type\":\"ListItem\",\"position\":1,\"name\":\"Home\",\"item\":\"https:\/\/bonsai-europe.com\/fr\/\"},{\"@type\":\"ListItem\",\"position\":2,\"name\":\"Boutique\",\"item\":\"https:\/\/bonsai-europe.com\/fr\/boutique\/\"},{\"@type\":\"ListItem\",\"position\":3,\"name\":\"Osmocote engrais \u00e0 lib\u00e9ration lente\"}]},{\"@type\":\"WebSite\",\"@id\":\"https:\/\/bonsai-europe.com\/fr\/#website\",\"url\":\"https:\/\/bonsai-europe.com\/fr\/\",\"name\":\"Bonsai Europe\",\"description\":\"\",\"potentialAction\":[{\"@type\":\"SearchAction\",\"target\":{\"@type\":\"EntryPoint\",\"urlTemplate\":\"https:\/\/bonsai-europe.com\/fr\/?s={search_term_string}\"},\"query-input\":\"required name=search_term_string\"}],\"inLanguage\":\"fr-FR\"}]}<\/script>\n<!-- \/ Yoast SEO Premium plugin. -->","yoast_head_json":{"title":"Osmocote engrais \u00e0 lib\u00e9ration lente","description":"Osmocote engrais \u00e0 lib\u00e9ration lente pendant 12 mois","robots":{"index":"index","follow":"follow","max-snippet":"max-snippet:-1","max-image-preview":"max-image-preview:large","max-video-preview":"max-video-preview:-1"},"canonical":"https:\/\/bonsai-europe.com\/fr\/produit\/substrats-et-engrais\/osmocote-engrais-a-liberation-lente\/","og_locale":"fr_FR","og_type":"article","og_title":"Osmocote engrais \u00e0 lib\u00e9ration lente","og_description":"Osmocote engrais \u00e0 lib\u00e9ration lente pendant 12 mois","og_url":"https:\/\/bonsai-europe.com\/fr\/produit\/substrats-et-engrais\/osmocote-engrais-a-liberation-lente\/","og_site_name":"Bonsai Europe","article_modified_time":"2026-02-14T07:43:50+00:00","og_image":[{"width":960,"height":960,"url":"https:\/\/bonsai-europe.com\/wp-content\/uploads\/2026\/02\/osmocote-25kg.webp","type":"image\/webp"}],"twitter_card":"summary_large_image","twitter_misc":{"Dur\u00e9e de lecture estim\u00e9e":"1 minute"},"schema":{"@context":"https:\/\/schema.org","@graph":[{"@type":"WebPage","@id":"https:\/\/bonsai-europe.com\/fr\/produit\/substrats-et-engrais\/osmocote-engrais-a-liberation-lente\/","url":"https:\/\/bonsai-europe.com\/fr\/produit\/substrats-et-engrais\/osmocote-engrais-a-liberation-lente\/","name":"Osmocote engrais \u00e0 lib\u00e9ration lente","isPartOf":{"@id":"https:\/\/bonsai-europe.com\/fr\/#website"},"primaryImageOfPage":{"@id":"https:\/\/bonsai-europe.com\/fr\/produit\/substrats-et-engrais\/osmocote-engrais-a-liberation-lente\/#primaryimage"},"image":{"@id":"https:\/\/bonsai-europe.com\/fr\/produit\/substrats-et-engrais\/osmocote-engrais-a-liberation-lente\/#primaryimage"},"thumbnailUrl":"https:\/\/bonsai-europe.com\/wp-content\/uploads\/2026\/02\/osmocote-25kg.webp","datePublished":"2026-02-13T16:31:30+00:00","dateModified":"2026-02-14T07:43:50+00:00","description":"Osmocote engrais \u00e0 lib\u00e9ration lente pendant 12 mois","breadcrumb":{"@id":"https:\/\/bonsai-europe.com\/fr\/produit\/substrats-et-engrais\/osmocote-engrais-a-liberation-lente\/#breadcrumb"},"inLanguage":"fr-FR","potentialAction":[{"@type":"ReadAction","target":["https:\/\/bonsai-europe.com\/fr\/produit\/substrats-et-engrais\/osmocote-engrais-a-liberation-lente\/"]}]},{"@type":"ImageObject","inLanguage":"fr-FR","@id":"https:\/\/bonsai-europe.com\/fr\/produit\/substrats-et-engrais\/osmocote-engrais-a-liberation-lente\/#primaryimage","url":"https:\/\/bonsai-europe.com\/wp-content\/uploads\/2026\/02\/osmocote-25kg.webp","contentUrl":"https:\/\/bonsai-europe.com\/wp-content\/uploads\/2026\/02\/osmocote-25kg.webp","width":960,"height":960},{"@type":"BreadcrumbList","@id":"https:\/\/bonsai-europe.com\/fr\/produit\/substrats-et-engrais\/osmocote-engrais-a-liberation-lente\/#breadcrumb","itemListElement":[{"@type":"ListItem","position":1,"name":"Home","item":"https:\/\/bonsai-europe.com\/fr\/"},{"@type":"ListItem","position":2,"name":"Boutique","item":"https:\/\/bonsai-europe.com\/fr\/boutique\/"},{"@type":"ListItem","position":3,"name":"Osmocote engrais \u00e0 lib\u00e9ration lente"}]},{"@type":"WebSite","@id":"https:\/\/bonsai-europe.com\/fr\/#website","url":"https:\/\/bonsai-europe.com\/fr\/","name":"Bonsai Europe","description":"","potentialAction":[{"@type":"SearchAction","target":{"@type":"EntryPoint","urlTemplate":"https:\/\/bonsai-europe.com\/fr\/?s={search_term_string}"},"query-input":"required name=search_term_string"}],"inLanguage":"fr-FR"}]}},"_links":{"self":[{"href":"https:\/\/bonsai-europe.com\/fr\/wp-json\/wp\/v2\/product\/1108","targetHints":{"allow":["GET"]}}],"collection":[{"href":"https:\/\/bonsai-europe.com\/fr\/wp-json\/wp\/v2\/product"}],"about":[{"href":"https:\/\/bonsai-europe.com\/fr\/wp-json\/wp\/v2\/types\/product"}],"wp:featuredmedia":[{"embeddable":true,"href":"https:\/\/bonsai-europe.com\/fr\/wp-json\/wp\/v2\/media\/1122"}],"wp:attachment":[{"href":"https:\/\/bonsai-europe.com\/fr\/wp-json\/wp\/v2\/media?parent=1108"}],"wp:term":[{"taxonomy":"product_brand","embeddable":true,"href":"https:\/\/bonsai-europe.com\/fr\/wp-json\/wp\/v2\/product_brand?post=1108"},{"taxonomy":"product_cat","embeddable":true,"href":"https:\/\/bonsai-europe.com\/fr\/wp-json\/wp\/v2\/product_cat?post=1108"},{"taxonomy":"product_tag","embeddable":true,"href":"https:\/\/bonsai-europe.com\/fr\/wp-json\/wp\/v2\/product_tag?post=1108"},{"taxonomy":"woo-feed-brand","embeddable":true,"href":"https:\/\/bonsai-europe.com\/fr\/wp-json\/wp\/v2\/woo-feed-brand?post=1108"}],"curies":[{"name":"wp","href":"https:\/\/api.w.org\/{rel}","templated":true}]}}