{"id":457,"date":"2024-03-20T15:42:58","date_gmt":"2024-03-20T14:42:58","guid":{"rendered":"https:\/\/bonsai-europe.com\/?page_id=457"},"modified":"2024-05-11T10:40:47","modified_gmt":"2024-05-11T08:40:47","slug":"expedition","status":"publish","type":"page","link":"https:\/\/bonsai-europe.com\/fr\/expedition\/","title":{"rendered":"Exp\u00e9dition"},"content":{"rendered":"<p>Les frais de port d\u00e9pendent du poids et du volume du colis ainsi que du pays de destination et sont calcul\u00e9s automatiquement lors du processus de commande. Nous exp\u00e9dions du lundi au mercredi en Espagne via Correos Express. Nous exp\u00e9dions vers tous les autres pays <strong>uniquement le lundi<\/strong> via UPS ou DPD afin que les marchandises parviennent au client avant le jeudi ou le vendredi de la m\u00eame semaine. Le d\u00e9lai d&#8217;exp\u00e9dition en Espagne est de 1 \u00e0 2 jours ouvrables, pour tous les autres pays entre 3 et 5 jours ouvrables.<\/p>\n<p>Si votre pays ne figure pas ici, une commande n&#8217;est malheureusement pas possible.<\/p>\n<p><strong>Nous exp\u00e9dions uniquement vers les pays de l&#8217;UE suivants\u00a0:<\/strong><\/p>\n<p>Allemagne<\/p>\n<p>L&#8217;Autriche<\/p>\n<p>Belgique<\/p>\n<p>Bulgarie<\/p>\n<p>Croatie<\/p>\n<p>Chypre<\/p>\n<p>Danemark<\/p>\n<p>Espagne<\/p>\n<p>Estonie<\/p>\n<p>Finlande<\/p>\n<p>France<\/p>\n<p>Gr\u00e8ce<\/p>\n<p>Hongrie<\/p>\n<p>Irlande<\/p>\n<p>Italie<\/p>\n<p>le Portugal<\/p>\n<p>Lettonie<\/p>\n<p>Lituanie<\/p>\n<p>Luxembourg<\/p>\n<p>Pays-Bas<\/p>\n<p>Pologne<\/p>\n<p>R\u00e9publique tch\u00e8que<\/p>\n<p>Roumanie<\/p>\n<p>Slovaquie<\/p>\n<p>Slov\u00e9nie<\/p>\n<p>Su\u00e8de<\/p>\n<p>&nbsp;<\/p>\n<p>&nbsp;<\/p>\n","protected":false},"excerpt":{"rendered":"<p>Les frais de port d\u00e9pendent du poids et du volume du colis ainsi que du pays de destination et sont calcul\u00e9s automatiquement lors du processus de commande. Nous exp\u00e9dions du lundi au mercredi en Espagne via Correos Express. Nous exp\u00e9dions vers tous les autres pays uniquement le lundi via UPS ou DPD afin que les<\/p>\n","protected":false},"author":1,"featured_media":0,"parent":0,"menu_order":0,"comment_status":"closed","ping_status":"closed","template":"","meta":{"footnotes":""},"class_list":["post-457","page","type-page","status-publish","hentry","prodpage-classic"],"yoast_head":"<!-- This site is optimized with the Yoast SEO Premium plugin v22.0 (Yoast SEO v22.7) - https:\/\/yoast.com\/wordpress\/plugins\/seo\/ -->\n<title>Exp\u00e9dition<\/title>\n<meta name=\"robots\" content=\"noindex, follow\" \/>\n<meta property=\"og:locale\" content=\"fr_FR\" \/>\n<meta property=\"og:type\" content=\"article\" \/>\n<meta property=\"og:title\" content=\"Exp\u00e9dition\" \/>\n<meta property=\"og:description\" content=\"Les frais de port d\u00e9pendent du poids et du volume du colis ainsi que du pays de destination et sont calcul\u00e9s automatiquement lors du processus de commande. Nous exp\u00e9dions du lundi au mercredi en Espagne via Correos Express. Nous exp\u00e9dions vers tous les autres pays uniquement le lundi via UPS ou DPD afin que les\" \/>\n<meta property=\"og:url\" content=\"https:\/\/bonsai-europe.com\/fr\/expedition\/\" \/>\n<meta property=\"og:site_name\" content=\"Bonsai Europe\" \/>\n<meta property=\"article:modified_time\" content=\"2024-05-11T08:40:47+00:00\" \/>\n<meta property=\"og:image\" content=\"https:\/\/bonsai-europe.com\/wp-content\/uploads\/2024\/03\/itoigawa-header.jpg\" \/>\n\t<meta property=\"og:image:width\" content=\"1920\" \/>\n\t<meta property=\"og:image:height\" content=\"1281\" \/>\n\t<meta property=\"og:image:type\" content=\"image\/jpeg\" \/>\n<meta name=\"twitter:card\" content=\"summary_large_image\" \/>\n<meta name=\"twitter:label1\" content=\"Dur\u00e9e de lecture estim\u00e9e\" \/>\n\t<meta name=\"twitter:data1\" content=\"1 minute\" \/>\n<script type=\"application\/ld+json\" class=\"yoast-schema-graph\">{\"@context\":\"https:\/\/schema.org\",\"@graph\":[{\"@type\":\"WebPage\",\"@id\":\"https:\/\/bonsai-europe.com\/fr\/expedition\/\",\"url\":\"https:\/\/bonsai-europe.com\/fr\/expedition\/\",\"name\":\"Exp\u00e9dition\",\"isPartOf\":{\"@id\":\"https:\/\/bonsai-europe.com\/fr\/#website\"},\"datePublished\":\"2024-03-20T14:42:58+00:00\",\"dateModified\":\"2024-05-11T08:40:47+00:00\",\"breadcrumb\":{\"@id\":\"https:\/\/bonsai-europe.com\/fr\/expedition\/#breadcrumb\"},\"inLanguage\":\"fr-FR\",\"potentialAction\":[{\"@type\":\"ReadAction\",\"target\":[\"https:\/\/bonsai-europe.com\/fr\/expedition\/\"]}]},{\"@type\":\"BreadcrumbList\",\"@id\":\"https:\/\/bonsai-europe.com\/fr\/expedition\/#breadcrumb\",\"itemListElement\":[{\"@type\":\"ListItem\",\"position\":1,\"name\":\"Home\",\"item\":\"https:\/\/bonsai-europe.com\/fr\/\"},{\"@type\":\"ListItem\",\"position\":2,\"name\":\"Exp\u00e9dition\"}]},{\"@type\":\"WebSite\",\"@id\":\"https:\/\/bonsai-europe.com\/fr\/#website\",\"url\":\"https:\/\/bonsai-europe.com\/fr\/\",\"name\":\"Bonsai Europe\",\"description\":\"\",\"potentialAction\":[{\"@type\":\"SearchAction\",\"target\":{\"@type\":\"EntryPoint\",\"urlTemplate\":\"https:\/\/bonsai-europe.com\/fr\/?s={search_term_string}\"},\"query-input\":\"required name=search_term_string\"}],\"inLanguage\":\"fr-FR\"}]}<\/script>\n<!-- \/ Yoast SEO Premium plugin. -->","yoast_head_json":{"title":"Exp\u00e9dition","robots":{"index":"noindex","follow":"follow"},"og_locale":"fr_FR","og_type":"article","og_title":"Exp\u00e9dition","og_description":"Les frais de port d\u00e9pendent du poids et du volume du colis ainsi que du pays de destination et sont calcul\u00e9s automatiquement lors du processus de commande. Nous exp\u00e9dions du lundi au mercredi en Espagne via Correos Express. Nous exp\u00e9dions vers tous les autres pays uniquement le lundi via UPS ou DPD afin que les","og_url":"https:\/\/bonsai-europe.com\/fr\/expedition\/","og_site_name":"Bonsai Europe","article_modified_time":"2024-05-11T08:40:47+00:00","og_image":[{"width":1920,"height":1281,"url":"https:\/\/bonsai-europe.com\/wp-content\/uploads\/2024\/03\/itoigawa-header.jpg","type":"image\/jpeg"}],"twitter_card":"summary_large_image","twitter_misc":{"Dur\u00e9e de lecture estim\u00e9e":"1 minute"},"schema":{"@context":"https:\/\/schema.org","@graph":[{"@type":"WebPage","@id":"https:\/\/bonsai-europe.com\/fr\/expedition\/","url":"https:\/\/bonsai-europe.com\/fr\/expedition\/","name":"Exp\u00e9dition","isPartOf":{"@id":"https:\/\/bonsai-europe.com\/fr\/#website"},"datePublished":"2024-03-20T14:42:58+00:00","dateModified":"2024-05-11T08:40:47+00:00","breadcrumb":{"@id":"https:\/\/bonsai-europe.com\/fr\/expedition\/#breadcrumb"},"inLanguage":"fr-FR","potentialAction":[{"@type":"ReadAction","target":["https:\/\/bonsai-europe.com\/fr\/expedition\/"]}]},{"@type":"BreadcrumbList","@id":"https:\/\/bonsai-europe.com\/fr\/expedition\/#breadcrumb","itemListElement":[{"@type":"ListItem","position":1,"name":"Home","item":"https:\/\/bonsai-europe.com\/fr\/"},{"@type":"ListItem","position":2,"name":"Exp\u00e9dition"}]},{"@type":"WebSite","@id":"https:\/\/bonsai-europe.com\/fr\/#website","url":"https:\/\/bonsai-europe.com\/fr\/","name":"Bonsai Europe","description":"","potentialAction":[{"@type":"SearchAction","target":{"@type":"EntryPoint","urlTemplate":"https:\/\/bonsai-europe.com\/fr\/?s={search_term_string}"},"query-input":"required name=search_term_string"}],"inLanguage":"fr-FR"}]}},"_links":{"self":[{"href":"https:\/\/bonsai-europe.com\/fr\/wp-json\/wp\/v2\/pages\/457","targetHints":{"allow":["GET"]}}],"collection":[{"href":"https:\/\/bonsai-europe.com\/fr\/wp-json\/wp\/v2\/pages"}],"about":[{"href":"https:\/\/bonsai-europe.com\/fr\/wp-json\/wp\/v2\/types\/page"}],"author":[{"embeddable":true,"href":"https:\/\/bonsai-europe.com\/fr\/wp-json\/wp\/v2\/users\/1"}],"replies":[{"embeddable":true,"href":"https:\/\/bonsai-europe.com\/fr\/wp-json\/wp\/v2\/comments?post=457"}],"version-history":[{"count":3,"href":"https:\/\/bonsai-europe.com\/fr\/wp-json\/wp\/v2\/pages\/457\/revisions"}],"predecessor-version":[{"id":547,"href":"https:\/\/bonsai-europe.com\/fr\/wp-json\/wp\/v2\/pages\/457\/revisions\/547"}],"wp:attachment":[{"href":"https:\/\/bonsai-europe.com\/fr\/wp-json\/wp\/v2\/media?parent=457"}],"curies":[{"name":"wp","href":"https:\/\/api.w.org\/{rel}","templated":true}]}}