{"id":225,"date":"2024-03-01T21:45:07","date_gmt":"2024-03-01T20:45:07","guid":{"rendered":"https:\/\/bonsai-europe.com\/?page_id=225"},"modified":"2024-03-15T10:38:56","modified_gmt":"2024-03-15T09:38:56","slug":"politique-de-confidentialite","status":"publish","type":"page","link":"https:\/\/bonsai-europe.com\/fr\/politique-de-confidentialite\/","title":{"rendered":"Politique de confidentialit\u00e9"},"content":{"rendered":"<p><strong>Avis de confidentialit\u00e9<\/strong><\/p>\n<p>&nbsp;<\/p>\n<p>Cet avis de confidentialit\u00e9 divulgue les pratiques de confidentialit\u00e9 de ce site Web. Cet avis de confidentialit\u00e9 s&#8217;applique uniquement aux informations collect\u00e9es par ce site Web. Il vous informera des \u00e9l\u00e9ments suivants\u00a0:<\/p>\n<p>&nbsp;<\/p>\n<ol>\n<li>Quelles informations personnelles identifiables sont collect\u00e9es aupr\u00e8s de vous via le site Web, comment elles sont utilis\u00e9es et avec qui elles peuvent \u00eatre partag\u00e9es.<\/li>\n<li>Quels choix s\u2019offrent \u00e0 vous concernant l\u2019utilisation de vos donn\u00e9es.<\/li>\n<li>Les proc\u00e9dures de s\u00e9curit\u00e9 en place pour prot\u00e9ger l\u2019utilisation abusive de vos informations.<\/li>\n<li>Comment vous pouvez corriger toute inexactitude dans les informations.<\/li>\n<\/ol>\n<p><strong>\u00a0<\/strong><\/p>\n<p><strong>Collecte, utilisation et partage d&#8217;informations<\/strong><br \/>\nNous sommes les seuls propri\u00e9taires des informations collect\u00e9es sur ce site. Nous n&#8217;avons acc\u00e8s\/collectons que les informations que vous nous fournissez volontairement par e-mail ou par tout autre contact direct de votre part. Nous ne vendrons ni ne louerons ces informations \u00e0 quiconque.<\/p>\n<p>Nous utiliserons vos informations pour vous r\u00e9pondre concernant la raison pour laquelle vous nous avez contact\u00e9s. Nous ne partagerons vos informations avec aucun tiers ext\u00e9rieur \u00e0 notre organisation, sauf si cela est n\u00e9cessaire pour r\u00e9pondre \u00e0 votre demande, par exemple pour exp\u00e9dier une commande.<\/p>\n<p>Sauf si vous nous demandez de ne pas le faire, nous pourrons vous contacter par e-mail \u00e0 l&#8217;avenir pour vous informer de promotions, de nouveaux produits ou services, ou de modifications apport\u00e9es \u00e0 cette politique de confidentialit\u00e9.<\/p>\n<p><strong>Votre acc\u00e8s et votre contr\u00f4le sur les informations<\/strong><br \/>\nVous pouvez \u00e0 tout moment vous d\u00e9sinscrire de tout contact futur de notre part. Vous pouvez \u00e0 tout moment effectuer les op\u00e9rations suivantes en nous contactant via l&#8217;adresse e-mail ou le num\u00e9ro de t\u00e9l\u00e9phone indiqu\u00e9 sur notre site Internet :<\/p>\n<ul>\n<li>V\u00e9rifiez quelles donn\u00e9es nous avons sur vous, le cas \u00e9ch\u00e9ant.<\/li>\n<li>Modifiez\/corrigez toutes les donn\u00e9es que nous d\u00e9tenons \u00e0 votre sujet.<\/li>\n<li>Demandez-nous de supprimer toutes les donn\u00e9es que nous d\u00e9tenons \u00e0 votre sujet.<\/li>\n<li>Exprimez toute pr\u00e9occupation que vous avez concernant notre utilisation de vos donn\u00e9es.<\/li>\n<\/ul>\n<p><strong>\u00a0<\/strong><\/p>\n<p><strong>S\u00e9curit\u00e9<\/strong><br \/>\nNous prenons des pr\u00e9cautions pour prot\u00e9ger vos informations. Lorsque vous soumettez des informations sensibles via le site Web, vos informations sont prot\u00e9g\u00e9es \u00e0 la fois en ligne et hors ligne.<\/p>\n<p>Partout o\u00f9 nous collectons des informations sensibles (telles que les donn\u00e9es de carte de cr\u00e9dit), ces informations sont crypt\u00e9es et nous sont transmises de mani\u00e8re s\u00e9curis\u00e9e. Vous pouvez le v\u00e9rifier en recherchant une ic\u00f4ne de cadenas dans la barre d&#8217;adresse et en recherchant \u00ab https \u00bb au d\u00e9but de l&#8217;adresse de la page Web.<\/p>\n<p>Bien que nous utilisions le cryptage pour prot\u00e9ger les informations sensibles transmises en ligne, nous prot\u00e9geons \u00e9galement vos informations hors ligne. Seuls les employ\u00e9s qui ont besoin de ces informations pour effectuer une t\u00e2che sp\u00e9cifique (par exemple, facturation ou service client) ont acc\u00e8s aux informations personnellement identifiables. Les ordinateurs\/serveurs dans lesquels nous stockons des informations personnelles identifiables sont conserv\u00e9s dans un environnement s\u00e9curis\u00e9.<\/p>\n<p><strong>Si vous estimez que nous ne respectons pas cette politique de confidentialit\u00e9, vous devez nous contacter imm\u00e9diatement.<\/strong><\/p>\n<p><strong>Inscription<\/strong><br \/>\nPour utiliser ce site Web, un utilisateur doit d&#8217;abord remplir le formulaire d&#8217;inscription. Lors de l&#8217;inscription, un utilisateur est tenu de fournir certaines informations (telles que son nom et son adresse e-mail). Ces informations sont utilis\u00e9es pour vous contacter au sujet des produits\/services de notre site pour lesquels vous avez exprim\u00e9 votre int\u00e9r\u00eat. \u00c0 votre discr\u00e9tion, vous pouvez \u00e9galement fournir des informations d\u00e9mographiques (telles que votre sexe ou votre \u00e2ge) vous concernant, mais cela n\u2019est pas obligatoire.<\/p>\n<p><strong>Ordres<\/strong><br \/>\nNous vous demandons des informations sur notre formulaire de commande. Pour acheter chez nous, vous devez fournir des informations de contact (comme le nom et l&#8217;adresse de livraison) et des informations financi\u00e8res (comme le num\u00e9ro de carte de cr\u00e9dit, la date d&#8217;expiration). Ces informations sont utilis\u00e9es \u00e0 des fins de facturation et pour ex\u00e9cuter vos commandes. Si nous rencontrons des difficult\u00e9s pour traiter une commande, nous utiliserons ces informations pour vous contacter.<\/p>\n<p><strong>Biscuits<\/strong><br \/>\nNotre site utilise des cookies. Un cookie est un \u00e9l\u00e9ment de donn\u00e9es stock\u00e9 sur le disque dur d&#8217;un visiteur du site pour nous aider \u00e0 am\u00e9liorer votre acc\u00e8s \u00e0 notre site et \u00e0 identifier les visiteurs r\u00e9guliers de notre site. Par exemple, lorsque nous utilisons un cookie pour vous identifier, vous n&#8217;aurez pas \u00e0 saisir un mot de passe plus d&#8217;une fois, ce qui vous fera gagner du temps lorsque vous \u00eates sur notre site. Les cookies peuvent \u00e9galement nous permettre de suivre et de cibler les int\u00e9r\u00eats de nos utilisateurs afin d&#8217;am\u00e9liorer l&#8217;exp\u00e9rience sur notre site. L&#8217;utilisation d&#8217;un cookie n&#8217;est en aucun cas li\u00e9e \u00e0 des informations personnelles identifiables sur notre site.<\/p>\n<p><strong>Liens<\/strong><br \/>\nCe site contient des liens vers d&#8217;autres sites. Veuillez noter que nous ne sommes pas responsables du contenu ou des pratiques de confidentialit\u00e9 de ces autres sites. Nous encourageons nos utilisateurs \u00e0 \u00eatre vigilants lorsqu&#8217;ils quittent notre site et \u00e0 lire les d\u00e9clarations de confidentialit\u00e9 de tout autre site collectant des informations personnellement identifiables.<\/p>\n<p>&nbsp;<\/p>\n<p>&nbsp;<\/p>\n","protected":false},"excerpt":{"rendered":"<p>Avis de confidentialit\u00e9 &nbsp; Cet avis de confidentialit\u00e9 divulgue les pratiques de confidentialit\u00e9 de ce site Web. Cet avis de confidentialit\u00e9 s&#8217;applique uniquement aux informations collect\u00e9es par ce site Web. Il vous informera des \u00e9l\u00e9ments suivants\u00a0: &nbsp; Quelles informations personnelles identifiables sont collect\u00e9es aupr\u00e8s de vous via le site Web, comment elles sont utilis\u00e9es et<\/p>\n","protected":false},"author":1,"featured_media":0,"parent":0,"menu_order":0,"comment_status":"closed","ping_status":"open","template":"","meta":{"footnotes":""},"class_list":["post-225","page","type-page","status-publish","hentry","prodpage-classic"],"yoast_head":"<!-- This site is optimized with the Yoast SEO Premium plugin v22.0 (Yoast SEO v22.7) - https:\/\/yoast.com\/wordpress\/plugins\/seo\/ -->\n<title>Politique de confidentialit\u00e9<\/title>\n<meta name=\"robots\" content=\"noindex, follow\" \/>\n<meta property=\"og:locale\" content=\"fr_FR\" \/>\n<meta property=\"og:type\" content=\"article\" \/>\n<meta property=\"og:title\" content=\"Politique de confidentialit\u00e9\" \/>\n<meta property=\"og:description\" content=\"Avis de confidentialit\u00e9 &nbsp; Cet avis de confidentialit\u00e9 divulgue les pratiques de confidentialit\u00e9 de ce site Web. Cet avis de confidentialit\u00e9 s&#8217;applique uniquement aux informations collect\u00e9es par ce site Web. Il vous informera des \u00e9l\u00e9ments suivants\u00a0: &nbsp; Quelles informations personnelles identifiables sont collect\u00e9es aupr\u00e8s de vous via le site Web, comment elles sont utilis\u00e9es et\" \/>\n<meta property=\"og:url\" content=\"https:\/\/bonsai-europe.com\/fr\/politique-de-confidentialite\/\" \/>\n<meta property=\"og:site_name\" content=\"Bonsai Europe\" \/>\n<meta property=\"article:modified_time\" content=\"2024-03-15T09:38:56+00:00\" \/>\n<meta property=\"og:image\" content=\"https:\/\/bonsai-europe.com\/wp-content\/uploads\/2024\/03\/itoigawa-header.jpg\" \/>\n\t<meta property=\"og:image:width\" content=\"1920\" \/>\n\t<meta property=\"og:image:height\" content=\"1281\" \/>\n\t<meta property=\"og:image:type\" content=\"image\/jpeg\" \/>\n<meta name=\"twitter:card\" content=\"summary_large_image\" \/>\n<meta name=\"twitter:label1\" content=\"Dur\u00e9e de lecture estim\u00e9e\" \/>\n\t<meta name=\"twitter:data1\" content=\"4 minutes\" \/>\n<script type=\"application\/ld+json\" class=\"yoast-schema-graph\">{\"@context\":\"https:\/\/schema.org\",\"@graph\":[{\"@type\":\"WebPage\",\"@id\":\"https:\/\/bonsai-europe.com\/fr\/politique-de-confidentialite\/\",\"url\":\"https:\/\/bonsai-europe.com\/fr\/politique-de-confidentialite\/\",\"name\":\"Politique de confidentialit\u00e9\",\"isPartOf\":{\"@id\":\"https:\/\/bonsai-europe.com\/fr\/#website\"},\"datePublished\":\"2024-03-01T20:45:07+00:00\",\"dateModified\":\"2024-03-15T09:38:56+00:00\",\"breadcrumb\":{\"@id\":\"https:\/\/bonsai-europe.com\/fr\/politique-de-confidentialite\/#breadcrumb\"},\"inLanguage\":\"fr-FR\",\"potentialAction\":[{\"@type\":\"ReadAction\",\"target\":[\"https:\/\/bonsai-europe.com\/fr\/politique-de-confidentialite\/\"]}]},{\"@type\":\"BreadcrumbList\",\"@id\":\"https:\/\/bonsai-europe.com\/fr\/politique-de-confidentialite\/#breadcrumb\",\"itemListElement\":[{\"@type\":\"ListItem\",\"position\":1,\"name\":\"Home\",\"item\":\"https:\/\/bonsai-europe.com\/fr\/\"},{\"@type\":\"ListItem\",\"position\":2,\"name\":\"Politique de confidentialit\u00e9\"}]},{\"@type\":\"WebSite\",\"@id\":\"https:\/\/bonsai-europe.com\/fr\/#website\",\"url\":\"https:\/\/bonsai-europe.com\/fr\/\",\"name\":\"Bonsai Europe\",\"description\":\"\",\"potentialAction\":[{\"@type\":\"SearchAction\",\"target\":{\"@type\":\"EntryPoint\",\"urlTemplate\":\"https:\/\/bonsai-europe.com\/fr\/?s={search_term_string}\"},\"query-input\":\"required name=search_term_string\"}],\"inLanguage\":\"fr-FR\"}]}<\/script>\n<!-- \/ Yoast SEO Premium plugin. -->","yoast_head_json":{"title":"Politique de confidentialit\u00e9","robots":{"index":"noindex","follow":"follow"},"og_locale":"fr_FR","og_type":"article","og_title":"Politique de confidentialit\u00e9","og_description":"Avis de confidentialit\u00e9 &nbsp; Cet avis de confidentialit\u00e9 divulgue les pratiques de confidentialit\u00e9 de ce site Web. Cet avis de confidentialit\u00e9 s&#8217;applique uniquement aux informations collect\u00e9es par ce site Web. Il vous informera des \u00e9l\u00e9ments suivants\u00a0: &nbsp; Quelles informations personnelles identifiables sont collect\u00e9es aupr\u00e8s de vous via le site Web, comment elles sont utilis\u00e9es et","og_url":"https:\/\/bonsai-europe.com\/fr\/politique-de-confidentialite\/","og_site_name":"Bonsai Europe","article_modified_time":"2024-03-15T09:38:56+00:00","og_image":[{"width":1920,"height":1281,"url":"https:\/\/bonsai-europe.com\/wp-content\/uploads\/2024\/03\/itoigawa-header.jpg","type":"image\/jpeg"}],"twitter_card":"summary_large_image","twitter_misc":{"Dur\u00e9e de lecture estim\u00e9e":"4 minutes"},"schema":{"@context":"https:\/\/schema.org","@graph":[{"@type":"WebPage","@id":"https:\/\/bonsai-europe.com\/fr\/politique-de-confidentialite\/","url":"https:\/\/bonsai-europe.com\/fr\/politique-de-confidentialite\/","name":"Politique de confidentialit\u00e9","isPartOf":{"@id":"https:\/\/bonsai-europe.com\/fr\/#website"},"datePublished":"2024-03-01T20:45:07+00:00","dateModified":"2024-03-15T09:38:56+00:00","breadcrumb":{"@id":"https:\/\/bonsai-europe.com\/fr\/politique-de-confidentialite\/#breadcrumb"},"inLanguage":"fr-FR","potentialAction":[{"@type":"ReadAction","target":["https:\/\/bonsai-europe.com\/fr\/politique-de-confidentialite\/"]}]},{"@type":"BreadcrumbList","@id":"https:\/\/bonsai-europe.com\/fr\/politique-de-confidentialite\/#breadcrumb","itemListElement":[{"@type":"ListItem","position":1,"name":"Home","item":"https:\/\/bonsai-europe.com\/fr\/"},{"@type":"ListItem","position":2,"name":"Politique de confidentialit\u00e9"}]},{"@type":"WebSite","@id":"https:\/\/bonsai-europe.com\/fr\/#website","url":"https:\/\/bonsai-europe.com\/fr\/","name":"Bonsai Europe","description":"","potentialAction":[{"@type":"SearchAction","target":{"@type":"EntryPoint","urlTemplate":"https:\/\/bonsai-europe.com\/fr\/?s={search_term_string}"},"query-input":"required name=search_term_string"}],"inLanguage":"fr-FR"}]}},"_links":{"self":[{"href":"https:\/\/bonsai-europe.com\/fr\/wp-json\/wp\/v2\/pages\/225","targetHints":{"allow":["GET"]}}],"collection":[{"href":"https:\/\/bonsai-europe.com\/fr\/wp-json\/wp\/v2\/pages"}],"about":[{"href":"https:\/\/bonsai-europe.com\/fr\/wp-json\/wp\/v2\/types\/page"}],"author":[{"embeddable":true,"href":"https:\/\/bonsai-europe.com\/fr\/wp-json\/wp\/v2\/users\/1"}],"replies":[{"embeddable":true,"href":"https:\/\/bonsai-europe.com\/fr\/wp-json\/wp\/v2\/comments?post=225"}],"version-history":[{"count":1,"href":"https:\/\/bonsai-europe.com\/fr\/wp-json\/wp\/v2\/pages\/225\/revisions"}],"predecessor-version":[{"id":227,"href":"https:\/\/bonsai-europe.com\/fr\/wp-json\/wp\/v2\/pages\/225\/revisions\/227"}],"wp:attachment":[{"href":"https:\/\/bonsai-europe.com\/fr\/wp-json\/wp\/v2\/media?parent=225"}],"curies":[{"name":"wp","href":"https:\/\/api.w.org\/{rel}","templated":true}]}}