{"id":878,"date":"2025-05-05T18:06:46","date_gmt":"2025-05-05T16:06:46","guid":{"rendered":"https:\/\/bonsai-europe.com\/?post_type=product&#038;p=878"},"modified":"2026-02-17T09:50:11","modified_gmt":"2026-02-17T08:50:11","slug":"ficus-microcarpa-tiger-bark-prebonsai","status":"publish","type":"product","link":"https:\/\/bonsai-europe.com\/es\/producto\/prebonsai\/ficus-microcarpa-tiger-bark-prebonsai\/","title":{"rendered":"Ficus Microcarpa &#8216;Tiger Bark&#8217; Prebonsai"},"content":{"rendered":"<p><strong>El Ficus Microcarpa &#8216;Tiger Bark&#8217; <\/strong>es un popular bons\u00e1i conocido por su corteza \u00fanica, su r\u00e1pido crecimiento y su resistencia. Originario del Sudeste Asi\u00e1tico, esta especie de higuera tropical es ideal para principiantes y tambi\u00e9n es muy apreciada por cultivadores experimentados por su potencial para dar estilo.<\/p>\n<p><strong>Caracter\u00edsticas principales<\/strong><\/p>\n<p>La caracter\u00edstica m\u00e1s destacada del ficus Tiger Bark es su corteza: una superficie lisa interrumpida por rayas claras e irregulares que recuerdan a las marcas de un tigre. A medida que el \u00e1rbol madura, este patr\u00f3n se acent\u00faa, d\u00e1ndole un aspecto envejecido y texturizado, ideal para bons\u00e1is.<\/p>\n<p>Tiene hojas peque\u00f1as, brillantes y ovaladas que permanecen en el \u00e1rbol todo el a\u00f1o. El tama\u00f1o de las hojas se puede reducir con podas regulares, lo que aumenta la sensaci\u00f3n de un \u00e1rbol en miniatura. En condiciones adecuadas, tambi\u00e9n desarrolla <strong>ra\u00edces a\u00e9reas <\/strong>que descienden de las ramas. Estas ra\u00edces se pueden moldear y guiar hacia el suelo, formando finalmente un tronco grueso, similar al de un baniano, de gran impacto visual.<\/p>\n<p><strong>Por qu\u00e9 es popular<\/strong><\/p>\n<p>Ficus microcarpa &#8216;Tiger Bark&#8217; es uno de los \u00e1rboles m\u00e1s utilizados en bons\u00e1i por varias razones:<\/p>\n<ul>\n<li><strong>Dureza: <\/strong>Soporta la poda, el alambrado y el trasplante con un estr\u00e9s m\u00ednimo.<\/li>\n<li><strong>Aspecto: <\/strong>Su corteza, hojas y ra\u00edces a\u00e9reas la hacen visualmente llamativa.<\/li>\n<li><strong>Adaptabilidad: <\/strong>Crece bien en interiores o exteriores en climas c\u00e1lidos.<\/li>\n<li><strong>Crecimiento r\u00e1pido: <\/strong>responde r\u00e1pidamente al entrenamiento y al modelado.<\/li>\n<\/ul>\n<p>Estas cualidades la convierten en una especie indulgente para principiantes y una opci\u00f3n vers\u00e1til para un estilo avanzado.<\/p>\n<p><strong>Pautas de cuidado<\/strong><\/p>\n<p><strong>Luz: <\/strong><br \/>\nEl ficus corteza de tigre prospera con luz solar indirecta y brillante. En exterior, debe protegerse del intenso sol de la tarde. En interior, col\u00f3quelo cerca de una ventana orientada al sur o al oeste. Las luces de cultivo adicionales pueden ayudar a mantener un crecimiento compacto.<\/p>\n<p><strong>Temperatura y humedad: <\/strong><br \/>\nAl ser una planta tropical, prefiere temperaturas entre 15 y 29 \u00b0C (60 y 85 \u00b0F). No es resistente a las heladas y debe protegerse cuando las temperaturas bajan de los 10 \u00b0C (50 \u00b0F). Si bien aprecia la humedad, tolera condiciones interiores normales. La nebulizaci\u00f3n o las bandejas de humedad pueden promover el crecimiento de las ra\u00edces a\u00e9reas.<\/p>\n<p><strong>Riego: <\/strong><br \/>\nMantenga la tierra uniformemente h\u00fameda, pero no empapada. Riegue abundantemente cuando se seque la primera pulgada de tierra. El exceso de agua puede provocar la pudrici\u00f3n de las ra\u00edces, por lo que un buen drenaje es fundamental. Reduzca el riego en los meses m\u00e1s fr\u00edos, cuando el crecimiento se ralentiza.<\/p>\n<p><strong>Tierra y trasplante: <\/strong><br \/>\nUse una mezcla de tierra para bons\u00e1i con buen drenaje, generalmente una mezcla de akadama , piedra p\u00f3mez y roca volc\u00e1nica. Trasplante cada 2 o 3 a\u00f1os en primavera para refrescar la tierra y podar las ra\u00edces. El \u00e1rbol se recupera r\u00e1pidamente despu\u00e9s del trasplante si est\u00e1 sano.<\/p>\n<p><strong>Poda y alambrado: <\/strong><br \/>\nLa poda regular mantiene la copa compacta y fomenta el crecimiento de hojas m\u00e1s peque\u00f1as. El \u00e1rbol tolera podas fuertes y se recupera bien. El alambrado es posible durante todo el a\u00f1o, pero la corteza puede cicatrizar si el alambre se deja demasiado tiempo. Se suelen preferir las t\u00e9cnicas de poda y crecimiento.<\/p>\n<p>Para fomentar las ra\u00edces a\u00e9reas, aumente la humedad o envuelva las ramas con musgo. Con el tiempo, estas ra\u00edces pueden entrenarse para engrosar el tronco y realzar el car\u00e1cter del \u00e1rbol.<\/p>\n<p><strong>Fertilizaci\u00f3n: <\/strong><br \/>\nAbone cada dos semanas durante la temporada de crecimiento con un fertilizante l\u00edquido balanceado. Reduzca la fertilizaci\u00f3n en invierno si el crecimiento se ralentiza.<\/p>\n<p><strong>Opciones de estilo<\/strong><\/p>\n<p>Ficus Tiger Bark se adapta bien a muchos estilos de bons\u00e1i:<\/p>\n<ul>\n<li><strong>Vertical informal ( Moyogi ): <\/strong>El tronco flexible del \u00e1rbol se adapta a formas naturales y curvas.<\/li>\n<li><strong>Estilo Banyan: <\/strong>Las ra\u00edces a\u00e9reas pueden formar estructuras de ra\u00edces gruesas que imitan a los viejos \u00e1rboles banianos.<\/li>\n<li><strong>Ra\u00edz sobre roca: <\/strong>sus fuertes ra\u00edces pueden agarrarse a las rocas para lograr una exhibici\u00f3n espectacular.<\/li>\n<li><strong>Cascada o Semi-Cascada: <\/strong>Aunque menos com\u00fan, sus ramas flexibles hacen posibles estos estilos.<\/li>\n<\/ul>\n<p>Es un excelente bons\u00e1i de interior, especialmente con luz adecuada y temperaturas estables.<\/p>\n<p><strong>Problemas comunes<\/strong><\/p>\n<p>Aunque generalmente son resistentes a las plagas, los \u00e1rboles de interior pueden atraer <strong>\u00e1caros <\/strong>, <strong>cochinillas <\/strong>o <strong>cochinillas algodonosas <\/strong>. Estas plagas se pueden controlar con aceite de neem o jab\u00f3n insecticida. Los cambios repentinos en el ambiente, especialmente al trasladar el \u00e1rbol al interior, pueden provocar <strong>la ca\u00edda de las hojas <\/strong>, pero esta suele revertirse.<\/p>\n<p><strong>La pudrici\u00f3n de la ra\u00edz <\/strong>es el principal riesgo y se debe al exceso de riego o al mal drenaje. Los s\u00edntomas incluyen hojas amarillentas y un olor a humedad en la tierra. En ese caso, retire las ra\u00edces afectadas y trasplante a tierra fresca y con buen drenaje.<\/p>\n<p>El Ficus microcarpa &#8216;Tiger Bark&#8217; es uno de los \u00e1rboles m\u00e1s accesibles y gratificantes para el cultivo de bons\u00e1is. Su distintiva corteza, sus hojas peque\u00f1as y su capacidad de desarrollar ra\u00edces a\u00e9reas crean un \u00e1rbol de aspecto maduro y complejo, incluso en su juventud. A esto se suma su robustez y su car\u00e1cter tolerante, y el resultado es una especie ideal tanto para la pr\u00e1ctica como para la exhibici\u00f3n. Tanto si est\u00e1 empezando su primer bons\u00e1i como si est\u00e1 ampliando una colecci\u00f3n avanzada, el ficus Tiger Bark es una opci\u00f3n fiable y atractiva.<\/p>\n","protected":false},"excerpt":{"rendered":"<p>Ficus Microcarpa &#8216;Tiger Bark&#8217; Pre bons\u00e1i disponible en diferentes tama\u00f1os y formas.<\/p>\n","protected":false},"featured_media":869,"template":"","meta":[],"product_brand":[],"product_cat":[119],"product_tag":[],"woo-feed-brand":[],"class_list":{"0":"post-878","1":"product","2":"type-product","3":"status-publish","4":"has-post-thumbnail","6":"product_cat-prebonsai","8":"first","9":"instock","10":"shipping-taxable","11":"purchasable","12":"product-type-variable","13":"has-default-attributes","14":"prodpage-classic"},"yoast_head":"<!-- This site is optimized with the Yoast SEO Premium plugin v22.0 (Yoast SEO v22.7) - https:\/\/yoast.com\/wordpress\/plugins\/seo\/ -->\n<title>Ficus Microcarpa &#039;Tiger Bark&#039; Prebonsai<\/title>\n<meta name=\"description\" content=\"Ficus Microcarpa &#039;Tiger Bark&#039; Pre bons\u00e1i disponible en diferentes tama\u00f1os y formas.\" \/>\n<meta name=\"robots\" content=\"index, follow, max-snippet:-1, max-image-preview:large, max-video-preview:-1\" \/>\n<link rel=\"canonical\" href=\"https:\/\/bonsai-europe.com\/es\/producto\/prebonsai\/ficus-microcarpa-tiger-bark-prebonsai\/\" \/>\n<meta property=\"og:locale\" content=\"es_ES\" \/>\n<meta property=\"og:type\" content=\"article\" \/>\n<meta property=\"og:title\" content=\"Ficus Microcarpa &#039;Tiger Bark&#039; Prebonsai\" \/>\n<meta property=\"og:description\" content=\"Ficus Microcarpa &#039;Tiger Bark&#039; Pre bons\u00e1i disponible en diferentes tama\u00f1os y formas.\" \/>\n<meta property=\"og:url\" content=\"https:\/\/bonsai-europe.com\/es\/producto\/prebonsai\/ficus-microcarpa-tiger-bark-prebonsai\/\" \/>\n<meta property=\"og:site_name\" content=\"Bonsai Europe\" \/>\n<meta property=\"article:modified_time\" content=\"2026-02-17T08:50:11+00:00\" \/>\n<meta property=\"og:image\" content=\"https:\/\/bonsai-europe.com\/wp-content\/uploads\/2025\/05\/ficus-microcarpa-tiger-bark-2025-05-05-1-741x1024.png\" \/>\n\t<meta property=\"og:image:width\" content=\"741\" \/>\n\t<meta property=\"og:image:height\" content=\"1024\" \/>\n\t<meta property=\"og:image:type\" content=\"image\/png\" \/>\n<meta name=\"twitter:card\" content=\"summary_large_image\" \/>\n<meta name=\"twitter:label1\" content=\"Tiempo de lectura\" \/>\n\t<meta name=\"twitter:data1\" content=\"4 minutos\" \/>\n<script type=\"application\/ld+json\" class=\"yoast-schema-graph\">{\"@context\":\"https:\/\/schema.org\",\"@graph\":[{\"@type\":\"WebPage\",\"@id\":\"https:\/\/bonsai-europe.com\/es\/producto\/prebonsai\/ficus-microcarpa-tiger-bark-prebonsai\/\",\"url\":\"https:\/\/bonsai-europe.com\/es\/producto\/prebonsai\/ficus-microcarpa-tiger-bark-prebonsai\/\",\"name\":\"Ficus Microcarpa 'Tiger Bark' Prebonsai\",\"isPartOf\":{\"@id\":\"https:\/\/bonsai-europe.com\/es\/#website\"},\"primaryImageOfPage\":{\"@id\":\"https:\/\/bonsai-europe.com\/es\/producto\/prebonsai\/ficus-microcarpa-tiger-bark-prebonsai\/#primaryimage\"},\"image\":{\"@id\":\"https:\/\/bonsai-europe.com\/es\/producto\/prebonsai\/ficus-microcarpa-tiger-bark-prebonsai\/#primaryimage\"},\"thumbnailUrl\":\"https:\/\/bonsai-europe.com\/wp-content\/uploads\/2025\/05\/ficus-microcarpa-tiger-bark-2025-05-05-1.png\",\"datePublished\":\"2025-05-05T16:06:46+00:00\",\"dateModified\":\"2026-02-17T08:50:11+00:00\",\"description\":\"Ficus Microcarpa 'Tiger Bark' Pre bons\u00e1i disponible en diferentes tama\u00f1os y formas.\",\"breadcrumb\":{\"@id\":\"https:\/\/bonsai-europe.com\/es\/producto\/prebonsai\/ficus-microcarpa-tiger-bark-prebonsai\/#breadcrumb\"},\"inLanguage\":\"es\",\"potentialAction\":[{\"@type\":\"ReadAction\",\"target\":[\"https:\/\/bonsai-europe.com\/es\/producto\/prebonsai\/ficus-microcarpa-tiger-bark-prebonsai\/\"]}]},{\"@type\":\"ImageObject\",\"inLanguage\":\"es\",\"@id\":\"https:\/\/bonsai-europe.com\/es\/producto\/prebonsai\/ficus-microcarpa-tiger-bark-prebonsai\/#primaryimage\",\"url\":\"https:\/\/bonsai-europe.com\/wp-content\/uploads\/2025\/05\/ficus-microcarpa-tiger-bark-2025-05-05-1.png\",\"contentUrl\":\"https:\/\/bonsai-europe.com\/wp-content\/uploads\/2025\/05\/ficus-microcarpa-tiger-bark-2025-05-05-1.png\",\"width\":1809,\"height\":2500,\"caption\":\"ficus microcarpa tiger bark\"},{\"@type\":\"BreadcrumbList\",\"@id\":\"https:\/\/bonsai-europe.com\/es\/producto\/prebonsai\/ficus-microcarpa-tiger-bark-prebonsai\/#breadcrumb\",\"itemListElement\":[{\"@type\":\"ListItem\",\"position\":1,\"name\":\"Home\",\"item\":\"https:\/\/bonsai-europe.com\/es\/\"},{\"@type\":\"ListItem\",\"position\":2,\"name\":\"Tienda\",\"item\":\"https:\/\/bonsai-europe.com\/es\/tienda\/\"},{\"@type\":\"ListItem\",\"position\":3,\"name\":\"Ficus Microcarpa &#8216;Tiger Bark&#8217; Prebonsai\"}]},{\"@type\":\"WebSite\",\"@id\":\"https:\/\/bonsai-europe.com\/es\/#website\",\"url\":\"https:\/\/bonsai-europe.com\/es\/\",\"name\":\"Bonsai Europe\",\"description\":\"\",\"potentialAction\":[{\"@type\":\"SearchAction\",\"target\":{\"@type\":\"EntryPoint\",\"urlTemplate\":\"https:\/\/bonsai-europe.com\/es\/?s={search_term_string}\"},\"query-input\":\"required name=search_term_string\"}],\"inLanguage\":\"es\"}]}<\/script>\n<!-- \/ Yoast SEO Premium plugin. -->","yoast_head_json":{"title":"Ficus Microcarpa 'Tiger Bark' Prebonsai","description":"Ficus Microcarpa 'Tiger Bark' Pre bons\u00e1i disponible en diferentes tama\u00f1os y formas.","robots":{"index":"index","follow":"follow","max-snippet":"max-snippet:-1","max-image-preview":"max-image-preview:large","max-video-preview":"max-video-preview:-1"},"canonical":"https:\/\/bonsai-europe.com\/es\/producto\/prebonsai\/ficus-microcarpa-tiger-bark-prebonsai\/","og_locale":"es_ES","og_type":"article","og_title":"Ficus Microcarpa 'Tiger Bark' Prebonsai","og_description":"Ficus Microcarpa 'Tiger Bark' Pre bons\u00e1i disponible en diferentes tama\u00f1os y formas.","og_url":"https:\/\/bonsai-europe.com\/es\/producto\/prebonsai\/ficus-microcarpa-tiger-bark-prebonsai\/","og_site_name":"Bonsai Europe","article_modified_time":"2026-02-17T08:50:11+00:00","og_image":[{"width":741,"height":1024,"url":"https:\/\/bonsai-europe.com\/wp-content\/uploads\/2025\/05\/ficus-microcarpa-tiger-bark-2025-05-05-1-741x1024.png","type":"image\/png"}],"twitter_card":"summary_large_image","twitter_misc":{"Tiempo de lectura":"4 minutos"},"schema":{"@context":"https:\/\/schema.org","@graph":[{"@type":"WebPage","@id":"https:\/\/bonsai-europe.com\/es\/producto\/prebonsai\/ficus-microcarpa-tiger-bark-prebonsai\/","url":"https:\/\/bonsai-europe.com\/es\/producto\/prebonsai\/ficus-microcarpa-tiger-bark-prebonsai\/","name":"Ficus Microcarpa 'Tiger Bark' Prebonsai","isPartOf":{"@id":"https:\/\/bonsai-europe.com\/es\/#website"},"primaryImageOfPage":{"@id":"https:\/\/bonsai-europe.com\/es\/producto\/prebonsai\/ficus-microcarpa-tiger-bark-prebonsai\/#primaryimage"},"image":{"@id":"https:\/\/bonsai-europe.com\/es\/producto\/prebonsai\/ficus-microcarpa-tiger-bark-prebonsai\/#primaryimage"},"thumbnailUrl":"https:\/\/bonsai-europe.com\/wp-content\/uploads\/2025\/05\/ficus-microcarpa-tiger-bark-2025-05-05-1.png","datePublished":"2025-05-05T16:06:46+00:00","dateModified":"2026-02-17T08:50:11+00:00","description":"Ficus Microcarpa 'Tiger Bark' Pre bons\u00e1i disponible en diferentes tama\u00f1os y formas.","breadcrumb":{"@id":"https:\/\/bonsai-europe.com\/es\/producto\/prebonsai\/ficus-microcarpa-tiger-bark-prebonsai\/#breadcrumb"},"inLanguage":"es","potentialAction":[{"@type":"ReadAction","target":["https:\/\/bonsai-europe.com\/es\/producto\/prebonsai\/ficus-microcarpa-tiger-bark-prebonsai\/"]}]},{"@type":"ImageObject","inLanguage":"es","@id":"https:\/\/bonsai-europe.com\/es\/producto\/prebonsai\/ficus-microcarpa-tiger-bark-prebonsai\/#primaryimage","url":"https:\/\/bonsai-europe.com\/wp-content\/uploads\/2025\/05\/ficus-microcarpa-tiger-bark-2025-05-05-1.png","contentUrl":"https:\/\/bonsai-europe.com\/wp-content\/uploads\/2025\/05\/ficus-microcarpa-tiger-bark-2025-05-05-1.png","width":1809,"height":2500,"caption":"ficus microcarpa tiger bark"},{"@type":"BreadcrumbList","@id":"https:\/\/bonsai-europe.com\/es\/producto\/prebonsai\/ficus-microcarpa-tiger-bark-prebonsai\/#breadcrumb","itemListElement":[{"@type":"ListItem","position":1,"name":"Home","item":"https:\/\/bonsai-europe.com\/es\/"},{"@type":"ListItem","position":2,"name":"Tienda","item":"https:\/\/bonsai-europe.com\/es\/tienda\/"},{"@type":"ListItem","position":3,"name":"Ficus Microcarpa &#8216;Tiger Bark&#8217; Prebonsai"}]},{"@type":"WebSite","@id":"https:\/\/bonsai-europe.com\/es\/#website","url":"https:\/\/bonsai-europe.com\/es\/","name":"Bonsai Europe","description":"","potentialAction":[{"@type":"SearchAction","target":{"@type":"EntryPoint","urlTemplate":"https:\/\/bonsai-europe.com\/es\/?s={search_term_string}"},"query-input":"required name=search_term_string"}],"inLanguage":"es"}]}},"_links":{"self":[{"href":"https:\/\/bonsai-europe.com\/es\/wp-json\/wp\/v2\/product\/878","targetHints":{"allow":["GET"]}}],"collection":[{"href":"https:\/\/bonsai-europe.com\/es\/wp-json\/wp\/v2\/product"}],"about":[{"href":"https:\/\/bonsai-europe.com\/es\/wp-json\/wp\/v2\/types\/product"}],"wp:featuredmedia":[{"embeddable":true,"href":"https:\/\/bonsai-europe.com\/es\/wp-json\/wp\/v2\/media\/869"}],"wp:attachment":[{"href":"https:\/\/bonsai-europe.com\/es\/wp-json\/wp\/v2\/media?parent=878"}],"wp:term":[{"taxonomy":"product_brand","embeddable":true,"href":"https:\/\/bonsai-europe.com\/es\/wp-json\/wp\/v2\/product_brand?post=878"},{"taxonomy":"product_cat","embeddable":true,"href":"https:\/\/bonsai-europe.com\/es\/wp-json\/wp\/v2\/product_cat?post=878"},{"taxonomy":"product_tag","embeddable":true,"href":"https:\/\/bonsai-europe.com\/es\/wp-json\/wp\/v2\/product_tag?post=878"},{"taxonomy":"woo-feed-brand","embeddable":true,"href":"https:\/\/bonsai-europe.com\/es\/wp-json\/wp\/v2\/woo-feed-brand?post=878"}],"curies":[{"name":"wp","href":"https:\/\/api.w.org\/{rel}","templated":true}]}}