{"id":774,"date":"2024-11-12T17:07:39","date_gmt":"2024-11-12T16:07:39","guid":{"rendered":"https:\/\/bonsai-europe.com\/?post_type=product&#038;p=774"},"modified":"2026-01-27T14:22:27","modified_gmt":"2026-01-27T13:22:27","slug":"juniperus-chinensis-shimpaku-sargentii-enebro-chino-de-sargent","status":"publish","type":"product","link":"https:\/\/bonsai-europe.com\/es\/producto\/plantones\/juniperus-chinensis-shimpaku-sargentii-enebro-chino-de-sargent\/","title":{"rendered":"Juniperus Chinensis Sargentii &#8211; Enebro chino de Sargent"},"content":{"rendered":"<p>Juniperus chinensis &#8216; Sargentii &#8216;, conocido com\u00fanmente como Juniperus sargentii, es un arbusto perenne, vers\u00e1til y de bajo crecimiento, popular en paisajismo por su naturaleza resistente y amplia adaptabilidad. Su forma densa y extendida lo convierte en una cubierta vegetal ideal para \u00e1reas grandes, como pendientes y afloramientos rocosos, mientras que su atractivo follaje verde azulado aporta color al jard\u00edn durante todo el a\u00f1o. El follaje de esta con\u00edfera, de un verde fino y con forma de aguja que cambia a un toque de p\u00farpura durante los meses m\u00e1s fr\u00edos, agrega inter\u00e9s multiestacional y contraste de texturas a los jardines, brindando una belleza sutil y natural a una variedad de dise\u00f1os de paisajismo.<\/p>\n<p>El enebro de Sargent generalmente crece hasta aproximadamente 1-2 metros de altura con una extensi\u00f3n de hasta 2 metros, lo que le permite cubrir amplias \u00e1reas con facilidad. Esto lo hace especialmente valioso para el control de la erosi\u00f3n, ya que sus ra\u00edces y su perfil bajo ayudan a estabilizar el suelo y evitan los deslaves en pendientes o terraplenes. Como planta resistente y tolerante a la sequ\u00eda, una vez establecida, requiere un mantenimiento m\u00ednimo, lo que la convierte en una opci\u00f3n pr\u00e1ctica para jardines con poca agua o xerojardiner\u00eda. Adem\u00e1s, el enebro de Sargent es resistente a los ciervos y tolera varios tipos de suelo, prosperando en suelos bien drenados, arenosos o rocosos y soportando la exposici\u00f3n total al sol que necesita para una salud \u00f3ptima.<\/p>\n<p>En paisajismo, Juniperus chinensis &#8216; Sargentii &#8216; cumple m\u00faltiples prop\u00f3sitos: su h\u00e1bito extendido y pegado al suelo le permite cubrir el suelo desnudo de manera efectiva, rellenando espacios entre plantas m\u00e1s altas o sirviendo como planta de sotobosque debajo de los \u00e1rboles. Sus finas agujas de color verde azulado suavizan el aspecto de los paisajes duros en los jardines de rocas, contrastando maravillosamente con la piedra o el hormig\u00f3n. La resistencia y la est\u00e9tica robusta de este enebro tambi\u00e9n lo hacen adecuado para jardines costeros, donde puede soportar tanto el aire salado como los suelos arenosos, creando un aspecto natural unificado para propiedades junto a la playa o frente al lago. Su adaptabilidad y resistencia a las condiciones desafiantes brindan a los jardineros muchas opciones para integrar esta planta en dise\u00f1os de jardines m\u00e1s grandes.<\/p>\n<p><strong>Importancia en el dise\u00f1o de Bons\u00e1is<\/strong><\/p>\n<p>M\u00e1s all\u00e1 de su valor como cubierta vegetal, Juniperus chinensis &#8216; Sargentii &#8216; es muy buscado en <strong>el dise\u00f1o de bons\u00e1is <\/strong>debido a su forma natural, facilidad de modelado y capacidad para tolerar la poda y el entrenamiento. El h\u00e1bito de ramificaci\u00f3n de Sargent Juniper es excelente para los entusiastas del bons\u00e1i que buscan lograr un aspecto maduro y naturalista que emule a los \u00e1rboles antiguos. La naturaleza resistente de la planta y su tolerancia a la sequ\u00eda la hacen resistente en el entorno de los bons\u00e1is, lo que permite esculpir y podar para lograr formas elegantes que imitan a los \u00e1rboles que se ven en la naturaleza. Este enebro es el favorito para estilos como cascada y semicascada, donde las ramas se entrenan para que caigan con gracia hacia abajo, lo que da una apariencia din\u00e1mica que evoca a los \u00e1rboles de los acantilados o azotados por el viento.<\/p>\n<p>El follaje suave y verde azulado del Juniperus chinensis &#8216; Sargentii &#8216; responde bien a las t\u00e9cnicas de entrenamiento de bons\u00e1i, como el alambrado y la poda, lo que permite a los artistas crear formas detalladas y dise\u00f1os intrincados con el tiempo. Sus ramas flexibles se pueden alambrar f\u00e1cilmente para lograr la forma deseada, mientras que sus densas almohadillas de follaje ayudan a definir cada rama para lograr una apariencia completa y exuberante en forma de bons\u00e1i. Adem\u00e1s, su tendencia a desarrollar una corteza ligeramente \u00e1spera y texturizada agrega un aspecto envejecido, mejorando el atractivo visual de las creaciones de bons\u00e1i. La poda regular y estrat\u00e9gica ayuda a mantener la forma del enebro al mismo tiempo que estimula el crecimiento de un follaje m\u00e1s fino, una caracter\u00edstica particularmente valorada por los artistas del bons\u00e1i por el aspecto intrincado que aporta a sus exhibiciones.<\/p>\n<p><strong>Consejos de cuidado<\/strong><\/p>\n<p>Ya sea que se utilice como cubierta vegetal o en un dise\u00f1o de bons\u00e1i, el enebro de Sargent requiere relativamente poco mantenimiento, pero se beneficia de algunas pr\u00e1cticas de cuidado espec\u00edficas. En un entorno de jard\u00edn, prospera a pleno sol y requiere un suelo con buen drenaje para evitar la pudrici\u00f3n de las ra\u00edces, que puede desarrollarse en condiciones de excesiva humedad. Una vez establecido, puede tolerar la sequ\u00eda y solo requiere riego ocasional, lo que lo hace ideal para paisajes que ahorran agua. Aunque el enebro de Sargent es bastante resistente, puede beneficiarse de un acolchado ocasional para retener la humedad del suelo y proporcionar nutrientes adicionales.<\/p>\n<p>Como bons\u00e1i, Juniperus chinensis &#8216; Sargentii &#8216; agradece el riego regular, aunque es mejor dejar que la tierra se seque ligeramente entre riegos para evitar que las ra\u00edces se encharquen. Los entusiastas del bons\u00e1i tambi\u00e9n se beneficiar\u00e1n de rociar el follaje peri\u00f3dicamente para mantener altos los niveles de humedad, especialmente durante las estaciones secas o en ambientes interiores con calefacci\u00f3n. La poda y el alambrado deben realizarse con cuidado para evitar da\u00f1ar el follaje de textura fina, y se recomienda realizar una poda de mantenimiento durante la temporada de crecimiento para conservar su estructura.<\/p>\n<p>Ya sea plantado como una cubierta vegetal resistente y resistente a la sequ\u00eda o cultivado como un ejemplar de bons\u00e1i elegante y atemporal, Juniperus chinensis &#8216; Sargentii &#8216; aporta belleza resistente y versatilidad a cualquier jard\u00edn o colecci\u00f3n de bons\u00e1is.<\/p>\n<p><strong>Nombre cient\u00edfico:<\/strong> Juniperus Chinensis Shimpaku var. Sargentii<br \/>\n<strong>Nombre com\u00fan:<\/strong> Enebro chino de Sargent<br \/>\n<strong>Origen:<\/strong>\u00a0Jap\u00f3n<br \/>\n<strong>Altura de crecimiento:<\/strong> m\u00e1ximo 1 metro.<br \/>\n<strong>Tama\u00f1os disponibles:<\/strong> 10 \u2013 30 cm<br \/>\n<strong>Edad:<\/strong> 2 \u2013 4 a\u00f1os<br \/>\n<strong>Forma de entrega:<\/strong> maceta 9 x 9 x 10 cm<\/p>\n","protected":false},"excerpt":{"rendered":"<p>Juniperus Chinensis Shimpaku Sargentii plantones, 5-30cm<\/p>\n","protected":false},"featured_media":764,"template":"","meta":[],"product_brand":[],"product_cat":[36],"product_tag":[],"woo-feed-brand":[],"class_list":{"0":"post-774","1":"product","2":"type-product","3":"status-publish","4":"has-post-thumbnail","6":"product_cat-plantones","8":"first","9":"instock","10":"featured","11":"shipping-taxable","12":"purchasable","13":"product-type-variable","14":"prodpage-classic"},"yoast_head":"<!-- This site is optimized with the Yoast SEO Premium plugin v22.0 (Yoast SEO v22.7) - https:\/\/yoast.com\/wordpress\/plugins\/seo\/ -->\n<title>Juniperus Chinensis Sargentii - Enebro chino de Sargent<\/title>\n<meta name=\"description\" content=\"Juniperus Chinensis Shimpaku Sargentii es una buena opci\u00f3n para crear un bonito bons\u00e1i desde cero. Echa un vistazo a nuestros plantones de calidad de 10-30 cm.\" \/>\n<meta name=\"robots\" content=\"index, follow, max-snippet:-1, max-image-preview:large, max-video-preview:-1\" \/>\n<link rel=\"canonical\" href=\"https:\/\/bonsai-europe.com\/es\/producto\/plantones\/juniperus-chinensis-shimpaku-sargentii-enebro-chino-de-sargent\/\" \/>\n<meta property=\"og:locale\" content=\"es_ES\" \/>\n<meta property=\"og:type\" content=\"article\" \/>\n<meta property=\"og:title\" content=\"Juniperus Chinensis Sargentii - Enebro chino de Sargent\" \/>\n<meta property=\"og:description\" content=\"Juniperus Chinensis Shimpaku Sargentii es una buena opci\u00f3n para crear un bonito bons\u00e1i desde cero. Echa un vistazo a nuestros plantones de calidad de 10-30 cm.\" \/>\n<meta property=\"og:url\" content=\"https:\/\/bonsai-europe.com\/es\/producto\/plantones\/juniperus-chinensis-shimpaku-sargentii-enebro-chino-de-sargent\/\" \/>\n<meta property=\"og:site_name\" content=\"Bonsai Europe\" \/>\n<meta property=\"article:modified_time\" content=\"2026-01-27T13:22:27+00:00\" \/>\n<meta property=\"og:image\" content=\"https:\/\/bonsai-europe.com\/wp-content\/uploads\/2024\/11\/juniperus-chinensis-sargentii-2.png\" \/>\n\t<meta property=\"og:image:width\" content=\"1280\" \/>\n\t<meta property=\"og:image:height\" content=\"853\" \/>\n\t<meta property=\"og:image:type\" content=\"image\/png\" \/>\n<meta name=\"twitter:card\" content=\"summary_large_image\" \/>\n<meta name=\"twitter:label1\" content=\"Tiempo de lectura\" \/>\n\t<meta name=\"twitter:data1\" content=\"5 minutos\" \/>\n<script type=\"application\/ld+json\" class=\"yoast-schema-graph\">{\"@context\":\"https:\/\/schema.org\",\"@graph\":[{\"@type\":\"WebPage\",\"@id\":\"https:\/\/bonsai-europe.com\/es\/producto\/plantones\/juniperus-chinensis-shimpaku-sargentii-enebro-chino-de-sargent\/\",\"url\":\"https:\/\/bonsai-europe.com\/es\/producto\/plantones\/juniperus-chinensis-shimpaku-sargentii-enebro-chino-de-sargent\/\",\"name\":\"Juniperus Chinensis Sargentii - Enebro chino de Sargent\",\"isPartOf\":{\"@id\":\"https:\/\/bonsai-europe.com\/es\/#website\"},\"primaryImageOfPage\":{\"@id\":\"https:\/\/bonsai-europe.com\/es\/producto\/plantones\/juniperus-chinensis-shimpaku-sargentii-enebro-chino-de-sargent\/#primaryimage\"},\"image\":{\"@id\":\"https:\/\/bonsai-europe.com\/es\/producto\/plantones\/juniperus-chinensis-shimpaku-sargentii-enebro-chino-de-sargent\/#primaryimage\"},\"thumbnailUrl\":\"https:\/\/bonsai-europe.com\/wp-content\/uploads\/2024\/11\/juniperus-chinensis-sargentii-2.png\",\"datePublished\":\"2024-11-12T16:07:39+00:00\",\"dateModified\":\"2026-01-27T13:22:27+00:00\",\"description\":\"Juniperus Chinensis Shimpaku Sargentii es una buena opci\u00f3n para crear un bonito bons\u00e1i desde cero. Echa un vistazo a nuestros plantones de calidad de 10-30 cm.\",\"breadcrumb\":{\"@id\":\"https:\/\/bonsai-europe.com\/es\/producto\/plantones\/juniperus-chinensis-shimpaku-sargentii-enebro-chino-de-sargent\/#breadcrumb\"},\"inLanguage\":\"es\",\"potentialAction\":[{\"@type\":\"ReadAction\",\"target\":[\"https:\/\/bonsai-europe.com\/es\/producto\/plantones\/juniperus-chinensis-shimpaku-sargentii-enebro-chino-de-sargent\/\"]}]},{\"@type\":\"ImageObject\",\"inLanguage\":\"es\",\"@id\":\"https:\/\/bonsai-europe.com\/es\/producto\/plantones\/juniperus-chinensis-shimpaku-sargentii-enebro-chino-de-sargent\/#primaryimage\",\"url\":\"https:\/\/bonsai-europe.com\/wp-content\/uploads\/2024\/11\/juniperus-chinensis-sargentii-2.png\",\"contentUrl\":\"https:\/\/bonsai-europe.com\/wp-content\/uploads\/2024\/11\/juniperus-chinensis-sargentii-2.png\",\"width\":1280,\"height\":853,\"caption\":\"juniperus-chinensis-sargentii-2\"},{\"@type\":\"BreadcrumbList\",\"@id\":\"https:\/\/bonsai-europe.com\/es\/producto\/plantones\/juniperus-chinensis-shimpaku-sargentii-enebro-chino-de-sargent\/#breadcrumb\",\"itemListElement\":[{\"@type\":\"ListItem\",\"position\":1,\"name\":\"Home\",\"item\":\"https:\/\/bonsai-europe.com\/es\/\"},{\"@type\":\"ListItem\",\"position\":2,\"name\":\"Tienda\",\"item\":\"https:\/\/bonsai-europe.com\/es\/tienda\/\"},{\"@type\":\"ListItem\",\"position\":3,\"name\":\"Juniperus Chinensis Sargentii &#8211; Enebro chino de Sargent\"}]},{\"@type\":\"WebSite\",\"@id\":\"https:\/\/bonsai-europe.com\/es\/#website\",\"url\":\"https:\/\/bonsai-europe.com\/es\/\",\"name\":\"Bonsai Europe\",\"description\":\"\",\"potentialAction\":[{\"@type\":\"SearchAction\",\"target\":{\"@type\":\"EntryPoint\",\"urlTemplate\":\"https:\/\/bonsai-europe.com\/es\/?s={search_term_string}\"},\"query-input\":\"required name=search_term_string\"}],\"inLanguage\":\"es\"}]}<\/script>\n<!-- \/ Yoast SEO Premium plugin. -->","yoast_head_json":{"title":"Juniperus Chinensis Sargentii - Enebro chino de Sargent","description":"Juniperus Chinensis Shimpaku Sargentii es una buena opci\u00f3n para crear un bonito bons\u00e1i desde cero. Echa un vistazo a nuestros plantones de calidad de 10-30 cm.","robots":{"index":"index","follow":"follow","max-snippet":"max-snippet:-1","max-image-preview":"max-image-preview:large","max-video-preview":"max-video-preview:-1"},"canonical":"https:\/\/bonsai-europe.com\/es\/producto\/plantones\/juniperus-chinensis-shimpaku-sargentii-enebro-chino-de-sargent\/","og_locale":"es_ES","og_type":"article","og_title":"Juniperus Chinensis Sargentii - Enebro chino de Sargent","og_description":"Juniperus Chinensis Shimpaku Sargentii es una buena opci\u00f3n para crear un bonito bons\u00e1i desde cero. Echa un vistazo a nuestros plantones de calidad de 10-30 cm.","og_url":"https:\/\/bonsai-europe.com\/es\/producto\/plantones\/juniperus-chinensis-shimpaku-sargentii-enebro-chino-de-sargent\/","og_site_name":"Bonsai Europe","article_modified_time":"2026-01-27T13:22:27+00:00","og_image":[{"width":1280,"height":853,"url":"https:\/\/bonsai-europe.com\/wp-content\/uploads\/2024\/11\/juniperus-chinensis-sargentii-2.png","type":"image\/png"}],"twitter_card":"summary_large_image","twitter_misc":{"Tiempo de lectura":"5 minutos"},"schema":{"@context":"https:\/\/schema.org","@graph":[{"@type":"WebPage","@id":"https:\/\/bonsai-europe.com\/es\/producto\/plantones\/juniperus-chinensis-shimpaku-sargentii-enebro-chino-de-sargent\/","url":"https:\/\/bonsai-europe.com\/es\/producto\/plantones\/juniperus-chinensis-shimpaku-sargentii-enebro-chino-de-sargent\/","name":"Juniperus Chinensis Sargentii - Enebro chino de Sargent","isPartOf":{"@id":"https:\/\/bonsai-europe.com\/es\/#website"},"primaryImageOfPage":{"@id":"https:\/\/bonsai-europe.com\/es\/producto\/plantones\/juniperus-chinensis-shimpaku-sargentii-enebro-chino-de-sargent\/#primaryimage"},"image":{"@id":"https:\/\/bonsai-europe.com\/es\/producto\/plantones\/juniperus-chinensis-shimpaku-sargentii-enebro-chino-de-sargent\/#primaryimage"},"thumbnailUrl":"https:\/\/bonsai-europe.com\/wp-content\/uploads\/2024\/11\/juniperus-chinensis-sargentii-2.png","datePublished":"2024-11-12T16:07:39+00:00","dateModified":"2026-01-27T13:22:27+00:00","description":"Juniperus Chinensis Shimpaku Sargentii es una buena opci\u00f3n para crear un bonito bons\u00e1i desde cero. Echa un vistazo a nuestros plantones de calidad de 10-30 cm.","breadcrumb":{"@id":"https:\/\/bonsai-europe.com\/es\/producto\/plantones\/juniperus-chinensis-shimpaku-sargentii-enebro-chino-de-sargent\/#breadcrumb"},"inLanguage":"es","potentialAction":[{"@type":"ReadAction","target":["https:\/\/bonsai-europe.com\/es\/producto\/plantones\/juniperus-chinensis-shimpaku-sargentii-enebro-chino-de-sargent\/"]}]},{"@type":"ImageObject","inLanguage":"es","@id":"https:\/\/bonsai-europe.com\/es\/producto\/plantones\/juniperus-chinensis-shimpaku-sargentii-enebro-chino-de-sargent\/#primaryimage","url":"https:\/\/bonsai-europe.com\/wp-content\/uploads\/2024\/11\/juniperus-chinensis-sargentii-2.png","contentUrl":"https:\/\/bonsai-europe.com\/wp-content\/uploads\/2024\/11\/juniperus-chinensis-sargentii-2.png","width":1280,"height":853,"caption":"juniperus-chinensis-sargentii-2"},{"@type":"BreadcrumbList","@id":"https:\/\/bonsai-europe.com\/es\/producto\/plantones\/juniperus-chinensis-shimpaku-sargentii-enebro-chino-de-sargent\/#breadcrumb","itemListElement":[{"@type":"ListItem","position":1,"name":"Home","item":"https:\/\/bonsai-europe.com\/es\/"},{"@type":"ListItem","position":2,"name":"Tienda","item":"https:\/\/bonsai-europe.com\/es\/tienda\/"},{"@type":"ListItem","position":3,"name":"Juniperus Chinensis Sargentii &#8211; Enebro chino de Sargent"}]},{"@type":"WebSite","@id":"https:\/\/bonsai-europe.com\/es\/#website","url":"https:\/\/bonsai-europe.com\/es\/","name":"Bonsai Europe","description":"","potentialAction":[{"@type":"SearchAction","target":{"@type":"EntryPoint","urlTemplate":"https:\/\/bonsai-europe.com\/es\/?s={search_term_string}"},"query-input":"required name=search_term_string"}],"inLanguage":"es"}]}},"_links":{"self":[{"href":"https:\/\/bonsai-europe.com\/es\/wp-json\/wp\/v2\/product\/774","targetHints":{"allow":["GET"]}}],"collection":[{"href":"https:\/\/bonsai-europe.com\/es\/wp-json\/wp\/v2\/product"}],"about":[{"href":"https:\/\/bonsai-europe.com\/es\/wp-json\/wp\/v2\/types\/product"}],"wp:featuredmedia":[{"embeddable":true,"href":"https:\/\/bonsai-europe.com\/es\/wp-json\/wp\/v2\/media\/764"}],"wp:attachment":[{"href":"https:\/\/bonsai-europe.com\/es\/wp-json\/wp\/v2\/media?parent=774"}],"wp:term":[{"taxonomy":"product_brand","embeddable":true,"href":"https:\/\/bonsai-europe.com\/es\/wp-json\/wp\/v2\/product_brand?post=774"},{"taxonomy":"product_cat","embeddable":true,"href":"https:\/\/bonsai-europe.com\/es\/wp-json\/wp\/v2\/product_cat?post=774"},{"taxonomy":"product_tag","embeddable":true,"href":"https:\/\/bonsai-europe.com\/es\/wp-json\/wp\/v2\/product_tag?post=774"},{"taxonomy":"woo-feed-brand","embeddable":true,"href":"https:\/\/bonsai-europe.com\/es\/wp-json\/wp\/v2\/woo-feed-brand?post=774"}],"curies":[{"name":"wp","href":"https:\/\/api.w.org\/{rel}","templated":true}]}}