{"id":206,"date":"2024-03-02T13:39:44","date_gmt":"2024-03-02T12:39:44","guid":{"rendered":"https:\/\/bonsai-europe.com\/?post_type=product&#038;p=206"},"modified":"2024-04-22T08:22:37","modified_gmt":"2024-04-22T06:22:37","slug":"pinus-parviflora","status":"publish","type":"product","link":"https:\/\/bonsai-europe.com\/es\/producto\/plantones\/pinus-parviflora\/","title":{"rendered":"Pinus Parviflora &#8211; Pino blanco japon\u00e9s"},"content":{"rendered":"<p>El pino blanco japon\u00e9s (Pinus parviflora) es una especie vegetal preciada com\u00fanmente utilizada en el dise\u00f1o de bons\u00e1i y valorada por su apariencia elegante, sus delicadas agujas y su elegante forma. Las formas m\u00e1s antiguas del pino virgen se encuentran entre los bons\u00e1is m\u00e1s caros del mundo.<\/p>\n<h3>Apariencia<\/h3>\n<p>Los Pinus Parviflora Bonsai se caracterizan por sus gr\u00e1ciles y esbeltas agujas dispuestas en grupos de cinco, formando un dosel suave y delicado. El color de las agujas var\u00eda del verde brillante al azul plateado, seg\u00fan la variedad y las condiciones ambientales. Las ramas del bons\u00e1i de pino japon\u00e9s suelen presentar una silueta elegante y curva que evoca una sensaci\u00f3n de calma y armon\u00eda.<\/p>\n<h3>Relevancia cultural<\/h3>\n<p>En la cultura japonesa, el pino blanco japon\u00e9s tiene un profundo significado simb\u00f3lico y se asocia con la pureza, la longevidad y la iluminaci\u00f3n. Venerado por su elegante belleza y significado espiritual, a menudo se representa en el arte y la literatura tradicionales como un s\u00edmbolo de resiliencia y paz interior. Por lo tanto, los bons\u00e1i de pino japon\u00e9s son valorados por su capacidad de evocar una sensaci\u00f3n de serenidad y contemplaci\u00f3n en el espectador.<\/p>\n<h3>Idoneidad como bons\u00e1i<\/h3>\n<p>Pinus Parviflora se adapta bien al dise\u00f1o de bons\u00e1i debido a su tama\u00f1o compacto, apariencia sofisticada y capacidad de respuesta a las t\u00e9cnicas de corte y peinado. Debido a que es una especie de crecimiento lento, los artistas del bons\u00e1i tienen mucho tiempo para moldear y perfeccionar la forma del \u00e1rbol a lo largo de los a\u00f1os. Los bons\u00e1is de pino doncella japon\u00e9s prosperan en suelos bien drenados con buena aireaci\u00f3n y prefieren un lugar soleado para promover un crecimiento saludable y un color vibrante del follaje.<\/p>\n<p>El pino blanco japon\u00e9s se considera una planta exigente y de dif\u00edcil mantenimiento en Europa. Por lo tanto, en las tiendas normalmente se pueden encontrar ejemplares refinados de Pinus Thunbergii, ya que esta especie es mucho m\u00e1s robusta que Pinus Parviflora.<\/p>\n<p><strong>Nombre cient\u00edfico:<\/strong> Pinus parviflora, Pinus pentaphylla<br \/>\n<strong>Nombre com\u00fan:<\/strong> Pino blanco japon\u00e9s<br \/>\n<strong>Origen:<\/strong> Jap\u00f3n<br \/>\n<strong>Altura de crecimiento:<\/strong> m\u00e1ximo 1 metro.<br \/>\n<strong>Tama\u00f1os disponibles:<\/strong> 5 &#8211; 30 cm<br \/>\n<strong>Edad:<\/strong> 2 &#8211; 4 a\u00f1os<br \/>\n<strong>Forma de entrega:<\/strong> maceta 9 x 9 x 10 cm<\/p>\n","protected":false},"excerpt":{"rendered":"<p>Plantones de Pinus Parviflora, 10 &#8211; 30 cm<\/p>\n","protected":false},"featured_media":128,"template":"","meta":[],"product_brand":[],"product_cat":[36],"product_tag":[],"woo-feed-brand":[],"class_list":{"0":"post-206","1":"product","2":"type-product","3":"status-publish","4":"has-post-thumbnail","6":"product_cat-plantones","8":"first","9":"outofstock","10":"featured","11":"shipping-taxable","12":"purchasable","13":"product-type-variable","14":"has-default-attributes","15":"prodpage-classic"},"yoast_head":"<!-- This site is optimized with the Yoast SEO Premium plugin v22.0 (Yoast SEO v22.7) - https:\/\/yoast.com\/wordpress\/plugins\/seo\/ -->\n<title>Pinus Parviflora - Pino blanco japon\u00e9s<\/title>\n<meta name=\"description\" content=\"Crea hermosos bons\u00e1is a partir de nuestros plantones de pinos blancos japoneses (pinus parviflora) para comenzar tu viaje en bons\u00e1i japon\u00e9s.\" \/>\n<meta name=\"robots\" content=\"index, follow, max-snippet:-1, max-image-preview:large, max-video-preview:-1\" \/>\n<link rel=\"canonical\" href=\"https:\/\/bonsai-europe.com\/es\/producto\/plantones\/pinus-parviflora\/\" \/>\n<meta property=\"og:locale\" content=\"es_ES\" \/>\n<meta property=\"og:type\" content=\"article\" \/>\n<meta property=\"og:title\" content=\"Pinus Parviflora - Pino blanco japon\u00e9s\" \/>\n<meta property=\"og:description\" content=\"Crea hermosos bons\u00e1is a partir de nuestros plantones de pinos blancos japoneses (pinus parviflora) para comenzar tu viaje en bons\u00e1i japon\u00e9s.\" \/>\n<meta property=\"og:url\" content=\"https:\/\/bonsai-europe.com\/es\/producto\/plantones\/pinus-parviflora\/\" \/>\n<meta property=\"og:site_name\" content=\"Bonsai Europe\" \/>\n<meta property=\"article:modified_time\" content=\"2024-04-22T06:22:37+00:00\" \/>\n<meta property=\"og:image\" content=\"https:\/\/bonsai-europe.com\/wp-content\/uploads\/2024\/03\/pinus-parviflora.jpg\" \/>\n\t<meta property=\"og:image:width\" content=\"1000\" \/>\n\t<meta property=\"og:image:height\" content=\"1000\" \/>\n\t<meta property=\"og:image:type\" content=\"image\/jpeg\" \/>\n<meta name=\"twitter:card\" content=\"summary_large_image\" \/>\n<meta name=\"twitter:label1\" content=\"Tiempo de lectura\" \/>\n\t<meta name=\"twitter:data1\" content=\"2 minutos\" \/>\n<script type=\"application\/ld+json\" class=\"yoast-schema-graph\">{\"@context\":\"https:\/\/schema.org\",\"@graph\":[{\"@type\":\"WebPage\",\"@id\":\"https:\/\/bonsai-europe.com\/es\/producto\/plantones\/pinus-parviflora\/\",\"url\":\"https:\/\/bonsai-europe.com\/es\/producto\/plantones\/pinus-parviflora\/\",\"name\":\"Pinus Parviflora - Pino blanco japon\u00e9s\",\"isPartOf\":{\"@id\":\"https:\/\/bonsai-europe.com\/es\/#website\"},\"primaryImageOfPage\":{\"@id\":\"https:\/\/bonsai-europe.com\/es\/producto\/plantones\/pinus-parviflora\/#primaryimage\"},\"image\":{\"@id\":\"https:\/\/bonsai-europe.com\/es\/producto\/plantones\/pinus-parviflora\/#primaryimage\"},\"thumbnailUrl\":\"https:\/\/bonsai-europe.com\/wp-content\/uploads\/2024\/03\/pinus-parviflora.jpg\",\"datePublished\":\"2024-03-02T12:39:44+00:00\",\"dateModified\":\"2024-04-22T06:22:37+00:00\",\"description\":\"Crea hermosos bons\u00e1is a partir de nuestros plantones de pinos blancos japoneses (pinus parviflora) para comenzar tu viaje en bons\u00e1i japon\u00e9s.\",\"breadcrumb\":{\"@id\":\"https:\/\/bonsai-europe.com\/es\/producto\/plantones\/pinus-parviflora\/#breadcrumb\"},\"inLanguage\":\"es\",\"potentialAction\":[{\"@type\":\"ReadAction\",\"target\":[\"https:\/\/bonsai-europe.com\/es\/producto\/plantones\/pinus-parviflora\/\"]}]},{\"@type\":\"ImageObject\",\"inLanguage\":\"es\",\"@id\":\"https:\/\/bonsai-europe.com\/es\/producto\/plantones\/pinus-parviflora\/#primaryimage\",\"url\":\"https:\/\/bonsai-europe.com\/wp-content\/uploads\/2024\/03\/pinus-parviflora.jpg\",\"contentUrl\":\"https:\/\/bonsai-europe.com\/wp-content\/uploads\/2024\/03\/pinus-parviflora.jpg\",\"width\":1000,\"height\":1000,\"caption\":\"pinus-parviflora\"},{\"@type\":\"BreadcrumbList\",\"@id\":\"https:\/\/bonsai-europe.com\/es\/producto\/plantones\/pinus-parviflora\/#breadcrumb\",\"itemListElement\":[{\"@type\":\"ListItem\",\"position\":1,\"name\":\"Home\",\"item\":\"https:\/\/bonsai-europe.com\/es\/\"},{\"@type\":\"ListItem\",\"position\":2,\"name\":\"Tienda\",\"item\":\"https:\/\/bonsai-europe.com\/es\/tienda\/\"},{\"@type\":\"ListItem\",\"position\":3,\"name\":\"Pinus Parviflora &#8211; Pino blanco japon\u00e9s\"}]},{\"@type\":\"WebSite\",\"@id\":\"https:\/\/bonsai-europe.com\/es\/#website\",\"url\":\"https:\/\/bonsai-europe.com\/es\/\",\"name\":\"Bonsai Europe\",\"description\":\"\",\"potentialAction\":[{\"@type\":\"SearchAction\",\"target\":{\"@type\":\"EntryPoint\",\"urlTemplate\":\"https:\/\/bonsai-europe.com\/es\/?s={search_term_string}\"},\"query-input\":\"required name=search_term_string\"}],\"inLanguage\":\"es\"}]}<\/script>\n<!-- \/ Yoast SEO Premium plugin. -->","yoast_head_json":{"title":"Pinus Parviflora - Pino blanco japon\u00e9s","description":"Crea hermosos bons\u00e1is a partir de nuestros plantones de pinos blancos japoneses (pinus parviflora) para comenzar tu viaje en bons\u00e1i japon\u00e9s.","robots":{"index":"index","follow":"follow","max-snippet":"max-snippet:-1","max-image-preview":"max-image-preview:large","max-video-preview":"max-video-preview:-1"},"canonical":"https:\/\/bonsai-europe.com\/es\/producto\/plantones\/pinus-parviflora\/","og_locale":"es_ES","og_type":"article","og_title":"Pinus Parviflora - Pino blanco japon\u00e9s","og_description":"Crea hermosos bons\u00e1is a partir de nuestros plantones de pinos blancos japoneses (pinus parviflora) para comenzar tu viaje en bons\u00e1i japon\u00e9s.","og_url":"https:\/\/bonsai-europe.com\/es\/producto\/plantones\/pinus-parviflora\/","og_site_name":"Bonsai Europe","article_modified_time":"2024-04-22T06:22:37+00:00","og_image":[{"width":1000,"height":1000,"url":"https:\/\/bonsai-europe.com\/wp-content\/uploads\/2024\/03\/pinus-parviflora.jpg","type":"image\/jpeg"}],"twitter_card":"summary_large_image","twitter_misc":{"Tiempo de lectura":"2 minutos"},"schema":{"@context":"https:\/\/schema.org","@graph":[{"@type":"WebPage","@id":"https:\/\/bonsai-europe.com\/es\/producto\/plantones\/pinus-parviflora\/","url":"https:\/\/bonsai-europe.com\/es\/producto\/plantones\/pinus-parviflora\/","name":"Pinus Parviflora - Pino blanco japon\u00e9s","isPartOf":{"@id":"https:\/\/bonsai-europe.com\/es\/#website"},"primaryImageOfPage":{"@id":"https:\/\/bonsai-europe.com\/es\/producto\/plantones\/pinus-parviflora\/#primaryimage"},"image":{"@id":"https:\/\/bonsai-europe.com\/es\/producto\/plantones\/pinus-parviflora\/#primaryimage"},"thumbnailUrl":"https:\/\/bonsai-europe.com\/wp-content\/uploads\/2024\/03\/pinus-parviflora.jpg","datePublished":"2024-03-02T12:39:44+00:00","dateModified":"2024-04-22T06:22:37+00:00","description":"Crea hermosos bons\u00e1is a partir de nuestros plantones de pinos blancos japoneses (pinus parviflora) para comenzar tu viaje en bons\u00e1i japon\u00e9s.","breadcrumb":{"@id":"https:\/\/bonsai-europe.com\/es\/producto\/plantones\/pinus-parviflora\/#breadcrumb"},"inLanguage":"es","potentialAction":[{"@type":"ReadAction","target":["https:\/\/bonsai-europe.com\/es\/producto\/plantones\/pinus-parviflora\/"]}]},{"@type":"ImageObject","inLanguage":"es","@id":"https:\/\/bonsai-europe.com\/es\/producto\/plantones\/pinus-parviflora\/#primaryimage","url":"https:\/\/bonsai-europe.com\/wp-content\/uploads\/2024\/03\/pinus-parviflora.jpg","contentUrl":"https:\/\/bonsai-europe.com\/wp-content\/uploads\/2024\/03\/pinus-parviflora.jpg","width":1000,"height":1000,"caption":"pinus-parviflora"},{"@type":"BreadcrumbList","@id":"https:\/\/bonsai-europe.com\/es\/producto\/plantones\/pinus-parviflora\/#breadcrumb","itemListElement":[{"@type":"ListItem","position":1,"name":"Home","item":"https:\/\/bonsai-europe.com\/es\/"},{"@type":"ListItem","position":2,"name":"Tienda","item":"https:\/\/bonsai-europe.com\/es\/tienda\/"},{"@type":"ListItem","position":3,"name":"Pinus Parviflora &#8211; Pino blanco japon\u00e9s"}]},{"@type":"WebSite","@id":"https:\/\/bonsai-europe.com\/es\/#website","url":"https:\/\/bonsai-europe.com\/es\/","name":"Bonsai Europe","description":"","potentialAction":[{"@type":"SearchAction","target":{"@type":"EntryPoint","urlTemplate":"https:\/\/bonsai-europe.com\/es\/?s={search_term_string}"},"query-input":"required name=search_term_string"}],"inLanguage":"es"}]}},"_links":{"self":[{"href":"https:\/\/bonsai-europe.com\/es\/wp-json\/wp\/v2\/product\/206","targetHints":{"allow":["GET"]}}],"collection":[{"href":"https:\/\/bonsai-europe.com\/es\/wp-json\/wp\/v2\/product"}],"about":[{"href":"https:\/\/bonsai-europe.com\/es\/wp-json\/wp\/v2\/types\/product"}],"wp:featuredmedia":[{"embeddable":true,"href":"https:\/\/bonsai-europe.com\/es\/wp-json\/wp\/v2\/media\/128"}],"wp:attachment":[{"href":"https:\/\/bonsai-europe.com\/es\/wp-json\/wp\/v2\/media?parent=206"}],"wp:term":[{"taxonomy":"product_brand","embeddable":true,"href":"https:\/\/bonsai-europe.com\/es\/wp-json\/wp\/v2\/product_brand?post=206"},{"taxonomy":"product_cat","embeddable":true,"href":"https:\/\/bonsai-europe.com\/es\/wp-json\/wp\/v2\/product_cat?post=206"},{"taxonomy":"product_tag","embeddable":true,"href":"https:\/\/bonsai-europe.com\/es\/wp-json\/wp\/v2\/product_tag?post=206"},{"taxonomy":"woo-feed-brand","embeddable":true,"href":"https:\/\/bonsai-europe.com\/es\/wp-json\/wp\/v2\/woo-feed-brand?post=206"}],"curies":[{"name":"wp","href":"https:\/\/api.w.org\/{rel}","templated":true}]}}