{"id":202,"date":"2024-03-02T13:13:06","date_gmt":"2024-03-02T12:13:06","guid":{"rendered":"https:\/\/bonsai-europe.com\/?post_type=product&#038;p=202"},"modified":"2026-03-06T14:45:16","modified_gmt":"2026-03-06T13:45:16","slug":"pinus-thunbergii","status":"publish","type":"product","link":"https:\/\/bonsai-europe.com\/es\/producto\/plantones\/pinus-thunbergii\/","title":{"rendered":"Pinus Thunbergii &#8211; Pino negro japon\u00e9s"},"content":{"rendered":"<p>El pino negro japon\u00e9s (Pinus thunbergii) es una de las especies m\u00e1s conocidas y buscadas utilizadas en el dise\u00f1o de bons\u00e1i. Conocido por su forma elegante, corteza robusta y agujas distintivas, el \u00e1rbol es uno de los favoritos entre los entusiastas del bons\u00e1i debido a su adaptabilidad, resistencia y sorprendentes cualidades est\u00e9ticas. Los ejemplares m\u00e1s antiguos de Pinus Thunbergii se encuentran entre las variantes de bons\u00e1i m\u00e1s caras del mundo.<\/p>\n<h3>Apariencia<\/h3>\n<p>Pinus Thunbergii tiene un h\u00e1bito de crecimiento asim\u00e9trico distintivo con patrones de ramificaci\u00f3n irregulares que evocan la apariencia de \u00e1rboles azotados por el viento moldeados por las fuerzas de la naturaleza. Las agujas est\u00e1n dispuestas en pares y var\u00edan en color desde el verde intenso hasta el verde oscuro brillante, creando un rico tapiz de texturas y tonos. A medida que el bons\u00e1i madura, su corteza se convierte en una superficie rugosa y texturizada con tonos marr\u00f3n rojizo y gris que a\u00f1aden profundidad y car\u00e1cter a la composici\u00f3n.<\/p>\n<h3>Relevancia cultural<\/h3>\n<p>En la cultura japonesa, el pino negro japon\u00e9s tiene un gran significado y a menudo se asocia con la resiliencia, la longevidad y la resistencia. Es un s\u00edmbolo de fuerza y \u200b\u200bfirmeza. Por lo tanto, el pino negro japon\u00e9s se ha convertido en una parte integral de la tradici\u00f3n del bons\u00e1i, encarnando el esp\u00edritu perdurable de la naturaleza y el arte de forjar la belleza a partir de la adversidad.<\/p>\n<h3>Idoneidad como bons\u00e1i<\/h3>\n<p>El pino negro japon\u00e9s es muy adecuado para el dise\u00f1o de bons\u00e1i debido a su adaptabilidad a diversas condiciones de crecimiento y su capacidad de respuesta a las t\u00e9cnicas de corte y modelado. Se puede entrenar en una variedad de estilos de bons\u00e1i, incluidos los verticales formales, verticales informales, inclinados, en cascada y azotados por el viento, lo que permite a los artistas del bons\u00e1i explorar una variedad de expresiones creativas. Con el cuidado y mantenimiento adecuados, los bons\u00e1is de pino negro japon\u00e9s prosperan tanto en interiores como en exteriores, lo que los hace adecuados para entusiastas del bons\u00e1i de todos los niveles de experiencia. El \u00e1rbol tolera muy bien tanto el fr\u00edo como el calor extremos y prospera en una variedad de suelos.<\/p>\n<p><strong>Nombre cient\u00edfico:<\/strong> Pinus Thunbergii<br \/>\n<strong>Nombre com\u00fan:<\/strong> Pino negro japon\u00e9s<br \/>\n<strong>Origen:<\/strong> Jap\u00f3n, Corea<br \/>\n<strong>Altura de crecimiento:<\/strong> Hasta 35 metros.<br \/>\n<strong>Tama\u00f1os disponibles:<\/strong> 10 &#8211; 40 cm<br \/>\n<strong>Edad:<\/strong> 2 &#8211; 8 a\u00f1os<br \/>\n<strong>Forma de entrega:<\/strong> maceta 9 x 9 x 10 cm<\/p>\n","protected":false},"excerpt":{"rendered":"<p>Plantones de Pinus Thunberghii, 10-40 cm<\/p>\n","protected":false},"featured_media":125,"template":"","meta":[],"product_brand":[],"product_cat":[36],"product_tag":[],"woo-feed-brand":[],"class_list":{"0":"post-202","1":"product","2":"type-product","3":"status-publish","4":"has-post-thumbnail","6":"product_cat-plantones","8":"first","9":"instock","10":"featured","11":"shipping-taxable","12":"purchasable","13":"product-type-variable","14":"has-default-attributes","15":"prodpage-classic"},"yoast_head":"<!-- This site is optimized with the Yoast SEO Premium plugin v22.0 (Yoast SEO v22.7) - https:\/\/yoast.com\/wordpress\/plugins\/seo\/ -->\n<title>Pinus Thunbergii - Pino negro japon\u00e9s<\/title>\n<meta name=\"description\" content=\"Pinus Thunbergii es una opci\u00f3n ideal para crear un bonito bons\u00e1i desde cero. Echa un vistazo a nuestras plantas j\u00f3venes de calidad de 10-40 cm.\" \/>\n<meta name=\"robots\" content=\"index, follow, max-snippet:-1, max-image-preview:large, max-video-preview:-1\" \/>\n<link rel=\"canonical\" href=\"https:\/\/bonsai-europe.com\/es\/producto\/plantones\/pinus-thunbergii\/\" \/>\n<meta property=\"og:locale\" content=\"es_ES\" \/>\n<meta property=\"og:type\" content=\"article\" \/>\n<meta property=\"og:title\" content=\"Pinus Thunbergii - Pino negro japon\u00e9s\" \/>\n<meta property=\"og:description\" content=\"Pinus Thunbergii es una opci\u00f3n ideal para crear un bonito bons\u00e1i desde cero. Echa un vistazo a nuestras plantas j\u00f3venes de calidad de 10-40 cm.\" \/>\n<meta property=\"og:url\" content=\"https:\/\/bonsai-europe.com\/es\/producto\/plantones\/pinus-thunbergii\/\" \/>\n<meta property=\"og:site_name\" content=\"Bonsai Europe\" \/>\n<meta property=\"article:modified_time\" content=\"2026-03-06T13:45:16+00:00\" \/>\n<meta property=\"og:image\" content=\"https:\/\/bonsai-europe.com\/wp-content\/uploads\/2024\/03\/pinus-thunbergii.jpg\" \/>\n\t<meta property=\"og:image:width\" content=\"1600\" \/>\n\t<meta property=\"og:image:height\" content=\"1298\" \/>\n\t<meta property=\"og:image:type\" content=\"image\/jpeg\" \/>\n<meta name=\"twitter:card\" content=\"summary_large_image\" \/>\n<meta name=\"twitter:label1\" content=\"Tiempo de lectura\" \/>\n\t<meta name=\"twitter:data1\" content=\"2 minutos\" \/>\n<script type=\"application\/ld+json\" class=\"yoast-schema-graph\">{\"@context\":\"https:\/\/schema.org\",\"@graph\":[{\"@type\":\"WebPage\",\"@id\":\"https:\/\/bonsai-europe.com\/es\/producto\/plantones\/pinus-thunbergii\/\",\"url\":\"https:\/\/bonsai-europe.com\/es\/producto\/plantones\/pinus-thunbergii\/\",\"name\":\"Pinus Thunbergii - Pino negro japon\u00e9s\",\"isPartOf\":{\"@id\":\"https:\/\/bonsai-europe.com\/es\/#website\"},\"primaryImageOfPage\":{\"@id\":\"https:\/\/bonsai-europe.com\/es\/producto\/plantones\/pinus-thunbergii\/#primaryimage\"},\"image\":{\"@id\":\"https:\/\/bonsai-europe.com\/es\/producto\/plantones\/pinus-thunbergii\/#primaryimage\"},\"thumbnailUrl\":\"https:\/\/bonsai-europe.com\/wp-content\/uploads\/2024\/03\/pinus-thunbergii.jpg\",\"datePublished\":\"2024-03-02T12:13:06+00:00\",\"dateModified\":\"2026-03-06T13:45:16+00:00\",\"description\":\"Pinus Thunbergii es una opci\u00f3n ideal para crear un bonito bons\u00e1i desde cero. Echa un vistazo a nuestras plantas j\u00f3venes de calidad de 10-40 cm.\",\"breadcrumb\":{\"@id\":\"https:\/\/bonsai-europe.com\/es\/producto\/plantones\/pinus-thunbergii\/#breadcrumb\"},\"inLanguage\":\"es\",\"potentialAction\":[{\"@type\":\"ReadAction\",\"target\":[\"https:\/\/bonsai-europe.com\/es\/producto\/plantones\/pinus-thunbergii\/\"]}]},{\"@type\":\"ImageObject\",\"inLanguage\":\"es\",\"@id\":\"https:\/\/bonsai-europe.com\/es\/producto\/plantones\/pinus-thunbergii\/#primaryimage\",\"url\":\"https:\/\/bonsai-europe.com\/wp-content\/uploads\/2024\/03\/pinus-thunbergii.jpg\",\"contentUrl\":\"https:\/\/bonsai-europe.com\/wp-content\/uploads\/2024\/03\/pinus-thunbergii.jpg\",\"width\":1600,\"height\":1298,\"caption\":\"pinus-thunbergii-plantones\"},{\"@type\":\"BreadcrumbList\",\"@id\":\"https:\/\/bonsai-europe.com\/es\/producto\/plantones\/pinus-thunbergii\/#breadcrumb\",\"itemListElement\":[{\"@type\":\"ListItem\",\"position\":1,\"name\":\"Home\",\"item\":\"https:\/\/bonsai-europe.com\/es\/\"},{\"@type\":\"ListItem\",\"position\":2,\"name\":\"Tienda\",\"item\":\"https:\/\/bonsai-europe.com\/es\/tienda\/\"},{\"@type\":\"ListItem\",\"position\":3,\"name\":\"Pinus Thunbergii &#8211; Pino negro japon\u00e9s\"}]},{\"@type\":\"WebSite\",\"@id\":\"https:\/\/bonsai-europe.com\/es\/#website\",\"url\":\"https:\/\/bonsai-europe.com\/es\/\",\"name\":\"Bonsai Europe\",\"description\":\"\",\"potentialAction\":[{\"@type\":\"SearchAction\",\"target\":{\"@type\":\"EntryPoint\",\"urlTemplate\":\"https:\/\/bonsai-europe.com\/es\/?s={search_term_string}\"},\"query-input\":\"required name=search_term_string\"}],\"inLanguage\":\"es\"}]}<\/script>\n<!-- \/ Yoast SEO Premium plugin. -->","yoast_head_json":{"title":"Pinus Thunbergii - Pino negro japon\u00e9s","description":"Pinus Thunbergii es una opci\u00f3n ideal para crear un bonito bons\u00e1i desde cero. Echa un vistazo a nuestras plantas j\u00f3venes de calidad de 10-40 cm.","robots":{"index":"index","follow":"follow","max-snippet":"max-snippet:-1","max-image-preview":"max-image-preview:large","max-video-preview":"max-video-preview:-1"},"canonical":"https:\/\/bonsai-europe.com\/es\/producto\/plantones\/pinus-thunbergii\/","og_locale":"es_ES","og_type":"article","og_title":"Pinus Thunbergii - Pino negro japon\u00e9s","og_description":"Pinus Thunbergii es una opci\u00f3n ideal para crear un bonito bons\u00e1i desde cero. Echa un vistazo a nuestras plantas j\u00f3venes de calidad de 10-40 cm.","og_url":"https:\/\/bonsai-europe.com\/es\/producto\/plantones\/pinus-thunbergii\/","og_site_name":"Bonsai Europe","article_modified_time":"2026-03-06T13:45:16+00:00","og_image":[{"width":1600,"height":1298,"url":"https:\/\/bonsai-europe.com\/wp-content\/uploads\/2024\/03\/pinus-thunbergii.jpg","type":"image\/jpeg"}],"twitter_card":"summary_large_image","twitter_misc":{"Tiempo de lectura":"2 minutos"},"schema":{"@context":"https:\/\/schema.org","@graph":[{"@type":"WebPage","@id":"https:\/\/bonsai-europe.com\/es\/producto\/plantones\/pinus-thunbergii\/","url":"https:\/\/bonsai-europe.com\/es\/producto\/plantones\/pinus-thunbergii\/","name":"Pinus Thunbergii - Pino negro japon\u00e9s","isPartOf":{"@id":"https:\/\/bonsai-europe.com\/es\/#website"},"primaryImageOfPage":{"@id":"https:\/\/bonsai-europe.com\/es\/producto\/plantones\/pinus-thunbergii\/#primaryimage"},"image":{"@id":"https:\/\/bonsai-europe.com\/es\/producto\/plantones\/pinus-thunbergii\/#primaryimage"},"thumbnailUrl":"https:\/\/bonsai-europe.com\/wp-content\/uploads\/2024\/03\/pinus-thunbergii.jpg","datePublished":"2024-03-02T12:13:06+00:00","dateModified":"2026-03-06T13:45:16+00:00","description":"Pinus Thunbergii es una opci\u00f3n ideal para crear un bonito bons\u00e1i desde cero. Echa un vistazo a nuestras plantas j\u00f3venes de calidad de 10-40 cm.","breadcrumb":{"@id":"https:\/\/bonsai-europe.com\/es\/producto\/plantones\/pinus-thunbergii\/#breadcrumb"},"inLanguage":"es","potentialAction":[{"@type":"ReadAction","target":["https:\/\/bonsai-europe.com\/es\/producto\/plantones\/pinus-thunbergii\/"]}]},{"@type":"ImageObject","inLanguage":"es","@id":"https:\/\/bonsai-europe.com\/es\/producto\/plantones\/pinus-thunbergii\/#primaryimage","url":"https:\/\/bonsai-europe.com\/wp-content\/uploads\/2024\/03\/pinus-thunbergii.jpg","contentUrl":"https:\/\/bonsai-europe.com\/wp-content\/uploads\/2024\/03\/pinus-thunbergii.jpg","width":1600,"height":1298,"caption":"pinus-thunbergii-plantones"},{"@type":"BreadcrumbList","@id":"https:\/\/bonsai-europe.com\/es\/producto\/plantones\/pinus-thunbergii\/#breadcrumb","itemListElement":[{"@type":"ListItem","position":1,"name":"Home","item":"https:\/\/bonsai-europe.com\/es\/"},{"@type":"ListItem","position":2,"name":"Tienda","item":"https:\/\/bonsai-europe.com\/es\/tienda\/"},{"@type":"ListItem","position":3,"name":"Pinus Thunbergii &#8211; Pino negro japon\u00e9s"}]},{"@type":"WebSite","@id":"https:\/\/bonsai-europe.com\/es\/#website","url":"https:\/\/bonsai-europe.com\/es\/","name":"Bonsai Europe","description":"","potentialAction":[{"@type":"SearchAction","target":{"@type":"EntryPoint","urlTemplate":"https:\/\/bonsai-europe.com\/es\/?s={search_term_string}"},"query-input":"required name=search_term_string"}],"inLanguage":"es"}]}},"_links":{"self":[{"href":"https:\/\/bonsai-europe.com\/es\/wp-json\/wp\/v2\/product\/202","targetHints":{"allow":["GET"]}}],"collection":[{"href":"https:\/\/bonsai-europe.com\/es\/wp-json\/wp\/v2\/product"}],"about":[{"href":"https:\/\/bonsai-europe.com\/es\/wp-json\/wp\/v2\/types\/product"}],"wp:featuredmedia":[{"embeddable":true,"href":"https:\/\/bonsai-europe.com\/es\/wp-json\/wp\/v2\/media\/125"}],"wp:attachment":[{"href":"https:\/\/bonsai-europe.com\/es\/wp-json\/wp\/v2\/media?parent=202"}],"wp:term":[{"taxonomy":"product_brand","embeddable":true,"href":"https:\/\/bonsai-europe.com\/es\/wp-json\/wp\/v2\/product_brand?post=202"},{"taxonomy":"product_cat","embeddable":true,"href":"https:\/\/bonsai-europe.com\/es\/wp-json\/wp\/v2\/product_cat?post=202"},{"taxonomy":"product_tag","embeddable":true,"href":"https:\/\/bonsai-europe.com\/es\/wp-json\/wp\/v2\/product_tag?post=202"},{"taxonomy":"woo-feed-brand","embeddable":true,"href":"https:\/\/bonsai-europe.com\/es\/wp-json\/wp\/v2\/woo-feed-brand?post=202"}],"curies":[{"name":"wp","href":"https:\/\/api.w.org\/{rel}","templated":true}]}}