{"id":198,"date":"2024-03-02T10:15:32","date_gmt":"2024-03-02T09:15:32","guid":{"rendered":"https:\/\/bonsai-europe.com\/?post_type=product&#038;p=198"},"modified":"2026-03-08T17:50:27","modified_gmt":"2026-03-08T16:50:27","slug":"juniperus-chinensis-shimpaku-kishu","status":"publish","type":"product","link":"https:\/\/bonsai-europe.com\/es\/producto\/plantones\/juniperus-chinensis-shimpaku-kishu\/","title":{"rendered":"Juniperus Chinensis Kishu &#8211; Enebro chino Kishu"},"content":{"rendered":"<p>El enebro chino Kishu (Juniperus chinensis Shimpaku Kishu) es una variedad de enebro muy popular entre los entusiastas del bons\u00e1i debido a su tama\u00f1o compacto, apariencia robusta e idoneidad para el dise\u00f1o de bons\u00e1i. Esta variedad de enebro chino, procedente de la regi\u00f3n de Kishu en Jap\u00f3n, tiene caracter\u00edsticas especiales que la convierten en una opci\u00f3n popular para el dise\u00f1o de bons\u00e1i. El enebro de Kishu tiene un follaje m\u00e1s denso y fino que el enebro chino normal y s\u00f3lo alcanza una altura m\u00e1xima de 1 metro.<\/p>\n<h3>Apariencia<\/h3>\n<p>Juniperus Chinensis Kishu es conocido por su crecimiento denso y tupido y su follaje compacto que consiste en peque\u00f1as agujas en forma de escamas dispuestas en racimos superpuestos. El color del follaje suele variar del verde intenso al azul verdoso, seg\u00fan las condiciones ambientales y los cambios estacionales. Esta variedad de enebro a menudo desarrolla una intrincada red de ramas, creando una silueta visualmente atractiva que recuerda a \u00e1rboles viejos en miniatura. En invierno, el follaje puede volverse de color marr\u00f3n a cobrizo.<\/p>\n<h3>Corteza y tronco<\/h3>\n<p>A medida que el enebro chino Kishu madura, su corteza se convierte en una superficie rugosa y texturizada con tonos marr\u00f3n rojizo y gris que a\u00f1aden car\u00e1cter y profundidad a la composici\u00f3n del bons\u00e1i. El tronco de esta variedad de enebro puede presentar interesantes torsiones, curvas y nudos, reflejando el paso del tiempo y las duras condiciones que experimenta en su h\u00e1bitat natural.<\/p>\n<h3>Idoneidad para el bons\u00e1i<\/h3>\n<p>Juniperus Chinensis Kishu funciona bien como bons\u00e1i debido a su adaptabilidad, resistencia y naturaleza indulgente. Prospera en una amplia gama de condiciones de crecimiento, desde pleno sol hasta sombra parcial, y es tolerante a la sequ\u00eda y al fr\u00edo extremo una vez establecido. Esto lo convierte en una excelente opci\u00f3n para los entusiastas del bons\u00e1i de todos los niveles de experiencia, ya sean principiantes o expertos, que buscan una especie de enebro vers\u00e1til y confiable para agregar a su colecci\u00f3n.<\/p>\n<p><strong>Nombre cient\u00edfico:<\/strong> Juniperus Chinensis Shimpaku var. Kishu<br \/>\n<strong>Nombre com\u00fan:<\/strong> Enebro chino Kishu<br \/>\n<strong>Origen:<\/strong>\u00a0Jap\u00f3n<br \/>\n<strong>Altura de crecimiento:<\/strong> m\u00e1ximo 1 metro.<br \/>\n<strong>Tama\u00f1os disponibles:<\/strong> 10 \u2013 50 cm<br \/>\n<strong>Edad:<\/strong> 2 \u2013 6 a\u00f1os<br \/>\n<strong>Forma de entrega:<\/strong> maceta 9 x 9 x 10 cm<\/p>\n","protected":false},"excerpt":{"rendered":"<p>Juniperus Chinensis Shimpaku Kishu plantones, 10 &#8211; 50 cm<\/p>\n","protected":false},"featured_media":1016,"template":"","meta":[],"product_brand":[],"product_cat":[36],"product_tag":[],"woo-feed-brand":[],"class_list":{"0":"post-198","1":"product","2":"type-product","3":"status-publish","4":"has-post-thumbnail","6":"product_cat-plantones","8":"first","9":"instock","10":"featured","11":"shipping-taxable","12":"purchasable","13":"product-type-variable","14":"has-default-attributes","15":"prodpage-classic"},"yoast_head":"<!-- This site is optimized with the Yoast SEO Premium plugin v22.0 (Yoast SEO v22.7) - https:\/\/yoast.com\/wordpress\/plugins\/seo\/ -->\n<title>Juniperus Chinensis Kishu - Enebro chino Kishu<\/title>\n<meta name=\"description\" content=\"Juniperus Chinensis Shimpaku Kishu es una buena opci\u00f3n para crear un bonito bons\u00e1i desde cero. Echa un vistazo a nuestros plantones de calidad de 10-50 cm.\" \/>\n<meta name=\"robots\" content=\"index, follow, max-snippet:-1, max-image-preview:large, max-video-preview:-1\" \/>\n<link rel=\"canonical\" href=\"https:\/\/bonsai-europe.com\/es\/producto\/plantones\/juniperus-chinensis-shimpaku-kishu\/\" \/>\n<meta property=\"og:locale\" content=\"es_ES\" \/>\n<meta property=\"og:type\" content=\"article\" \/>\n<meta property=\"og:title\" content=\"Juniperus Chinensis Kishu - Enebro chino Kishu\" \/>\n<meta property=\"og:description\" content=\"Juniperus Chinensis Shimpaku Kishu es una buena opci\u00f3n para crear un bonito bons\u00e1i desde cero. Echa un vistazo a nuestros plantones de calidad de 10-50 cm.\" \/>\n<meta property=\"og:url\" content=\"https:\/\/bonsai-europe.com\/es\/producto\/plantones\/juniperus-chinensis-shimpaku-kishu\/\" \/>\n<meta property=\"og:site_name\" content=\"Bonsai Europe\" \/>\n<meta property=\"article:modified_time\" content=\"2026-03-08T16:50:27+00:00\" \/>\n<meta property=\"og:image\" content=\"https:\/\/bonsai-europe.com\/wp-content\/uploads\/2024\/03\/juniperus-chinensis-kishu-3.1-1.jpg\" \/>\n\t<meta property=\"og:image:width\" content=\"2500\" \/>\n\t<meta property=\"og:image:height\" content=\"1667\" \/>\n\t<meta property=\"og:image:type\" content=\"image\/jpeg\" \/>\n<meta name=\"twitter:card\" content=\"summary_large_image\" \/>\n<meta name=\"twitter:label1\" content=\"Tiempo de lectura\" \/>\n\t<meta name=\"twitter:data1\" content=\"2 minutos\" \/>\n<script type=\"application\/ld+json\" class=\"yoast-schema-graph\">{\"@context\":\"https:\/\/schema.org\",\"@graph\":[{\"@type\":\"WebPage\",\"@id\":\"https:\/\/bonsai-europe.com\/es\/producto\/plantones\/juniperus-chinensis-shimpaku-kishu\/\",\"url\":\"https:\/\/bonsai-europe.com\/es\/producto\/plantones\/juniperus-chinensis-shimpaku-kishu\/\",\"name\":\"Juniperus Chinensis Kishu - Enebro chino Kishu\",\"isPartOf\":{\"@id\":\"https:\/\/bonsai-europe.com\/es\/#website\"},\"primaryImageOfPage\":{\"@id\":\"https:\/\/bonsai-europe.com\/es\/producto\/plantones\/juniperus-chinensis-shimpaku-kishu\/#primaryimage\"},\"image\":{\"@id\":\"https:\/\/bonsai-europe.com\/es\/producto\/plantones\/juniperus-chinensis-shimpaku-kishu\/#primaryimage\"},\"thumbnailUrl\":\"https:\/\/bonsai-europe.com\/wp-content\/uploads\/2024\/03\/juniperus-chinensis-kishu-3.1-1.jpg\",\"datePublished\":\"2024-03-02T09:15:32+00:00\",\"dateModified\":\"2026-03-08T16:50:27+00:00\",\"description\":\"Juniperus Chinensis Shimpaku Kishu es una buena opci\u00f3n para crear un bonito bons\u00e1i desde cero. Echa un vistazo a nuestros plantones de calidad de 10-50 cm.\",\"breadcrumb\":{\"@id\":\"https:\/\/bonsai-europe.com\/es\/producto\/plantones\/juniperus-chinensis-shimpaku-kishu\/#breadcrumb\"},\"inLanguage\":\"es\",\"potentialAction\":[{\"@type\":\"ReadAction\",\"target\":[\"https:\/\/bonsai-europe.com\/es\/producto\/plantones\/juniperus-chinensis-shimpaku-kishu\/\"]}]},{\"@type\":\"ImageObject\",\"inLanguage\":\"es\",\"@id\":\"https:\/\/bonsai-europe.com\/es\/producto\/plantones\/juniperus-chinensis-shimpaku-kishu\/#primaryimage\",\"url\":\"https:\/\/bonsai-europe.com\/wp-content\/uploads\/2024\/03\/juniperus-chinensis-kishu-3.1-1.jpg\",\"contentUrl\":\"https:\/\/bonsai-europe.com\/wp-content\/uploads\/2024\/03\/juniperus-chinensis-kishu-3.1-1.jpg\",\"width\":2500,\"height\":1667,\"caption\":\"juniperus chinensis kishu\"},{\"@type\":\"BreadcrumbList\",\"@id\":\"https:\/\/bonsai-europe.com\/es\/producto\/plantones\/juniperus-chinensis-shimpaku-kishu\/#breadcrumb\",\"itemListElement\":[{\"@type\":\"ListItem\",\"position\":1,\"name\":\"Home\",\"item\":\"https:\/\/bonsai-europe.com\/es\/\"},{\"@type\":\"ListItem\",\"position\":2,\"name\":\"Tienda\",\"item\":\"https:\/\/bonsai-europe.com\/es\/tienda\/\"},{\"@type\":\"ListItem\",\"position\":3,\"name\":\"Juniperus Chinensis Kishu &#8211; Enebro chino Kishu\"}]},{\"@type\":\"WebSite\",\"@id\":\"https:\/\/bonsai-europe.com\/es\/#website\",\"url\":\"https:\/\/bonsai-europe.com\/es\/\",\"name\":\"Bonsai Europe\",\"description\":\"\",\"potentialAction\":[{\"@type\":\"SearchAction\",\"target\":{\"@type\":\"EntryPoint\",\"urlTemplate\":\"https:\/\/bonsai-europe.com\/es\/?s={search_term_string}\"},\"query-input\":\"required name=search_term_string\"}],\"inLanguage\":\"es\"}]}<\/script>\n<!-- \/ Yoast SEO Premium plugin. -->","yoast_head_json":{"title":"Juniperus Chinensis Kishu - Enebro chino Kishu","description":"Juniperus Chinensis Shimpaku Kishu es una buena opci\u00f3n para crear un bonito bons\u00e1i desde cero. Echa un vistazo a nuestros plantones de calidad de 10-50 cm.","robots":{"index":"index","follow":"follow","max-snippet":"max-snippet:-1","max-image-preview":"max-image-preview:large","max-video-preview":"max-video-preview:-1"},"canonical":"https:\/\/bonsai-europe.com\/es\/producto\/plantones\/juniperus-chinensis-shimpaku-kishu\/","og_locale":"es_ES","og_type":"article","og_title":"Juniperus Chinensis Kishu - Enebro chino Kishu","og_description":"Juniperus Chinensis Shimpaku Kishu es una buena opci\u00f3n para crear un bonito bons\u00e1i desde cero. Echa un vistazo a nuestros plantones de calidad de 10-50 cm.","og_url":"https:\/\/bonsai-europe.com\/es\/producto\/plantones\/juniperus-chinensis-shimpaku-kishu\/","og_site_name":"Bonsai Europe","article_modified_time":"2026-03-08T16:50:27+00:00","og_image":[{"width":2500,"height":1667,"url":"https:\/\/bonsai-europe.com\/wp-content\/uploads\/2024\/03\/juniperus-chinensis-kishu-3.1-1.jpg","type":"image\/jpeg"}],"twitter_card":"summary_large_image","twitter_misc":{"Tiempo de lectura":"2 minutos"},"schema":{"@context":"https:\/\/schema.org","@graph":[{"@type":"WebPage","@id":"https:\/\/bonsai-europe.com\/es\/producto\/plantones\/juniperus-chinensis-shimpaku-kishu\/","url":"https:\/\/bonsai-europe.com\/es\/producto\/plantones\/juniperus-chinensis-shimpaku-kishu\/","name":"Juniperus Chinensis Kishu - Enebro chino Kishu","isPartOf":{"@id":"https:\/\/bonsai-europe.com\/es\/#website"},"primaryImageOfPage":{"@id":"https:\/\/bonsai-europe.com\/es\/producto\/plantones\/juniperus-chinensis-shimpaku-kishu\/#primaryimage"},"image":{"@id":"https:\/\/bonsai-europe.com\/es\/producto\/plantones\/juniperus-chinensis-shimpaku-kishu\/#primaryimage"},"thumbnailUrl":"https:\/\/bonsai-europe.com\/wp-content\/uploads\/2024\/03\/juniperus-chinensis-kishu-3.1-1.jpg","datePublished":"2024-03-02T09:15:32+00:00","dateModified":"2026-03-08T16:50:27+00:00","description":"Juniperus Chinensis Shimpaku Kishu es una buena opci\u00f3n para crear un bonito bons\u00e1i desde cero. Echa un vistazo a nuestros plantones de calidad de 10-50 cm.","breadcrumb":{"@id":"https:\/\/bonsai-europe.com\/es\/producto\/plantones\/juniperus-chinensis-shimpaku-kishu\/#breadcrumb"},"inLanguage":"es","potentialAction":[{"@type":"ReadAction","target":["https:\/\/bonsai-europe.com\/es\/producto\/plantones\/juniperus-chinensis-shimpaku-kishu\/"]}]},{"@type":"ImageObject","inLanguage":"es","@id":"https:\/\/bonsai-europe.com\/es\/producto\/plantones\/juniperus-chinensis-shimpaku-kishu\/#primaryimage","url":"https:\/\/bonsai-europe.com\/wp-content\/uploads\/2024\/03\/juniperus-chinensis-kishu-3.1-1.jpg","contentUrl":"https:\/\/bonsai-europe.com\/wp-content\/uploads\/2024\/03\/juniperus-chinensis-kishu-3.1-1.jpg","width":2500,"height":1667,"caption":"juniperus chinensis kishu"},{"@type":"BreadcrumbList","@id":"https:\/\/bonsai-europe.com\/es\/producto\/plantones\/juniperus-chinensis-shimpaku-kishu\/#breadcrumb","itemListElement":[{"@type":"ListItem","position":1,"name":"Home","item":"https:\/\/bonsai-europe.com\/es\/"},{"@type":"ListItem","position":2,"name":"Tienda","item":"https:\/\/bonsai-europe.com\/es\/tienda\/"},{"@type":"ListItem","position":3,"name":"Juniperus Chinensis Kishu &#8211; Enebro chino Kishu"}]},{"@type":"WebSite","@id":"https:\/\/bonsai-europe.com\/es\/#website","url":"https:\/\/bonsai-europe.com\/es\/","name":"Bonsai Europe","description":"","potentialAction":[{"@type":"SearchAction","target":{"@type":"EntryPoint","urlTemplate":"https:\/\/bonsai-europe.com\/es\/?s={search_term_string}"},"query-input":"required name=search_term_string"}],"inLanguage":"es"}]}},"_links":{"self":[{"href":"https:\/\/bonsai-europe.com\/es\/wp-json\/wp\/v2\/product\/198","targetHints":{"allow":["GET"]}}],"collection":[{"href":"https:\/\/bonsai-europe.com\/es\/wp-json\/wp\/v2\/product"}],"about":[{"href":"https:\/\/bonsai-europe.com\/es\/wp-json\/wp\/v2\/types\/product"}],"wp:featuredmedia":[{"embeddable":true,"href":"https:\/\/bonsai-europe.com\/es\/wp-json\/wp\/v2\/media\/1016"}],"wp:attachment":[{"href":"https:\/\/bonsai-europe.com\/es\/wp-json\/wp\/v2\/media?parent=198"}],"wp:term":[{"taxonomy":"product_brand","embeddable":true,"href":"https:\/\/bonsai-europe.com\/es\/wp-json\/wp\/v2\/product_brand?post=198"},{"taxonomy":"product_cat","embeddable":true,"href":"https:\/\/bonsai-europe.com\/es\/wp-json\/wp\/v2\/product_cat?post=198"},{"taxonomy":"product_tag","embeddable":true,"href":"https:\/\/bonsai-europe.com\/es\/wp-json\/wp\/v2\/product_tag?post=198"},{"taxonomy":"woo-feed-brand","embeddable":true,"href":"https:\/\/bonsai-europe.com\/es\/wp-json\/wp\/v2\/woo-feed-brand?post=198"}],"curies":[{"name":"wp","href":"https:\/\/api.w.org\/{rel}","templated":true}]}}