{"id":193,"date":"2024-03-02T09:59:04","date_gmt":"2024-03-02T08:59:04","guid":{"rendered":"https:\/\/bonsai-europe.com\/?post_type=product&#038;p=193"},"modified":"2026-03-25T17:14:34","modified_gmt":"2026-03-25T16:14:34","slug":"juniperus-chinensis-shimpaku-itoigawa","status":"publish","type":"product","link":"https:\/\/bonsai-europe.com\/es\/producto\/plantones\/juniperus-chinensis-shimpaku-itoigawa\/","title":{"rendered":"Juniperus Chinensis Itoigawa &#8211; Enebro Chino Itoigawa"},"content":{"rendered":"<p>El enebro chino Itoigawa (Juniperus chinensis Shimpaku Itoigawa) es una especie muy buscada entre los amantes del bons\u00e1i debido a su aspecto elegante, sus hojas finas y su idoneidad para el dise\u00f1o de bons\u00e1is. Esta variedad de enebro chino, procedente de la regi\u00f3n de Itoigawa en Jap\u00f3n, tiene propiedades \u00fanicas que son especialmente valoradas en el arte del bons\u00e1i. Los bons\u00e1is m\u00e1s antiguos de esta variedad de enebro suelen venderse por varios miles de euros, lo que los convierte en uno de los tipos de bons\u00e1i m\u00e1s caros del mundo.<\/p>\n<h3>Apariencia<\/h3>\n<p>Juniperus Chinensis Itoigawa presenta un h\u00e1bito compacto y denso con hojas delicadas en forma de agujas que var\u00edan en color desde el verde brillante hasta el esmeralda intenso, especialmente cuando se cuidan bien. Su follaje es m\u00e1s fino y suave en comparaci\u00f3n con otras variedades de enebro chino. La planta alcanza una altura m\u00e1xima de aproximadamente 1 metro.<\/p>\n<h3>Corteza y tronco<\/h3>\n<p>A medida que Juniperus Chinensis Shimpaku Itoigawa madura, la corteza se vuelve marr\u00f3n rojiza, lo que le da a la planta una apariencia muy atractiva. El tronco de esta variedad de enebro a menudo presenta formas retorcidas y nudosas que transmiten una sensaci\u00f3n de edad y car\u00e1cter que se suma a su encanto general como esp\u00e9cimen de bons\u00e1i.<\/p>\n<h3>Idoneidad como bons\u00e1i<\/h3>\n<p>El enebro chino Itoigawa es muy valorado como bons\u00e1i por su versatilidad y resistencia. Responde bien a la poda, el cableado y la forma, lo que permite a los artistas del bons\u00e1i crear una amplia gama de estilos, desde vertical formal hasta en cascada y todo lo dem\u00e1s. Su tama\u00f1o compacto y su capacidad para tolerar diversas condiciones de crecimiento lo hacen adecuado para el cultivo de bons\u00e1is tanto en interiores como en exteriores, seg\u00fan las preferencias clim\u00e1ticas.<\/p>\n<p>La planta es muy adaptable y prospera en casi todos los suelos. Eso s\u00ed, el sustrato nunca debe secarse del todo y debe tener suficiente drenaje. Tambi\u00e9n tolera muy bien temperaturas entre -20\u00b0C y 35\u00b0C.<\/p>\n<p><strong>Nombre cient\u00edfico:<\/strong> Juniperus Chinensis Shimpaku var. Itoigawa<br \/>\n<strong>Nombre com\u00fan:<\/strong> Enebro Chino Itoigawa<br \/>\n<strong>Origen:<\/strong> Jap\u00f3n<br \/>\n<strong>Altura de crecimiento:<\/strong> m\u00e1ximo 1 metro.<br \/>\n<strong>Tama\u00f1os disponibles:<\/strong> 10 &#8211; 50 cm<br \/>\n<strong>Edad:<\/strong> 2 &#8211; 6 a\u00f1os<br \/>\n<strong>Forma de entrega:<\/strong> maceta 9 x 9 x 10 cm<\/p>\n","protected":false},"excerpt":{"rendered":"<p>Plantones de Juniperus Chinensis Shimpaku Itoigawa, 10-50 cm<\/p>\n","protected":false},"featured_media":447,"template":"","meta":[],"product_brand":[],"product_cat":[36],"product_tag":[],"woo-feed-brand":[],"class_list":{"0":"post-193","1":"product","2":"type-product","3":"status-publish","4":"has-post-thumbnail","6":"product_cat-plantones","8":"first","9":"instock","10":"featured","11":"shipping-taxable","12":"purchasable","13":"product-type-variable","14":"has-default-attributes","15":"prodpage-classic"},"yoast_head":"<!-- This site is optimized with the Yoast SEO Premium plugin v22.0 (Yoast SEO v22.7) - https:\/\/yoast.com\/wordpress\/plugins\/seo\/ -->\n<title>Juniperus Chinensis Itoigawa - Enebro Chino Itoigawa<\/title>\n<meta name=\"description\" content=\"Juniperus Chinensis Shimpaku Itoigawa (Enebro chino itoigawa ) plantones sanos con un tama\u00f1o de 10-50 cm para crear maravillosos bonsais.\" \/>\n<meta name=\"robots\" content=\"index, follow, max-snippet:-1, max-image-preview:large, max-video-preview:-1\" \/>\n<link rel=\"canonical\" href=\"https:\/\/bonsai-europe.com\/es\/producto\/plantones\/juniperus-chinensis-shimpaku-itoigawa\/\" \/>\n<meta property=\"og:locale\" content=\"es_ES\" \/>\n<meta property=\"og:type\" content=\"article\" \/>\n<meta property=\"og:title\" content=\"Juniperus Chinensis Itoigawa - Enebro Chino Itoigawa\" \/>\n<meta property=\"og:description\" content=\"Juniperus Chinensis Shimpaku Itoigawa (Enebro chino itoigawa ) plantones sanos con un tama\u00f1o de 10-50 cm para crear maravillosos bonsais.\" \/>\n<meta property=\"og:url\" content=\"https:\/\/bonsai-europe.com\/es\/producto\/plantones\/juniperus-chinensis-shimpaku-itoigawa\/\" \/>\n<meta property=\"og:site_name\" content=\"Bonsai Europe\" \/>\n<meta property=\"article:modified_time\" content=\"2026-03-25T16:14:34+00:00\" \/>\n<meta property=\"og:image\" content=\"https:\/\/bonsai-europe.com\/wp-content\/uploads\/2024\/03\/3-juniperus-chinensis-itoigawa.png\" \/>\n\t<meta property=\"og:image:width\" content=\"1280\" \/>\n\t<meta property=\"og:image:height\" content=\"853\" \/>\n\t<meta property=\"og:image:type\" content=\"image\/png\" \/>\n<meta name=\"twitter:card\" content=\"summary_large_image\" \/>\n<meta name=\"twitter:label1\" content=\"Tiempo de lectura\" \/>\n\t<meta name=\"twitter:data1\" content=\"2 minutos\" \/>\n<script type=\"application\/ld+json\" class=\"yoast-schema-graph\">{\"@context\":\"https:\/\/schema.org\",\"@graph\":[{\"@type\":\"WebPage\",\"@id\":\"https:\/\/bonsai-europe.com\/es\/producto\/plantones\/juniperus-chinensis-shimpaku-itoigawa\/\",\"url\":\"https:\/\/bonsai-europe.com\/es\/producto\/plantones\/juniperus-chinensis-shimpaku-itoigawa\/\",\"name\":\"Juniperus Chinensis Itoigawa - Enebro Chino Itoigawa\",\"isPartOf\":{\"@id\":\"https:\/\/bonsai-europe.com\/es\/#website\"},\"primaryImageOfPage\":{\"@id\":\"https:\/\/bonsai-europe.com\/es\/producto\/plantones\/juniperus-chinensis-shimpaku-itoigawa\/#primaryimage\"},\"image\":{\"@id\":\"https:\/\/bonsai-europe.com\/es\/producto\/plantones\/juniperus-chinensis-shimpaku-itoigawa\/#primaryimage\"},\"thumbnailUrl\":\"https:\/\/bonsai-europe.com\/wp-content\/uploads\/2024\/03\/3-juniperus-chinensis-itoigawa.png\",\"datePublished\":\"2024-03-02T08:59:04+00:00\",\"dateModified\":\"2026-03-25T16:14:34+00:00\",\"description\":\"Juniperus Chinensis Shimpaku Itoigawa (Enebro chino itoigawa ) plantones sanos con un tama\u00f1o de 10-50 cm para crear maravillosos bonsais.\",\"breadcrumb\":{\"@id\":\"https:\/\/bonsai-europe.com\/es\/producto\/plantones\/juniperus-chinensis-shimpaku-itoigawa\/#breadcrumb\"},\"inLanguage\":\"es\",\"potentialAction\":[{\"@type\":\"ReadAction\",\"target\":[\"https:\/\/bonsai-europe.com\/es\/producto\/plantones\/juniperus-chinensis-shimpaku-itoigawa\/\"]}]},{\"@type\":\"ImageObject\",\"inLanguage\":\"es\",\"@id\":\"https:\/\/bonsai-europe.com\/es\/producto\/plantones\/juniperus-chinensis-shimpaku-itoigawa\/#primaryimage\",\"url\":\"https:\/\/bonsai-europe.com\/wp-content\/uploads\/2024\/03\/3-juniperus-chinensis-itoigawa.png\",\"contentUrl\":\"https:\/\/bonsai-europe.com\/wp-content\/uploads\/2024\/03\/3-juniperus-chinensis-itoigawa.png\",\"width\":1280,\"height\":853,\"caption\":\"3-juniperus-chinensis-itoigawa\"},{\"@type\":\"BreadcrumbList\",\"@id\":\"https:\/\/bonsai-europe.com\/es\/producto\/plantones\/juniperus-chinensis-shimpaku-itoigawa\/#breadcrumb\",\"itemListElement\":[{\"@type\":\"ListItem\",\"position\":1,\"name\":\"Home\",\"item\":\"https:\/\/bonsai-europe.com\/es\/\"},{\"@type\":\"ListItem\",\"position\":2,\"name\":\"Tienda\",\"item\":\"https:\/\/bonsai-europe.com\/es\/tienda\/\"},{\"@type\":\"ListItem\",\"position\":3,\"name\":\"Juniperus Chinensis Itoigawa &#8211; Enebro Chino Itoigawa\"}]},{\"@type\":\"WebSite\",\"@id\":\"https:\/\/bonsai-europe.com\/es\/#website\",\"url\":\"https:\/\/bonsai-europe.com\/es\/\",\"name\":\"Bonsai Europe\",\"description\":\"\",\"potentialAction\":[{\"@type\":\"SearchAction\",\"target\":{\"@type\":\"EntryPoint\",\"urlTemplate\":\"https:\/\/bonsai-europe.com\/es\/?s={search_term_string}\"},\"query-input\":\"required name=search_term_string\"}],\"inLanguage\":\"es\"}]}<\/script>\n<!-- \/ Yoast SEO Premium plugin. -->","yoast_head_json":{"title":"Juniperus Chinensis Itoigawa - Enebro Chino Itoigawa","description":"Juniperus Chinensis Shimpaku Itoigawa (Enebro chino itoigawa ) plantones sanos con un tama\u00f1o de 10-50 cm para crear maravillosos bonsais.","robots":{"index":"index","follow":"follow","max-snippet":"max-snippet:-1","max-image-preview":"max-image-preview:large","max-video-preview":"max-video-preview:-1"},"canonical":"https:\/\/bonsai-europe.com\/es\/producto\/plantones\/juniperus-chinensis-shimpaku-itoigawa\/","og_locale":"es_ES","og_type":"article","og_title":"Juniperus Chinensis Itoigawa - Enebro Chino Itoigawa","og_description":"Juniperus Chinensis Shimpaku Itoigawa (Enebro chino itoigawa ) plantones sanos con un tama\u00f1o de 10-50 cm para crear maravillosos bonsais.","og_url":"https:\/\/bonsai-europe.com\/es\/producto\/plantones\/juniperus-chinensis-shimpaku-itoigawa\/","og_site_name":"Bonsai Europe","article_modified_time":"2026-03-25T16:14:34+00:00","og_image":[{"width":1280,"height":853,"url":"https:\/\/bonsai-europe.com\/wp-content\/uploads\/2024\/03\/3-juniperus-chinensis-itoigawa.png","type":"image\/png"}],"twitter_card":"summary_large_image","twitter_misc":{"Tiempo de lectura":"2 minutos"},"schema":{"@context":"https:\/\/schema.org","@graph":[{"@type":"WebPage","@id":"https:\/\/bonsai-europe.com\/es\/producto\/plantones\/juniperus-chinensis-shimpaku-itoigawa\/","url":"https:\/\/bonsai-europe.com\/es\/producto\/plantones\/juniperus-chinensis-shimpaku-itoigawa\/","name":"Juniperus Chinensis Itoigawa - Enebro Chino Itoigawa","isPartOf":{"@id":"https:\/\/bonsai-europe.com\/es\/#website"},"primaryImageOfPage":{"@id":"https:\/\/bonsai-europe.com\/es\/producto\/plantones\/juniperus-chinensis-shimpaku-itoigawa\/#primaryimage"},"image":{"@id":"https:\/\/bonsai-europe.com\/es\/producto\/plantones\/juniperus-chinensis-shimpaku-itoigawa\/#primaryimage"},"thumbnailUrl":"https:\/\/bonsai-europe.com\/wp-content\/uploads\/2024\/03\/3-juniperus-chinensis-itoigawa.png","datePublished":"2024-03-02T08:59:04+00:00","dateModified":"2026-03-25T16:14:34+00:00","description":"Juniperus Chinensis Shimpaku Itoigawa (Enebro chino itoigawa ) plantones sanos con un tama\u00f1o de 10-50 cm para crear maravillosos bonsais.","breadcrumb":{"@id":"https:\/\/bonsai-europe.com\/es\/producto\/plantones\/juniperus-chinensis-shimpaku-itoigawa\/#breadcrumb"},"inLanguage":"es","potentialAction":[{"@type":"ReadAction","target":["https:\/\/bonsai-europe.com\/es\/producto\/plantones\/juniperus-chinensis-shimpaku-itoigawa\/"]}]},{"@type":"ImageObject","inLanguage":"es","@id":"https:\/\/bonsai-europe.com\/es\/producto\/plantones\/juniperus-chinensis-shimpaku-itoigawa\/#primaryimage","url":"https:\/\/bonsai-europe.com\/wp-content\/uploads\/2024\/03\/3-juniperus-chinensis-itoigawa.png","contentUrl":"https:\/\/bonsai-europe.com\/wp-content\/uploads\/2024\/03\/3-juniperus-chinensis-itoigawa.png","width":1280,"height":853,"caption":"3-juniperus-chinensis-itoigawa"},{"@type":"BreadcrumbList","@id":"https:\/\/bonsai-europe.com\/es\/producto\/plantones\/juniperus-chinensis-shimpaku-itoigawa\/#breadcrumb","itemListElement":[{"@type":"ListItem","position":1,"name":"Home","item":"https:\/\/bonsai-europe.com\/es\/"},{"@type":"ListItem","position":2,"name":"Tienda","item":"https:\/\/bonsai-europe.com\/es\/tienda\/"},{"@type":"ListItem","position":3,"name":"Juniperus Chinensis Itoigawa &#8211; Enebro Chino Itoigawa"}]},{"@type":"WebSite","@id":"https:\/\/bonsai-europe.com\/es\/#website","url":"https:\/\/bonsai-europe.com\/es\/","name":"Bonsai Europe","description":"","potentialAction":[{"@type":"SearchAction","target":{"@type":"EntryPoint","urlTemplate":"https:\/\/bonsai-europe.com\/es\/?s={search_term_string}"},"query-input":"required name=search_term_string"}],"inLanguage":"es"}]}},"_links":{"self":[{"href":"https:\/\/bonsai-europe.com\/es\/wp-json\/wp\/v2\/product\/193","targetHints":{"allow":["GET"]}}],"collection":[{"href":"https:\/\/bonsai-europe.com\/es\/wp-json\/wp\/v2\/product"}],"about":[{"href":"https:\/\/bonsai-europe.com\/es\/wp-json\/wp\/v2\/types\/product"}],"wp:featuredmedia":[{"embeddable":true,"href":"https:\/\/bonsai-europe.com\/es\/wp-json\/wp\/v2\/media\/447"}],"wp:attachment":[{"href":"https:\/\/bonsai-europe.com\/es\/wp-json\/wp\/v2\/media?parent=193"}],"wp:term":[{"taxonomy":"product_brand","embeddable":true,"href":"https:\/\/bonsai-europe.com\/es\/wp-json\/wp\/v2\/product_brand?post=193"},{"taxonomy":"product_cat","embeddable":true,"href":"https:\/\/bonsai-europe.com\/es\/wp-json\/wp\/v2\/product_cat?post=193"},{"taxonomy":"product_tag","embeddable":true,"href":"https:\/\/bonsai-europe.com\/es\/wp-json\/wp\/v2\/product_tag?post=193"},{"taxonomy":"woo-feed-brand","embeddable":true,"href":"https:\/\/bonsai-europe.com\/es\/wp-json\/wp\/v2\/woo-feed-brand?post=193"}],"curies":[{"name":"wp","href":"https:\/\/api.w.org\/{rel}","templated":true}]}}