{"id":1100,"date":"2026-02-13T17:31:30","date_gmt":"2026-02-13T16:31:30","guid":{"rendered":"https:\/\/bonsai-europe.com\/?post_type=product&#038;p=1100"},"modified":"2026-02-14T08:43:22","modified_gmt":"2026-02-14T07:43:22","slug":"osmocote-fertilizante-de-liberacion-lenta","status":"publish","type":"product","link":"https:\/\/bonsai-europe.com\/es\/producto\/sustratos-y-fertilizantes\/osmocote-fertilizante-de-liberacion-lenta\/","title":{"rendered":"Osmocote fertilizante de liberaci\u00f3n lenta"},"content":{"rendered":"<p>ICL Osmocote Exact Standard, un fertilizante de liberaci\u00f3n controlada de tercera generaci\u00f3n y calidad profesional, dise\u00f1ado para horticultura ornamental. Est\u00e1 espec\u00edficamente formulado para proporcionar una liberaci\u00f3n segura y constante de nutrientes durante todo el ciclo de cultivo, lo que lo hace ideal para plantas con necesidades nutricionales uniformes.<\/p>\n<ul>\n<li><strong>Duraci\u00f3n de liberaci\u00f3n: <\/strong>Proporciona nutrientes durante un per\u00edodo de 12 a 14 meses.<\/li>\n<li><strong>Composici\u00f3n de nutrientes: <\/strong>Presenta una relaci\u00f3n NPK de 15-9-11, junto con un 2% de \u00f3xido de magnesio (MgO) y oligoelementos (TE).<\/li>\n<li><strong>Tecnolog\u00eda: <\/strong>Utiliza tecnolog\u00eda de tercera generaci\u00f3n para una liberaci\u00f3n pautada, adaptando el suministro de nutrientes a las necesidades de las plantas.<\/li>\n<li><strong>Mejor uso: <\/strong>Ideal para \u00e1rboles de hoja perenne, arbustos de hoja caduca y con\u00edferas de r\u00e1pido crecimiento que requieren una nutrici\u00f3n constante.<\/li>\n<\/ul>\n<p><strong>Pautas de solicitud<\/strong><\/p>\n<ul>\n<li><strong>Sensibilidad a la temperatura: <\/strong>La longevidad se ve afectada por la temperatura; a 16 \u00b0C puede durar entre 15 y 17 meses, mientras que a 21 \u00b0C dura entre 12 y 14 meses.<\/li>\n<li><strong>Dosis: <\/strong>5 gramos por 1 litro de sustrato una vez al a\u00f1o.<\/li>\n<li><strong>Envase : <\/strong>50 gramos , 500 gramos<\/li>\n<\/ul>\n","protected":false},"excerpt":{"rendered":"<p>Osmocote fertilizante de liberaci\u00f3n lenta para 12 meses<\/p>\n","protected":false},"featured_media":1124,"template":"","meta":[],"product_brand":[],"product_cat":[129],"product_tag":[],"woo-feed-brand":[],"class_list":{"0":"post-1100","1":"product","2":"type-product","3":"status-publish","4":"has-post-thumbnail","6":"product_cat-sustratos-y-fertilizantes","8":"first","9":"instock","10":"shipping-taxable","11":"purchasable","12":"product-type-variable","13":"prodpage-classic"},"yoast_head":"<!-- This site is optimized with the Yoast SEO Premium plugin v22.0 (Yoast SEO v22.7) - https:\/\/yoast.com\/wordpress\/plugins\/seo\/ -->\n<title>Osmocote fertilizante de liberaci\u00f3n lenta<\/title>\n<meta name=\"description\" content=\"Osmocote fertilizante de liberaci\u00f3n lenta para 12 meses\" \/>\n<meta name=\"robots\" content=\"index, follow, max-snippet:-1, max-image-preview:large, max-video-preview:-1\" \/>\n<link rel=\"canonical\" href=\"https:\/\/bonsai-europe.com\/es\/producto\/sustratos-y-fertilizantes\/osmocote-fertilizante-de-liberacion-lenta\/\" \/>\n<meta property=\"og:locale\" content=\"es_ES\" \/>\n<meta property=\"og:type\" content=\"article\" \/>\n<meta property=\"og:title\" content=\"Osmocote fertilizante de liberaci\u00f3n lenta\" \/>\n<meta property=\"og:description\" content=\"Osmocote fertilizante de liberaci\u00f3n lenta para 12 meses\" \/>\n<meta property=\"og:url\" content=\"https:\/\/bonsai-europe.com\/es\/producto\/sustratos-y-fertilizantes\/osmocote-fertilizante-de-liberacion-lenta\/\" \/>\n<meta property=\"og:site_name\" content=\"Bonsai Europe\" \/>\n<meta property=\"article:modified_time\" content=\"2026-02-14T07:43:22+00:00\" \/>\n<meta property=\"og:image\" content=\"https:\/\/bonsai-europe.com\/wp-content\/uploads\/2026\/02\/Osmocote-1024x683.png\" \/>\n\t<meta property=\"og:image:width\" content=\"1024\" \/>\n\t<meta property=\"og:image:height\" content=\"683\" \/>\n\t<meta property=\"og:image:type\" content=\"image\/png\" \/>\n<meta name=\"twitter:card\" content=\"summary_large_image\" \/>\n<meta name=\"twitter:label1\" content=\"Tiempo de lectura\" \/>\n\t<meta name=\"twitter:data1\" content=\"1 minuto\" \/>\n<script type=\"application\/ld+json\" class=\"yoast-schema-graph\">{\"@context\":\"https:\/\/schema.org\",\"@graph\":[{\"@type\":\"WebPage\",\"@id\":\"https:\/\/bonsai-europe.com\/es\/producto\/sustratos-y-fertilizantes\/osmocote-fertilizante-de-liberacion-lenta\/\",\"url\":\"https:\/\/bonsai-europe.com\/es\/producto\/sustratos-y-fertilizantes\/osmocote-fertilizante-de-liberacion-lenta\/\",\"name\":\"Osmocote fertilizante de liberaci\u00f3n lenta\",\"isPartOf\":{\"@id\":\"https:\/\/bonsai-europe.com\/es\/#website\"},\"primaryImageOfPage\":{\"@id\":\"https:\/\/bonsai-europe.com\/es\/producto\/sustratos-y-fertilizantes\/osmocote-fertilizante-de-liberacion-lenta\/#primaryimage\"},\"image\":{\"@id\":\"https:\/\/bonsai-europe.com\/es\/producto\/sustratos-y-fertilizantes\/osmocote-fertilizante-de-liberacion-lenta\/#primaryimage\"},\"thumbnailUrl\":\"https:\/\/bonsai-europe.com\/wp-content\/uploads\/2026\/02\/osmocote-25kg.webp\",\"datePublished\":\"2026-02-13T16:31:30+00:00\",\"dateModified\":\"2026-02-14T07:43:22+00:00\",\"description\":\"Osmocote fertilizante de liberaci\u00f3n lenta para 12 meses\",\"breadcrumb\":{\"@id\":\"https:\/\/bonsai-europe.com\/es\/producto\/sustratos-y-fertilizantes\/osmocote-fertilizante-de-liberacion-lenta\/#breadcrumb\"},\"inLanguage\":\"es\",\"potentialAction\":[{\"@type\":\"ReadAction\",\"target\":[\"https:\/\/bonsai-europe.com\/es\/producto\/sustratos-y-fertilizantes\/osmocote-fertilizante-de-liberacion-lenta\/\"]}]},{\"@type\":\"ImageObject\",\"inLanguage\":\"es\",\"@id\":\"https:\/\/bonsai-europe.com\/es\/producto\/sustratos-y-fertilizantes\/osmocote-fertilizante-de-liberacion-lenta\/#primaryimage\",\"url\":\"https:\/\/bonsai-europe.com\/wp-content\/uploads\/2026\/02\/osmocote-25kg.webp\",\"contentUrl\":\"https:\/\/bonsai-europe.com\/wp-content\/uploads\/2026\/02\/osmocote-25kg.webp\",\"width\":960,\"height\":960},{\"@type\":\"BreadcrumbList\",\"@id\":\"https:\/\/bonsai-europe.com\/es\/producto\/sustratos-y-fertilizantes\/osmocote-fertilizante-de-liberacion-lenta\/#breadcrumb\",\"itemListElement\":[{\"@type\":\"ListItem\",\"position\":1,\"name\":\"Home\",\"item\":\"https:\/\/bonsai-europe.com\/es\/\"},{\"@type\":\"ListItem\",\"position\":2,\"name\":\"Tienda\",\"item\":\"https:\/\/bonsai-europe.com\/es\/tienda\/\"},{\"@type\":\"ListItem\",\"position\":3,\"name\":\"Osmocote fertilizante de liberaci\u00f3n lenta\"}]},{\"@type\":\"WebSite\",\"@id\":\"https:\/\/bonsai-europe.com\/es\/#website\",\"url\":\"https:\/\/bonsai-europe.com\/es\/\",\"name\":\"Bonsai Europe\",\"description\":\"\",\"potentialAction\":[{\"@type\":\"SearchAction\",\"target\":{\"@type\":\"EntryPoint\",\"urlTemplate\":\"https:\/\/bonsai-europe.com\/es\/?s={search_term_string}\"},\"query-input\":\"required name=search_term_string\"}],\"inLanguage\":\"es\"}]}<\/script>\n<!-- \/ Yoast SEO Premium plugin. -->","yoast_head_json":{"title":"Osmocote fertilizante de liberaci\u00f3n lenta","description":"Osmocote fertilizante de liberaci\u00f3n lenta para 12 meses","robots":{"index":"index","follow":"follow","max-snippet":"max-snippet:-1","max-image-preview":"max-image-preview:large","max-video-preview":"max-video-preview:-1"},"canonical":"https:\/\/bonsai-europe.com\/es\/producto\/sustratos-y-fertilizantes\/osmocote-fertilizante-de-liberacion-lenta\/","og_locale":"es_ES","og_type":"article","og_title":"Osmocote fertilizante de liberaci\u00f3n lenta","og_description":"Osmocote fertilizante de liberaci\u00f3n lenta para 12 meses","og_url":"https:\/\/bonsai-europe.com\/es\/producto\/sustratos-y-fertilizantes\/osmocote-fertilizante-de-liberacion-lenta\/","og_site_name":"Bonsai Europe","article_modified_time":"2026-02-14T07:43:22+00:00","og_image":[{"width":1024,"height":683,"url":"https:\/\/bonsai-europe.com\/wp-content\/uploads\/2026\/02\/Osmocote-1024x683.png","type":"image\/png"}],"twitter_card":"summary_large_image","twitter_misc":{"Tiempo de lectura":"1 minuto"},"schema":{"@context":"https:\/\/schema.org","@graph":[{"@type":"WebPage","@id":"https:\/\/bonsai-europe.com\/es\/producto\/sustratos-y-fertilizantes\/osmocote-fertilizante-de-liberacion-lenta\/","url":"https:\/\/bonsai-europe.com\/es\/producto\/sustratos-y-fertilizantes\/osmocote-fertilizante-de-liberacion-lenta\/","name":"Osmocote fertilizante de liberaci\u00f3n lenta","isPartOf":{"@id":"https:\/\/bonsai-europe.com\/es\/#website"},"primaryImageOfPage":{"@id":"https:\/\/bonsai-europe.com\/es\/producto\/sustratos-y-fertilizantes\/osmocote-fertilizante-de-liberacion-lenta\/#primaryimage"},"image":{"@id":"https:\/\/bonsai-europe.com\/es\/producto\/sustratos-y-fertilizantes\/osmocote-fertilizante-de-liberacion-lenta\/#primaryimage"},"thumbnailUrl":"https:\/\/bonsai-europe.com\/wp-content\/uploads\/2026\/02\/osmocote-25kg.webp","datePublished":"2026-02-13T16:31:30+00:00","dateModified":"2026-02-14T07:43:22+00:00","description":"Osmocote fertilizante de liberaci\u00f3n lenta para 12 meses","breadcrumb":{"@id":"https:\/\/bonsai-europe.com\/es\/producto\/sustratos-y-fertilizantes\/osmocote-fertilizante-de-liberacion-lenta\/#breadcrumb"},"inLanguage":"es","potentialAction":[{"@type":"ReadAction","target":["https:\/\/bonsai-europe.com\/es\/producto\/sustratos-y-fertilizantes\/osmocote-fertilizante-de-liberacion-lenta\/"]}]},{"@type":"ImageObject","inLanguage":"es","@id":"https:\/\/bonsai-europe.com\/es\/producto\/sustratos-y-fertilizantes\/osmocote-fertilizante-de-liberacion-lenta\/#primaryimage","url":"https:\/\/bonsai-europe.com\/wp-content\/uploads\/2026\/02\/osmocote-25kg.webp","contentUrl":"https:\/\/bonsai-europe.com\/wp-content\/uploads\/2026\/02\/osmocote-25kg.webp","width":960,"height":960},{"@type":"BreadcrumbList","@id":"https:\/\/bonsai-europe.com\/es\/producto\/sustratos-y-fertilizantes\/osmocote-fertilizante-de-liberacion-lenta\/#breadcrumb","itemListElement":[{"@type":"ListItem","position":1,"name":"Home","item":"https:\/\/bonsai-europe.com\/es\/"},{"@type":"ListItem","position":2,"name":"Tienda","item":"https:\/\/bonsai-europe.com\/es\/tienda\/"},{"@type":"ListItem","position":3,"name":"Osmocote fertilizante de liberaci\u00f3n lenta"}]},{"@type":"WebSite","@id":"https:\/\/bonsai-europe.com\/es\/#website","url":"https:\/\/bonsai-europe.com\/es\/","name":"Bonsai Europe","description":"","potentialAction":[{"@type":"SearchAction","target":{"@type":"EntryPoint","urlTemplate":"https:\/\/bonsai-europe.com\/es\/?s={search_term_string}"},"query-input":"required name=search_term_string"}],"inLanguage":"es"}]}},"_links":{"self":[{"href":"https:\/\/bonsai-europe.com\/es\/wp-json\/wp\/v2\/product\/1100","targetHints":{"allow":["GET"]}}],"collection":[{"href":"https:\/\/bonsai-europe.com\/es\/wp-json\/wp\/v2\/product"}],"about":[{"href":"https:\/\/bonsai-europe.com\/es\/wp-json\/wp\/v2\/types\/product"}],"wp:featuredmedia":[{"embeddable":true,"href":"https:\/\/bonsai-europe.com\/es\/wp-json\/wp\/v2\/media\/1124"}],"wp:attachment":[{"href":"https:\/\/bonsai-europe.com\/es\/wp-json\/wp\/v2\/media?parent=1100"}],"wp:term":[{"taxonomy":"product_brand","embeddable":true,"href":"https:\/\/bonsai-europe.com\/es\/wp-json\/wp\/v2\/product_brand?post=1100"},{"taxonomy":"product_cat","embeddable":true,"href":"https:\/\/bonsai-europe.com\/es\/wp-json\/wp\/v2\/product_cat?post=1100"},{"taxonomy":"product_tag","embeddable":true,"href":"https:\/\/bonsai-europe.com\/es\/wp-json\/wp\/v2\/product_tag?post=1100"},{"taxonomy":"woo-feed-brand","embeddable":true,"href":"https:\/\/bonsai-europe.com\/es\/wp-json\/wp\/v2\/woo-feed-brand?post=1100"}],"curies":[{"name":"wp","href":"https:\/\/api.w.org\/{rel}","templated":true}]}}