{"id":454,"date":"2024-03-20T15:42:58","date_gmt":"2024-03-20T14:42:58","guid":{"rendered":"https:\/\/bonsai-europe.com\/?page_id=454"},"modified":"2024-05-11T10:39:26","modified_gmt":"2024-05-11T08:39:26","slug":"envios","status":"publish","type":"page","link":"https:\/\/bonsai-europe.com\/es\/envios\/","title":{"rendered":"Env\u00edos"},"content":{"rendered":"<p>Los gastos de env\u00edo dependen del peso y volumen del paquete, as\u00ed como del pa\u00eds de destino, y se calculan autom\u00e1ticamente durante el proceso de pedido. Realizamos env\u00edos de lunes a mi\u00e9rcoles dentro de Espa\u00f1a a trav\u00e9s de Correos Express. Enviamos a todos los dem\u00e1s pa\u00edses <strong>solo los lunes<\/strong> a trav\u00e9s de UPS o DPD para que la mercanc\u00eda llegue al cliente el jueves o viernes de la misma semana. El tiempo de env\u00edo dentro de Espa\u00f1a es de 1 &#8211; 2 d\u00edas laborables, para el resto de pa\u00edses entre 3 y 5 d\u00edas laborables.<\/p>\n<p>Si su pa\u00eds no figura aqu\u00ed, lamentablemente no ser\u00e1 posible realizar un pedido.<\/p>\n<p><strong>Solo enviamos a los siguientes pa\u00edses de la UE:<\/strong><\/p>\n<p>Alemania<\/p>\n<p>Austria<\/p>\n<p>B\u00e9lgica<\/p>\n<p>Bulgaria<\/p>\n<p>Chipre<\/p>\n<p>Croacia<\/p>\n<p>Dinamarca<\/p>\n<p>Eslovaquia<\/p>\n<p>Eslovenia<\/p>\n<p>Espa\u00f1a<\/p>\n<p>Estonia<\/p>\n<p>Finlandia<\/p>\n<p>Francia<\/p>\n<p>Grecia<\/p>\n<p>Hungr\u00eda<\/p>\n<p>Irlanda<\/p>\n<p>Italia<\/p>\n<p>Letonia<\/p>\n<p>Lituania<\/p>\n<p>Luxemburgo<\/p>\n<p>Pa\u00edses Bajos<\/p>\n<p>Polonia<\/p>\n<p>Portugal<\/p>\n<p>Rep\u00fablica Checa<\/p>\n<p>Rumania<\/p>\n<p>Suecia<\/p>\n<p>&nbsp;<\/p>\n<p>&nbsp;<\/p>\n","protected":false},"excerpt":{"rendered":"<p>Los gastos de env\u00edo dependen del peso y volumen del paquete, as\u00ed como del pa\u00eds de destino, y se calculan autom\u00e1ticamente durante el proceso de pedido. Realizamos env\u00edos de lunes a mi\u00e9rcoles dentro de Espa\u00f1a a trav\u00e9s de Correos Express. Enviamos a todos los dem\u00e1s pa\u00edses solo los lunes a trav\u00e9s de UPS o DPD<\/p>\n","protected":false},"author":1,"featured_media":0,"parent":0,"menu_order":0,"comment_status":"closed","ping_status":"closed","template":"","meta":{"footnotes":""},"class_list":["post-454","page","type-page","status-publish","hentry","prodpage-classic"],"yoast_head":"<!-- This site is optimized with the Yoast SEO Premium plugin v22.0 (Yoast SEO v22.7) - https:\/\/yoast.com\/wordpress\/plugins\/seo\/ -->\n<title>Env\u00edos<\/title>\n<meta name=\"robots\" content=\"noindex, follow\" \/>\n<meta property=\"og:locale\" content=\"es_ES\" \/>\n<meta property=\"og:type\" content=\"article\" \/>\n<meta property=\"og:title\" content=\"Env\u00edos\" \/>\n<meta property=\"og:description\" content=\"Los gastos de env\u00edo dependen del peso y volumen del paquete, as\u00ed como del pa\u00eds de destino, y se calculan autom\u00e1ticamente durante el proceso de pedido. Realizamos env\u00edos de lunes a mi\u00e9rcoles dentro de Espa\u00f1a a trav\u00e9s de Correos Express. Enviamos a todos los dem\u00e1s pa\u00edses solo los lunes a trav\u00e9s de UPS o DPD\" \/>\n<meta property=\"og:url\" content=\"https:\/\/bonsai-europe.com\/es\/envios\/\" \/>\n<meta property=\"og:site_name\" content=\"Bonsai Europe\" \/>\n<meta property=\"article:modified_time\" content=\"2024-05-11T08:39:26+00:00\" \/>\n<meta property=\"og:image\" content=\"https:\/\/bonsai-europe.com\/wp-content\/uploads\/2024\/03\/itoigawa-header.jpg\" \/>\n\t<meta property=\"og:image:width\" content=\"1920\" \/>\n\t<meta property=\"og:image:height\" content=\"1281\" \/>\n\t<meta property=\"og:image:type\" content=\"image\/jpeg\" \/>\n<meta name=\"twitter:card\" content=\"summary_large_image\" \/>\n<meta name=\"twitter:label1\" content=\"Tiempo de lectura\" \/>\n\t<meta name=\"twitter:data1\" content=\"1 minuto\" \/>\n<script type=\"application\/ld+json\" class=\"yoast-schema-graph\">{\"@context\":\"https:\/\/schema.org\",\"@graph\":[{\"@type\":\"WebPage\",\"@id\":\"https:\/\/bonsai-europe.com\/es\/envios\/\",\"url\":\"https:\/\/bonsai-europe.com\/es\/envios\/\",\"name\":\"Env\u00edos\",\"isPartOf\":{\"@id\":\"https:\/\/bonsai-europe.com\/es\/#website\"},\"datePublished\":\"2024-03-20T14:42:58+00:00\",\"dateModified\":\"2024-05-11T08:39:26+00:00\",\"breadcrumb\":{\"@id\":\"https:\/\/bonsai-europe.com\/es\/envios\/#breadcrumb\"},\"inLanguage\":\"es\",\"potentialAction\":[{\"@type\":\"ReadAction\",\"target\":[\"https:\/\/bonsai-europe.com\/es\/envios\/\"]}]},{\"@type\":\"BreadcrumbList\",\"@id\":\"https:\/\/bonsai-europe.com\/es\/envios\/#breadcrumb\",\"itemListElement\":[{\"@type\":\"ListItem\",\"position\":1,\"name\":\"Home\",\"item\":\"https:\/\/bonsai-europe.com\/es\/\"},{\"@type\":\"ListItem\",\"position\":2,\"name\":\"Env\u00edos\"}]},{\"@type\":\"WebSite\",\"@id\":\"https:\/\/bonsai-europe.com\/es\/#website\",\"url\":\"https:\/\/bonsai-europe.com\/es\/\",\"name\":\"Bonsai Europe\",\"description\":\"\",\"potentialAction\":[{\"@type\":\"SearchAction\",\"target\":{\"@type\":\"EntryPoint\",\"urlTemplate\":\"https:\/\/bonsai-europe.com\/es\/?s={search_term_string}\"},\"query-input\":\"required name=search_term_string\"}],\"inLanguage\":\"es\"}]}<\/script>\n<!-- \/ Yoast SEO Premium plugin. -->","yoast_head_json":{"title":"Env\u00edos","robots":{"index":"noindex","follow":"follow"},"og_locale":"es_ES","og_type":"article","og_title":"Env\u00edos","og_description":"Los gastos de env\u00edo dependen del peso y volumen del paquete, as\u00ed como del pa\u00eds de destino, y se calculan autom\u00e1ticamente durante el proceso de pedido. Realizamos env\u00edos de lunes a mi\u00e9rcoles dentro de Espa\u00f1a a trav\u00e9s de Correos Express. Enviamos a todos los dem\u00e1s pa\u00edses solo los lunes a trav\u00e9s de UPS o DPD","og_url":"https:\/\/bonsai-europe.com\/es\/envios\/","og_site_name":"Bonsai Europe","article_modified_time":"2024-05-11T08:39:26+00:00","og_image":[{"width":1920,"height":1281,"url":"https:\/\/bonsai-europe.com\/wp-content\/uploads\/2024\/03\/itoigawa-header.jpg","type":"image\/jpeg"}],"twitter_card":"summary_large_image","twitter_misc":{"Tiempo de lectura":"1 minuto"},"schema":{"@context":"https:\/\/schema.org","@graph":[{"@type":"WebPage","@id":"https:\/\/bonsai-europe.com\/es\/envios\/","url":"https:\/\/bonsai-europe.com\/es\/envios\/","name":"Env\u00edos","isPartOf":{"@id":"https:\/\/bonsai-europe.com\/es\/#website"},"datePublished":"2024-03-20T14:42:58+00:00","dateModified":"2024-05-11T08:39:26+00:00","breadcrumb":{"@id":"https:\/\/bonsai-europe.com\/es\/envios\/#breadcrumb"},"inLanguage":"es","potentialAction":[{"@type":"ReadAction","target":["https:\/\/bonsai-europe.com\/es\/envios\/"]}]},{"@type":"BreadcrumbList","@id":"https:\/\/bonsai-europe.com\/es\/envios\/#breadcrumb","itemListElement":[{"@type":"ListItem","position":1,"name":"Home","item":"https:\/\/bonsai-europe.com\/es\/"},{"@type":"ListItem","position":2,"name":"Env\u00edos"}]},{"@type":"WebSite","@id":"https:\/\/bonsai-europe.com\/es\/#website","url":"https:\/\/bonsai-europe.com\/es\/","name":"Bonsai Europe","description":"","potentialAction":[{"@type":"SearchAction","target":{"@type":"EntryPoint","urlTemplate":"https:\/\/bonsai-europe.com\/es\/?s={search_term_string}"},"query-input":"required name=search_term_string"}],"inLanguage":"es"}]}},"_links":{"self":[{"href":"https:\/\/bonsai-europe.com\/es\/wp-json\/wp\/v2\/pages\/454","targetHints":{"allow":["GET"]}}],"collection":[{"href":"https:\/\/bonsai-europe.com\/es\/wp-json\/wp\/v2\/pages"}],"about":[{"href":"https:\/\/bonsai-europe.com\/es\/wp-json\/wp\/v2\/types\/page"}],"author":[{"embeddable":true,"href":"https:\/\/bonsai-europe.com\/es\/wp-json\/wp\/v2\/users\/1"}],"replies":[{"embeddable":true,"href":"https:\/\/bonsai-europe.com\/es\/wp-json\/wp\/v2\/comments?post=454"}],"version-history":[{"count":3,"href":"https:\/\/bonsai-europe.com\/es\/wp-json\/wp\/v2\/pages\/454\/revisions"}],"predecessor-version":[{"id":546,"href":"https:\/\/bonsai-europe.com\/es\/wp-json\/wp\/v2\/pages\/454\/revisions\/546"}],"wp:attachment":[{"href":"https:\/\/bonsai-europe.com\/es\/wp-json\/wp\/v2\/media?parent=454"}],"curies":[{"name":"wp","href":"https:\/\/api.w.org\/{rel}","templated":true}]}}