{"id":927,"date":"2025-05-18T10:38:20","date_gmt":"2025-05-18T08:38:20","guid":{"rendered":"https:\/\/bonsai-europe.com\/?post_type=product&#038;p=927"},"modified":"2026-01-26T19:29:05","modified_gmt":"2026-01-26T18:29:05","slug":"ficus-microcarpa-tiger-bark","status":"publish","type":"product","link":"https:\/\/bonsai-europe.com\/de\/produkt\/jungpflanzen\/ficus-microcarpa-tiger-bark\/","title":{"rendered":"Ficus Microcarpa &#8216;Tiger Bark&#8217;"},"content":{"rendered":"<p><strong>Einen Bonsai aus einem jungen Ficus Microcarpa \u201eTiger Bark\u201c gestalten<\/strong><\/p>\n<p>Die Gestaltung eines Bonsais aus einem jungen <strong>Ficus microcarpa \u201eTiger Bark\u201c (Chinesische Tigerrinden Feige) <\/strong>ist ein lohnender Prozess, der Gartenbau und Design vereint. Diese besondere Ficus -Sorte wird wegen ihrer markanten Rinde, der kleinen Bl\u00e4tter, des schnellen Wachstums und der F\u00e4higkeit, Luftwurzeln zu bilden, gesch\u00e4tzt \u2013 all das tr\u00e4gt schon in jungen Jahren zu einem klassischen, gealterten Bonsai-Look bei. Wenn Sie mit einer kleinen Pflanze beginnen, haben Sie die volle Kontrolle \u00fcber ihre Entwicklung und Form und k\u00f6nnen den Baum so gestalten, dass er Ihre Vision widerspiegelt.<\/p>\n<p><strong>Warum mit einer jungen Pflanze beginnen?<\/strong><\/p>\n<p>Die Verwendung eines jungen Tiger Bark Ficus erm\u00f6glicht Ihnen:<\/p>\n<ul>\n<li>Formen Sie den Stamm fr\u00fchzeitig f\u00fcr eine gute Verj\u00fcngung und Bewegung<\/li>\n<li>Entwickeln Sie ein starkes, kompaktes Wurzelsystem<\/li>\n<li>Kontrollieren Sie die Platzierung der Zweige von Anfang an<\/li>\n<li>Vermeiden Sie die Korrektur fehlerhafter Strukturen aus vortrainiertem oder vernachl\u00e4ssigtem Bestand<\/li>\n<\/ul>\n<p>Obwohl es Zeit und Geduld erfordert, ist der Anfang mit einem Setzling oder einer kleinen Baumschulpflanze ein unbeschriebenes Blatt \u2013 ideal zum Lernen und zum Aufbauen von F\u00e4higkeiten.<\/p>\n<p><strong>Schritt f\u00fcr Schritt: Von der Jungpflanze zum Bonsai<\/strong><\/p>\n<ol>\n<li><strong> W\u00e4hlen Sie einen gesunden Starter<\/strong><\/li>\n<\/ol>\n<p>Beginnen Sie mit einem gesunden jungen Ficus in einem Anzuchttopf \u2013 idealerweise 15 bis 30 cm gro\u00df. Achten Sie auf :<\/p>\n<ul>\n<li>Ein dicker, gesunder Stamm (oder zumindest ein vielversprechender)<\/li>\n<li>Starke Wurzeln<\/li>\n<li>Hellgr\u00fcne Bl\u00e4tter ohne Anzeichen von Sch\u00e4dlingen<\/li>\n<li>Flexible, formbare Zweige<\/li>\n<\/ul>\n<p>Sie k\u00f6nnen es auch aus einem Steckling ziehen, allerdings dauert der Vorgang dadurch einige Monate l\u00e4nger.<\/p>\n<ol start=\"2\">\n<li><strong> Erste Wurzelarbeit<\/strong><\/li>\n<\/ol>\n<p>Sobald die Pflanze angewachsen ist und kr\u00e4ftig w\u00e4chst, nehmen Sie sie aus dem Topf und untersuchen Sie die Wurzeln. Ficus microcarpa vertr\u00e4gt Wurzelschnitt\u200b gut . Du d\u00fcrfen :<\/p>\n<ul>\n<li>Schneiden Sie alle kreisenden oder dicken, nach unten wachsenden Wurzeln ab<\/li>\n<li>Beginnen Sie mit dem Abflachen der Wurzelbasis, um sie f\u00fcr das zuk\u00fcnftige Eintopfen von Bonsai vorzubereiten<\/li>\n<li>Topfen Sie ihn in einen breiteren, flachen Trainingstopf mit gut durchl\u00e4ssiger Bonsaierde um (eine Mischung aus Akadama , Bimsstein und organischen Stoffen eignet sich gut).<\/li>\n<\/ul>\n<p>In dieser Phase beginnt die Bildung des <strong>Nebari <\/strong>oder der oberfl\u00e4chlichen Wurzelausbreitung, die f\u00fcr das optische Gleichgewicht wichtig ist.<\/p>\n<ol start=\"3\">\n<li><strong> Rumpfentwicklung<\/strong><\/li>\n<\/ol>\n<p>Lassen Sie die Pflanze nun eine Saison oder l\u00e4nger frei wachsen, um den Stamm zu verdicken. Sie d\u00fcrfen :<\/p>\n<ul>\n<li>Pflanzen Sie es f\u00fcr schnelleres Wachstum in die Erde oder in einen gro\u00dfen Beh\u00e4lter<\/li>\n<li>Gelegentlich beschneiden, um Verj\u00fcngung und Bewegung zu f\u00f6rdern<\/li>\n<\/ul>\n<p>Viele G\u00e4rtner <strong>stutzen <\/strong>ihren Ficus : Sie schneiden den Hauptstamm tief ab, um neues Wachstum und eine Verj\u00fcngung zu f\u00f6rdern. Diese Technik ist zwar spektakul\u00e4r, aber bew\u00e4hrt, um einen Bonsai zu kreieren, der alt und kraftvoll wirkt. Unterhalb des Schnitts wachsen neue Triebe, die zur Bildung der neuen Spitze ausgew\u00e4hlt werden k\u00f6nnen.<\/p>\n<ol start=\"4\">\n<li><strong> Verdrahtung und Formgebung<\/strong><\/li>\n<\/ol>\n<p>Sobald der Stamm eine ausreichende Dicke erreicht hat und sich neue \u00c4ste gebildet haben, beginnen Sie mit dem Verdrahten. Ficus -Zweige sind flexibel, wenn jung :<\/p>\n<ul>\n<li>Verwenden Sie Aluminiumdraht, um Prim\u00e4r\u00e4ste zu formen und Bewegung zu erm\u00f6glichen<\/li>\n<li>Vermeiden Sie die Verkabelung im Winter oder in kalten Umgebungen<\/li>\n<li>\u00dcberpr\u00fcfen Sie den Draht h\u00e4ufig \u2013 die Rinde kann vernarben, wenn der Draht zu lange dran bleibt<\/li>\n<\/ul>\n<p>Bei Tiger Bark k\u00f6nnen sich mit der Zeit sogar leichte Narben mit den nat\u00fcrlichen Streifen der Rinde vermischen, dennoch ist Vorsicht geboten.<\/p>\n<ol start=\"5\">\n<li><strong> F\u00f6rderung der Luftwurzeln (optional)<\/strong><\/li>\n<\/ol>\n<p>Eines der interessantesten Merkmale dieser Ficus -Sorte ist ihre F\u00e4higkeit, <strong>Luftwurzeln zu bilden <\/strong>. Wenn Du wollen einen Banyan -Stil- Look :<\/p>\n<ul>\n<li>Erh\u00f6hen Sie die Luftfeuchtigkeit rund um den Stamm und die unteren \u00c4ste<\/li>\n<li>Wickeln Sie feuchtes Torfmoos um die Astknoten<\/li>\n<li>Verwenden Sie beim Indoor-Anbau ein Feuchtigkeitszelt oder eine Feuchtigkeitsschale<\/li>\n<\/ul>\n<p>Mit der Zeit wachsen die Wurzeln nach unten und k\u00f6nnen in den Boden gef\u00fchrt werden. Dadurch entsteht das dramatische Aussehen mit mehreren St\u00e4mmen, das viele mit tropischen Bonsais assoziieren.<\/p>\n<ol start=\"6\">\n<li><strong> Regelm\u00e4\u00dfiger Schnitt<\/strong><\/li>\n<\/ol>\n<p>Sobald die Grundstruktur festgelegt ist:<\/p>\n<ul>\n<li>Neue Triebe zur\u00fcckschneiden, um die Form zu erhalten<\/li>\n<li>Entfernen Sie gro\u00dfe Bl\u00e4tter, um kleineres Nachwachsen zu f\u00f6rdern<\/li>\n<li>Entlauben Sie ein- bis zweimal im Jahr (entfernen Sie alle Bl\u00e4tter), um die Blattgr\u00f6\u00dfe zu reduzieren \u2013 nur, wenn der Baum stark ist und sich in der Wachstumsperiode befindet<\/li>\n<\/ul>\n<p>Ficus reagiert gut auf starken R\u00fcckschnitt und treibt schnell neue Triebe aus , das hei\u00dft, er treibt sogar aus altem Holz neue Triebe aus.<\/p>\n<ol start=\"7\">\n<li><strong> Eintopfen und Verfeinern<\/strong><\/li>\n<\/ol>\n<p>Nach einigen Jahren der Formgebung und Entwicklung kann Ihre Chinesische Tigerrinden Feige in einen Bonsai-Topf umgepflanzt werden:<\/p>\n<ul>\n<li>W\u00e4hlen Sie einen flachen Keramiktopf mit guter Drainage<\/li>\n<li>Alle 2\u20133 Jahre im Fr\u00fchjahr umtopfen, um den Boden aufzufrischen und die Wurzeln zu beschneiden<\/li>\n<li>Verfeinern Sie das Bl\u00e4tterdach mit der Zeit durch sekund\u00e4re und terti\u00e4re Aststruktur<\/li>\n<\/ul>\n<p>In diesem Stadium beginnt sich ein echter Bonsai mit Proportionen, Verj\u00fcngung und ansprechender Silhouette herauszubilden.<\/p>\n<p><strong>Pflegehinweise\u200b f\u00fcr Erfolg<\/strong><\/p>\n<ul>\n<li><strong>Licht: <\/strong>Helles, indirektes Sonnenlicht oder gefiltertes Licht. Kann bei Bedarf mit Wachstumslampen im Innenbereich verwendet werden.<\/li>\n<li><strong>Gie\u00dfen: Gleichm\u00e4\u00dfig feucht halten. Die oberste Erdschicht zwischen <\/strong>den Wassergaben leicht antrocknen lassen . Vermeiden Sie matschig Boden .<\/li>\n<li><strong>D\u00fcngung: <\/strong>Verwenden Sie w\u00e4hrend der Wachstumsperiode alle 2\u20134 Wochen einen ausgewogenen Fl\u00fcssigd\u00fcnger.<\/li>\n<li><strong>Luftfeuchtigkeit: <\/strong>Liebt Feuchtigkeit, vertr\u00e4gt aber durchschnittliche Innenbedingungen. Bespr\u00fchen hilft , vor allem f\u00fcr Wachstum der Luftwurzeln .<\/li>\n<li><strong>Sch\u00e4dlinge: <\/strong>Achten Sie im Haus auf Schildl\u00e4use, Blattl\u00e4use und Spinnmilben. Behandeln Sie die Sch\u00e4dlinge fr\u00fchzeitig mit Insektenschutzmittel oder Neem\u00f6l.<\/li>\n<\/ul>\n<p><strong>Abschlie\u00dfende Gedanken<\/strong><\/p>\n<p>Die Gestaltung eines Bonsais aus einem jungen <strong>Ficus microcarpa \u201eTiger Bark\u201c <\/strong>ist ein langwieriger, aber erf\u00fcllender Prozess. Mit der Zeit, konsequenter Pflege und durchdachtem Styling l\u00e4sst sich aus einer einfachen Pflanze ein Miniaturbaum voller Charakter, Dynamik und Pers\u00f6nlichkeit entwickeln. Seine anspruchslose Natur macht ihn ideal f\u00fcr Anf\u00e4nger und lohnend f\u00fcr erfahrene K\u00fcnstler, die Techniken wie die Entwicklung von Luftwurzeln oder das Abschneiden des Stammes verfeinern m\u00f6chten.<\/p>\n<p>Das Ergebnis? Eine lebendige Skulptur, die tropische Kraft mit k\u00fcnstlerischer Form verbindet \u2013 und eine Geschichte erz\u00e4hlt, die sich \u00fcber Jahre hinweg entfaltet.<\/p>\n<p><strong>Wissenschaftlicher Name:<\/strong> Ficus Microcarpa &#8216;Tiger Bark&#8217;<br \/>\n<strong>Gebr\u00e4uchlicher Name:<\/strong> Chinesische Tigerrinden Feige<br \/>\n<strong>Verf\u00fcgbare Gr\u00f6\u00dfen:<\/strong> 10 \u2013 40 cm<br \/>\n<strong>Alter:<\/strong> 2 \u2013 5 Jahre<br \/>\n<strong>Lieferform:<\/strong>\u00a0Topf 9 x 9 x 10 cm<\/p>\n","protected":false},"excerpt":{"rendered":"<p>Ficus Microcarpa &#8216;Tiger Bark&#8217; (Chinesische Tigerrinden Feige) Jungpflanzen, 10 &#8211; 40 cm<\/p>\n","protected":false},"featured_media":1026,"template":"","meta":[],"product_brand":[],"product_cat":[35],"product_tag":[],"woo-feed-brand":[],"class_list":{"0":"post-927","1":"product","2":"type-product","3":"status-publish","4":"has-post-thumbnail","6":"product_cat-jungpflanzen","8":"first","9":"outofstock","10":"shipping-taxable","11":"purchasable","12":"product-type-variable","13":"prodpage-classic"},"yoast_head":"<!-- This site is optimized with the Yoast SEO Premium plugin v22.0 (Yoast SEO v22.7) - https:\/\/yoast.com\/wordpress\/plugins\/seo\/ -->\n<title>Ficus Microcarpa &#039;Tiger Bark&#039;<\/title>\n<meta name=\"description\" content=\"Ficus Microcarpa &#039;Tiger Bark&#039; (Chinesische Tigerrinden Feige) Jungpflanzen, 10 - 40 cm\" \/>\n<meta name=\"robots\" content=\"index, follow, max-snippet:-1, max-image-preview:large, max-video-preview:-1\" \/>\n<link rel=\"canonical\" href=\"https:\/\/bonsai-europe.com\/de\/produkt\/jungpflanzen\/ficus-microcarpa-tiger-bark\/\" \/>\n<meta property=\"og:locale\" content=\"de_DE\" \/>\n<meta property=\"og:type\" content=\"article\" \/>\n<meta property=\"og:title\" content=\"Ficus Microcarpa &#039;Tiger Bark&#039;\" \/>\n<meta property=\"og:description\" content=\"Ficus Microcarpa &#039;Tiger Bark&#039; (Chinesische Tigerrinden Feige) Jungpflanzen, 10 - 40 cm\" \/>\n<meta property=\"og:url\" content=\"https:\/\/bonsai-europe.com\/de\/produkt\/jungpflanzen\/ficus-microcarpa-tiger-bark\/\" \/>\n<meta property=\"og:site_name\" content=\"Bonsai Europe\" \/>\n<meta property=\"article:modified_time\" content=\"2026-01-26T18:29:05+00:00\" \/>\n<meta property=\"og:image\" content=\"https:\/\/bonsai-europe.com\/wp-content\/uploads\/2025\/05\/ficus-microcarpa-tiger-bark-2-1.jpg\" \/>\n\t<meta property=\"og:image:width\" content=\"2487\" \/>\n\t<meta property=\"og:image:height\" content=\"1905\" \/>\n\t<meta property=\"og:image:type\" content=\"image\/jpeg\" \/>\n<meta name=\"twitter:card\" content=\"summary_large_image\" \/>\n<meta name=\"twitter:label1\" content=\"Gesch\u00e4tzte Lesezeit\" \/>\n\t<meta name=\"twitter:data1\" content=\"5\u00a0Minuten\" \/>\n<script type=\"application\/ld+json\" class=\"yoast-schema-graph\">{\"@context\":\"https:\/\/schema.org\",\"@graph\":[{\"@type\":\"WebPage\",\"@id\":\"https:\/\/bonsai-europe.com\/de\/produkt\/jungpflanzen\/ficus-microcarpa-tiger-bark\/\",\"url\":\"https:\/\/bonsai-europe.com\/de\/produkt\/jungpflanzen\/ficus-microcarpa-tiger-bark\/\",\"name\":\"Ficus Microcarpa 'Tiger Bark'\",\"isPartOf\":{\"@id\":\"https:\/\/bonsai-europe.com\/de\/#website\"},\"primaryImageOfPage\":{\"@id\":\"https:\/\/bonsai-europe.com\/de\/produkt\/jungpflanzen\/ficus-microcarpa-tiger-bark\/#primaryimage\"},\"image\":{\"@id\":\"https:\/\/bonsai-europe.com\/de\/produkt\/jungpflanzen\/ficus-microcarpa-tiger-bark\/#primaryimage\"},\"thumbnailUrl\":\"https:\/\/bonsai-europe.com\/wp-content\/uploads\/2025\/05\/ficus-microcarpa-tiger-bark-2-1.jpg\",\"datePublished\":\"2025-05-18T08:38:20+00:00\",\"dateModified\":\"2026-01-26T18:29:05+00:00\",\"description\":\"Ficus Microcarpa 'Tiger Bark' (Chinesische Tigerrinden Feige) Jungpflanzen, 10 - 40 cm\",\"breadcrumb\":{\"@id\":\"https:\/\/bonsai-europe.com\/de\/produkt\/jungpflanzen\/ficus-microcarpa-tiger-bark\/#breadcrumb\"},\"inLanguage\":\"de\",\"potentialAction\":[{\"@type\":\"ReadAction\",\"target\":[\"https:\/\/bonsai-europe.com\/de\/produkt\/jungpflanzen\/ficus-microcarpa-tiger-bark\/\"]}]},{\"@type\":\"ImageObject\",\"inLanguage\":\"de\",\"@id\":\"https:\/\/bonsai-europe.com\/de\/produkt\/jungpflanzen\/ficus-microcarpa-tiger-bark\/#primaryimage\",\"url\":\"https:\/\/bonsai-europe.com\/wp-content\/uploads\/2025\/05\/ficus-microcarpa-tiger-bark-2-1.jpg\",\"contentUrl\":\"https:\/\/bonsai-europe.com\/wp-content\/uploads\/2025\/05\/ficus-microcarpa-tiger-bark-2-1.jpg\",\"width\":2487,\"height\":1905,\"caption\":\"ficus-microcarpa-tiger-bark-2\"},{\"@type\":\"BreadcrumbList\",\"@id\":\"https:\/\/bonsai-europe.com\/de\/produkt\/jungpflanzen\/ficus-microcarpa-tiger-bark\/#breadcrumb\",\"itemListElement\":[{\"@type\":\"ListItem\",\"position\":1,\"name\":\"Home\",\"item\":\"https:\/\/bonsai-europe.com\/de\/\"},{\"@type\":\"ListItem\",\"position\":2,\"name\":\"Shop\",\"item\":\"https:\/\/bonsai-europe.com\/de\/shop\/\"},{\"@type\":\"ListItem\",\"position\":3,\"name\":\"Ficus Microcarpa &#8216;Tiger Bark&#8217;\"}]},{\"@type\":\"WebSite\",\"@id\":\"https:\/\/bonsai-europe.com\/de\/#website\",\"url\":\"https:\/\/bonsai-europe.com\/de\/\",\"name\":\"Bonsai Europe\",\"description\":\"\",\"potentialAction\":[{\"@type\":\"SearchAction\",\"target\":{\"@type\":\"EntryPoint\",\"urlTemplate\":\"https:\/\/bonsai-europe.com\/de\/?s={search_term_string}\"},\"query-input\":\"required name=search_term_string\"}],\"inLanguage\":\"de\"}]}<\/script>\n<!-- \/ Yoast SEO Premium plugin. -->","yoast_head_json":{"title":"Ficus Microcarpa 'Tiger Bark'","description":"Ficus Microcarpa 'Tiger Bark' (Chinesische Tigerrinden Feige) Jungpflanzen, 10 - 40 cm","robots":{"index":"index","follow":"follow","max-snippet":"max-snippet:-1","max-image-preview":"max-image-preview:large","max-video-preview":"max-video-preview:-1"},"canonical":"https:\/\/bonsai-europe.com\/de\/produkt\/jungpflanzen\/ficus-microcarpa-tiger-bark\/","og_locale":"de_DE","og_type":"article","og_title":"Ficus Microcarpa 'Tiger Bark'","og_description":"Ficus Microcarpa 'Tiger Bark' (Chinesische Tigerrinden Feige) Jungpflanzen, 10 - 40 cm","og_url":"https:\/\/bonsai-europe.com\/de\/produkt\/jungpflanzen\/ficus-microcarpa-tiger-bark\/","og_site_name":"Bonsai Europe","article_modified_time":"2026-01-26T18:29:05+00:00","og_image":[{"width":2487,"height":1905,"url":"https:\/\/bonsai-europe.com\/wp-content\/uploads\/2025\/05\/ficus-microcarpa-tiger-bark-2-1.jpg","type":"image\/jpeg"}],"twitter_card":"summary_large_image","twitter_misc":{"Gesch\u00e4tzte Lesezeit":"5\u00a0Minuten"},"schema":{"@context":"https:\/\/schema.org","@graph":[{"@type":"WebPage","@id":"https:\/\/bonsai-europe.com\/de\/produkt\/jungpflanzen\/ficus-microcarpa-tiger-bark\/","url":"https:\/\/bonsai-europe.com\/de\/produkt\/jungpflanzen\/ficus-microcarpa-tiger-bark\/","name":"Ficus Microcarpa 'Tiger Bark'","isPartOf":{"@id":"https:\/\/bonsai-europe.com\/de\/#website"},"primaryImageOfPage":{"@id":"https:\/\/bonsai-europe.com\/de\/produkt\/jungpflanzen\/ficus-microcarpa-tiger-bark\/#primaryimage"},"image":{"@id":"https:\/\/bonsai-europe.com\/de\/produkt\/jungpflanzen\/ficus-microcarpa-tiger-bark\/#primaryimage"},"thumbnailUrl":"https:\/\/bonsai-europe.com\/wp-content\/uploads\/2025\/05\/ficus-microcarpa-tiger-bark-2-1.jpg","datePublished":"2025-05-18T08:38:20+00:00","dateModified":"2026-01-26T18:29:05+00:00","description":"Ficus Microcarpa 'Tiger Bark' (Chinesische Tigerrinden Feige) Jungpflanzen, 10 - 40 cm","breadcrumb":{"@id":"https:\/\/bonsai-europe.com\/de\/produkt\/jungpflanzen\/ficus-microcarpa-tiger-bark\/#breadcrumb"},"inLanguage":"de","potentialAction":[{"@type":"ReadAction","target":["https:\/\/bonsai-europe.com\/de\/produkt\/jungpflanzen\/ficus-microcarpa-tiger-bark\/"]}]},{"@type":"ImageObject","inLanguage":"de","@id":"https:\/\/bonsai-europe.com\/de\/produkt\/jungpflanzen\/ficus-microcarpa-tiger-bark\/#primaryimage","url":"https:\/\/bonsai-europe.com\/wp-content\/uploads\/2025\/05\/ficus-microcarpa-tiger-bark-2-1.jpg","contentUrl":"https:\/\/bonsai-europe.com\/wp-content\/uploads\/2025\/05\/ficus-microcarpa-tiger-bark-2-1.jpg","width":2487,"height":1905,"caption":"ficus-microcarpa-tiger-bark-2"},{"@type":"BreadcrumbList","@id":"https:\/\/bonsai-europe.com\/de\/produkt\/jungpflanzen\/ficus-microcarpa-tiger-bark\/#breadcrumb","itemListElement":[{"@type":"ListItem","position":1,"name":"Home","item":"https:\/\/bonsai-europe.com\/de\/"},{"@type":"ListItem","position":2,"name":"Shop","item":"https:\/\/bonsai-europe.com\/de\/shop\/"},{"@type":"ListItem","position":3,"name":"Ficus Microcarpa &#8216;Tiger Bark&#8217;"}]},{"@type":"WebSite","@id":"https:\/\/bonsai-europe.com\/de\/#website","url":"https:\/\/bonsai-europe.com\/de\/","name":"Bonsai Europe","description":"","potentialAction":[{"@type":"SearchAction","target":{"@type":"EntryPoint","urlTemplate":"https:\/\/bonsai-europe.com\/de\/?s={search_term_string}"},"query-input":"required name=search_term_string"}],"inLanguage":"de"}]}},"_links":{"self":[{"href":"https:\/\/bonsai-europe.com\/de\/wp-json\/wp\/v2\/product\/927","targetHints":{"allow":["GET"]}}],"collection":[{"href":"https:\/\/bonsai-europe.com\/de\/wp-json\/wp\/v2\/product"}],"about":[{"href":"https:\/\/bonsai-europe.com\/de\/wp-json\/wp\/v2\/types\/product"}],"wp:featuredmedia":[{"embeddable":true,"href":"https:\/\/bonsai-europe.com\/de\/wp-json\/wp\/v2\/media\/1026"}],"wp:attachment":[{"href":"https:\/\/bonsai-europe.com\/de\/wp-json\/wp\/v2\/media?parent=927"}],"wp:term":[{"taxonomy":"product_brand","embeddable":true,"href":"https:\/\/bonsai-europe.com\/de\/wp-json\/wp\/v2\/product_brand?post=927"},{"taxonomy":"product_cat","embeddable":true,"href":"https:\/\/bonsai-europe.com\/de\/wp-json\/wp\/v2\/product_cat?post=927"},{"taxonomy":"product_tag","embeddable":true,"href":"https:\/\/bonsai-europe.com\/de\/wp-json\/wp\/v2\/product_tag?post=927"},{"taxonomy":"woo-feed-brand","embeddable":true,"href":"https:\/\/bonsai-europe.com\/de\/wp-json\/wp\/v2\/woo-feed-brand?post=927"}],"curies":[{"name":"wp","href":"https:\/\/api.w.org\/{rel}","templated":true}]}}