{"id":777,"date":"2024-11-12T17:07:39","date_gmt":"2024-11-12T16:07:39","guid":{"rendered":"https:\/\/bonsai-europe.com\/?post_type=product&#038;p=777"},"modified":"2026-01-27T14:21:42","modified_gmt":"2026-01-27T13:21:42","slug":"juniperus-chinensis-shimpaku-sargentii-chinesischer-sargent-wacholder","status":"publish","type":"product","link":"https:\/\/bonsai-europe.com\/de\/produkt\/jungpflanzen\/juniperus-chinensis-shimpaku-sargentii-chinesischer-sargent-wacholder\/","title":{"rendered":"Juniperus Chinensis Sargentii &#8211; Chinesischer Sargent Wacholder"},"content":{"rendered":"<p>Juniperus chinensis &#8216; Sargentii &#8216;, allgemein bekannt als Sargent-Wacholder, ist ein vielseitiger, niedrig wachsender, immergr\u00fcner Strauch, der in der Landschaftsgestaltung aufgrund seiner Robustheit und breiten Anpassungsf\u00e4higkeit beliebt ist. Seine dichte, ausladende Form macht ihn zu einem idealen Bodendecker f\u00fcr gro\u00dfe Fl\u00e4chen wie H\u00e4nge und Felsvorspr\u00fcnge, w\u00e4hrend sein attraktives blaugr\u00fcnes Laub dem Garten das ganze Jahr \u00fcber Farbe verleiht. Das Laub dieses Nadelbaums, ein fein strukturiertes, nadelartiges Gr\u00fcn, das in den k\u00e4lteren Monaten einen Hauch von Lila annimmt, sorgt \u00fcber mehrere Jahreszeiten hinweg f\u00fcr interessante und strukturelle Kontraste in G\u00e4rten und verleiht einer Vielzahl von Landschaftsgestaltungen eine subtile, nat\u00fcrliche Sch\u00f6nheit.<\/p>\n<p>Der Sargent-Wacholder wird im Allgemeinen etwa 1\u20132 Meter hoch und hat eine Breite von bis zu 2 Metern, sodass er problemlos gro\u00dfe Fl\u00e4chen bedecken kann. Dies macht ihn besonders wertvoll f\u00fcr die Erosionskontrolle, da seine Wurzeln und sein niedriges Profil helfen, den Boden zu stabilisieren und Ausschwemmungen an H\u00e4ngen oder B\u00f6schungen zu verhindern. Als robuste und d\u00fcrretolerante Pflanze erfordert er nach dem Anwachsen nur minimalen Pflegeaufwand und ist daher eine praktische Wahl f\u00fcr wasserarme oder Xeriscape-G\u00e4rten. Dar\u00fcber hinaus ist der Sargent-Wacholder hirschresistent und vertr\u00e4gt verschiedene Bodenarten. Er gedeiht in gut entw\u00e4sserten, sandigen oder steinigen B\u00f6den und vertr\u00e4gt die volle Sonneneinstrahlung, die er f\u00fcr eine optimale Gesundheit ben\u00f6tigt.<\/p>\n<p>In der Landschaftsgestaltung dient Juniperus chinensis &#8216; Sargentii &#8216; mehreren Zwecken: Durch seine ausladende, bodennahe Wuchsform kann er kahlen Boden effektiv bedecken, Zwischenr\u00e4ume zwischen gr\u00f6\u00dferen Pflanzen ausf\u00fcllen oder als Unterpflanzung unter B\u00e4umen dienen. Seine feinen, blaugr\u00fcnen Nadeln mildern das Aussehen von Steinfl\u00e4chen in Steing\u00e4rten und bilden einen sch\u00f6nen Kontrast zu Stein oder Beton. Die Widerstandsf\u00e4higkeit und robuste \u00c4sthetik dieses Wacholders machen ihn auch f\u00fcr K\u00fcsteng\u00e4rten geeignet, wo er sowohl salzige Luft als auch sandige B\u00f6den vertr\u00e4gt und so ein einheitliches, nat\u00fcrliches Aussehen f\u00fcr Strand- oder Seegrundst\u00fccke schafft. Seine Anpassungsf\u00e4higkeit und Widerstandsf\u00e4higkeit gegen\u00fcber schwierigen Bedingungen bieten G\u00e4rtnern viele M\u00f6glichkeiten, diese Pflanze in gr\u00f6\u00dfere Gartengestaltungen zu integrieren.<\/p>\n<p><strong>Bedeutung im Bonsai-Design<\/strong><\/p>\n<p>Neben seinem Wert als Bodendecker ist Juniperus chinensis &#8216; Sargentii &#8216; aufgrund seiner nat\u00fcrlichen, sich ausbreitenden Form, seiner einfachen Formgebung und seiner F\u00e4higkeit, Schnitt und Formgebung zu vertragen, bei <strong>der Bonsaigestaltung <\/strong>sehr gefragt . Die Verzweigungsform des Sargent-Wacholders eignet sich hervorragend f\u00fcr Bonsai-Enthusiasten, die ein reifes, nat\u00fcrliches Aussehen erzielen m\u00f6chten, das alten B\u00e4umen \u00e4hnelt. Die Robustheit und Trockenheitstoleranz der Pflanze machen sie in der Bonsai-Umgebung widerstandsf\u00e4hig und erm\u00f6glicht das Formen und Beschneiden, um elegante Formen zu erzielen, die B\u00e4umen in der Natur \u00e4hneln. Dieser Wacholder wird bevorzugt f\u00fcr Stile wie Kaskaden- und Halbkaskaden verwendet, bei denen die Zweige so geformt werden, dass sie anmutig nach unten h\u00e4ngen und ein dynamisches Aussehen erzielen, das an Klippen oder windgepeitschte B\u00e4ume erinnert.<\/p>\n<p>Das weiche, blaugr\u00fcne Laub des Juniperus chinensis &#8216; Sargentii &#8216; reagiert gut auf Bonsai-Trainingstechniken wie Drahten und Beschneiden, sodass K\u00fcnstler im Laufe der Zeit detaillierte Formen und komplizierte Designs erstellen k\u00f6nnen. Seine biegsamen Zweige k\u00f6nnen leicht verdrahtet werden, um die gew\u00fcnschte Form zu erreichen, w\u00e4hrend seine dichten Laubpolster dazu beitragen, jedem Zweig ein volles, \u00fcppiges Aussehen in Bonsai-Form zu verleihen. Dar\u00fcber hinaus verleiht seine Tendenz, eine leicht raue, strukturierte Rinde zu entwickeln, ein gealtertes Aussehen und erh\u00f6ht die optische Attraktivit\u00e4t von Bonsai-Kreationen. Regelm\u00e4\u00dfiges, gezieltes Beschneiden hilft, die Form des Wacholders zu erhalten und f\u00f6rdert gleichzeitig das Wachstum feinerer Bl\u00e4tter, eine Eigenschaft, die Bonsai-K\u00fcnstler besonders sch\u00e4tzen, da sie ihren Ausstellungen ein kompliziertes Aussehen verleiht.<\/p>\n<p><strong>Pflegehinweise<\/strong><\/p>\n<p>Ob als Bodendecker oder in Bonsai-Gestaltung, der Sargent-Wacholder ist relativ pflegeleicht, profitiert aber von einigen speziellen Pflegepraktiken. In einem Garten gedeiht er in voller Sonne und ben\u00f6tigt gut durchl\u00e4ssigen Boden, um Wurzelf\u00e4ule zu vermeiden, die bei zu feuchten Bedingungen entstehen kann. Einmal etabliert, vertr\u00e4gt er D\u00fcrre und muss nur gelegentlich gegossen werden, was ihn ideal f\u00fcr wassersparende Landschaften macht. Obwohl der Sargent-Wacholder ziemlich robust ist, kann er von gelegentlichem Mulchen profitieren, um die Bodenfeuchtigkeit zu bewahren und zus\u00e4tzliche N\u00e4hrstoffe bereitzustellen.<\/p>\n<p>Als Bonsai sch\u00e4tzt Juniperus chinensis &#8216; Sargentii &#8216; regelm\u00e4\u00dfiges Gie\u00dfen, obwohl es besser ist, die Erde zwischen den Gie\u00dfvorg\u00e4ngen leicht trocknen zu lassen , um Wassereinlagerungen zu vermeiden. Bonsai-Liebhaber profitieren auch davon, das Laub regelm\u00e4\u00dfig zu bespr\u00fchen, um die Luftfeuchtigkeit hoch zu halten, insbesondere w\u00e4hrend der Trockenzeit oder in beheizten Innenr\u00e4umen. Das Beschneiden und Drahten sollte vorsichtig erfolgen, um das fein strukturierte Laub nicht zu besch\u00e4digen. W\u00e4hrend der gesamten Wachstumsperiode wird ein Erhaltungsschnitt empfohlen, um die Struktur zu erhalten.<\/p>\n<p>Ob als robuster, trockenheitsresistenter Bodendecker gepflanzt oder als elegantes, zeitloses Bonsai-Exemplar kultiviert, Juniperus chinensis \u201e Sargentii \u201c bringt raue Sch\u00f6nheit und Vielseitigkeit in jeden Garten oder jede Bonsai-Sammlung.<\/p>\n<p><strong>Wissenschaftlicher Name:<\/strong> Juniperus Chinensis Shimpaku var. Sargentii<br \/>\n<strong>Gebr\u00e4uchlicher Name:<\/strong> Chinesischer Sargent Wacholder<br \/>\n<strong>Ursprung:<\/strong>\u00a0Japan<br \/>\n<strong>Wuchsh\u00f6he:<\/strong>\u00a0maximal 1 Meter<br \/>\n<strong>Verf\u00fcgbare Gr\u00f6\u00dfen:<\/strong> 10 \u2013 30 cm<br \/>\n<strong>Alter:<\/strong>\u00a02 \u2013 4 Jahre<br \/>\n<strong>Lieferform:<\/strong>\u00a0Topf 9 x 9 x 10 cm<\/p>\n","protected":false},"excerpt":{"rendered":"<p>Juniperus Chinensis Shimpaku Sargentii Jungpflanzen, 5-30cm<\/p>\n","protected":false},"featured_media":763,"template":"","meta":[],"product_brand":[],"product_cat":[35],"product_tag":[],"woo-feed-brand":[],"class_list":{"0":"post-777","1":"product","2":"type-product","3":"status-publish","4":"has-post-thumbnail","6":"product_cat-jungpflanzen","8":"first","9":"instock","10":"featured","11":"shipping-taxable","12":"purchasable","13":"product-type-variable","14":"prodpage-classic"},"yoast_head":"<!-- This site is optimized with the Yoast SEO Premium plugin v22.0 (Yoast SEO v22.7) - https:\/\/yoast.com\/wordpress\/plugins\/seo\/ -->\n<title>Juniperus Chinensis Sargentii - Chinesischer Sargent Wacholder<\/title>\n<meta name=\"description\" content=\"Juniperus Chinensis Shimpaku Sargentii (Chinesischer Sargent Wacholder) Jungpflanzen 10-30 cm eignen sich hervorragend, um wundersch\u00f6ne Bonsai zu gestalten.\" \/>\n<meta name=\"robots\" content=\"index, follow, max-snippet:-1, max-image-preview:large, max-video-preview:-1\" \/>\n<link rel=\"canonical\" href=\"https:\/\/bonsai-europe.com\/de\/produkt\/jungpflanzen\/juniperus-chinensis-shimpaku-sargentii-chinesischer-sargent-wacholder\/\" \/>\n<meta property=\"og:locale\" content=\"de_DE\" \/>\n<meta property=\"og:type\" content=\"article\" \/>\n<meta property=\"og:title\" content=\"Juniperus Chinensis Sargentii - Chinesischer Sargent Wacholder\" \/>\n<meta property=\"og:description\" content=\"Juniperus Chinensis Shimpaku Sargentii (Chinesischer Sargent Wacholder) Jungpflanzen 10-30 cm eignen sich hervorragend, um wundersch\u00f6ne Bonsai zu gestalten.\" \/>\n<meta property=\"og:url\" content=\"https:\/\/bonsai-europe.com\/de\/produkt\/jungpflanzen\/juniperus-chinensis-shimpaku-sargentii-chinesischer-sargent-wacholder\/\" \/>\n<meta property=\"og:site_name\" content=\"Bonsai Europe\" \/>\n<meta property=\"article:modified_time\" content=\"2026-01-27T13:21:42+00:00\" \/>\n<meta property=\"og:image\" content=\"https:\/\/bonsai-europe.com\/wp-content\/uploads\/2024\/11\/juniperus-chinensis-sargentii-2.png\" \/>\n\t<meta property=\"og:image:width\" content=\"1280\" \/>\n\t<meta property=\"og:image:height\" content=\"853\" \/>\n\t<meta property=\"og:image:type\" content=\"image\/png\" \/>\n<meta name=\"twitter:card\" content=\"summary_large_image\" \/>\n<meta name=\"twitter:label1\" content=\"Gesch\u00e4tzte Lesezeit\" \/>\n\t<meta name=\"twitter:data1\" content=\"4\u00a0Minuten\" \/>\n<script type=\"application\/ld+json\" class=\"yoast-schema-graph\">{\"@context\":\"https:\/\/schema.org\",\"@graph\":[{\"@type\":\"WebPage\",\"@id\":\"https:\/\/bonsai-europe.com\/de\/produkt\/jungpflanzen\/juniperus-chinensis-shimpaku-sargentii-chinesischer-sargent-wacholder\/\",\"url\":\"https:\/\/bonsai-europe.com\/de\/produkt\/jungpflanzen\/juniperus-chinensis-shimpaku-sargentii-chinesischer-sargent-wacholder\/\",\"name\":\"Juniperus Chinensis Sargentii - Chinesischer Sargent Wacholder\",\"isPartOf\":{\"@id\":\"https:\/\/bonsai-europe.com\/de\/#website\"},\"primaryImageOfPage\":{\"@id\":\"https:\/\/bonsai-europe.com\/de\/produkt\/jungpflanzen\/juniperus-chinensis-shimpaku-sargentii-chinesischer-sargent-wacholder\/#primaryimage\"},\"image\":{\"@id\":\"https:\/\/bonsai-europe.com\/de\/produkt\/jungpflanzen\/juniperus-chinensis-shimpaku-sargentii-chinesischer-sargent-wacholder\/#primaryimage\"},\"thumbnailUrl\":\"https:\/\/bonsai-europe.com\/wp-content\/uploads\/2024\/11\/juniperus-chinensis-sargentii-2.png\",\"datePublished\":\"2024-11-12T16:07:39+00:00\",\"dateModified\":\"2026-01-27T13:21:42+00:00\",\"description\":\"Juniperus Chinensis Shimpaku Sargentii (Chinesischer Sargent Wacholder) Jungpflanzen 10-30 cm eignen sich hervorragend, um wundersch\u00f6ne Bonsai zu gestalten.\",\"breadcrumb\":{\"@id\":\"https:\/\/bonsai-europe.com\/de\/produkt\/jungpflanzen\/juniperus-chinensis-shimpaku-sargentii-chinesischer-sargent-wacholder\/#breadcrumb\"},\"inLanguage\":\"de\",\"potentialAction\":[{\"@type\":\"ReadAction\",\"target\":[\"https:\/\/bonsai-europe.com\/de\/produkt\/jungpflanzen\/juniperus-chinensis-shimpaku-sargentii-chinesischer-sargent-wacholder\/\"]}]},{\"@type\":\"ImageObject\",\"inLanguage\":\"de\",\"@id\":\"https:\/\/bonsai-europe.com\/de\/produkt\/jungpflanzen\/juniperus-chinensis-shimpaku-sargentii-chinesischer-sargent-wacholder\/#primaryimage\",\"url\":\"https:\/\/bonsai-europe.com\/wp-content\/uploads\/2024\/11\/juniperus-chinensis-sargentii-2.png\",\"contentUrl\":\"https:\/\/bonsai-europe.com\/wp-content\/uploads\/2024\/11\/juniperus-chinensis-sargentii-2.png\",\"width\":1280,\"height\":853,\"caption\":\"juniperus-chinensis-sargentii-2\"},{\"@type\":\"BreadcrumbList\",\"@id\":\"https:\/\/bonsai-europe.com\/de\/produkt\/jungpflanzen\/juniperus-chinensis-shimpaku-sargentii-chinesischer-sargent-wacholder\/#breadcrumb\",\"itemListElement\":[{\"@type\":\"ListItem\",\"position\":1,\"name\":\"Home\",\"item\":\"https:\/\/bonsai-europe.com\/de\/\"},{\"@type\":\"ListItem\",\"position\":2,\"name\":\"Shop\",\"item\":\"https:\/\/bonsai-europe.com\/de\/shop\/\"},{\"@type\":\"ListItem\",\"position\":3,\"name\":\"Juniperus Chinensis Sargentii &#8211; Chinesischer Sargent Wacholder\"}]},{\"@type\":\"WebSite\",\"@id\":\"https:\/\/bonsai-europe.com\/de\/#website\",\"url\":\"https:\/\/bonsai-europe.com\/de\/\",\"name\":\"Bonsai Europe\",\"description\":\"\",\"potentialAction\":[{\"@type\":\"SearchAction\",\"target\":{\"@type\":\"EntryPoint\",\"urlTemplate\":\"https:\/\/bonsai-europe.com\/de\/?s={search_term_string}\"},\"query-input\":\"required name=search_term_string\"}],\"inLanguage\":\"de\"}]}<\/script>\n<!-- \/ Yoast SEO Premium plugin. -->","yoast_head_json":{"title":"Juniperus Chinensis Sargentii - Chinesischer Sargent Wacholder","description":"Juniperus Chinensis Shimpaku Sargentii (Chinesischer Sargent Wacholder) Jungpflanzen 10-30 cm eignen sich hervorragend, um wundersch\u00f6ne Bonsai zu gestalten.","robots":{"index":"index","follow":"follow","max-snippet":"max-snippet:-1","max-image-preview":"max-image-preview:large","max-video-preview":"max-video-preview:-1"},"canonical":"https:\/\/bonsai-europe.com\/de\/produkt\/jungpflanzen\/juniperus-chinensis-shimpaku-sargentii-chinesischer-sargent-wacholder\/","og_locale":"de_DE","og_type":"article","og_title":"Juniperus Chinensis Sargentii - Chinesischer Sargent Wacholder","og_description":"Juniperus Chinensis Shimpaku Sargentii (Chinesischer Sargent Wacholder) Jungpflanzen 10-30 cm eignen sich hervorragend, um wundersch\u00f6ne Bonsai zu gestalten.","og_url":"https:\/\/bonsai-europe.com\/de\/produkt\/jungpflanzen\/juniperus-chinensis-shimpaku-sargentii-chinesischer-sargent-wacholder\/","og_site_name":"Bonsai Europe","article_modified_time":"2026-01-27T13:21:42+00:00","og_image":[{"width":1280,"height":853,"url":"https:\/\/bonsai-europe.com\/wp-content\/uploads\/2024\/11\/juniperus-chinensis-sargentii-2.png","type":"image\/png"}],"twitter_card":"summary_large_image","twitter_misc":{"Gesch\u00e4tzte Lesezeit":"4\u00a0Minuten"},"schema":{"@context":"https:\/\/schema.org","@graph":[{"@type":"WebPage","@id":"https:\/\/bonsai-europe.com\/de\/produkt\/jungpflanzen\/juniperus-chinensis-shimpaku-sargentii-chinesischer-sargent-wacholder\/","url":"https:\/\/bonsai-europe.com\/de\/produkt\/jungpflanzen\/juniperus-chinensis-shimpaku-sargentii-chinesischer-sargent-wacholder\/","name":"Juniperus Chinensis Sargentii - Chinesischer Sargent Wacholder","isPartOf":{"@id":"https:\/\/bonsai-europe.com\/de\/#website"},"primaryImageOfPage":{"@id":"https:\/\/bonsai-europe.com\/de\/produkt\/jungpflanzen\/juniperus-chinensis-shimpaku-sargentii-chinesischer-sargent-wacholder\/#primaryimage"},"image":{"@id":"https:\/\/bonsai-europe.com\/de\/produkt\/jungpflanzen\/juniperus-chinensis-shimpaku-sargentii-chinesischer-sargent-wacholder\/#primaryimage"},"thumbnailUrl":"https:\/\/bonsai-europe.com\/wp-content\/uploads\/2024\/11\/juniperus-chinensis-sargentii-2.png","datePublished":"2024-11-12T16:07:39+00:00","dateModified":"2026-01-27T13:21:42+00:00","description":"Juniperus Chinensis Shimpaku Sargentii (Chinesischer Sargent Wacholder) Jungpflanzen 10-30 cm eignen sich hervorragend, um wundersch\u00f6ne Bonsai zu gestalten.","breadcrumb":{"@id":"https:\/\/bonsai-europe.com\/de\/produkt\/jungpflanzen\/juniperus-chinensis-shimpaku-sargentii-chinesischer-sargent-wacholder\/#breadcrumb"},"inLanguage":"de","potentialAction":[{"@type":"ReadAction","target":["https:\/\/bonsai-europe.com\/de\/produkt\/jungpflanzen\/juniperus-chinensis-shimpaku-sargentii-chinesischer-sargent-wacholder\/"]}]},{"@type":"ImageObject","inLanguage":"de","@id":"https:\/\/bonsai-europe.com\/de\/produkt\/jungpflanzen\/juniperus-chinensis-shimpaku-sargentii-chinesischer-sargent-wacholder\/#primaryimage","url":"https:\/\/bonsai-europe.com\/wp-content\/uploads\/2024\/11\/juniperus-chinensis-sargentii-2.png","contentUrl":"https:\/\/bonsai-europe.com\/wp-content\/uploads\/2024\/11\/juniperus-chinensis-sargentii-2.png","width":1280,"height":853,"caption":"juniperus-chinensis-sargentii-2"},{"@type":"BreadcrumbList","@id":"https:\/\/bonsai-europe.com\/de\/produkt\/jungpflanzen\/juniperus-chinensis-shimpaku-sargentii-chinesischer-sargent-wacholder\/#breadcrumb","itemListElement":[{"@type":"ListItem","position":1,"name":"Home","item":"https:\/\/bonsai-europe.com\/de\/"},{"@type":"ListItem","position":2,"name":"Shop","item":"https:\/\/bonsai-europe.com\/de\/shop\/"},{"@type":"ListItem","position":3,"name":"Juniperus Chinensis Sargentii &#8211; Chinesischer Sargent Wacholder"}]},{"@type":"WebSite","@id":"https:\/\/bonsai-europe.com\/de\/#website","url":"https:\/\/bonsai-europe.com\/de\/","name":"Bonsai Europe","description":"","potentialAction":[{"@type":"SearchAction","target":{"@type":"EntryPoint","urlTemplate":"https:\/\/bonsai-europe.com\/de\/?s={search_term_string}"},"query-input":"required name=search_term_string"}],"inLanguage":"de"}]}},"_links":{"self":[{"href":"https:\/\/bonsai-europe.com\/de\/wp-json\/wp\/v2\/product\/777","targetHints":{"allow":["GET"]}}],"collection":[{"href":"https:\/\/bonsai-europe.com\/de\/wp-json\/wp\/v2\/product"}],"about":[{"href":"https:\/\/bonsai-europe.com\/de\/wp-json\/wp\/v2\/types\/product"}],"wp:featuredmedia":[{"embeddable":true,"href":"https:\/\/bonsai-europe.com\/de\/wp-json\/wp\/v2\/media\/763"}],"wp:attachment":[{"href":"https:\/\/bonsai-europe.com\/de\/wp-json\/wp\/v2\/media?parent=777"}],"wp:term":[{"taxonomy":"product_brand","embeddable":true,"href":"https:\/\/bonsai-europe.com\/de\/wp-json\/wp\/v2\/product_brand?post=777"},{"taxonomy":"product_cat","embeddable":true,"href":"https:\/\/bonsai-europe.com\/de\/wp-json\/wp\/v2\/product_cat?post=777"},{"taxonomy":"product_tag","embeddable":true,"href":"https:\/\/bonsai-europe.com\/de\/wp-json\/wp\/v2\/product_tag?post=777"},{"taxonomy":"woo-feed-brand","embeddable":true,"href":"https:\/\/bonsai-europe.com\/de\/wp-json\/wp\/v2\/woo-feed-brand?post=777"}],"curies":[{"name":"wp","href":"https:\/\/api.w.org\/{rel}","templated":true}]}}