{"id":594,"date":"2024-05-16T12:14:29","date_gmt":"2024-05-16T10:14:29","guid":{"rendered":"https:\/\/bonsai-europe.com\/?post_type=product&#038;p=594"},"modified":"2024-05-16T12:27:06","modified_gmt":"2024-05-16T10:27:06","slug":"pinus-thunbergii-samen-japanische-schwarzkiefer-samen","status":"publish","type":"product","link":"https:\/\/bonsai-europe.com\/de\/produkt\/samen\/pinus-thunbergii-samen-japanische-schwarzkiefer-samen\/","title":{"rendered":"Pinus Thunbergii Samen &#8211; Japanische Schwarzkiefer Samen"},"content":{"rendered":"<h1><strong>Wie man aus Samen der japanischen Schwarzkiefer einen Bonsai z\u00fcchtet<\/strong><\/h1>\n<p>Einen Bonsai aus Samen der Japanischen Schwarzkiefer (Pinus thunbergii ) zu z\u00fcchten, ist ein lohnender und spannender Prozess, der es Ihnen erm\u00f6glicht, einen Miniaturbaum von Grund auf zu erschaffen. Die Japanische Schwarzkiefer ist f\u00fcr ihre schroffe Rinde, ihr nadelartiges Laub und ihre Widerstandsf\u00e4higkeit bekannt, was sie zu einer beliebten Wahl f\u00fcr Bonsai-Liebhaber macht. Diese Anleitung f\u00fchrt Sie durch die Schritte des Keimens, Pflanzens und Pflegens japanischer Schwarzkiefer-Bonsais aus Samen.<\/p>\n<h2><strong>Schritt 1: Beschaffung hochwertiger Samen<\/strong><\/h2>\n<p>Um loszulegen, ben\u00f6tigen Sie hochwertige Samen der Japanischen Schwarzkiefer. Achten Sie darauf, dass Sie die Samen von einem seri\u00f6sen Anbieter kaufen, um ihre Keimf\u00e4higkeit zu gew\u00e4hrleisten. Frische Samen haben eine h\u00f6here Keimrate, pr\u00fcfen Sie daher vor dem Kauf immer das Erntedatum.<\/p>\n<h2><strong>Schritt 2: Schichtungsprozess<\/strong><\/h2>\n<p>Die Samen der Japanischen Schwarzkiefer m\u00fcssen einer Stratifizierung unterzogen werden, einem Prozess, der die nat\u00fcrlichen Winterbedingungen nachahmt, die f\u00fcr die Keimung der Samen erforderlich sind.<\/p>\n<h3><strong>Kalte Schichtung<\/strong><\/h3>\n<ol>\n<li><strong>Bereiten Sie die Samen vor <\/strong>: Weichen Sie die Samen 24 Stunden lang in Wasser ein. Werfen Sie alle Samen weg, die schwimmen, da sie wahrscheinlich nicht keimf\u00e4hig sind.<\/li>\n<li><strong>Feuchtes Medium : Legen <\/strong>Sie die eingeweichten Samen in ein feuchtes Medium, beispielsweise eine Mischung aus Torfmoos und Sand. Das Medium ist feucht , aber nicht durchn\u00e4sst .<\/li>\n<li><strong>K\u00fchlung <\/strong>: Legen Sie die Samen und das feuchte Medium in einen Plastikbeutel und verschlie\u00dfen Sie diesen. Lagern Sie den Beutel etwa 30-60 Tage lang bei 3-5 \u00b0C im K\u00fchlschrank. Diese kalte Schichtungsperiode ist entscheidend, um die Keimruhe der Samen zu beenden.<\/li>\n<\/ol>\n<h2><strong>Schritt 3: Aussaat der Samen<\/strong><\/h2>\n<p>Sobald die Schichtungsphase abgeschlossen ist, ist es Zeit, die Samen zu s\u00e4en.<\/p>\n<ol>\n<li><strong>Bereiten Sie den Boden vor <\/strong>: Verwenden Sie eine gut entw\u00e4ssernde Bonsai-Erde, die Bestandteile wie Akadama , Bimsstein und Lavastein enthalten kann. F\u00fcllen Sie eine Saatschale oder kleine T\u00f6pfe mit der Erde.<\/li>\n<li><strong>Pflanzen Sie die Samen <\/strong>: Legen Sie die Samen auf die Erdoberfl\u00e4che und bedecken Sie sie mit einer d\u00fcnnen Schicht Erdmischung oder Sand, etwa dem 1- bis 2-fachen Durchmesser des Samens.<\/li>\n<li><strong>Gie\u00dfen <\/strong>: Gie\u00dfen Sie den Boden vorsichtig, um sicherzustellen, dass er feucht ist. Verwenden Sie eine Spr\u00fchflasche, um ein Verrutschen der Samen zu vermeiden.<\/li>\n<\/ol>\n<h2><strong>Schritt 4: Keimung und Pflege der ersten S\u00e4mlinge<\/strong><\/h2>\n<ol>\n<li><strong>Standort <\/strong>: Stellen Sie die Saatschale oder die T\u00f6pfe an einen Ort mit indirektem Sonnenlicht. Eine helle Fensterbank ist ideal, vermeiden Sie jedoch direktes Sonnenlicht, da dies den Boden austrocknen kann.<\/li>\n<li><strong>Luftfeuchtigkeit : Sorgen <\/strong>Sie f\u00fcr eine hohe Luftfeuchtigkeit, indem Sie die Saatschale mit einer Plastikhaube abdecken oder eine Plastikt\u00fcte \u00fcber die T\u00f6pfe st\u00fclpen. Dort Ist manche Bel\u00fcftung Zu verhindern Schimmel Wachstum .<\/li>\n<li><strong>Temperatur <\/strong>: Bewahren Sie die Samen bei einer konstanten Temperatur von etwa 20\u201325\u00a0\u00b0C (68\u201377\u00a0\u00b0F) auf, um die Keimung zu f\u00f6rdern.<\/li>\n<\/ol>\n<h3><strong>Keimzeit<\/strong><\/h3>\n<p>Die Samen der Japanischen Schwarzkiefer keimen normalerweise innerhalb von 2-6 Wochen. \u00dcberpr\u00fcfen Sie w\u00e4hrend dieser Zeit regelm\u00e4\u00dfig den Boden, um sicherzustellen, dass er feucht bleibt.<\/p>\n<h2><strong>Schritt 5: S\u00e4mlinge umpflanzen<\/strong><\/h2>\n<p>Wenn die Setzlinge einige S\u00e4tze echter Nadeln entwickelt haben und robust genug sind, um sie anzufassen, m\u00fcssen sie verpflanzt werden.<\/p>\n<ol>\n<li><strong>Einzelne T\u00f6pfe vorbereiten <\/strong>: Kleine T\u00f6pfe mit Bonsai-Erde f\u00fcllen.<\/li>\n<li><strong>Umpflanzen <\/strong>: Heben Sie die Setzlinge vorsichtig aus der Saatschale und gehen Sie dabei behutsam mit den Wurzeln um. Pflanzen Sie sie in die neuen T\u00f6pfe und stellen Sie sicher, dass der Wurzelhals (wo der Stiel auf die Wurzeln trifft) auf der Bodenoberfl\u00e4che liegt.<\/li>\n<li><strong>Gie\u00dfen <\/strong>: Gie\u00dfen Sie die frisch verpflanzten Setzlinge gr\u00fcndlich.<\/li>\n<\/ol>\n<h2><strong>Schritt 6: Fr\u00fche Pflege und Entwicklung<\/strong><\/h2>\n<h3><strong>Bew\u00e4sserung<\/strong><\/h3>\n<p>Gie\u00dfen Sie die Setzlinge regelm\u00e4\u00dfig und halten Sie die Erde dabei konstant feucht, aber nicht durchn\u00e4sst. Um Wurzelf\u00e4ule zu vermeiden, sollte die Erde zwischen den Gie\u00dfvorg\u00e4ngen leicht antrocknen.<\/p>\n<h3><strong>D\u00fcngung<\/strong><\/h3>\n<p>D\u00fcngen Sie die Setzlinge w\u00e4hrend der Wachstumsperiode (Fr\u00fchling und Sommer) alle zwei Wochen mit einem ausgewogenen, wasserl\u00f6slichen D\u00fcnger halber St\u00e4rke.<\/p>\n<h3><strong>Licht und Temperatur<\/strong><\/h3>\n<p>Stellen Sie die Setzlinge an einen Ort mit hellem, indirektem Sonnenlicht. Sobald sie etwas reifer sind, k\u00f6nnen Sie sie allm\u00e4hlich direkter ans Sonnenlicht gew\u00f6hnen. Sorgen Sie f\u00fcr eine stabile Temperatur und vermeiden Sie extreme Hitze oder K\u00e4lte.<\/p>\n<h2><strong>Schritt 7: Beschneiden und Formen<\/strong><\/h2>\n<h3><strong>Erster Schnitt<\/strong><\/h3>\n<ol>\n<li><strong>Zeitpunkt <\/strong>: Beginnen Sie mit dem Beschneiden, sobald die Setzlinge einige Monate alt und etabliert sind.<\/li>\n<li><strong>Technik <\/strong>: Beschneiden Sie den Hauptstamm, um das seitliche Wachstum zu f\u00f6rdern. Dadurch entsteht eine kompaktere und verzweigtere Struktur. Kneifen Sie neue Triebe ab, um die gew\u00fcnschte Form beizubehalten und eine dichte Krone zu f\u00f6rdern.<\/li>\n<\/ol>\n<h3><strong>Verdrahtung<\/strong><\/h3>\n<p>Die Zweige k\u00f6nnen mit Dr\u00e4hten geformt werden. Verwenden Sie Aluminium- oder Kupferdraht, um die Zweige zu umwickeln und sie vorsichtig in die gew\u00fcnschte Position zu biegen. Achten Sie darauf, nicht zu fest zu wickeln, da die Zweige noch jung und zerbrechlich sind. \u00dcberpr\u00fcfen Sie die Dr\u00e4hte regelm\u00e4\u00dfig und passen Sie sie an, um ein Einschneiden der Rinde zu verhindern.<\/p>\n<h2><strong>Schritt 8: Zwischenpflege<\/strong><\/h2>\n<h3><strong>Umtopfen<\/strong><\/h3>\n<p>Das Umtopfen ist notwendig, um die Erde aufzufrischen und Platz f\u00fcr das Wurzelwachstum zu schaffen.<\/p>\n<ol>\n<li><strong>Zeitpunkt <\/strong>: Alle 2\u20133 Jahre umtopfen, vorzugsweise im zeitigen Fr\u00fchjahr, bevor die Wachstumsperiode beginnt.<\/li>\n<li><strong>Vorgehensweise <\/strong>: Nehmen Sie den Baum aus seinem Topf, schneiden Sie etwa ein Drittel der Wurzeln ab und setzen Sie ihn in frische Bonsaierde. Sorgen Sie f\u00fcr eine ausreichende Entw\u00e4sserung .<\/li>\n<\/ol>\n<h3><strong>Fortschrittlich Beschneiden und Pflege<\/strong><\/h3>\n<p>Beschneiden und formen Sie den Baum weiter, w\u00e4hrend er w\u00e4chst. Entfernen Sie alle unerw\u00fcnschten \u00c4ste und behalten Sie die Form des Baums bei. Stutzen Sie regelm\u00e4\u00dfig neue Triebe, damit der Baum kompakt bleibt.<\/p>\n<h3><strong>Sch\u00e4dlinge und Krankheiten<\/strong><\/h3>\n<p>Beobachten Sie Ihren Bonsai auf h\u00e4ufige Sch\u00e4dlinge wie Blattl\u00e4use, Spinnmilben und Schildl\u00e4use. Verwenden Sie geeignete Mittel wie Insektizidseife oder Neem\u00f6l, um einen Befall zu bek\u00e4mpfen. Sorgen Sie f\u00fcr eine gute Luftzirkulation, um Pilzkrankheiten vorzubeugen.<\/p>\n<h2><strong>Schritt 9: Langzeitpflege<\/strong><\/h2>\n<p>Die Z\u00fcchtung eines Bonsais ist eine langfristige Verpflichtung. Hier sind einige Tipps zur fortlaufenden Pflege:<\/p>\n<h3><strong>Saisonale Pflege<\/strong><\/h3>\n<ul>\n<li><strong>Fr\u00fchling <\/strong>: Mehr gie\u00dfen und d\u00fcngen. Bei Bedarf gr\u00fcndlich beschneiden und umtopfen.<\/li>\n<li><strong>Sommer <\/strong>: Vor \u00fcberm\u00e4\u00dfiger Hitze und Sonne sch\u00fctzen. H\u00e4ufiger gie\u00dfen und auf Sch\u00e4dlinge achten.<\/li>\n<li><strong>Herbst <\/strong>: Reduzieren Sie die Bew\u00e4sserung und bereiten Sie den Baum auf den Winter vor. Beschneiden Sie ihn erforderlich .<\/li>\n<li><strong>Winter <\/strong>: Vor Frost sch\u00fctzen. Die Japanische Schwarzkiefer ist winterhart, aber extreme K\u00e4lte kann dennoch sch\u00e4dlich sein.<\/li>\n<\/ul>\n<h3><strong>Fortlaufendes Lernen<\/strong><\/h3>\n<p>Treten Sie Bonsai-Clubs bei, besuchen Sie Workshops und lesen Sie B\u00fccher, um Ihre F\u00e4higkeiten zu verbessern. Die Bonsai-Community ist eine wertvolle Quelle f\u00fcr Rat und Unterst\u00fctzung.<\/p>\n<h3><strong>Genie\u00dfen Sie den Prozess<\/strong><\/h3>\n<p>Das Z\u00fcchten eines Bonsais aus Samen ist ein langsamer und lohnender Prozess. Genie\u00dfen Sie jede Entwicklungsphase und seien Sie stolz auf die Kunstfertigkeit und Sorgfalt, die Sie in Ihren Baum investieren.<\/p>\n<h3><strong>Abschluss<\/strong><\/h3>\n<p>Einen Bonsai aus Samen der japanischen Schwarzkiefer zu z\u00fcchten ist ein erf\u00fcllendes Unterfangen, das Geduld, Hingabe und Liebe zur Bonsai-Kunst erfordert. Wenn Sie die in dieser Anleitung beschriebenen Schritte befolgen, k\u00f6nnen Sie einen wundersch\u00f6nen Miniaturbaum z\u00fcchten, der Ihre Sorgfalt und Kreativit\u00e4t widerspiegelt. Lassen Sie sich auf die Reise ein, lernen Sie aus jeder Erfahrung und beobachten Sie, wie sich Ihr Bonsai von einem winzigen Samen in ein atemberaubendes lebendiges Kunstwerk verwandelt.<\/p>\n","protected":false},"excerpt":{"rendered":"<p>Pinus Thunbergii Samen (Japanische Schwarzkiefer Samen)<\/p>\n","protected":false},"featured_media":583,"template":"","meta":[],"product_brand":[],"product_cat":[57],"product_tag":[],"woo-feed-brand":[],"class_list":{"0":"post-594","1":"product","2":"type-product","3":"status-publish","4":"has-post-thumbnail","6":"product_cat-samen","8":"first","9":"outofstock","10":"shipping-taxable","11":"purchasable","12":"product-type-variable","13":"prodpage-classic"},"yoast_head":"<!-- This site is optimized with the Yoast SEO Premium plugin v22.0 (Yoast SEO v22.7) - https:\/\/yoast.com\/wordpress\/plugins\/seo\/ -->\n<title>Pinus Thunbergii Samen - Japanische Schwarzkiefer Samen<\/title>\n<meta name=\"description\" content=\"Pinus Thunbergii Samen (Japanische Schwarzkiefer Samen)\" \/>\n<meta name=\"robots\" content=\"index, follow, max-snippet:-1, max-image-preview:large, max-video-preview:-1\" \/>\n<link rel=\"canonical\" href=\"https:\/\/bonsai-europe.com\/de\/produkt\/samen\/pinus-thunbergii-samen-japanische-schwarzkiefer-samen\/\" \/>\n<meta property=\"og:locale\" content=\"de_DE\" \/>\n<meta property=\"og:type\" content=\"article\" \/>\n<meta property=\"og:title\" content=\"Pinus Thunbergii Samen - Japanische Schwarzkiefer Samen\" \/>\n<meta property=\"og:description\" content=\"Pinus Thunbergii Samen (Japanische Schwarzkiefer Samen)\" \/>\n<meta property=\"og:url\" content=\"https:\/\/bonsai-europe.com\/de\/produkt\/samen\/pinus-thunbergii-samen-japanische-schwarzkiefer-samen\/\" \/>\n<meta property=\"og:site_name\" content=\"Bonsai Europe\" \/>\n<meta property=\"article:modified_time\" content=\"2024-05-16T10:27:06+00:00\" \/>\n<meta property=\"og:image\" content=\"https:\/\/bonsai-europe.com\/wp-content\/uploads\/2024\/05\/pinus-thunbergii-seeds.jpg\" \/>\n\t<meta property=\"og:image:width\" content=\"2500\" \/>\n\t<meta property=\"og:image:height\" content=\"1667\" \/>\n\t<meta property=\"og:image:type\" content=\"image\/jpeg\" \/>\n<meta name=\"twitter:card\" content=\"summary_large_image\" \/>\n<meta name=\"twitter:label1\" content=\"Gesch\u00e4tzte Lesezeit\" \/>\n\t<meta name=\"twitter:data1\" content=\"6\u00a0Minuten\" \/>\n<script type=\"application\/ld+json\" class=\"yoast-schema-graph\">{\"@context\":\"https:\/\/schema.org\",\"@graph\":[{\"@type\":\"WebPage\",\"@id\":\"https:\/\/bonsai-europe.com\/de\/produkt\/samen\/pinus-thunbergii-samen-japanische-schwarzkiefer-samen\/\",\"url\":\"https:\/\/bonsai-europe.com\/de\/produkt\/samen\/pinus-thunbergii-samen-japanische-schwarzkiefer-samen\/\",\"name\":\"Pinus Thunbergii Samen - Japanische Schwarzkiefer Samen\",\"isPartOf\":{\"@id\":\"https:\/\/bonsai-europe.com\/de\/#website\"},\"primaryImageOfPage\":{\"@id\":\"https:\/\/bonsai-europe.com\/de\/produkt\/samen\/pinus-thunbergii-samen-japanische-schwarzkiefer-samen\/#primaryimage\"},\"image\":{\"@id\":\"https:\/\/bonsai-europe.com\/de\/produkt\/samen\/pinus-thunbergii-samen-japanische-schwarzkiefer-samen\/#primaryimage\"},\"thumbnailUrl\":\"https:\/\/bonsai-europe.com\/wp-content\/uploads\/2024\/05\/pinus-thunbergii-seeds.jpg\",\"datePublished\":\"2024-05-16T10:14:29+00:00\",\"dateModified\":\"2024-05-16T10:27:06+00:00\",\"description\":\"Pinus Thunbergii Samen (Japanische Schwarzkiefer Samen)\",\"breadcrumb\":{\"@id\":\"https:\/\/bonsai-europe.com\/de\/produkt\/samen\/pinus-thunbergii-samen-japanische-schwarzkiefer-samen\/#breadcrumb\"},\"inLanguage\":\"de\",\"potentialAction\":[{\"@type\":\"ReadAction\",\"target\":[\"https:\/\/bonsai-europe.com\/de\/produkt\/samen\/pinus-thunbergii-samen-japanische-schwarzkiefer-samen\/\"]}]},{\"@type\":\"ImageObject\",\"inLanguage\":\"de\",\"@id\":\"https:\/\/bonsai-europe.com\/de\/produkt\/samen\/pinus-thunbergii-samen-japanische-schwarzkiefer-samen\/#primaryimage\",\"url\":\"https:\/\/bonsai-europe.com\/wp-content\/uploads\/2024\/05\/pinus-thunbergii-seeds.jpg\",\"contentUrl\":\"https:\/\/bonsai-europe.com\/wp-content\/uploads\/2024\/05\/pinus-thunbergii-seeds.jpg\",\"width\":2500,\"height\":1667,\"caption\":\"pinus-thunbergii-samen\"},{\"@type\":\"BreadcrumbList\",\"@id\":\"https:\/\/bonsai-europe.com\/de\/produkt\/samen\/pinus-thunbergii-samen-japanische-schwarzkiefer-samen\/#breadcrumb\",\"itemListElement\":[{\"@type\":\"ListItem\",\"position\":1,\"name\":\"Home\",\"item\":\"https:\/\/bonsai-europe.com\/de\/\"},{\"@type\":\"ListItem\",\"position\":2,\"name\":\"Shop\",\"item\":\"https:\/\/bonsai-europe.com\/de\/shop\/\"},{\"@type\":\"ListItem\",\"position\":3,\"name\":\"Pinus Thunbergii Samen &#8211; Japanische Schwarzkiefer Samen\"}]},{\"@type\":\"WebSite\",\"@id\":\"https:\/\/bonsai-europe.com\/de\/#website\",\"url\":\"https:\/\/bonsai-europe.com\/de\/\",\"name\":\"Bonsai Europe\",\"description\":\"\",\"potentialAction\":[{\"@type\":\"SearchAction\",\"target\":{\"@type\":\"EntryPoint\",\"urlTemplate\":\"https:\/\/bonsai-europe.com\/de\/?s={search_term_string}\"},\"query-input\":\"required name=search_term_string\"}],\"inLanguage\":\"de\"}]}<\/script>\n<!-- \/ Yoast SEO Premium plugin. -->","yoast_head_json":{"title":"Pinus Thunbergii Samen - Japanische Schwarzkiefer Samen","description":"Pinus Thunbergii Samen (Japanische Schwarzkiefer Samen)","robots":{"index":"index","follow":"follow","max-snippet":"max-snippet:-1","max-image-preview":"max-image-preview:large","max-video-preview":"max-video-preview:-1"},"canonical":"https:\/\/bonsai-europe.com\/de\/produkt\/samen\/pinus-thunbergii-samen-japanische-schwarzkiefer-samen\/","og_locale":"de_DE","og_type":"article","og_title":"Pinus Thunbergii Samen - Japanische Schwarzkiefer Samen","og_description":"Pinus Thunbergii Samen (Japanische Schwarzkiefer Samen)","og_url":"https:\/\/bonsai-europe.com\/de\/produkt\/samen\/pinus-thunbergii-samen-japanische-schwarzkiefer-samen\/","og_site_name":"Bonsai Europe","article_modified_time":"2024-05-16T10:27:06+00:00","og_image":[{"width":2500,"height":1667,"url":"https:\/\/bonsai-europe.com\/wp-content\/uploads\/2024\/05\/pinus-thunbergii-seeds.jpg","type":"image\/jpeg"}],"twitter_card":"summary_large_image","twitter_misc":{"Gesch\u00e4tzte Lesezeit":"6\u00a0Minuten"},"schema":{"@context":"https:\/\/schema.org","@graph":[{"@type":"WebPage","@id":"https:\/\/bonsai-europe.com\/de\/produkt\/samen\/pinus-thunbergii-samen-japanische-schwarzkiefer-samen\/","url":"https:\/\/bonsai-europe.com\/de\/produkt\/samen\/pinus-thunbergii-samen-japanische-schwarzkiefer-samen\/","name":"Pinus Thunbergii Samen - Japanische Schwarzkiefer Samen","isPartOf":{"@id":"https:\/\/bonsai-europe.com\/de\/#website"},"primaryImageOfPage":{"@id":"https:\/\/bonsai-europe.com\/de\/produkt\/samen\/pinus-thunbergii-samen-japanische-schwarzkiefer-samen\/#primaryimage"},"image":{"@id":"https:\/\/bonsai-europe.com\/de\/produkt\/samen\/pinus-thunbergii-samen-japanische-schwarzkiefer-samen\/#primaryimage"},"thumbnailUrl":"https:\/\/bonsai-europe.com\/wp-content\/uploads\/2024\/05\/pinus-thunbergii-seeds.jpg","datePublished":"2024-05-16T10:14:29+00:00","dateModified":"2024-05-16T10:27:06+00:00","description":"Pinus Thunbergii Samen (Japanische Schwarzkiefer Samen)","breadcrumb":{"@id":"https:\/\/bonsai-europe.com\/de\/produkt\/samen\/pinus-thunbergii-samen-japanische-schwarzkiefer-samen\/#breadcrumb"},"inLanguage":"de","potentialAction":[{"@type":"ReadAction","target":["https:\/\/bonsai-europe.com\/de\/produkt\/samen\/pinus-thunbergii-samen-japanische-schwarzkiefer-samen\/"]}]},{"@type":"ImageObject","inLanguage":"de","@id":"https:\/\/bonsai-europe.com\/de\/produkt\/samen\/pinus-thunbergii-samen-japanische-schwarzkiefer-samen\/#primaryimage","url":"https:\/\/bonsai-europe.com\/wp-content\/uploads\/2024\/05\/pinus-thunbergii-seeds.jpg","contentUrl":"https:\/\/bonsai-europe.com\/wp-content\/uploads\/2024\/05\/pinus-thunbergii-seeds.jpg","width":2500,"height":1667,"caption":"pinus-thunbergii-samen"},{"@type":"BreadcrumbList","@id":"https:\/\/bonsai-europe.com\/de\/produkt\/samen\/pinus-thunbergii-samen-japanische-schwarzkiefer-samen\/#breadcrumb","itemListElement":[{"@type":"ListItem","position":1,"name":"Home","item":"https:\/\/bonsai-europe.com\/de\/"},{"@type":"ListItem","position":2,"name":"Shop","item":"https:\/\/bonsai-europe.com\/de\/shop\/"},{"@type":"ListItem","position":3,"name":"Pinus Thunbergii Samen &#8211; Japanische Schwarzkiefer Samen"}]},{"@type":"WebSite","@id":"https:\/\/bonsai-europe.com\/de\/#website","url":"https:\/\/bonsai-europe.com\/de\/","name":"Bonsai Europe","description":"","potentialAction":[{"@type":"SearchAction","target":{"@type":"EntryPoint","urlTemplate":"https:\/\/bonsai-europe.com\/de\/?s={search_term_string}"},"query-input":"required name=search_term_string"}],"inLanguage":"de"}]}},"_links":{"self":[{"href":"https:\/\/bonsai-europe.com\/de\/wp-json\/wp\/v2\/product\/594","targetHints":{"allow":["GET"]}}],"collection":[{"href":"https:\/\/bonsai-europe.com\/de\/wp-json\/wp\/v2\/product"}],"about":[{"href":"https:\/\/bonsai-europe.com\/de\/wp-json\/wp\/v2\/types\/product"}],"wp:featuredmedia":[{"embeddable":true,"href":"https:\/\/bonsai-europe.com\/de\/wp-json\/wp\/v2\/media\/583"}],"wp:attachment":[{"href":"https:\/\/bonsai-europe.com\/de\/wp-json\/wp\/v2\/media?parent=594"}],"wp:term":[{"taxonomy":"product_brand","embeddable":true,"href":"https:\/\/bonsai-europe.com\/de\/wp-json\/wp\/v2\/product_brand?post=594"},{"taxonomy":"product_cat","embeddable":true,"href":"https:\/\/bonsai-europe.com\/de\/wp-json\/wp\/v2\/product_cat?post=594"},{"taxonomy":"product_tag","embeddable":true,"href":"https:\/\/bonsai-europe.com\/de\/wp-json\/wp\/v2\/product_tag?post=594"},{"taxonomy":"woo-feed-brand","embeddable":true,"href":"https:\/\/bonsai-europe.com\/de\/wp-json\/wp\/v2\/woo-feed-brand?post=594"}],"curies":[{"name":"wp","href":"https:\/\/api.w.org\/{rel}","templated":true}]}}