{"id":149,"date":"2024-03-02T13:39:44","date_gmt":"2024-03-02T12:39:44","guid":{"rendered":"https:\/\/bonsai-europe.com\/?post_type=product&#038;p=149"},"modified":"2024-04-22T08:23:00","modified_gmt":"2024-04-22T06:23:00","slug":"pinus-parviflora","status":"publish","type":"product","link":"https:\/\/bonsai-europe.com\/de\/produkt\/jungpflanzen\/pinus-parviflora\/","title":{"rendered":"Pinus Parviflora &#8211; Japanische M\u00e4dchenkiefer"},"content":{"rendered":"<p>Die Japanische M\u00e4dchenkiefer (Pinus parviflora) ist eine gesch\u00e4tzte Pflanzenart, die h\u00e4ufig in der Bonsaigestaltung verwendet wird und f\u00fcr ihr elegantes Aussehen, ihre zarten Nadeln und ihre anmutige Form gesch\u00e4tzt wird. \u00c4ltere Formen der M\u00e4dchenkiefer z\u00e4hlen mit zu den teuersten Bonsais der Welt.<\/p>\n<h3>Aussehen<\/h3>\n<p>Pinus Parviflora Bonsai zeichnen sich durch ihre anmutigen, schlanken Nadeln aus, die in F\u00fcnfergruppen angeordnet sind und ein weiches und zartes Bl\u00e4tterdach bilden. Die Farbe der Nadeln reicht von leuchtendem Gr\u00fcn bis Silberblau, je nach Sorte und Umweltbedingungen. Die Zweige japanischer M\u00e4dchenkiefer Bonsai weisen oft eine elegante, geschwungene Silhouette auf, die ein Gef\u00fchl von Ruhe und Harmonie hervorruft.<\/p>\n<h3>Kulturelle Bedeutung<\/h3>\n<p>In der japanischen Kultur hat die japanische M\u00e4dchenkiefer eine tiefe symbolische Bedeutung und wird mit Reinheit, Langlebigkeit und Erleuchtung in Verbindung gebracht. Sie wird f\u00fcr ihre anmutige Sch\u00f6nheit und spirituelle Bedeutung verehrt und in der traditionellen Kunst und Literatur oft als Symbol f\u00fcr Widerstandsf\u00e4higkeit und inneren Frieden dargestellt. Daher werden japanische M\u00e4dchenkiefer Bonsai f\u00fcr ihre F\u00e4higkeit gesch\u00e4tzt, beim Betrachter ein Gef\u00fchl der Gelassenheit und Kontemplation hervorzurufen.<\/p>\n<h3>Eignung als Bonsai<\/h3>\n<p>Pinus Parviflora eignet sich aufgrund seiner kompakten Gr\u00f6\u00dfe, seines raffinierten Aussehens und seiner Reaktionsf\u00e4higkeit auf Schnitt- und Styling Techniken gut f\u00fcr die Bonsaigestaltung. Da es sich um eine langsam wachsende Art handelt, haben Bonsai K\u00fcnstler im Laufe der Jahre ausreichend Zeit, die Gestalt des Baumes zu formen und zu verfeinern. Japanische M\u00e4dchenkiefer Bonsais gedeihen in gut durchl\u00e4ssigen B\u00f6den mit guter Bel\u00fcftung und bevorzugen einen sonnigen Standort, um ein gesundes Wachstum und eine lebendige Laubfarbe zu f\u00f6rdern.<\/p>\n<p>Die M\u00e4dchenkiefer gilt als anspruchsvolle Pflanze, deren Haltung in Europa nicht ganz einfach ist. Man findet daher hier im Handel meistens Exemplare, die auf Pinus Thunbergii veredelt werden, da diese Art wesentlich robuster ist als Pinus Parviflora.<\/p>\n<p><strong>Wissenschaftlicher Name:<\/strong> Pinus Parviflora, Pinus pentaphylla<br \/>\n<strong>Gebr\u00e4uchlicher Name:<\/strong> Japanische M\u00e4dchenkiefer<br \/>\n<strong>Ursprung:<\/strong> Japan<br \/>\n<strong>Wuchsh\u00f6he:<\/strong> maximal 1 Meter<br \/>\n<strong>Verf\u00fcgbare Gr\u00f6\u00dfen:<\/strong> 5 &#8211; 30 cm<br \/>\n<strong>Alter:<\/strong> 2 &#8211; 4 Jahre<br \/>\n<strong>Lieferform:<\/strong> Topf 9 x 9 x 10 cm<\/p>\n<p>&nbsp;<\/p>\n","protected":false},"excerpt":{"rendered":"<p>Pinus Parviflora Jungpflanzen, 10 &#8211; 30 cm.<\/p>\n","protected":false},"featured_media":127,"template":"","meta":[],"product_brand":[],"product_cat":[35],"product_tag":[],"woo-feed-brand":[],"class_list":{"0":"post-149","1":"product","2":"type-product","3":"status-publish","4":"has-post-thumbnail","6":"product_cat-jungpflanzen","8":"first","9":"outofstock","10":"featured","11":"shipping-taxable","12":"purchasable","13":"product-type-variable","14":"has-default-attributes","15":"prodpage-classic"},"yoast_head":"<!-- This site is optimized with the Yoast SEO Premium plugin v22.0 (Yoast SEO v22.7) - https:\/\/yoast.com\/wordpress\/plugins\/seo\/ -->\n<title>Pinus Parviflora - Japanische M\u00e4dchenkiefer<\/title>\n<meta name=\"description\" content=\"Pinus Parviflora, die japanische M\u00e4dchenkiefer, gilt als eine der begehrtesten Pflanzen f\u00fcr die Gestaltung von Bonsai. W\u00e4hlen Sie Jungpflanzen 10-30 cm.....\" \/>\n<meta name=\"robots\" content=\"index, follow, max-snippet:-1, max-image-preview:large, max-video-preview:-1\" \/>\n<link rel=\"canonical\" href=\"https:\/\/bonsai-europe.com\/de\/produkt\/jungpflanzen\/pinus-parviflora\/\" \/>\n<meta property=\"og:locale\" content=\"de_DE\" \/>\n<meta property=\"og:type\" content=\"article\" \/>\n<meta property=\"og:title\" content=\"Pinus Parviflora - Japanische M\u00e4dchenkiefer\" \/>\n<meta property=\"og:description\" content=\"Pinus Parviflora, die japanische M\u00e4dchenkiefer, gilt als eine der begehrtesten Pflanzen f\u00fcr die Gestaltung von Bonsai. W\u00e4hlen Sie Jungpflanzen 10-30 cm.....\" \/>\n<meta property=\"og:url\" content=\"https:\/\/bonsai-europe.com\/de\/produkt\/jungpflanzen\/pinus-parviflora\/\" \/>\n<meta property=\"og:site_name\" content=\"Bonsai Europe\" \/>\n<meta property=\"article:modified_time\" content=\"2024-04-22T06:23:00+00:00\" \/>\n<meta property=\"og:image\" content=\"https:\/\/bonsai-europe.com\/wp-content\/uploads\/2024\/03\/pinus-parviflora.jpg\" \/>\n\t<meta property=\"og:image:width\" content=\"1000\" \/>\n\t<meta property=\"og:image:height\" content=\"1000\" \/>\n\t<meta property=\"og:image:type\" content=\"image\/jpeg\" \/>\n<meta name=\"twitter:card\" content=\"summary_large_image\" \/>\n<meta name=\"twitter:label1\" content=\"Gesch\u00e4tzte Lesezeit\" \/>\n\t<meta name=\"twitter:data1\" content=\"2\u00a0Minuten\" \/>\n<script type=\"application\/ld+json\" class=\"yoast-schema-graph\">{\"@context\":\"https:\/\/schema.org\",\"@graph\":[{\"@type\":\"WebPage\",\"@id\":\"https:\/\/bonsai-europe.com\/de\/produkt\/jungpflanzen\/pinus-parviflora\/\",\"url\":\"https:\/\/bonsai-europe.com\/de\/produkt\/jungpflanzen\/pinus-parviflora\/\",\"name\":\"Pinus Parviflora - Japanische M\u00e4dchenkiefer\",\"isPartOf\":{\"@id\":\"https:\/\/bonsai-europe.com\/de\/#website\"},\"primaryImageOfPage\":{\"@id\":\"https:\/\/bonsai-europe.com\/de\/produkt\/jungpflanzen\/pinus-parviflora\/#primaryimage\"},\"image\":{\"@id\":\"https:\/\/bonsai-europe.com\/de\/produkt\/jungpflanzen\/pinus-parviflora\/#primaryimage\"},\"thumbnailUrl\":\"https:\/\/bonsai-europe.com\/wp-content\/uploads\/2024\/03\/pinus-parviflora.jpg\",\"datePublished\":\"2024-03-02T12:39:44+00:00\",\"dateModified\":\"2024-04-22T06:23:00+00:00\",\"description\":\"Pinus Parviflora, die japanische M\u00e4dchenkiefer, gilt als eine der begehrtesten Pflanzen f\u00fcr die Gestaltung von Bonsai. W\u00e4hlen Sie Jungpflanzen 10-30 cm.....\",\"breadcrumb\":{\"@id\":\"https:\/\/bonsai-europe.com\/de\/produkt\/jungpflanzen\/pinus-parviflora\/#breadcrumb\"},\"inLanguage\":\"de\",\"potentialAction\":[{\"@type\":\"ReadAction\",\"target\":[\"https:\/\/bonsai-europe.com\/de\/produkt\/jungpflanzen\/pinus-parviflora\/\"]}]},{\"@type\":\"ImageObject\",\"inLanguage\":\"de\",\"@id\":\"https:\/\/bonsai-europe.com\/de\/produkt\/jungpflanzen\/pinus-parviflora\/#primaryimage\",\"url\":\"https:\/\/bonsai-europe.com\/wp-content\/uploads\/2024\/03\/pinus-parviflora.jpg\",\"contentUrl\":\"https:\/\/bonsai-europe.com\/wp-content\/uploads\/2024\/03\/pinus-parviflora.jpg\",\"width\":1000,\"height\":1000,\"caption\":\"M\u00e4dchenkiefer Jungpflanze\"},{\"@type\":\"BreadcrumbList\",\"@id\":\"https:\/\/bonsai-europe.com\/de\/produkt\/jungpflanzen\/pinus-parviflora\/#breadcrumb\",\"itemListElement\":[{\"@type\":\"ListItem\",\"position\":1,\"name\":\"Home\",\"item\":\"https:\/\/bonsai-europe.com\/de\/\"},{\"@type\":\"ListItem\",\"position\":2,\"name\":\"Shop\",\"item\":\"https:\/\/bonsai-europe.com\/de\/shop\/\"},{\"@type\":\"ListItem\",\"position\":3,\"name\":\"Pinus Parviflora &#8211; Japanische M\u00e4dchenkiefer\"}]},{\"@type\":\"WebSite\",\"@id\":\"https:\/\/bonsai-europe.com\/de\/#website\",\"url\":\"https:\/\/bonsai-europe.com\/de\/\",\"name\":\"Bonsai Europe\",\"description\":\"\",\"potentialAction\":[{\"@type\":\"SearchAction\",\"target\":{\"@type\":\"EntryPoint\",\"urlTemplate\":\"https:\/\/bonsai-europe.com\/de\/?s={search_term_string}\"},\"query-input\":\"required name=search_term_string\"}],\"inLanguage\":\"de\"}]}<\/script>\n<!-- \/ Yoast SEO Premium plugin. -->","yoast_head_json":{"title":"Pinus Parviflora - Japanische M\u00e4dchenkiefer","description":"Pinus Parviflora, die japanische M\u00e4dchenkiefer, gilt als eine der begehrtesten Pflanzen f\u00fcr die Gestaltung von Bonsai. W\u00e4hlen Sie Jungpflanzen 10-30 cm.....","robots":{"index":"index","follow":"follow","max-snippet":"max-snippet:-1","max-image-preview":"max-image-preview:large","max-video-preview":"max-video-preview:-1"},"canonical":"https:\/\/bonsai-europe.com\/de\/produkt\/jungpflanzen\/pinus-parviflora\/","og_locale":"de_DE","og_type":"article","og_title":"Pinus Parviflora - Japanische M\u00e4dchenkiefer","og_description":"Pinus Parviflora, die japanische M\u00e4dchenkiefer, gilt als eine der begehrtesten Pflanzen f\u00fcr die Gestaltung von Bonsai. W\u00e4hlen Sie Jungpflanzen 10-30 cm.....","og_url":"https:\/\/bonsai-europe.com\/de\/produkt\/jungpflanzen\/pinus-parviflora\/","og_site_name":"Bonsai Europe","article_modified_time":"2024-04-22T06:23:00+00:00","og_image":[{"width":1000,"height":1000,"url":"https:\/\/bonsai-europe.com\/wp-content\/uploads\/2024\/03\/pinus-parviflora.jpg","type":"image\/jpeg"}],"twitter_card":"summary_large_image","twitter_misc":{"Gesch\u00e4tzte Lesezeit":"2\u00a0Minuten"},"schema":{"@context":"https:\/\/schema.org","@graph":[{"@type":"WebPage","@id":"https:\/\/bonsai-europe.com\/de\/produkt\/jungpflanzen\/pinus-parviflora\/","url":"https:\/\/bonsai-europe.com\/de\/produkt\/jungpflanzen\/pinus-parviflora\/","name":"Pinus Parviflora - Japanische M\u00e4dchenkiefer","isPartOf":{"@id":"https:\/\/bonsai-europe.com\/de\/#website"},"primaryImageOfPage":{"@id":"https:\/\/bonsai-europe.com\/de\/produkt\/jungpflanzen\/pinus-parviflora\/#primaryimage"},"image":{"@id":"https:\/\/bonsai-europe.com\/de\/produkt\/jungpflanzen\/pinus-parviflora\/#primaryimage"},"thumbnailUrl":"https:\/\/bonsai-europe.com\/wp-content\/uploads\/2024\/03\/pinus-parviflora.jpg","datePublished":"2024-03-02T12:39:44+00:00","dateModified":"2024-04-22T06:23:00+00:00","description":"Pinus Parviflora, die japanische M\u00e4dchenkiefer, gilt als eine der begehrtesten Pflanzen f\u00fcr die Gestaltung von Bonsai. W\u00e4hlen Sie Jungpflanzen 10-30 cm.....","breadcrumb":{"@id":"https:\/\/bonsai-europe.com\/de\/produkt\/jungpflanzen\/pinus-parviflora\/#breadcrumb"},"inLanguage":"de","potentialAction":[{"@type":"ReadAction","target":["https:\/\/bonsai-europe.com\/de\/produkt\/jungpflanzen\/pinus-parviflora\/"]}]},{"@type":"ImageObject","inLanguage":"de","@id":"https:\/\/bonsai-europe.com\/de\/produkt\/jungpflanzen\/pinus-parviflora\/#primaryimage","url":"https:\/\/bonsai-europe.com\/wp-content\/uploads\/2024\/03\/pinus-parviflora.jpg","contentUrl":"https:\/\/bonsai-europe.com\/wp-content\/uploads\/2024\/03\/pinus-parviflora.jpg","width":1000,"height":1000,"caption":"M\u00e4dchenkiefer Jungpflanze"},{"@type":"BreadcrumbList","@id":"https:\/\/bonsai-europe.com\/de\/produkt\/jungpflanzen\/pinus-parviflora\/#breadcrumb","itemListElement":[{"@type":"ListItem","position":1,"name":"Home","item":"https:\/\/bonsai-europe.com\/de\/"},{"@type":"ListItem","position":2,"name":"Shop","item":"https:\/\/bonsai-europe.com\/de\/shop\/"},{"@type":"ListItem","position":3,"name":"Pinus Parviflora &#8211; Japanische M\u00e4dchenkiefer"}]},{"@type":"WebSite","@id":"https:\/\/bonsai-europe.com\/de\/#website","url":"https:\/\/bonsai-europe.com\/de\/","name":"Bonsai Europe","description":"","potentialAction":[{"@type":"SearchAction","target":{"@type":"EntryPoint","urlTemplate":"https:\/\/bonsai-europe.com\/de\/?s={search_term_string}"},"query-input":"required name=search_term_string"}],"inLanguage":"de"}]}},"_links":{"self":[{"href":"https:\/\/bonsai-europe.com\/de\/wp-json\/wp\/v2\/product\/149","targetHints":{"allow":["GET"]}}],"collection":[{"href":"https:\/\/bonsai-europe.com\/de\/wp-json\/wp\/v2\/product"}],"about":[{"href":"https:\/\/bonsai-europe.com\/de\/wp-json\/wp\/v2\/types\/product"}],"wp:featuredmedia":[{"embeddable":true,"href":"https:\/\/bonsai-europe.com\/de\/wp-json\/wp\/v2\/media\/127"}],"wp:attachment":[{"href":"https:\/\/bonsai-europe.com\/de\/wp-json\/wp\/v2\/media?parent=149"}],"wp:term":[{"taxonomy":"product_brand","embeddable":true,"href":"https:\/\/bonsai-europe.com\/de\/wp-json\/wp\/v2\/product_brand?post=149"},{"taxonomy":"product_cat","embeddable":true,"href":"https:\/\/bonsai-europe.com\/de\/wp-json\/wp\/v2\/product_cat?post=149"},{"taxonomy":"product_tag","embeddable":true,"href":"https:\/\/bonsai-europe.com\/de\/wp-json\/wp\/v2\/product_tag?post=149"},{"taxonomy":"woo-feed-brand","embeddable":true,"href":"https:\/\/bonsai-europe.com\/de\/wp-json\/wp\/v2\/woo-feed-brand?post=149"}],"curies":[{"name":"wp","href":"https:\/\/api.w.org\/{rel}","templated":true}]}}