{"id":132,"date":"2024-03-02T09:59:04","date_gmt":"2024-03-02T08:59:04","guid":{"rendered":"https:\/\/bonsai-europe.com\/?post_type=product&#038;p=132"},"modified":"2026-04-11T11:20:10","modified_gmt":"2026-04-11T09:20:10","slug":"juniperus-chinensis-shimpaku-itoigawa","status":"publish","type":"product","link":"https:\/\/bonsai-europe.com\/de\/produkt\/jungpflanzen\/juniperus-chinensis-shimpaku-itoigawa\/","title":{"rendered":"Juniperus Chinensis Itoigawa &#8211; Chinesischer Itoigawa Wacholder"},"content":{"rendered":"<p>Der Chinesische Itoigawa Wacholder (Juniperus chinensis Shimpaku Itoigawa) ist aufgrund seines eleganten Aussehens, der feinen Bl\u00e4tter und seiner Eignung f\u00fcr die Bonsai Gestaltung eine sehr gefragte Art unter Bonsai Liebhabern. Diese aus der Region Itoigawa in Japan stammende Sorte des chinesischen Wacholders besitzt einzigartige Eigenschaften, die besonders in der Bonsai Kunst gesch\u00e4tzt werden. \u00c4ltere Bonsai dieser Wacholder Variante werden oftmals f\u00fcr mehrere Tausend Euro gehandelt und geh\u00f6ren damit zu den teuersten Bonsai Arten der Welt.<\/p>\n<h3>Aussehen<\/h3>\n<p>Juniperus Chinensis Itoigawa weist einen kompakten, dichten Wuchs mit zarten, nadelartigen Bl\u00e4ttern auf, deren Farbe von leuchtendem Gr\u00fcn bis hin zu sattem Smaragd reicht, besonders wenn er gut gepflegt wird. Sein Laub ist im Vergleich zu anderen chinesischen Wacholdersorten feiner und weicher. Die Pflanze erreicht eine maximale H\u00f6he von ca. 1 Meter.<\/p>\n<h3>Rinde und Stamm<\/h3>\n<p>Mit zunehmender Reife des Juniperus Chinensis Shimpaku Itoigawa verf\u00e4rbt sich die Rinde r\u00f6tlich-braun, was der Pflanze ein sehr ansprechendes Aussehen verleiht. Der Stamm dieser Wacholder-Sorte weist oft verdrehte, knorrige Formen auf, die ein Gef\u00fchl von Alter und Charakter vermitteln, das den allgemeinen Charme als Bonsai-Exemplar unterstreicht.<\/p>\n<h3>Eignung als Bonsai<\/h3>\n<p>Der Chinesische Itoigawa Wacholder wird aufgrund seiner Vielseitigkeit und Widerstandsf\u00e4higkeit als Bonsai sehr gesch\u00e4tzt. Es reagiert gut auf das Beschneiden, Drahten und Formen und erm\u00f6glicht es Bonsai-K\u00fcnstlern, eine breite Palette von Stilen zu kreieren, von formal aufrecht bis hin zu Kaskaden und allem dazwischen. Aufgrund seiner kompakten Gr\u00f6\u00dfe und seiner F\u00e4higkeit, verschiedene Wachstumsbedingungen zu tolerieren, eignet es sich je nach Klimapr\u00e4ferenz sowohl f\u00fcr den Indoor- als auch f\u00fcr den Outdoor-Bonsai-Anbau.<\/p>\n<p>Die Pflanze ist sehr anpassungsf\u00e4hig und gedeiht auf fast allen B\u00f6den. Das Substrat darf jedoch nie vollkommen austrocknen und sollte \u00fcber eine ausreichende Drainage verf\u00fcgen. Sie vertr\u00e4gt auch Temperaturen zwischen &#8211; 20\u00b0C &#8211; 35\u00b0C sehr gut.<\/p>\n<p><strong>Wissenschaftlicher Name:<\/strong> Juniperus Chinensis Shimpaku var. Itoigawa<br \/>\n<strong>Gebr\u00e4uchlicher Name:<\/strong> Chinesischer Itoigawa Wacholder<br \/>\n<strong>Ursprung:<\/strong> Japan<br \/>\n<strong>Wuchsh\u00f6he:<\/strong> maximal 1 Meter<br \/>\n<strong>Verf\u00fcgbare Gr\u00f6\u00dfen:<\/strong> 10 &#8211; 50 cm<br \/>\n<strong>Alter:<\/strong> 2 &#8211; 6 Jahre<br \/>\n<strong>Lieferform:<\/strong> Topf 9 x 9 x 10 cm<\/p>\n","protected":false},"excerpt":{"rendered":"<p>Juniperus Chinensis Shimpaku Itoigawa Jungpflanzen, 10-50 cm<\/p>\n","protected":false},"featured_media":446,"template":"","meta":[],"product_brand":[],"product_cat":[35],"product_tag":[],"woo-feed-brand":[],"class_list":{"0":"post-132","1":"product","2":"type-product","3":"status-publish","4":"has-post-thumbnail","6":"product_cat-jungpflanzen","8":"first","9":"instock","10":"featured","11":"shipping-taxable","12":"purchasable","13":"product-type-variable","14":"has-default-attributes","15":"prodpage-classic"},"yoast_head":"<!-- This site is optimized with the Yoast SEO Premium plugin v22.0 (Yoast SEO v22.7) - https:\/\/yoast.com\/wordpress\/plugins\/seo\/ -->\n<title>Juniperus Chinensis Itoigawa - Chinesischer Itoigawa Wacholder<\/title>\n<meta name=\"description\" content=\"Juniperus Chinensis Shimpaku Itoigawa (Chinesischer Itoigawa Wacholder) Jungpflanzen mit einer Gr\u00f6\u00dfe von 10-50 cm f\u00fcr die Gestaltung von herrlichen Bonsais.\" \/>\n<meta name=\"robots\" content=\"index, follow, max-snippet:-1, max-image-preview:large, max-video-preview:-1\" \/>\n<link rel=\"canonical\" href=\"https:\/\/bonsai-europe.com\/de\/produkt\/jungpflanzen\/juniperus-chinensis-shimpaku-itoigawa\/\" \/>\n<meta property=\"og:locale\" content=\"de_DE\" \/>\n<meta property=\"og:type\" content=\"article\" \/>\n<meta property=\"og:title\" content=\"Juniperus Chinensis Itoigawa - Chinesischer Itoigawa Wacholder\" \/>\n<meta property=\"og:description\" content=\"Juniperus Chinensis Shimpaku Itoigawa (Chinesischer Itoigawa Wacholder) Jungpflanzen mit einer Gr\u00f6\u00dfe von 10-50 cm f\u00fcr die Gestaltung von herrlichen Bonsais.\" \/>\n<meta property=\"og:url\" content=\"https:\/\/bonsai-europe.com\/de\/produkt\/jungpflanzen\/juniperus-chinensis-shimpaku-itoigawa\/\" \/>\n<meta property=\"og:site_name\" content=\"Bonsai Europe\" \/>\n<meta property=\"article:modified_time\" content=\"2026-04-11T09:20:10+00:00\" \/>\n<meta property=\"og:image\" content=\"https:\/\/bonsai-europe.com\/wp-content\/uploads\/2024\/03\/3-juniperus-chinensis-itoigawa.png\" \/>\n\t<meta property=\"og:image:width\" content=\"1280\" \/>\n\t<meta property=\"og:image:height\" content=\"853\" \/>\n\t<meta property=\"og:image:type\" content=\"image\/png\" \/>\n<meta name=\"twitter:card\" content=\"summary_large_image\" \/>\n<meta name=\"twitter:label1\" content=\"Gesch\u00e4tzte Lesezeit\" \/>\n\t<meta name=\"twitter:data1\" content=\"2\u00a0Minuten\" \/>\n<script type=\"application\/ld+json\" class=\"yoast-schema-graph\">{\"@context\":\"https:\/\/schema.org\",\"@graph\":[{\"@type\":\"WebPage\",\"@id\":\"https:\/\/bonsai-europe.com\/de\/produkt\/jungpflanzen\/juniperus-chinensis-shimpaku-itoigawa\/\",\"url\":\"https:\/\/bonsai-europe.com\/de\/produkt\/jungpflanzen\/juniperus-chinensis-shimpaku-itoigawa\/\",\"name\":\"Juniperus Chinensis Itoigawa - Chinesischer Itoigawa Wacholder\",\"isPartOf\":{\"@id\":\"https:\/\/bonsai-europe.com\/de\/#website\"},\"primaryImageOfPage\":{\"@id\":\"https:\/\/bonsai-europe.com\/de\/produkt\/jungpflanzen\/juniperus-chinensis-shimpaku-itoigawa\/#primaryimage\"},\"image\":{\"@id\":\"https:\/\/bonsai-europe.com\/de\/produkt\/jungpflanzen\/juniperus-chinensis-shimpaku-itoigawa\/#primaryimage\"},\"thumbnailUrl\":\"https:\/\/bonsai-europe.com\/wp-content\/uploads\/2024\/03\/3-juniperus-chinensis-itoigawa.png\",\"datePublished\":\"2024-03-02T08:59:04+00:00\",\"dateModified\":\"2026-04-11T09:20:10+00:00\",\"description\":\"Juniperus Chinensis Shimpaku Itoigawa (Chinesischer Itoigawa Wacholder) Jungpflanzen mit einer Gr\u00f6\u00dfe von 10-50 cm f\u00fcr die Gestaltung von herrlichen Bonsais.\",\"breadcrumb\":{\"@id\":\"https:\/\/bonsai-europe.com\/de\/produkt\/jungpflanzen\/juniperus-chinensis-shimpaku-itoigawa\/#breadcrumb\"},\"inLanguage\":\"de\",\"potentialAction\":[{\"@type\":\"ReadAction\",\"target\":[\"https:\/\/bonsai-europe.com\/de\/produkt\/jungpflanzen\/juniperus-chinensis-shimpaku-itoigawa\/\"]}]},{\"@type\":\"ImageObject\",\"inLanguage\":\"de\",\"@id\":\"https:\/\/bonsai-europe.com\/de\/produkt\/jungpflanzen\/juniperus-chinensis-shimpaku-itoigawa\/#primaryimage\",\"url\":\"https:\/\/bonsai-europe.com\/wp-content\/uploads\/2024\/03\/3-juniperus-chinensis-itoigawa.png\",\"contentUrl\":\"https:\/\/bonsai-europe.com\/wp-content\/uploads\/2024\/03\/3-juniperus-chinensis-itoigawa.png\",\"width\":1280,\"height\":853,\"caption\":\"3-juniperus-chinensis-itoigawa\"},{\"@type\":\"BreadcrumbList\",\"@id\":\"https:\/\/bonsai-europe.com\/de\/produkt\/jungpflanzen\/juniperus-chinensis-shimpaku-itoigawa\/#breadcrumb\",\"itemListElement\":[{\"@type\":\"ListItem\",\"position\":1,\"name\":\"Home\",\"item\":\"https:\/\/bonsai-europe.com\/de\/\"},{\"@type\":\"ListItem\",\"position\":2,\"name\":\"Shop\",\"item\":\"https:\/\/bonsai-europe.com\/de\/shop\/\"},{\"@type\":\"ListItem\",\"position\":3,\"name\":\"Juniperus Chinensis Itoigawa &#8211; Chinesischer Itoigawa Wacholder\"}]},{\"@type\":\"WebSite\",\"@id\":\"https:\/\/bonsai-europe.com\/de\/#website\",\"url\":\"https:\/\/bonsai-europe.com\/de\/\",\"name\":\"Bonsai Europe\",\"description\":\"\",\"potentialAction\":[{\"@type\":\"SearchAction\",\"target\":{\"@type\":\"EntryPoint\",\"urlTemplate\":\"https:\/\/bonsai-europe.com\/de\/?s={search_term_string}\"},\"query-input\":\"required name=search_term_string\"}],\"inLanguage\":\"de\"}]}<\/script>\n<!-- \/ Yoast SEO Premium plugin. -->","yoast_head_json":{"title":"Juniperus Chinensis Itoigawa - Chinesischer Itoigawa Wacholder","description":"Juniperus Chinensis Shimpaku Itoigawa (Chinesischer Itoigawa Wacholder) Jungpflanzen mit einer Gr\u00f6\u00dfe von 10-50 cm f\u00fcr die Gestaltung von herrlichen Bonsais.","robots":{"index":"index","follow":"follow","max-snippet":"max-snippet:-1","max-image-preview":"max-image-preview:large","max-video-preview":"max-video-preview:-1"},"canonical":"https:\/\/bonsai-europe.com\/de\/produkt\/jungpflanzen\/juniperus-chinensis-shimpaku-itoigawa\/","og_locale":"de_DE","og_type":"article","og_title":"Juniperus Chinensis Itoigawa - Chinesischer Itoigawa Wacholder","og_description":"Juniperus Chinensis Shimpaku Itoigawa (Chinesischer Itoigawa Wacholder) Jungpflanzen mit einer Gr\u00f6\u00dfe von 10-50 cm f\u00fcr die Gestaltung von herrlichen Bonsais.","og_url":"https:\/\/bonsai-europe.com\/de\/produkt\/jungpflanzen\/juniperus-chinensis-shimpaku-itoigawa\/","og_site_name":"Bonsai Europe","article_modified_time":"2026-04-11T09:20:10+00:00","og_image":[{"width":1280,"height":853,"url":"https:\/\/bonsai-europe.com\/wp-content\/uploads\/2024\/03\/3-juniperus-chinensis-itoigawa.png","type":"image\/png"}],"twitter_card":"summary_large_image","twitter_misc":{"Gesch\u00e4tzte Lesezeit":"2\u00a0Minuten"},"schema":{"@context":"https:\/\/schema.org","@graph":[{"@type":"WebPage","@id":"https:\/\/bonsai-europe.com\/de\/produkt\/jungpflanzen\/juniperus-chinensis-shimpaku-itoigawa\/","url":"https:\/\/bonsai-europe.com\/de\/produkt\/jungpflanzen\/juniperus-chinensis-shimpaku-itoigawa\/","name":"Juniperus Chinensis Itoigawa - Chinesischer Itoigawa Wacholder","isPartOf":{"@id":"https:\/\/bonsai-europe.com\/de\/#website"},"primaryImageOfPage":{"@id":"https:\/\/bonsai-europe.com\/de\/produkt\/jungpflanzen\/juniperus-chinensis-shimpaku-itoigawa\/#primaryimage"},"image":{"@id":"https:\/\/bonsai-europe.com\/de\/produkt\/jungpflanzen\/juniperus-chinensis-shimpaku-itoigawa\/#primaryimage"},"thumbnailUrl":"https:\/\/bonsai-europe.com\/wp-content\/uploads\/2024\/03\/3-juniperus-chinensis-itoigawa.png","datePublished":"2024-03-02T08:59:04+00:00","dateModified":"2026-04-11T09:20:10+00:00","description":"Juniperus Chinensis Shimpaku Itoigawa (Chinesischer Itoigawa Wacholder) Jungpflanzen mit einer Gr\u00f6\u00dfe von 10-50 cm f\u00fcr die Gestaltung von herrlichen Bonsais.","breadcrumb":{"@id":"https:\/\/bonsai-europe.com\/de\/produkt\/jungpflanzen\/juniperus-chinensis-shimpaku-itoigawa\/#breadcrumb"},"inLanguage":"de","potentialAction":[{"@type":"ReadAction","target":["https:\/\/bonsai-europe.com\/de\/produkt\/jungpflanzen\/juniperus-chinensis-shimpaku-itoigawa\/"]}]},{"@type":"ImageObject","inLanguage":"de","@id":"https:\/\/bonsai-europe.com\/de\/produkt\/jungpflanzen\/juniperus-chinensis-shimpaku-itoigawa\/#primaryimage","url":"https:\/\/bonsai-europe.com\/wp-content\/uploads\/2024\/03\/3-juniperus-chinensis-itoigawa.png","contentUrl":"https:\/\/bonsai-europe.com\/wp-content\/uploads\/2024\/03\/3-juniperus-chinensis-itoigawa.png","width":1280,"height":853,"caption":"3-juniperus-chinensis-itoigawa"},{"@type":"BreadcrumbList","@id":"https:\/\/bonsai-europe.com\/de\/produkt\/jungpflanzen\/juniperus-chinensis-shimpaku-itoigawa\/#breadcrumb","itemListElement":[{"@type":"ListItem","position":1,"name":"Home","item":"https:\/\/bonsai-europe.com\/de\/"},{"@type":"ListItem","position":2,"name":"Shop","item":"https:\/\/bonsai-europe.com\/de\/shop\/"},{"@type":"ListItem","position":3,"name":"Juniperus Chinensis Itoigawa &#8211; Chinesischer Itoigawa Wacholder"}]},{"@type":"WebSite","@id":"https:\/\/bonsai-europe.com\/de\/#website","url":"https:\/\/bonsai-europe.com\/de\/","name":"Bonsai Europe","description":"","potentialAction":[{"@type":"SearchAction","target":{"@type":"EntryPoint","urlTemplate":"https:\/\/bonsai-europe.com\/de\/?s={search_term_string}"},"query-input":"required name=search_term_string"}],"inLanguage":"de"}]}},"_links":{"self":[{"href":"https:\/\/bonsai-europe.com\/de\/wp-json\/wp\/v2\/product\/132","targetHints":{"allow":["GET"]}}],"collection":[{"href":"https:\/\/bonsai-europe.com\/de\/wp-json\/wp\/v2\/product"}],"about":[{"href":"https:\/\/bonsai-europe.com\/de\/wp-json\/wp\/v2\/types\/product"}],"wp:featuredmedia":[{"embeddable":true,"href":"https:\/\/bonsai-europe.com\/de\/wp-json\/wp\/v2\/media\/446"}],"wp:attachment":[{"href":"https:\/\/bonsai-europe.com\/de\/wp-json\/wp\/v2\/media?parent=132"}],"wp:term":[{"taxonomy":"product_brand","embeddable":true,"href":"https:\/\/bonsai-europe.com\/de\/wp-json\/wp\/v2\/product_brand?post=132"},{"taxonomy":"product_cat","embeddable":true,"href":"https:\/\/bonsai-europe.com\/de\/wp-json\/wp\/v2\/product_cat?post=132"},{"taxonomy":"product_tag","embeddable":true,"href":"https:\/\/bonsai-europe.com\/de\/wp-json\/wp\/v2\/product_tag?post=132"},{"taxonomy":"woo-feed-brand","embeddable":true,"href":"https:\/\/bonsai-europe.com\/de\/wp-json\/wp\/v2\/woo-feed-brand?post=132"}],"curies":[{"name":"wp","href":"https:\/\/api.w.org\/{rel}","templated":true}]}}