{"id":1104,"date":"2026-02-13T17:31:30","date_gmt":"2026-02-13T16:31:30","guid":{"rendered":"https:\/\/bonsai-europe.com\/?post_type=product&#038;p=1104"},"modified":"2026-02-14T08:42:26","modified_gmt":"2026-02-14T07:42:26","slug":"osmocote-langzeitduenger","status":"publish","type":"product","link":"https:\/\/bonsai-europe.com\/de\/produkt\/substrate-und-duenger\/osmocote-langzeitduenger\/","title":{"rendered":"Osmocote Langzeitd\u00fcnger"},"content":{"rendered":"<p>ICL Osmocote Exact Standard ist ein professioneller Langzeitd\u00fcnger der 3. Generation f\u00fcr den Zierpflanzenbau. Er wurde speziell entwickelt, um eine sichere und gleichm\u00e4\u00dfige N\u00e4hrstoffversorgung w\u00e4hrend des gesamten Wachstumszyklus zu gew\u00e4hrleisten und ist daher ideal f\u00fcr Pflanzen mit gleichbleibendem N\u00e4hrstoffbedarf w\u00e4hrend des ganzen Jahres.<\/p>\n<ul>\n<li><strong>Freisetzungsdauer: <\/strong>Liefert N\u00e4hrstoffe \u00fcber einen Zeitraum von 12-14 Monaten.<\/li>\n<li><strong>N\u00e4hrstoffzusammensetzung: <\/strong>Enth\u00e4lt ein NPK-Verh\u00e4ltnis von 15-9-11 sowie 2 % Magnesiumoxid (MgO) und Spurenelemente (TE).<\/li>\n<li><strong>Technologie: <\/strong>Nutzt Technologie der 3. Generation f\u00fcr eine mustergesteuerte Freisetzung, die die N\u00e4hrstoffversorgung an die Bed\u00fcrfnisse der Pflanze anpasst.<\/li>\n<li><strong>Optimale Verwendung: <\/strong>Ideal f\u00fcr immergr\u00fcne Pflanzen, sommergr\u00fcne Str\u00e4ucher und schnellwachsende Koniferen, die eine gleichm\u00e4\u00dfige N\u00e4hrstoffversorgung ben\u00f6tigen.<\/li>\n<\/ul>\n<p><strong>Anwendungsrichtlinien\u200b<\/strong><\/p>\n<ul>\n<li><strong>Temperaturempfindlichkeit: <\/strong>Die Wirkungsdauer wird von der Temperatur beeinflusst; bei 16\u00b0C betr\u00e4gt sie 15-17 Monate, bei 21\u00b0C hingegen nur noch 12-14 Monate.<\/li>\n<li><strong>Dosierung: <\/strong>5 Gramm pro Liter Substrat einmal j\u00e4hrlich<\/li>\n<li><strong>Verpackung : <\/strong>50 Gramm , 500 Gramm<\/li>\n<\/ul>\n","protected":false},"excerpt":{"rendered":"<p>Osmocote Langzeitd\u00fcnger f\u00fcr 12 Monate<\/p>\n","protected":false},"featured_media":1123,"template":"","meta":[],"product_brand":[],"product_cat":[131],"product_tag":[],"woo-feed-brand":[],"class_list":{"0":"post-1104","1":"product","2":"type-product","3":"status-publish","4":"has-post-thumbnail","6":"product_cat-substrate-und-duenger","8":"first","9":"instock","10":"shipping-taxable","11":"purchasable","12":"product-type-variable","13":"prodpage-classic"},"yoast_head":"<!-- This site is optimized with the Yoast SEO Premium plugin v22.0 (Yoast SEO v22.7) - https:\/\/yoast.com\/wordpress\/plugins\/seo\/ -->\n<title>Osmocote Langzeitd\u00fcnger<\/title>\n<meta name=\"description\" content=\"Osmocote Langzeitd\u00fcnger f\u00fcr 12 Monate\" \/>\n<meta name=\"robots\" content=\"index, follow, max-snippet:-1, max-image-preview:large, max-video-preview:-1\" \/>\n<link rel=\"canonical\" href=\"https:\/\/bonsai-europe.com\/de\/produkt\/substrate-und-duenger\/osmocote-langzeitduenger\/\" \/>\n<meta property=\"og:locale\" content=\"de_DE\" \/>\n<meta property=\"og:type\" content=\"article\" \/>\n<meta property=\"og:title\" content=\"Osmocote Langzeitd\u00fcnger\" \/>\n<meta property=\"og:description\" content=\"Osmocote Langzeitd\u00fcnger f\u00fcr 12 Monate\" \/>\n<meta property=\"og:url\" content=\"https:\/\/bonsai-europe.com\/de\/produkt\/substrate-und-duenger\/osmocote-langzeitduenger\/\" \/>\n<meta property=\"og:site_name\" content=\"Bonsai Europe\" \/>\n<meta property=\"article:modified_time\" content=\"2026-02-14T07:42:26+00:00\" \/>\n<meta property=\"og:image\" content=\"https:\/\/bonsai-europe.com\/wp-content\/uploads\/2026\/02\/osmocote-25kg.webp\" \/>\n\t<meta property=\"og:image:width\" content=\"960\" \/>\n\t<meta property=\"og:image:height\" content=\"960\" \/>\n\t<meta property=\"og:image:type\" content=\"image\/webp\" \/>\n<meta name=\"twitter:card\" content=\"summary_large_image\" \/>\n<meta name=\"twitter:label1\" content=\"Gesch\u00e4tzte Lesezeit\" \/>\n\t<meta name=\"twitter:data1\" content=\"1\u00a0Minute\" \/>\n<script type=\"application\/ld+json\" class=\"yoast-schema-graph\">{\"@context\":\"https:\/\/schema.org\",\"@graph\":[{\"@type\":\"WebPage\",\"@id\":\"https:\/\/bonsai-europe.com\/de\/produkt\/substrate-und-duenger\/osmocote-langzeitduenger\/\",\"url\":\"https:\/\/bonsai-europe.com\/de\/produkt\/substrate-und-duenger\/osmocote-langzeitduenger\/\",\"name\":\"Osmocote Langzeitd\u00fcnger\",\"isPartOf\":{\"@id\":\"https:\/\/bonsai-europe.com\/de\/#website\"},\"primaryImageOfPage\":{\"@id\":\"https:\/\/bonsai-europe.com\/de\/produkt\/substrate-und-duenger\/osmocote-langzeitduenger\/#primaryimage\"},\"image\":{\"@id\":\"https:\/\/bonsai-europe.com\/de\/produkt\/substrate-und-duenger\/osmocote-langzeitduenger\/#primaryimage\"},\"thumbnailUrl\":\"https:\/\/bonsai-europe.com\/wp-content\/uploads\/2026\/02\/osmocote-25kg.webp\",\"datePublished\":\"2026-02-13T16:31:30+00:00\",\"dateModified\":\"2026-02-14T07:42:26+00:00\",\"description\":\"Osmocote Langzeitd\u00fcnger f\u00fcr 12 Monate\",\"breadcrumb\":{\"@id\":\"https:\/\/bonsai-europe.com\/de\/produkt\/substrate-und-duenger\/osmocote-langzeitduenger\/#breadcrumb\"},\"inLanguage\":\"de\",\"potentialAction\":[{\"@type\":\"ReadAction\",\"target\":[\"https:\/\/bonsai-europe.com\/de\/produkt\/substrate-und-duenger\/osmocote-langzeitduenger\/\"]}]},{\"@type\":\"ImageObject\",\"inLanguage\":\"de\",\"@id\":\"https:\/\/bonsai-europe.com\/de\/produkt\/substrate-und-duenger\/osmocote-langzeitduenger\/#primaryimage\",\"url\":\"https:\/\/bonsai-europe.com\/wp-content\/uploads\/2026\/02\/osmocote-25kg.webp\",\"contentUrl\":\"https:\/\/bonsai-europe.com\/wp-content\/uploads\/2026\/02\/osmocote-25kg.webp\",\"width\":960,\"height\":960},{\"@type\":\"BreadcrumbList\",\"@id\":\"https:\/\/bonsai-europe.com\/de\/produkt\/substrate-und-duenger\/osmocote-langzeitduenger\/#breadcrumb\",\"itemListElement\":[{\"@type\":\"ListItem\",\"position\":1,\"name\":\"Home\",\"item\":\"https:\/\/bonsai-europe.com\/de\/\"},{\"@type\":\"ListItem\",\"position\":2,\"name\":\"Shop\",\"item\":\"https:\/\/bonsai-europe.com\/de\/shop\/\"},{\"@type\":\"ListItem\",\"position\":3,\"name\":\"Osmocote Langzeitd\u00fcnger\"}]},{\"@type\":\"WebSite\",\"@id\":\"https:\/\/bonsai-europe.com\/de\/#website\",\"url\":\"https:\/\/bonsai-europe.com\/de\/\",\"name\":\"Bonsai Europe\",\"description\":\"\",\"potentialAction\":[{\"@type\":\"SearchAction\",\"target\":{\"@type\":\"EntryPoint\",\"urlTemplate\":\"https:\/\/bonsai-europe.com\/de\/?s={search_term_string}\"},\"query-input\":\"required name=search_term_string\"}],\"inLanguage\":\"de\"}]}<\/script>\n<!-- \/ Yoast SEO Premium plugin. -->","yoast_head_json":{"title":"Osmocote Langzeitd\u00fcnger","description":"Osmocote Langzeitd\u00fcnger f\u00fcr 12 Monate","robots":{"index":"index","follow":"follow","max-snippet":"max-snippet:-1","max-image-preview":"max-image-preview:large","max-video-preview":"max-video-preview:-1"},"canonical":"https:\/\/bonsai-europe.com\/de\/produkt\/substrate-und-duenger\/osmocote-langzeitduenger\/","og_locale":"de_DE","og_type":"article","og_title":"Osmocote Langzeitd\u00fcnger","og_description":"Osmocote Langzeitd\u00fcnger f\u00fcr 12 Monate","og_url":"https:\/\/bonsai-europe.com\/de\/produkt\/substrate-und-duenger\/osmocote-langzeitduenger\/","og_site_name":"Bonsai Europe","article_modified_time":"2026-02-14T07:42:26+00:00","og_image":[{"width":960,"height":960,"url":"https:\/\/bonsai-europe.com\/wp-content\/uploads\/2026\/02\/osmocote-25kg.webp","type":"image\/webp"}],"twitter_card":"summary_large_image","twitter_misc":{"Gesch\u00e4tzte Lesezeit":"1\u00a0Minute"},"schema":{"@context":"https:\/\/schema.org","@graph":[{"@type":"WebPage","@id":"https:\/\/bonsai-europe.com\/de\/produkt\/substrate-und-duenger\/osmocote-langzeitduenger\/","url":"https:\/\/bonsai-europe.com\/de\/produkt\/substrate-und-duenger\/osmocote-langzeitduenger\/","name":"Osmocote Langzeitd\u00fcnger","isPartOf":{"@id":"https:\/\/bonsai-europe.com\/de\/#website"},"primaryImageOfPage":{"@id":"https:\/\/bonsai-europe.com\/de\/produkt\/substrate-und-duenger\/osmocote-langzeitduenger\/#primaryimage"},"image":{"@id":"https:\/\/bonsai-europe.com\/de\/produkt\/substrate-und-duenger\/osmocote-langzeitduenger\/#primaryimage"},"thumbnailUrl":"https:\/\/bonsai-europe.com\/wp-content\/uploads\/2026\/02\/osmocote-25kg.webp","datePublished":"2026-02-13T16:31:30+00:00","dateModified":"2026-02-14T07:42:26+00:00","description":"Osmocote Langzeitd\u00fcnger f\u00fcr 12 Monate","breadcrumb":{"@id":"https:\/\/bonsai-europe.com\/de\/produkt\/substrate-und-duenger\/osmocote-langzeitduenger\/#breadcrumb"},"inLanguage":"de","potentialAction":[{"@type":"ReadAction","target":["https:\/\/bonsai-europe.com\/de\/produkt\/substrate-und-duenger\/osmocote-langzeitduenger\/"]}]},{"@type":"ImageObject","inLanguage":"de","@id":"https:\/\/bonsai-europe.com\/de\/produkt\/substrate-und-duenger\/osmocote-langzeitduenger\/#primaryimage","url":"https:\/\/bonsai-europe.com\/wp-content\/uploads\/2026\/02\/osmocote-25kg.webp","contentUrl":"https:\/\/bonsai-europe.com\/wp-content\/uploads\/2026\/02\/osmocote-25kg.webp","width":960,"height":960},{"@type":"BreadcrumbList","@id":"https:\/\/bonsai-europe.com\/de\/produkt\/substrate-und-duenger\/osmocote-langzeitduenger\/#breadcrumb","itemListElement":[{"@type":"ListItem","position":1,"name":"Home","item":"https:\/\/bonsai-europe.com\/de\/"},{"@type":"ListItem","position":2,"name":"Shop","item":"https:\/\/bonsai-europe.com\/de\/shop\/"},{"@type":"ListItem","position":3,"name":"Osmocote Langzeitd\u00fcnger"}]},{"@type":"WebSite","@id":"https:\/\/bonsai-europe.com\/de\/#website","url":"https:\/\/bonsai-europe.com\/de\/","name":"Bonsai Europe","description":"","potentialAction":[{"@type":"SearchAction","target":{"@type":"EntryPoint","urlTemplate":"https:\/\/bonsai-europe.com\/de\/?s={search_term_string}"},"query-input":"required name=search_term_string"}],"inLanguage":"de"}]}},"_links":{"self":[{"href":"https:\/\/bonsai-europe.com\/de\/wp-json\/wp\/v2\/product\/1104","targetHints":{"allow":["GET"]}}],"collection":[{"href":"https:\/\/bonsai-europe.com\/de\/wp-json\/wp\/v2\/product"}],"about":[{"href":"https:\/\/bonsai-europe.com\/de\/wp-json\/wp\/v2\/types\/product"}],"wp:featuredmedia":[{"embeddable":true,"href":"https:\/\/bonsai-europe.com\/de\/wp-json\/wp\/v2\/media\/1123"}],"wp:attachment":[{"href":"https:\/\/bonsai-europe.com\/de\/wp-json\/wp\/v2\/media?parent=1104"}],"wp:term":[{"taxonomy":"product_brand","embeddable":true,"href":"https:\/\/bonsai-europe.com\/de\/wp-json\/wp\/v2\/product_brand?post=1104"},{"taxonomy":"product_cat","embeddable":true,"href":"https:\/\/bonsai-europe.com\/de\/wp-json\/wp\/v2\/product_cat?post=1104"},{"taxonomy":"product_tag","embeddable":true,"href":"https:\/\/bonsai-europe.com\/de\/wp-json\/wp\/v2\/product_tag?post=1104"},{"taxonomy":"woo-feed-brand","embeddable":true,"href":"https:\/\/bonsai-europe.com\/de\/wp-json\/wp\/v2\/woo-feed-brand?post=1104"}],"curies":[{"name":"wp","href":"https:\/\/api.w.org\/{rel}","templated":true}]}}