{"id":451,"date":"2024-03-20T15:42:58","date_gmt":"2024-03-20T14:42:58","guid":{"rendered":"https:\/\/bonsai-europe.com\/?page_id=451"},"modified":"2024-05-11T10:48:16","modified_gmt":"2024-05-11T08:48:16","slug":"versand","status":"publish","type":"page","link":"https:\/\/bonsai-europe.com\/de\/versand\/","title":{"rendered":"Versand"},"content":{"rendered":"<p>Die Versandkosten richten sich nach Gewicht und Volumen des Pakets, sowie dem Bestimmungsland und werden beim Bestellvorgang automatisch berechnet. Versendet wird von Montags bis Mittwochs innerhalb Spaniens via Correos Express. In alle anderen L\u00e4nder versenden wir <strong>nur<\/strong> <strong>Montags<\/strong> via UPS oder DPD, damit die Ware in der gleichen Woche noch bis Donnerstag oder Freitag beim Kunden eintrifft. Die Versandzeit betr\u00e4gt innerhalb Spaniens 1 &#8211; 2 Werktage, f\u00fcr alle anderen L\u00e4nder zwischen 3 und 5 Werktage.<\/p>\n<p>Sollte Ihr Land hier nicht aufgef\u00fchrt sein, ist eine Bestellung leider nicht m\u00f6glich.<\/p>\n<p><strong>Wir versenden nur in folgende EU-L\u00e4nder:<\/strong><\/p>\n<p>Belgien<\/p>\n<p>Bulgarien<\/p>\n<p>D\u00e4nemark<\/p>\n<p>Deutschland<\/p>\n<p>Estland<\/p>\n<p>Finnland<\/p>\n<p>Frankreich<\/p>\n<p>Griechenland<\/p>\n<p>Irland<\/p>\n<p>Italien<\/p>\n<p>Kroatien<\/p>\n<p>Lettland<\/p>\n<p>Litauen<\/p>\n<p>Luxemburg<\/p>\n<p>Niederlande<\/p>\n<p>\u00d6sterreich<\/p>\n<p>Polen<\/p>\n<p>Portugal<\/p>\n<p>Rum\u00e4nien<\/p>\n<p>Slowakei<\/p>\n<p>Slowenien<\/p>\n<p>Spanien<\/p>\n<p>Schweden<\/p>\n<p>Tschechien<\/p>\n<p>Ungarn<\/p>\n<p>Zypern<\/p>\n<p>&nbsp;<\/p>\n<p>&nbsp;<\/p>\n","protected":false},"excerpt":{"rendered":"<p>Die Versandkosten richten sich nach Gewicht und Volumen des Pakets, sowie dem Bestimmungsland und werden beim Bestellvorgang automatisch berechnet. Versendet wird von Montags bis Mittwochs innerhalb Spaniens via Correos Express. In alle anderen L\u00e4nder versenden wir nur Montags via UPS oder DPD, damit die Ware in der gleichen Woche noch bis Donnerstag oder Freitag beim<\/p>\n","protected":false},"author":1,"featured_media":0,"parent":0,"menu_order":0,"comment_status":"closed","ping_status":"closed","template":"","meta":{"footnotes":""},"class_list":["post-451","page","type-page","status-publish","hentry","prodpage-classic"],"yoast_head":"<!-- This site is optimized with the Yoast SEO Premium plugin v22.0 (Yoast SEO v22.7) - https:\/\/yoast.com\/wordpress\/plugins\/seo\/ -->\n<title>Versand<\/title>\n<meta name=\"robots\" content=\"noindex, follow\" \/>\n<meta property=\"og:locale\" content=\"de_DE\" \/>\n<meta property=\"og:type\" content=\"article\" \/>\n<meta property=\"og:title\" content=\"Versand\" \/>\n<meta property=\"og:description\" content=\"Die Versandkosten richten sich nach Gewicht und Volumen des Pakets, sowie dem Bestimmungsland und werden beim Bestellvorgang automatisch berechnet. Versendet wird von Montags bis Mittwochs innerhalb Spaniens via Correos Express. In alle anderen L\u00e4nder versenden wir nur Montags via UPS oder DPD, damit die Ware in der gleichen Woche noch bis Donnerstag oder Freitag beim\" \/>\n<meta property=\"og:url\" content=\"https:\/\/bonsai-europe.com\/de\/versand\/\" \/>\n<meta property=\"og:site_name\" content=\"Bonsai Europe\" \/>\n<meta property=\"article:modified_time\" content=\"2024-05-11T08:48:16+00:00\" \/>\n<meta property=\"og:image\" content=\"https:\/\/bonsai-europe.com\/wp-content\/uploads\/2024\/03\/itoigawa-header.jpg\" \/>\n\t<meta property=\"og:image:width\" content=\"1920\" \/>\n\t<meta property=\"og:image:height\" content=\"1281\" \/>\n\t<meta property=\"og:image:type\" content=\"image\/jpeg\" \/>\n<meta name=\"twitter:card\" content=\"summary_large_image\" \/>\n<meta name=\"twitter:label1\" content=\"Gesch\u00e4tzte Lesezeit\" \/>\n\t<meta name=\"twitter:data1\" content=\"1\u00a0Minute\" \/>\n<script type=\"application\/ld+json\" class=\"yoast-schema-graph\">{\"@context\":\"https:\/\/schema.org\",\"@graph\":[{\"@type\":\"WebPage\",\"@id\":\"https:\/\/bonsai-europe.com\/de\/versand\/\",\"url\":\"https:\/\/bonsai-europe.com\/de\/versand\/\",\"name\":\"Versand\",\"isPartOf\":{\"@id\":\"https:\/\/bonsai-europe.com\/de\/#website\"},\"datePublished\":\"2024-03-20T14:42:58+00:00\",\"dateModified\":\"2024-05-11T08:48:16+00:00\",\"breadcrumb\":{\"@id\":\"https:\/\/bonsai-europe.com\/de\/versand\/#breadcrumb\"},\"inLanguage\":\"de\",\"potentialAction\":[{\"@type\":\"ReadAction\",\"target\":[\"https:\/\/bonsai-europe.com\/de\/versand\/\"]}]},{\"@type\":\"BreadcrumbList\",\"@id\":\"https:\/\/bonsai-europe.com\/de\/versand\/#breadcrumb\",\"itemListElement\":[{\"@type\":\"ListItem\",\"position\":1,\"name\":\"Home\",\"item\":\"https:\/\/bonsai-europe.com\/de\/\"},{\"@type\":\"ListItem\",\"position\":2,\"name\":\"Versand\"}]},{\"@type\":\"WebSite\",\"@id\":\"https:\/\/bonsai-europe.com\/de\/#website\",\"url\":\"https:\/\/bonsai-europe.com\/de\/\",\"name\":\"Bonsai Europe\",\"description\":\"\",\"potentialAction\":[{\"@type\":\"SearchAction\",\"target\":{\"@type\":\"EntryPoint\",\"urlTemplate\":\"https:\/\/bonsai-europe.com\/de\/?s={search_term_string}\"},\"query-input\":\"required name=search_term_string\"}],\"inLanguage\":\"de\"}]}<\/script>\n<!-- \/ Yoast SEO Premium plugin. -->","yoast_head_json":{"title":"Versand","robots":{"index":"noindex","follow":"follow"},"og_locale":"de_DE","og_type":"article","og_title":"Versand","og_description":"Die Versandkosten richten sich nach Gewicht und Volumen des Pakets, sowie dem Bestimmungsland und werden beim Bestellvorgang automatisch berechnet. Versendet wird von Montags bis Mittwochs innerhalb Spaniens via Correos Express. In alle anderen L\u00e4nder versenden wir nur Montags via UPS oder DPD, damit die Ware in der gleichen Woche noch bis Donnerstag oder Freitag beim","og_url":"https:\/\/bonsai-europe.com\/de\/versand\/","og_site_name":"Bonsai Europe","article_modified_time":"2024-05-11T08:48:16+00:00","og_image":[{"width":1920,"height":1281,"url":"https:\/\/bonsai-europe.com\/wp-content\/uploads\/2024\/03\/itoigawa-header.jpg","type":"image\/jpeg"}],"twitter_card":"summary_large_image","twitter_misc":{"Gesch\u00e4tzte Lesezeit":"1\u00a0Minute"},"schema":{"@context":"https:\/\/schema.org","@graph":[{"@type":"WebPage","@id":"https:\/\/bonsai-europe.com\/de\/versand\/","url":"https:\/\/bonsai-europe.com\/de\/versand\/","name":"Versand","isPartOf":{"@id":"https:\/\/bonsai-europe.com\/de\/#website"},"datePublished":"2024-03-20T14:42:58+00:00","dateModified":"2024-05-11T08:48:16+00:00","breadcrumb":{"@id":"https:\/\/bonsai-europe.com\/de\/versand\/#breadcrumb"},"inLanguage":"de","potentialAction":[{"@type":"ReadAction","target":["https:\/\/bonsai-europe.com\/de\/versand\/"]}]},{"@type":"BreadcrumbList","@id":"https:\/\/bonsai-europe.com\/de\/versand\/#breadcrumb","itemListElement":[{"@type":"ListItem","position":1,"name":"Home","item":"https:\/\/bonsai-europe.com\/de\/"},{"@type":"ListItem","position":2,"name":"Versand"}]},{"@type":"WebSite","@id":"https:\/\/bonsai-europe.com\/de\/#website","url":"https:\/\/bonsai-europe.com\/de\/","name":"Bonsai Europe","description":"","potentialAction":[{"@type":"SearchAction","target":{"@type":"EntryPoint","urlTemplate":"https:\/\/bonsai-europe.com\/de\/?s={search_term_string}"},"query-input":"required name=search_term_string"}],"inLanguage":"de"}]}},"_links":{"self":[{"href":"https:\/\/bonsai-europe.com\/de\/wp-json\/wp\/v2\/pages\/451","targetHints":{"allow":["GET"]}}],"collection":[{"href":"https:\/\/bonsai-europe.com\/de\/wp-json\/wp\/v2\/pages"}],"about":[{"href":"https:\/\/bonsai-europe.com\/de\/wp-json\/wp\/v2\/types\/page"}],"author":[{"embeddable":true,"href":"https:\/\/bonsai-europe.com\/de\/wp-json\/wp\/v2\/users\/1"}],"replies":[{"embeddable":true,"href":"https:\/\/bonsai-europe.com\/de\/wp-json\/wp\/v2\/comments?post=451"}],"version-history":[{"count":7,"href":"https:\/\/bonsai-europe.com\/de\/wp-json\/wp\/v2\/pages\/451\/revisions"}],"predecessor-version":[{"id":548,"href":"https:\/\/bonsai-europe.com\/de\/wp-json\/wp\/v2\/pages\/451\/revisions\/548"}],"wp:attachment":[{"href":"https:\/\/bonsai-europe.com\/de\/wp-json\/wp\/v2\/media?parent=451"}],"curies":[{"name":"wp","href":"https:\/\/api.w.org\/{rel}","templated":true}]}}